{"id":4885,"date":"2026-03-24T13:32:57","date_gmt":"2026-03-24T12:32:57","guid":{"rendered":"https:\/\/nutripartners.co\/product-supplier\/bio-erythrit"},"modified":"2026-03-24T14:25:13","modified_gmt":"2026-03-24T13:25:13","slug":"bio-erythrit","status":"publish","type":"product","link":"https:\/\/nutripartners.co\/de\/product-supplier\/bio-erythrit","title":{"rendered":"Bio-Erythrit"},"content":{"rendered":"\n<p>Nutri Partners liefert hochwertiges Bio-Erythrit im Gro\u00dfhandel an globale Lebensmittel- und Getr\u00e4nkehersteller. Folglich bieten wir einen hochfunktionellen, vollst\u00e4ndig kalorienfreien S\u00fc\u00dfstoff in gro\u00dfen Mengen an, der ausschlie\u00dflich aus zertifiziertem \u00f6kologischem Anbau stammt. Branchenf\u00fchrer nutzen diesen nat\u00fcrlich vorkommenden Zuckeralkohol umfassend, um Kalorien drastisch zu reduzieren, den Zuckergehalt makellos zu senken und die strenge Clean-Label-Integrit\u00e4t in fortschrittlichen B2B-Formulierungen perfekt zu wahren.  <\/p>\n\n<h2 class=\"wp-block-heading\" id=\"h-key-features-of-our-bulk-organic-sweetener\">Hauptmerkmale unseres Bio-S\u00fc\u00dfstoffs in Gro\u00dfmengen<\/h2>\n\n<p>Die Wahl des richtigen zertifizierten S\u00fc\u00dfstoffs erh\u00f6ht direkt die Premium-Marktpositionierung Ihres Produkts. Daher bietet unser Bio-Erythrit in Gro\u00dfmengen mehrere entscheidende Vorteile f\u00fcr die Formulierung: <\/p>\n\n<ul class=\"wp-block-list\">\n<li>Null Kalorien &amp; Null GI: Es enth\u00e4lt buchst\u00e4blich null Kalorien und erzeugt absolut keine glyk\u00e4mische Reaktion, was es zur ultimativen Zutat f\u00fcr Keto- und diabetikerfreundliche Di\u00e4ten macht.<\/li>\n\n\n\n<li>Zertifizierte Bio-Reinheit: Wir beziehen es streng aus gentechnikfreien, biologisch angebauten Pflanzenrohstoffen. Dar\u00fcber hinaus ist es vollst\u00e4ndig frei von synthetischen Pestiziden und k\u00fcnstlicher chemischer Verarbeitung. <\/li>\n\n\n\n<li>\u00dcberlegene Verdauungstoleranz: Im Gegensatz zu anderen Polyolen wird es schnell im D\u00fcnndarm aufgenommen. Dadurch minimiert es drastisch die Bl\u00e4hungen oder abf\u00fchrenden Wirkungen, die \u00fcblicherweise mit Zuckeralkoholen verbunden sind. <\/li>\n\n\n\n<li>Ausgepr\u00e4gtes sensorisches Profil: Es bietet etwa 70 % der S\u00fc\u00dfe von Standard-Saccharose und liefert gleichzeitig ein sehr erfrischendes, nat\u00fcrliches K\u00fchlgef\u00fchl im Mund.<\/li>\n<\/ul>\n\n<h2 class=\"wp-block-heading\" id=\"h-main-industry-applications\">Hauptanwendungsbereiche in der Industrie<\/h2>\n\n<p>Bio-Erythrit sichert \u00fcberlegene Textur und Premium-Di\u00e4tanspr\u00fcche in verschiedenen anspruchsvollen Marktsegmenten. Infolgedessen bleibt es eine Top-Wahl f\u00fcr diverse B2B-Formulierungen: <\/p>\n\n<ul class=\"wp-block-list\">\n<li>Keto-Backwaren &amp; Desserts: F&amp;E-Teams setzen es strategisch ein, um das physikalische Volumen und die Textur von Zucker in kohlenhydratarmen Kuchen und Keksen perfekt nachzubilden. Es passt hervorragend zu l\u00f6slichen Ballaststoffen wie <a href=\"https:\/\/nutripartners.co\/de\/product-supplier\/inulin\">Inulin<\/a>, um seinen K\u00fchleffekt zu eliminieren. <\/li>\n\n\n\n<li>Premium-Getr\u00e4nke: Hersteller verlassen sich stark darauf, um makellos klare, zuckerfreie RTD (Ready-To-Drink)-Tees, Sportwasser und funktionelle Energy-Drinks herzustellen.<\/li>\n\n\n\n<li>S\u00fc\u00dfwaren &amp; Schokolade: Es dient als fantastische strukturelle Basis f\u00fcr zuckerfreie, biologische Zartbitterschokoladen und sorgt f\u00fcr einen sanften Schmelz und einen knackigen Bruch.<\/li>\n\n\n\n<li>Sportern\u00e4hrung: Es maskiert nahtlos die bitteren Nebengeschm\u00e4cker hochkonzentrierter pflanzlicher Proteine und Aminos\u00e4uren, ohne unn\u00f6tige Kohlenhydrate hinzuzuf\u00fcgen.<\/li>\n<\/ul>\n\n<h2 class=\"wp-block-heading\" id=\"h-technical-description-organic-erythritol-wholesale\">Technische Beschreibung: Bio-Erythrit Gro\u00dfhandel<\/h2>\n\n<p>Chemisch gesehen wird dieses einzigartige vierkohlenstoffhaltige Polyol (C4H10O4) durch einen vollst\u00e4ndig nat\u00fcrlichen, gro\u00dftechnischen Fermentationsprozess hergestellt. Insbesondere fermentieren spezifische Hefest\u00e4mme (wie Moniliella pollinis) organische Glukose, die aus zertifiziertem Bio-Mais oder -Weizen gewonnen wird. Die resultierende Br\u00fche wird sorgf\u00e4ltig gefiltert und zu einem hochreinen, wei\u00dfen Granulat kristallisiert. <a href=\"https:\/\/www.fda.gov\/\">Lesen Sie mehr \u00fcber den FDA GRAS-Status von Erythrit<\/a>.  <\/p>\n\n<p>F\u00fcr Lebensmitteltechnologen liegt sein prim\u00e4rer industrieller Vorteil in seiner bemerkenswerten thermischen Stabilit\u00e4t und nicht-hygroskopischen Natur. Da es keine reaktiven Aldehydgruppen enth\u00e4lt, widersteht es der Maillard-Reaktion vollst\u00e4ndig. Folglich br\u00e4unt oder karamellisiert es nicht bei hohen Backtemperaturen. Zus\u00e4tzlich weist es eine sehr hohe negative L\u00f6sungsw\u00e4rme auf. Wenn die Kristalle im Speichel gel\u00f6st werden, absorbieren sie physikalische W\u00e4rme aus dem Mund, wodurch sein charakteristischer endothermer \u201eK\u00fchleffekt\u201c entsteht.    <\/p>\n\n<h2 class=\"wp-block-heading\" id=\"h-packaging-amp-logistics\">Verpackung und Logistik<\/h2>\n\n<p>Wir sichern Ihre Lieferkette durch hochoptimierte Logistik. Wichtig ist, dass wir die zertifizierte Integrit\u00e4t jeder Lieferung garantieren, sodass Sie die Kosten f\u00fcr hochwertige Rohstoffe effektiv verwalten k\u00f6nnen: <\/p>\n\n<ul class=\"wp-block-list\">\n<li>Verpackung: Wir verpacken das Produkt sicher in robusten 25-kg-Mehrschichtpapiers\u00e4cken mit feuchtigkeitsbest\u00e4ndigen PE-Innenbeuteln. Wir bieten verschiedene Maschenweiten (granuliert oder ultrafeines Pulver) an, passend zu Ihrer Mischanlage. <\/li>\n\n\n\n<li>Lagerung: Im Gegensatz zu Xylit oder Maltit bleibt dieses Pulver stark nicht-hygroskopisch. Sie m\u00fcssen es in einem k\u00fchlen, trockenen Lagerhaus aufbewahren, wo es problemlos eine Haltbarkeit von 36 Monaten ohne starke Verklumpung aufweist. <\/li>\n\n\n\n<li>Distribution: Wir versenden palettierte Bestellungen weltweit. Wichtig ist, dass Standard-Trockencontainer ausreichen, was Ihre Frachtkosten erheblich optimiert. <\/li>\n\n\n\n<li>Dokumentation: Wir stellen auf Anfrage sofort COA, Bio-Zertifikate (EU\/USDA) und Formulierungsbeispiele f\u00fcr Ihre QA\/Compliance-Abteilung zur Verf\u00fcgung.<\/li>\n<\/ul>\n","protected":false},"excerpt":{"rendered":"<p>Suchen Sie einen zuverl\u00e4ssigen Gro\u00dfh\u00e4ndler f\u00fcr Bio-Erythrit? Nutri Partners bietet hochwertige, zertifizierte Bio-S\u00fc\u00dfstoffe in gro\u00dfen Mengen f\u00fcr Keto-Backwaren und -Getr\u00e4nke an. <\/p>\n","protected":false},"featured_media":0,"template":"","product-category":[109,103],"class_list":["post-4885","product","type-product","status-publish","hentry","product-category-susstoffe","product-category-zusatzstoffe"],"acf":[],"yoast_head":"<!-- This site is optimized with the Yoast SEO Premium plugin v25.0 (Yoast SEO v26.6) - https:\/\/yoast.com\/wordpress\/plugins\/seo\/ -->\n<title>Bio-Erythrit Gro\u00dfhandel | Null Kalorien | Nutri Partners<\/title>\n<meta name=\"description\" content=\"Suchen Sie einen zuverl\u00e4ssigen Gro\u00dfh\u00e4ndler f\u00fcr Bio-Erythrit? Nutri Partners bietet hochwertige, zertifizierte Bio-S\u00fc\u00dfstoffe in gro\u00dfen Mengen f\u00fcr Keto-Backwaren und -Getr\u00e4nke an.\" \/>\n<meta name=\"robots\" content=\"index, follow, max-snippet:-1, max-image-preview:large, max-video-preview:-1\" \/>\n<link rel=\"canonical\" href=\"https:\/\/nutripartners.co\/de\/product-supplier\/bio-erythrit\" \/>\n<meta property=\"og:locale\" content=\"de_DE\" \/>\n<meta property=\"og:type\" content=\"article\" \/>\n<meta property=\"og:title\" content=\"Bio-Erythrit\" \/>\n<meta property=\"og:description\" content=\"Suchen Sie einen zuverl\u00e4ssigen Gro\u00dfh\u00e4ndler f\u00fcr Bio-Erythrit? Nutri Partners bietet hochwertige, zertifizierte Bio-S\u00fc\u00dfstoffe in gro\u00dfen Mengen f\u00fcr Keto-Backwaren und -Getr\u00e4nke an.\" \/>\n<meta property=\"og:url\" content=\"https:\/\/nutripartners.co\/de\/product-supplier\/bio-erythrit\" \/>\n<meta property=\"og:site_name\" content=\"Nutri Partners\" \/>\n<meta property=\"article:modified_time\" content=\"2026-03-24T13:25:13+00:00\" \/>\n<meta property=\"og:image\" content=\"https:\/\/nutripartners.co\/wp-content\/uploads\/2025\/03\/ogimage.webp\" \/>\n\t<meta property=\"og:image:width\" content=\"1200\" \/>\n\t<meta property=\"og:image:height\" content=\"600\" \/>\n\t<meta property=\"og:image:type\" content=\"image\/webp\" \/>\n<meta name=\"twitter:card\" content=\"summary_large_image\" \/>\n<meta name=\"twitter:label1\" content=\"Gesch\u00e4tzte Lesezeit\" \/>\n\t<meta name=\"twitter:data1\" content=\"3\u00a0Minuten\" \/>\n<script type=\"application\/ld+json\" class=\"yoast-schema-graph\">{\"@context\":\"https:\/\/schema.org\",\"@graph\":[{\"@type\":\"WebPage\",\"@id\":\"https:\/\/nutripartners.co\/de\/product-supplier\/bio-erythrit\",\"url\":\"https:\/\/nutripartners.co\/de\/product-supplier\/bio-erythrit\",\"name\":\"Bio-Erythrit Gro\u00dfhandel | Null Kalorien | Nutri Partners\",\"isPartOf\":{\"@id\":\"https:\/\/nutripartners.co\/de#website\"},\"datePublished\":\"2026-03-24T12:32:57+00:00\",\"dateModified\":\"2026-03-24T13:25:13+00:00\",\"description\":\"Suchen Sie einen zuverl\u00e4ssigen Gro\u00dfh\u00e4ndler f\u00fcr Bio-Erythrit? Nutri Partners bietet hochwertige, zertifizierte Bio-S\u00fc\u00dfstoffe in gro\u00dfen Mengen f\u00fcr Keto-Backwaren und -Getr\u00e4nke an.\",\"breadcrumb\":{\"@id\":\"https:\/\/nutripartners.co\/de\/product-supplier\/bio-erythrit#breadcrumb\"},\"inLanguage\":\"de\",\"potentialAction\":[{\"@type\":\"ReadAction\",\"target\":[\"https:\/\/nutripartners.co\/de\/product-supplier\/bio-erythrit\"]}]},{\"@type\":\"BreadcrumbList\",\"@id\":\"https:\/\/nutripartners.co\/de\/product-supplier\/bio-erythrit#breadcrumb\",\"itemListElement\":[{\"@type\":\"ListItem\",\"position\":1,\"name\":\"Startseite\",\"item\":\"https:\/\/nutripartners.co\/de\"},{\"@type\":\"ListItem\",\"position\":2,\"name\":\"Produkte\",\"item\":\"https:\/\/nutripartners.co\/de\/product-category\"},{\"@type\":\"ListItem\",\"position\":3,\"name\":\"Bio-Erythrit\"}]},{\"@type\":\"WebSite\",\"@id\":\"https:\/\/nutripartners.co\/de#website\",\"url\":\"https:\/\/nutripartners.co\/de\",\"name\":\"Nutri Partners\",\"description\":\"Raw materials distributor\",\"publisher\":{\"@id\":\"https:\/\/nutripartners.co\/de#organization\"},\"potentialAction\":[{\"@type\":\"SearchAction\",\"target\":{\"@type\":\"EntryPoint\",\"urlTemplate\":\"https:\/\/nutripartners.co\/de?s={search_term_string}\"},\"query-input\":{\"@type\":\"PropertyValueSpecification\",\"valueRequired\":true,\"valueName\":\"search_term_string\"}}],\"inLanguage\":\"de\"},{\"@type\":\"Organization\",\"@id\":\"https:\/\/nutripartners.co\/de#organization\",\"name\":\"Nutri Partners\",\"url\":\"https:\/\/nutripartners.co\/de\",\"logo\":{\"@type\":\"ImageObject\",\"inLanguage\":\"de\",\"@id\":\"https:\/\/nutripartners.co\/de#\/schema\/logo\/image\/\",\"url\":\"https:\/\/nutripartners.co\/wp-content\/uploads\/2025\/03\/logo-light.svg\",\"contentUrl\":\"https:\/\/nutripartners.co\/wp-content\/uploads\/2025\/03\/logo-light.svg\",\"width\":1,\"height\":1,\"caption\":\"Nutri Partners\"},\"image\":{\"@id\":\"https:\/\/nutripartners.co\/de#\/schema\/logo\/image\/\"},\"sameAs\":[\"https:\/\/www.instagram.com\/_nutripartners_\/\",\"https:\/\/www.linkedin.com\/company\/106882083\"]}]}<\/script>\n<!-- \/ Yoast SEO Premium plugin. -->","yoast_head_json":{"title":"Bio-Erythrit Gro\u00dfhandel | Null Kalorien | Nutri Partners","description":"Suchen Sie einen zuverl\u00e4ssigen Gro\u00dfh\u00e4ndler f\u00fcr Bio-Erythrit? Nutri Partners bietet hochwertige, zertifizierte Bio-S\u00fc\u00dfstoffe in gro\u00dfen Mengen f\u00fcr Keto-Backwaren und -Getr\u00e4nke an.","robots":{"index":"index","follow":"follow","max-snippet":"max-snippet:-1","max-image-preview":"max-image-preview:large","max-video-preview":"max-video-preview:-1"},"canonical":"https:\/\/nutripartners.co\/de\/product-supplier\/bio-erythrit","og_locale":"de_DE","og_type":"article","og_title":"Bio-Erythrit","og_description":"Suchen Sie einen zuverl\u00e4ssigen Gro\u00dfh\u00e4ndler f\u00fcr Bio-Erythrit? Nutri Partners bietet hochwertige, zertifizierte Bio-S\u00fc\u00dfstoffe in gro\u00dfen Mengen f\u00fcr Keto-Backwaren und -Getr\u00e4nke an.","og_url":"https:\/\/nutripartners.co\/de\/product-supplier\/bio-erythrit","og_site_name":"Nutri Partners","article_modified_time":"2026-03-24T13:25:13+00:00","og_image":[{"width":1200,"height":600,"url":"https:\/\/nutripartners.co\/wp-content\/uploads\/2025\/03\/ogimage.webp","type":"image\/webp"}],"twitter_card":"summary_large_image","twitter_misc":{"Gesch\u00e4tzte Lesezeit":"3\u00a0Minuten"},"schema":{"@context":"https:\/\/schema.org","@graph":[{"@type":"WebPage","@id":"https:\/\/nutripartners.co\/de\/product-supplier\/bio-erythrit","url":"https:\/\/nutripartners.co\/de\/product-supplier\/bio-erythrit","name":"Bio-Erythrit Gro\u00dfhandel | Null Kalorien | Nutri Partners","isPartOf":{"@id":"https:\/\/nutripartners.co\/de#website"},"datePublished":"2026-03-24T12:32:57+00:00","dateModified":"2026-03-24T13:25:13+00:00","description":"Suchen Sie einen zuverl\u00e4ssigen Gro\u00dfh\u00e4ndler f\u00fcr Bio-Erythrit? Nutri Partners bietet hochwertige, zertifizierte Bio-S\u00fc\u00dfstoffe in gro\u00dfen Mengen f\u00fcr Keto-Backwaren und -Getr\u00e4nke an.","breadcrumb":{"@id":"https:\/\/nutripartners.co\/de\/product-supplier\/bio-erythrit#breadcrumb"},"inLanguage":"de","potentialAction":[{"@type":"ReadAction","target":["https:\/\/nutripartners.co\/de\/product-supplier\/bio-erythrit"]}]},{"@type":"BreadcrumbList","@id":"https:\/\/nutripartners.co\/de\/product-supplier\/bio-erythrit#breadcrumb","itemListElement":[{"@type":"ListItem","position":1,"name":"Startseite","item":"https:\/\/nutripartners.co\/de"},{"@type":"ListItem","position":2,"name":"Produkte","item":"https:\/\/nutripartners.co\/de\/product-category"},{"@type":"ListItem","position":3,"name":"Bio-Erythrit"}]},{"@type":"WebSite","@id":"https:\/\/nutripartners.co\/de#website","url":"https:\/\/nutripartners.co\/de","name":"Nutri Partners","description":"Raw materials distributor","publisher":{"@id":"https:\/\/nutripartners.co\/de#organization"},"potentialAction":[{"@type":"SearchAction","target":{"@type":"EntryPoint","urlTemplate":"https:\/\/nutripartners.co\/de?s={search_term_string}"},"query-input":{"@type":"PropertyValueSpecification","valueRequired":true,"valueName":"search_term_string"}}],"inLanguage":"de"},{"@type":"Organization","@id":"https:\/\/nutripartners.co\/de#organization","name":"Nutri Partners","url":"https:\/\/nutripartners.co\/de","logo":{"@type":"ImageObject","inLanguage":"de","@id":"https:\/\/nutripartners.co\/de#\/schema\/logo\/image\/","url":"https:\/\/nutripartners.co\/wp-content\/uploads\/2025\/03\/logo-light.svg","contentUrl":"https:\/\/nutripartners.co\/wp-content\/uploads\/2025\/03\/logo-light.svg","width":1,"height":1,"caption":"Nutri Partners"},"image":{"@id":"https:\/\/nutripartners.co\/de#\/schema\/logo\/image\/"},"sameAs":["https:\/\/www.instagram.com\/_nutripartners_\/","https:\/\/www.linkedin.com\/company\/106882083"]}]}},"_links":{"self":[{"href":"https:\/\/nutripartners.co\/de\/wp-json\/wp\/v2\/product\/4885","targetHints":{"allow":["GET"]}}],"collection":[{"href":"https:\/\/nutripartners.co\/de\/wp-json\/wp\/v2\/product"}],"about":[{"href":"https:\/\/nutripartners.co\/de\/wp-json\/wp\/v2\/types\/product"}],"wp:attachment":[{"href":"https:\/\/nutripartners.co\/de\/wp-json\/wp\/v2\/media?parent=4885"}],"wp:term":[{"taxonomy":"product-category","embeddable":true,"href":"https:\/\/nutripartners.co\/de\/wp-json\/wp\/v2\/product-category?post=4885"}],"curies":[{"name":"wp","href":"https:\/\/api.w.org\/{rel}","templated":true}]}}