{"id":734,"date":"2025-03-11T14:48:46","date_gmt":"2025-03-11T13:48:46","guid":{"rendered":"https:\/\/nutripartners.co\/product\/brennnesselblatt\/"},"modified":"2025-05-28T10:50:32","modified_gmt":"2025-05-28T10:50:32","slug":"brennnesselblatt","status":"publish","type":"product","link":"https:\/\/nutripartners.co\/de\/product-supplier\/brennnesselblatt","title":{"rendered":"Brennnesselblatt"},"content":{"rendered":"\n<h2 class=\"wp-block-heading\" id=\"h-product-description\">Produkt Beschreibung<\/h2>\n\n<p>Brennnesselbl\u00e4tterextrakt wird aus einer Pflanze mit bekannten gesundheitsf\u00f6rdernden Wirkungen gewonnen. Er ist in verschiedenen Standardisierungen und Formen (Pulver, Trockenextrakt, Fl\u00fcssigkeit) erh\u00e4ltlich und auf die Bed\u00fcrfnisse der Nahrungserg\u00e4nzungs-, Kosmetik- und Pharmaindustrie zugeschnitten. <\/p>\n\n<h2 class=\"wp-block-heading\" id=\"h-key-features\">Hauptmerkmale<\/h2>\n\n<ul class=\"wp-block-list\">\n<li>Standardisiert auf aktive Verbindungen (z.B. Polyphenole, Saponine)<\/li>\n\n\n\n<li>Konform mit den EU- und EFSA-Vorschriften<\/li>\n\n\n\n<li>NON-GMO, glutenfreies, veganes Produkt<\/li>\n\n\n\n<li>Verpackung: 1-25 kg<\/li>\n<\/ul>\n\n<h2 class=\"wp-block-heading\" id=\"h-applications\">Anwendungen<\/h2>\n\n<ul class=\"wp-block-list\">\n<li>Nahrungserg\u00e4nzungsmittel (Kapseln, Tabletten, Pulver)<\/li>\n\n\n\n<li>Naturkosmetik und Dermokosmetik<\/li>\n\n\n\n<li>Funktionelle Lebensmittel und Nutraceuticals<\/li>\n\n\n\n<li>Produkte zur Unterst\u00fctzung von Immunit\u00e4t, Verdauung, Kognition, etc.<\/li>\n<\/ul>\n","protected":false},"excerpt":{"rendered":"<p>Brennnesselbl\u00e4tter als Bulkware von NutriPartners &#8211; einem europ\u00e4ischen Anbieter von nat\u00fcrlichen Pflanzenextrakten f\u00fcr di\u00e4tetische, kosmetische und funktionelle Anwendungen.<\/p>\n","protected":false},"featured_media":0,"template":"","product-category":[85,86],"class_list":["post-734","product","type-product","status-publish","hentry","product-category-pflanzenbasiert","product-category-pflanzenextrakte"],"acf":[],"yoast_head":"<!-- This site is optimized with the Yoast SEO Premium plugin v25.0 (Yoast SEO v26.6) - https:\/\/yoast.com\/wordpress\/plugins\/seo\/ -->\n<title>Brennnesselblatt - Nutri Partners<\/title>\n<meta name=\"description\" content=\"Brennnesselbl\u00e4tter als Bulkware von NutriPartners - einem europ\u00e4ischen Anbieter von nat\u00fcrlichen Pflanzenextrakten f\u00fcr di\u00e4tetische, kosmetische und funktionelle Anwendungen.\" \/>\n<meta name=\"robots\" content=\"index, follow, max-snippet:-1, max-image-preview:large, max-video-preview:-1\" \/>\n<link rel=\"canonical\" href=\"https:\/\/nutripartners.co\/de\/product-supplier\/brennnesselblatt\" \/>\n<meta property=\"og:locale\" content=\"de_DE\" \/>\n<meta property=\"og:type\" content=\"article\" \/>\n<meta property=\"og:title\" content=\"Brennnesselblatt\" \/>\n<meta property=\"og:description\" content=\"Brennnesselbl\u00e4tter als Bulkware von NutriPartners - einem europ\u00e4ischen Anbieter von nat\u00fcrlichen Pflanzenextrakten f\u00fcr di\u00e4tetische, kosmetische und funktionelle Anwendungen.\" \/>\n<meta property=\"og:url\" content=\"https:\/\/nutripartners.co\/de\/product-supplier\/brennnesselblatt\" \/>\n<meta property=\"og:site_name\" content=\"Nutri Partners\" \/>\n<meta property=\"article:modified_time\" content=\"2025-05-28T10:50:32+00:00\" \/>\n<meta property=\"og:image\" content=\"https:\/\/nutripartners.co\/wp-content\/uploads\/2025\/03\/ogimage.webp\" \/>\n\t<meta property=\"og:image:width\" content=\"1200\" \/>\n\t<meta property=\"og:image:height\" content=\"600\" \/>\n\t<meta property=\"og:image:type\" content=\"image\/webp\" \/>\n<meta name=\"twitter:card\" content=\"summary_large_image\" \/>\n<script type=\"application\/ld+json\" class=\"yoast-schema-graph\">{\"@context\":\"https:\/\/schema.org\",\"@graph\":[{\"@type\":\"WebPage\",\"@id\":\"https:\/\/nutripartners.co\/de\/product-supplier\/brennnesselblatt\",\"url\":\"https:\/\/nutripartners.co\/de\/product-supplier\/brennnesselblatt\",\"name\":\"Brennnesselblatt - Nutri Partners\",\"isPartOf\":{\"@id\":\"https:\/\/nutripartners.co\/de#website\"},\"datePublished\":\"2025-03-11T13:48:46+00:00\",\"dateModified\":\"2025-05-28T10:50:32+00:00\",\"description\":\"Brennnesselbl\u00e4tter als Bulkware von NutriPartners - einem europ\u00e4ischen Anbieter von nat\u00fcrlichen Pflanzenextrakten f\u00fcr di\u00e4tetische, kosmetische und funktionelle Anwendungen.\",\"breadcrumb\":{\"@id\":\"https:\/\/nutripartners.co\/de\/product-supplier\/brennnesselblatt#breadcrumb\"},\"inLanguage\":\"de\",\"potentialAction\":[{\"@type\":\"ReadAction\",\"target\":[\"https:\/\/nutripartners.co\/de\/product-supplier\/brennnesselblatt\"]}]},{\"@type\":\"BreadcrumbList\",\"@id\":\"https:\/\/nutripartners.co\/de\/product-supplier\/brennnesselblatt#breadcrumb\",\"itemListElement\":[{\"@type\":\"ListItem\",\"position\":1,\"name\":\"Startseite\",\"item\":\"https:\/\/nutripartners.co\/de\"},{\"@type\":\"ListItem\",\"position\":2,\"name\":\"Produkte\",\"item\":\"https:\/\/nutripartners.co\/de\/product-category\"},{\"@type\":\"ListItem\",\"position\":3,\"name\":\"Pflanzenbasiert\",\"item\":\"https:\/\/nutripartners.co\/de\/produkt-kategorie\/pflanzenbasiert\"},{\"@type\":\"ListItem\",\"position\":4,\"name\":\"Pflanzenextrakte\",\"item\":\"https:\/\/nutripartners.co\/de\/produkt-kategorie\/pflanzenbasiert\/pflanzenextrakte\"},{\"@type\":\"ListItem\",\"position\":5,\"name\":\"Brennnesselblatt\"}]},{\"@type\":\"WebSite\",\"@id\":\"https:\/\/nutripartners.co\/de#website\",\"url\":\"https:\/\/nutripartners.co\/de\",\"name\":\"Nutri Partners\",\"description\":\"Raw materials distributor\",\"publisher\":{\"@id\":\"https:\/\/nutripartners.co\/de#organization\"},\"potentialAction\":[{\"@type\":\"SearchAction\",\"target\":{\"@type\":\"EntryPoint\",\"urlTemplate\":\"https:\/\/nutripartners.co\/de?s={search_term_string}\"},\"query-input\":{\"@type\":\"PropertyValueSpecification\",\"valueRequired\":true,\"valueName\":\"search_term_string\"}}],\"inLanguage\":\"de\"},{\"@type\":\"Organization\",\"@id\":\"https:\/\/nutripartners.co\/de#organization\",\"name\":\"Nutri Partners\",\"url\":\"https:\/\/nutripartners.co\/de\",\"logo\":{\"@type\":\"ImageObject\",\"inLanguage\":\"de\",\"@id\":\"https:\/\/nutripartners.co\/de#\/schema\/logo\/image\/\",\"url\":\"https:\/\/nutripartners.co\/wp-content\/uploads\/2025\/03\/logo-light.svg\",\"contentUrl\":\"https:\/\/nutripartners.co\/wp-content\/uploads\/2025\/03\/logo-light.svg\",\"width\":1,\"height\":1,\"caption\":\"Nutri Partners\"},\"image\":{\"@id\":\"https:\/\/nutripartners.co\/de#\/schema\/logo\/image\/\"},\"sameAs\":[\"https:\/\/www.instagram.com\/_nutripartners_\/\",\"https:\/\/www.linkedin.com\/company\/106882083\"]}]}<\/script>\n<!-- \/ Yoast SEO Premium plugin. -->","yoast_head_json":{"title":"Brennnesselblatt - Nutri Partners","description":"Brennnesselbl\u00e4tter als Bulkware von NutriPartners - einem europ\u00e4ischen Anbieter von nat\u00fcrlichen Pflanzenextrakten f\u00fcr di\u00e4tetische, kosmetische und funktionelle Anwendungen.","robots":{"index":"index","follow":"follow","max-snippet":"max-snippet:-1","max-image-preview":"max-image-preview:large","max-video-preview":"max-video-preview:-1"},"canonical":"https:\/\/nutripartners.co\/de\/product-supplier\/brennnesselblatt","og_locale":"de_DE","og_type":"article","og_title":"Brennnesselblatt","og_description":"Brennnesselbl\u00e4tter als Bulkware von NutriPartners - einem europ\u00e4ischen Anbieter von nat\u00fcrlichen Pflanzenextrakten f\u00fcr di\u00e4tetische, kosmetische und funktionelle Anwendungen.","og_url":"https:\/\/nutripartners.co\/de\/product-supplier\/brennnesselblatt","og_site_name":"Nutri Partners","article_modified_time":"2025-05-28T10:50:32+00:00","og_image":[{"width":1200,"height":600,"url":"https:\/\/nutripartners.co\/wp-content\/uploads\/2025\/03\/ogimage.webp","type":"image\/webp"}],"twitter_card":"summary_large_image","schema":{"@context":"https:\/\/schema.org","@graph":[{"@type":"WebPage","@id":"https:\/\/nutripartners.co\/de\/product-supplier\/brennnesselblatt","url":"https:\/\/nutripartners.co\/de\/product-supplier\/brennnesselblatt","name":"Brennnesselblatt - Nutri Partners","isPartOf":{"@id":"https:\/\/nutripartners.co\/de#website"},"datePublished":"2025-03-11T13:48:46+00:00","dateModified":"2025-05-28T10:50:32+00:00","description":"Brennnesselbl\u00e4tter als Bulkware von NutriPartners - einem europ\u00e4ischen Anbieter von nat\u00fcrlichen Pflanzenextrakten f\u00fcr di\u00e4tetische, kosmetische und funktionelle Anwendungen.","breadcrumb":{"@id":"https:\/\/nutripartners.co\/de\/product-supplier\/brennnesselblatt#breadcrumb"},"inLanguage":"de","potentialAction":[{"@type":"ReadAction","target":["https:\/\/nutripartners.co\/de\/product-supplier\/brennnesselblatt"]}]},{"@type":"BreadcrumbList","@id":"https:\/\/nutripartners.co\/de\/product-supplier\/brennnesselblatt#breadcrumb","itemListElement":[{"@type":"ListItem","position":1,"name":"Startseite","item":"https:\/\/nutripartners.co\/de"},{"@type":"ListItem","position":2,"name":"Produkte","item":"https:\/\/nutripartners.co\/de\/product-category"},{"@type":"ListItem","position":3,"name":"Pflanzenbasiert","item":"https:\/\/nutripartners.co\/de\/produkt-kategorie\/pflanzenbasiert"},{"@type":"ListItem","position":4,"name":"Pflanzenextrakte","item":"https:\/\/nutripartners.co\/de\/produkt-kategorie\/pflanzenbasiert\/pflanzenextrakte"},{"@type":"ListItem","position":5,"name":"Brennnesselblatt"}]},{"@type":"WebSite","@id":"https:\/\/nutripartners.co\/de#website","url":"https:\/\/nutripartners.co\/de","name":"Nutri Partners","description":"Raw materials distributor","publisher":{"@id":"https:\/\/nutripartners.co\/de#organization"},"potentialAction":[{"@type":"SearchAction","target":{"@type":"EntryPoint","urlTemplate":"https:\/\/nutripartners.co\/de?s={search_term_string}"},"query-input":{"@type":"PropertyValueSpecification","valueRequired":true,"valueName":"search_term_string"}}],"inLanguage":"de"},{"@type":"Organization","@id":"https:\/\/nutripartners.co\/de#organization","name":"Nutri Partners","url":"https:\/\/nutripartners.co\/de","logo":{"@type":"ImageObject","inLanguage":"de","@id":"https:\/\/nutripartners.co\/de#\/schema\/logo\/image\/","url":"https:\/\/nutripartners.co\/wp-content\/uploads\/2025\/03\/logo-light.svg","contentUrl":"https:\/\/nutripartners.co\/wp-content\/uploads\/2025\/03\/logo-light.svg","width":1,"height":1,"caption":"Nutri Partners"},"image":{"@id":"https:\/\/nutripartners.co\/de#\/schema\/logo\/image\/"},"sameAs":["https:\/\/www.instagram.com\/_nutripartners_\/","https:\/\/www.linkedin.com\/company\/106882083"]}]}},"_links":{"self":[{"href":"https:\/\/nutripartners.co\/de\/wp-json\/wp\/v2\/product\/734","targetHints":{"allow":["GET"]}}],"collection":[{"href":"https:\/\/nutripartners.co\/de\/wp-json\/wp\/v2\/product"}],"about":[{"href":"https:\/\/nutripartners.co\/de\/wp-json\/wp\/v2\/types\/product"}],"wp:attachment":[{"href":"https:\/\/nutripartners.co\/de\/wp-json\/wp\/v2\/media?parent=734"}],"wp:term":[{"taxonomy":"product-category","embeddable":true,"href":"https:\/\/nutripartners.co\/de\/wp-json\/wp\/v2\/product-category?post=734"}],"curies":[{"name":"wp","href":"https:\/\/api.w.org\/{rel}","templated":true}]}}