{"id":790,"date":"2025-03-11T14:48:45","date_gmt":"2025-03-11T13:48:45","guid":{"rendered":"https:\/\/nutripartners.co\/product\/ashwagandha\/"},"modified":"2025-05-28T09:26:08","modified_gmt":"2025-05-28T09:26:08","slug":"ashwagandha","status":"publish","type":"product","link":"https:\/\/nutripartners.co\/de\/product-supplier\/ashwagandha","title":{"rendered":"Ashwagandha"},"content":{"rendered":"\n<h2 class=\"wp-block-heading\" id=\"h-product-description\">Produkt Beschreibung<\/h2>\n\n<p>Ashwagandha ist ein Extrakt auf Pflanzenbasis, der f\u00fcr seine adaptogenen und gesundheitsf\u00f6rdernden Eigenschaften gesch\u00e4tzt wird. Er wird in verschiedenen Standardisierungen und Formen (Pulver, Trockenextrakt, Fl\u00fcssigkeit) angeboten und eignet sich f\u00fcr die Supplement-, Kosmetik- und Pharmaindustrie. <\/p>\n\n<h2 class=\"wp-block-heading\" id=\"h-key-features\">Hauptmerkmale<\/h2>\n\n<ul class=\"wp-block-list\">\n<li>Standardisiert auf Wirkstoffe (z.B. Polyphenole, Saponine)<\/li>\n\n\n\n<li>Konform mit den EU- und EFSA-Vorschriften<\/li>\n\n\n\n<li>NON-GMO, glutenfrei, vegan<\/li>\n\n\n\n<li>Verpackung: 1-25 kg<\/li>\n<\/ul>\n\n<h2 class=\"wp-block-heading\" id=\"h-applications\">Anwendungen<\/h2>\n\n<ul class=\"wp-block-list\">\n<li>Nahrungserg\u00e4nzungsmittel (Kapseln, Tabletten, Pulver)<\/li>\n\n\n\n<li>Nat\u00fcrliche und dermokosmetische Produkte<\/li>\n\n\n\n<li>Funktionelle Lebensmittel und Nutraceuticals<\/li>\n\n\n\n<li>Produkte zur Unterst\u00fctzung von Immunit\u00e4t, Konzentration, Verdauung, etc.<\/li>\n<\/ul>\n","protected":false},"excerpt":{"rendered":"<p>Gro\u00dfhandel mit Ashwagandha von NutriPartners &#8211; einem europ\u00e4ischen Anbieter von nat\u00fcrlichen Pflanzenextrakten f\u00fcr Nahrungserg\u00e4nzungsmittel, Kosmetik und funktionelle Anwendungen.<\/p>\n","protected":false},"featured_media":0,"template":"","product-category":[85,86],"class_list":["post-790","product","type-product","status-publish","hentry","product-category-pflanzenbasiert","product-category-pflanzenextrakte"],"acf":[],"yoast_head":"<!-- This site is optimized with the Yoast SEO Premium plugin v25.0 (Yoast SEO v26.6) - https:\/\/yoast.com\/wordpress\/plugins\/seo\/ -->\n<title>Ashwagandha - Anbieter von Pflanzenextrakten | Nutri Partners<\/title>\n<meta name=\"description\" content=\"Gro\u00dfhandel mit Ashwagandha von NutriPartners - einem europ\u00e4ischen Anbieter von nat\u00fcrlichen Pflanzenextrakten f\u00fcr Nahrungserg\u00e4nzungsmittel, Kosmetik und funktionelle Anwendungen.\" \/>\n<meta name=\"robots\" content=\"index, follow, max-snippet:-1, max-image-preview:large, max-video-preview:-1\" \/>\n<link rel=\"canonical\" href=\"https:\/\/nutripartners.co\/de\/product-supplier\/ashwagandha\" \/>\n<meta property=\"og:locale\" content=\"de_DE\" \/>\n<meta property=\"og:type\" content=\"article\" \/>\n<meta property=\"og:title\" content=\"Ashwagandha\" \/>\n<meta property=\"og:description\" content=\"Gro\u00dfhandel mit Ashwagandha von NutriPartners - einem europ\u00e4ischen Anbieter von nat\u00fcrlichen Pflanzenextrakten f\u00fcr Nahrungserg\u00e4nzungsmittel, Kosmetik und funktionelle Anwendungen.\" \/>\n<meta property=\"og:url\" content=\"https:\/\/nutripartners.co\/de\/product-supplier\/ashwagandha\" \/>\n<meta property=\"og:site_name\" content=\"Nutri Partners\" \/>\n<meta property=\"article:modified_time\" content=\"2025-05-28T09:26:08+00:00\" \/>\n<meta property=\"og:image\" content=\"https:\/\/nutripartners.co\/wp-content\/uploads\/2025\/03\/ogimage.webp\" \/>\n\t<meta property=\"og:image:width\" content=\"1200\" \/>\n\t<meta property=\"og:image:height\" content=\"600\" \/>\n\t<meta property=\"og:image:type\" content=\"image\/webp\" \/>\n<meta name=\"twitter:card\" content=\"summary_large_image\" \/>\n<script type=\"application\/ld+json\" class=\"yoast-schema-graph\">{\"@context\":\"https:\/\/schema.org\",\"@graph\":[{\"@type\":\"WebPage\",\"@id\":\"https:\/\/nutripartners.co\/de\/product-supplier\/ashwagandha\",\"url\":\"https:\/\/nutripartners.co\/de\/product-supplier\/ashwagandha\",\"name\":\"Ashwagandha - Anbieter von Pflanzenextrakten | Nutri Partners\",\"isPartOf\":{\"@id\":\"https:\/\/nutripartners.co\/de#website\"},\"datePublished\":\"2025-03-11T13:48:45+00:00\",\"dateModified\":\"2025-05-28T09:26:08+00:00\",\"description\":\"Gro\u00dfhandel mit Ashwagandha von NutriPartners - einem europ\u00e4ischen Anbieter von nat\u00fcrlichen Pflanzenextrakten f\u00fcr Nahrungserg\u00e4nzungsmittel, Kosmetik und funktionelle Anwendungen.\",\"breadcrumb\":{\"@id\":\"https:\/\/nutripartners.co\/de\/product-supplier\/ashwagandha#breadcrumb\"},\"inLanguage\":\"de\",\"potentialAction\":[{\"@type\":\"ReadAction\",\"target\":[\"https:\/\/nutripartners.co\/de\/product-supplier\/ashwagandha\"]}]},{\"@type\":\"BreadcrumbList\",\"@id\":\"https:\/\/nutripartners.co\/de\/product-supplier\/ashwagandha#breadcrumb\",\"itemListElement\":[{\"@type\":\"ListItem\",\"position\":1,\"name\":\"Startseite\",\"item\":\"https:\/\/nutripartners.co\/de\"},{\"@type\":\"ListItem\",\"position\":2,\"name\":\"Produkte\",\"item\":\"https:\/\/nutripartners.co\/de\/product-category\"},{\"@type\":\"ListItem\",\"position\":3,\"name\":\"Pflanzenbasiert\",\"item\":\"https:\/\/nutripartners.co\/de\/produkt-kategorie\/pflanzenbasiert\"},{\"@type\":\"ListItem\",\"position\":4,\"name\":\"Pflanzenextrakte\",\"item\":\"https:\/\/nutripartners.co\/de\/produkt-kategorie\/pflanzenbasiert\/pflanzenextrakte\"},{\"@type\":\"ListItem\",\"position\":5,\"name\":\"Ashwagandha\"}]},{\"@type\":\"WebSite\",\"@id\":\"https:\/\/nutripartners.co\/de#website\",\"url\":\"https:\/\/nutripartners.co\/de\",\"name\":\"Nutri Partners\",\"description\":\"Raw materials distributor\",\"publisher\":{\"@id\":\"https:\/\/nutripartners.co\/de#organization\"},\"potentialAction\":[{\"@type\":\"SearchAction\",\"target\":{\"@type\":\"EntryPoint\",\"urlTemplate\":\"https:\/\/nutripartners.co\/de?s={search_term_string}\"},\"query-input\":{\"@type\":\"PropertyValueSpecification\",\"valueRequired\":true,\"valueName\":\"search_term_string\"}}],\"inLanguage\":\"de\"},{\"@type\":\"Organization\",\"@id\":\"https:\/\/nutripartners.co\/de#organization\",\"name\":\"Nutri Partners\",\"url\":\"https:\/\/nutripartners.co\/de\",\"logo\":{\"@type\":\"ImageObject\",\"inLanguage\":\"de\",\"@id\":\"https:\/\/nutripartners.co\/de#\/schema\/logo\/image\/\",\"url\":\"https:\/\/nutripartners.co\/wp-content\/uploads\/2025\/03\/logo-light.svg\",\"contentUrl\":\"https:\/\/nutripartners.co\/wp-content\/uploads\/2025\/03\/logo-light.svg\",\"width\":1,\"height\":1,\"caption\":\"Nutri Partners\"},\"image\":{\"@id\":\"https:\/\/nutripartners.co\/de#\/schema\/logo\/image\/\"},\"sameAs\":[\"https:\/\/www.instagram.com\/_nutripartners_\/\",\"https:\/\/www.linkedin.com\/company\/106882083\"]}]}<\/script>\n<!-- \/ Yoast SEO Premium plugin. -->","yoast_head_json":{"title":"Ashwagandha - Anbieter von Pflanzenextrakten | Nutri Partners","description":"Gro\u00dfhandel mit Ashwagandha von NutriPartners - einem europ\u00e4ischen Anbieter von nat\u00fcrlichen Pflanzenextrakten f\u00fcr Nahrungserg\u00e4nzungsmittel, Kosmetik und funktionelle Anwendungen.","robots":{"index":"index","follow":"follow","max-snippet":"max-snippet:-1","max-image-preview":"max-image-preview:large","max-video-preview":"max-video-preview:-1"},"canonical":"https:\/\/nutripartners.co\/de\/product-supplier\/ashwagandha","og_locale":"de_DE","og_type":"article","og_title":"Ashwagandha","og_description":"Gro\u00dfhandel mit Ashwagandha von NutriPartners - einem europ\u00e4ischen Anbieter von nat\u00fcrlichen Pflanzenextrakten f\u00fcr Nahrungserg\u00e4nzungsmittel, Kosmetik und funktionelle Anwendungen.","og_url":"https:\/\/nutripartners.co\/de\/product-supplier\/ashwagandha","og_site_name":"Nutri Partners","article_modified_time":"2025-05-28T09:26:08+00:00","og_image":[{"width":1200,"height":600,"url":"https:\/\/nutripartners.co\/wp-content\/uploads\/2025\/03\/ogimage.webp","type":"image\/webp"}],"twitter_card":"summary_large_image","schema":{"@context":"https:\/\/schema.org","@graph":[{"@type":"WebPage","@id":"https:\/\/nutripartners.co\/de\/product-supplier\/ashwagandha","url":"https:\/\/nutripartners.co\/de\/product-supplier\/ashwagandha","name":"Ashwagandha - Anbieter von Pflanzenextrakten | Nutri Partners","isPartOf":{"@id":"https:\/\/nutripartners.co\/de#website"},"datePublished":"2025-03-11T13:48:45+00:00","dateModified":"2025-05-28T09:26:08+00:00","description":"Gro\u00dfhandel mit Ashwagandha von NutriPartners - einem europ\u00e4ischen Anbieter von nat\u00fcrlichen Pflanzenextrakten f\u00fcr Nahrungserg\u00e4nzungsmittel, Kosmetik und funktionelle Anwendungen.","breadcrumb":{"@id":"https:\/\/nutripartners.co\/de\/product-supplier\/ashwagandha#breadcrumb"},"inLanguage":"de","potentialAction":[{"@type":"ReadAction","target":["https:\/\/nutripartners.co\/de\/product-supplier\/ashwagandha"]}]},{"@type":"BreadcrumbList","@id":"https:\/\/nutripartners.co\/de\/product-supplier\/ashwagandha#breadcrumb","itemListElement":[{"@type":"ListItem","position":1,"name":"Startseite","item":"https:\/\/nutripartners.co\/de"},{"@type":"ListItem","position":2,"name":"Produkte","item":"https:\/\/nutripartners.co\/de\/product-category"},{"@type":"ListItem","position":3,"name":"Pflanzenbasiert","item":"https:\/\/nutripartners.co\/de\/produkt-kategorie\/pflanzenbasiert"},{"@type":"ListItem","position":4,"name":"Pflanzenextrakte","item":"https:\/\/nutripartners.co\/de\/produkt-kategorie\/pflanzenbasiert\/pflanzenextrakte"},{"@type":"ListItem","position":5,"name":"Ashwagandha"}]},{"@type":"WebSite","@id":"https:\/\/nutripartners.co\/de#website","url":"https:\/\/nutripartners.co\/de","name":"Nutri Partners","description":"Raw materials distributor","publisher":{"@id":"https:\/\/nutripartners.co\/de#organization"},"potentialAction":[{"@type":"SearchAction","target":{"@type":"EntryPoint","urlTemplate":"https:\/\/nutripartners.co\/de?s={search_term_string}"},"query-input":{"@type":"PropertyValueSpecification","valueRequired":true,"valueName":"search_term_string"}}],"inLanguage":"de"},{"@type":"Organization","@id":"https:\/\/nutripartners.co\/de#organization","name":"Nutri Partners","url":"https:\/\/nutripartners.co\/de","logo":{"@type":"ImageObject","inLanguage":"de","@id":"https:\/\/nutripartners.co\/de#\/schema\/logo\/image\/","url":"https:\/\/nutripartners.co\/wp-content\/uploads\/2025\/03\/logo-light.svg","contentUrl":"https:\/\/nutripartners.co\/wp-content\/uploads\/2025\/03\/logo-light.svg","width":1,"height":1,"caption":"Nutri Partners"},"image":{"@id":"https:\/\/nutripartners.co\/de#\/schema\/logo\/image\/"},"sameAs":["https:\/\/www.instagram.com\/_nutripartners_\/","https:\/\/www.linkedin.com\/company\/106882083"]}]}},"_links":{"self":[{"href":"https:\/\/nutripartners.co\/de\/wp-json\/wp\/v2\/product\/790","targetHints":{"allow":["GET"]}}],"collection":[{"href":"https:\/\/nutripartners.co\/de\/wp-json\/wp\/v2\/product"}],"about":[{"href":"https:\/\/nutripartners.co\/de\/wp-json\/wp\/v2\/types\/product"}],"wp:attachment":[{"href":"https:\/\/nutripartners.co\/de\/wp-json\/wp\/v2\/media?parent=790"}],"wp:term":[{"taxonomy":"product-category","embeddable":true,"href":"https:\/\/nutripartners.co\/de\/wp-json\/wp\/v2\/product-category?post=790"}],"curies":[{"name":"wp","href":"https:\/\/api.w.org\/{rel}","templated":true}]}}