{"id":815,"date":"2025-03-11T14:48:45","date_gmt":"2025-03-11T13:48:45","guid":{"rendered":"https:\/\/nutripartners.co\/product\/molkenprotein-isolat\/"},"modified":"2025-05-28T13:34:52","modified_gmt":"2025-05-28T13:34:52","slug":"molkenprotein-isolat","status":"publish","type":"product","link":"https:\/\/nutripartners.co\/de\/product-supplier\/molkenprotein-isolat","title":{"rendered":"Molkenprotein-Isolat"},"content":{"rendered":"\n<h2 class=\"wp-block-heading\" id=\"h-product-description\">Produkt Beschreibung<\/h2>\n\n<p>Molkenproteinisolat ist ein hochwertiges Milchpulver, das f\u00fcr die Herstellung von funktionellen Lebensmitteln, Nahrungserg\u00e4nzungsmitteln und Sportern\u00e4hrung entwickelt wurde. Wir bieten Rohmaterial mit unterschiedlichem Proteingehalt und L\u00f6slichkeitsgrad an, das f\u00fcr verschiedene Anwendungen geeignet ist. <\/p>\n\n<h2 class=\"wp-block-heading\" id=\"h-key-features\">Hauptmerkmale<\/h2>\n\n<ul class=\"wp-block-list\">\n<li>Proteingehalt: variiert je nach Produkt (35-90%)<\/li>\n\n\n\n<li>Form: Pulver (Standard oder Instant)<\/li>\n\n\n\n<li>Neutraler Geschmack, hohe Bioverf\u00fcgbarkeit<\/li>\n\n\n\n<li>Verpackung: 20-25 kg S\u00e4cke<\/li>\n<\/ul>\n\n<h2 class=\"wp-block-heading\" id=\"h-applications\">Anwendungen<\/h2>\n\n<ul class=\"wp-block-list\">\n<li>Proteinpulver und -shakes<\/li>\n\n\n\n<li>Eiwei\u00dfreiche Lebensmittel (Riegel, Joghurt, Getr\u00e4nke)<\/li>\n\n\n\n<li>Produkte f\u00fcr Sportler, Kinder und \u00e4ltere Menschen<\/li>\n\n\n\n<li>Mit Proteinen angereicherte Backwaren und di\u00e4tetische Produkte<\/li>\n<\/ul>\n","protected":false},"excerpt":{"rendered":"<p>Molkenprotein-Isolat ist im Gro\u00dfhandel erh\u00e4ltlich bei NutriPartners &#8211; einem europ\u00e4ischen Lieferanten von milchbasierten Zutaten f\u00fcr die Lebensmittel-, Ern\u00e4hrungs- und Sportindustrie.<\/p>\n","protected":false},"featured_media":0,"template":"","product-category":[95,94],"class_list":["post-815","product","type-product","status-publish","hentry","product-category-molke-pulver","product-category-molkerei"],"acf":[],"yoast_head":"<!-- This site is optimized with the Yoast SEO Premium plugin v25.0 (Yoast SEO v26.6) - https:\/\/yoast.com\/wordpress\/plugins\/seo\/ -->\n<title>Molkenprotein-Isolat - Nutri Partners<\/title>\n<meta name=\"description\" content=\"Molkenprotein-Isolat ist im Gro\u00dfhandel erh\u00e4ltlich bei NutriPartners - einem europ\u00e4ischen Lieferanten von milchbasierten Zutaten f\u00fcr die Lebensmittel-, Ern\u00e4hrungs- und Sportindustrie.\" \/>\n<meta name=\"robots\" content=\"index, follow, max-snippet:-1, max-image-preview:large, max-video-preview:-1\" \/>\n<link rel=\"canonical\" href=\"https:\/\/nutripartners.co\/de\/product-supplier\/molkenprotein-isolat\" \/>\n<meta property=\"og:locale\" content=\"de_DE\" \/>\n<meta property=\"og:type\" content=\"article\" \/>\n<meta property=\"og:title\" content=\"Molkenprotein-Isolat\" \/>\n<meta property=\"og:description\" content=\"Molkenprotein-Isolat ist im Gro\u00dfhandel erh\u00e4ltlich bei NutriPartners - einem europ\u00e4ischen Lieferanten von milchbasierten Zutaten f\u00fcr die Lebensmittel-, Ern\u00e4hrungs- und Sportindustrie.\" \/>\n<meta property=\"og:url\" content=\"https:\/\/nutripartners.co\/de\/product-supplier\/molkenprotein-isolat\" \/>\n<meta property=\"og:site_name\" content=\"Nutri Partners\" \/>\n<meta property=\"article:modified_time\" content=\"2025-05-28T13:34:52+00:00\" \/>\n<meta property=\"og:image\" content=\"https:\/\/nutripartners.co\/wp-content\/uploads\/2025\/03\/ogimage.webp\" \/>\n\t<meta property=\"og:image:width\" content=\"1200\" \/>\n\t<meta property=\"og:image:height\" content=\"600\" \/>\n\t<meta property=\"og:image:type\" content=\"image\/webp\" \/>\n<meta name=\"twitter:card\" content=\"summary_large_image\" \/>\n<script type=\"application\/ld+json\" class=\"yoast-schema-graph\">{\"@context\":\"https:\/\/schema.org\",\"@graph\":[{\"@type\":\"WebPage\",\"@id\":\"https:\/\/nutripartners.co\/de\/product-supplier\/molkenprotein-isolat\",\"url\":\"https:\/\/nutripartners.co\/de\/product-supplier\/molkenprotein-isolat\",\"name\":\"Molkenprotein-Isolat - Nutri Partners\",\"isPartOf\":{\"@id\":\"https:\/\/nutripartners.co\/de#website\"},\"datePublished\":\"2025-03-11T13:48:45+00:00\",\"dateModified\":\"2025-05-28T13:34:52+00:00\",\"description\":\"Molkenprotein-Isolat ist im Gro\u00dfhandel erh\u00e4ltlich bei NutriPartners - einem europ\u00e4ischen Lieferanten von milchbasierten Zutaten f\u00fcr die Lebensmittel-, Ern\u00e4hrungs- und Sportindustrie.\",\"breadcrumb\":{\"@id\":\"https:\/\/nutripartners.co\/de\/product-supplier\/molkenprotein-isolat#breadcrumb\"},\"inLanguage\":\"de\",\"potentialAction\":[{\"@type\":\"ReadAction\",\"target\":[\"https:\/\/nutripartners.co\/de\/product-supplier\/molkenprotein-isolat\"]}]},{\"@type\":\"BreadcrumbList\",\"@id\":\"https:\/\/nutripartners.co\/de\/product-supplier\/molkenprotein-isolat#breadcrumb\",\"itemListElement\":[{\"@type\":\"ListItem\",\"position\":1,\"name\":\"Startseite\",\"item\":\"https:\/\/nutripartners.co\/de\"},{\"@type\":\"ListItem\",\"position\":2,\"name\":\"Produkte\",\"item\":\"https:\/\/nutripartners.co\/de\/product-category\"},{\"@type\":\"ListItem\",\"position\":3,\"name\":\"Molkerei\",\"item\":\"https:\/\/nutripartners.co\/de\/produkt-kategorie\/molkerei\"},{\"@type\":\"ListItem\",\"position\":4,\"name\":\"Molke-Pulver\",\"item\":\"https:\/\/nutripartners.co\/de\/produkt-kategorie\/molkerei\/molke-pulver\"},{\"@type\":\"ListItem\",\"position\":5,\"name\":\"Molkenprotein-Isolat\"}]},{\"@type\":\"WebSite\",\"@id\":\"https:\/\/nutripartners.co\/de#website\",\"url\":\"https:\/\/nutripartners.co\/de\",\"name\":\"Nutri Partners\",\"description\":\"Raw materials distributor\",\"publisher\":{\"@id\":\"https:\/\/nutripartners.co\/de#organization\"},\"potentialAction\":[{\"@type\":\"SearchAction\",\"target\":{\"@type\":\"EntryPoint\",\"urlTemplate\":\"https:\/\/nutripartners.co\/de?s={search_term_string}\"},\"query-input\":{\"@type\":\"PropertyValueSpecification\",\"valueRequired\":true,\"valueName\":\"search_term_string\"}}],\"inLanguage\":\"de\"},{\"@type\":\"Organization\",\"@id\":\"https:\/\/nutripartners.co\/de#organization\",\"name\":\"Nutri Partners\",\"url\":\"https:\/\/nutripartners.co\/de\",\"logo\":{\"@type\":\"ImageObject\",\"inLanguage\":\"de\",\"@id\":\"https:\/\/nutripartners.co\/de#\/schema\/logo\/image\/\",\"url\":\"https:\/\/nutripartners.co\/wp-content\/uploads\/2025\/03\/logo-light.svg\",\"contentUrl\":\"https:\/\/nutripartners.co\/wp-content\/uploads\/2025\/03\/logo-light.svg\",\"width\":1,\"height\":1,\"caption\":\"Nutri Partners\"},\"image\":{\"@id\":\"https:\/\/nutripartners.co\/de#\/schema\/logo\/image\/\"},\"sameAs\":[\"https:\/\/www.instagram.com\/_nutripartners_\/\",\"https:\/\/www.linkedin.com\/company\/106882083\"]}]}<\/script>\n<!-- \/ Yoast SEO Premium plugin. -->","yoast_head_json":{"title":"Molkenprotein-Isolat - Nutri Partners","description":"Molkenprotein-Isolat ist im Gro\u00dfhandel erh\u00e4ltlich bei NutriPartners - einem europ\u00e4ischen Lieferanten von milchbasierten Zutaten f\u00fcr die Lebensmittel-, Ern\u00e4hrungs- und Sportindustrie.","robots":{"index":"index","follow":"follow","max-snippet":"max-snippet:-1","max-image-preview":"max-image-preview:large","max-video-preview":"max-video-preview:-1"},"canonical":"https:\/\/nutripartners.co\/de\/product-supplier\/molkenprotein-isolat","og_locale":"de_DE","og_type":"article","og_title":"Molkenprotein-Isolat","og_description":"Molkenprotein-Isolat ist im Gro\u00dfhandel erh\u00e4ltlich bei NutriPartners - einem europ\u00e4ischen Lieferanten von milchbasierten Zutaten f\u00fcr die Lebensmittel-, Ern\u00e4hrungs- und Sportindustrie.","og_url":"https:\/\/nutripartners.co\/de\/product-supplier\/molkenprotein-isolat","og_site_name":"Nutri Partners","article_modified_time":"2025-05-28T13:34:52+00:00","og_image":[{"width":1200,"height":600,"url":"https:\/\/nutripartners.co\/wp-content\/uploads\/2025\/03\/ogimage.webp","type":"image\/webp"}],"twitter_card":"summary_large_image","schema":{"@context":"https:\/\/schema.org","@graph":[{"@type":"WebPage","@id":"https:\/\/nutripartners.co\/de\/product-supplier\/molkenprotein-isolat","url":"https:\/\/nutripartners.co\/de\/product-supplier\/molkenprotein-isolat","name":"Molkenprotein-Isolat - Nutri Partners","isPartOf":{"@id":"https:\/\/nutripartners.co\/de#website"},"datePublished":"2025-03-11T13:48:45+00:00","dateModified":"2025-05-28T13:34:52+00:00","description":"Molkenprotein-Isolat ist im Gro\u00dfhandel erh\u00e4ltlich bei NutriPartners - einem europ\u00e4ischen Lieferanten von milchbasierten Zutaten f\u00fcr die Lebensmittel-, Ern\u00e4hrungs- und Sportindustrie.","breadcrumb":{"@id":"https:\/\/nutripartners.co\/de\/product-supplier\/molkenprotein-isolat#breadcrumb"},"inLanguage":"de","potentialAction":[{"@type":"ReadAction","target":["https:\/\/nutripartners.co\/de\/product-supplier\/molkenprotein-isolat"]}]},{"@type":"BreadcrumbList","@id":"https:\/\/nutripartners.co\/de\/product-supplier\/molkenprotein-isolat#breadcrumb","itemListElement":[{"@type":"ListItem","position":1,"name":"Startseite","item":"https:\/\/nutripartners.co\/de"},{"@type":"ListItem","position":2,"name":"Produkte","item":"https:\/\/nutripartners.co\/de\/product-category"},{"@type":"ListItem","position":3,"name":"Molkerei","item":"https:\/\/nutripartners.co\/de\/produkt-kategorie\/molkerei"},{"@type":"ListItem","position":4,"name":"Molke-Pulver","item":"https:\/\/nutripartners.co\/de\/produkt-kategorie\/molkerei\/molke-pulver"},{"@type":"ListItem","position":5,"name":"Molkenprotein-Isolat"}]},{"@type":"WebSite","@id":"https:\/\/nutripartners.co\/de#website","url":"https:\/\/nutripartners.co\/de","name":"Nutri Partners","description":"Raw materials distributor","publisher":{"@id":"https:\/\/nutripartners.co\/de#organization"},"potentialAction":[{"@type":"SearchAction","target":{"@type":"EntryPoint","urlTemplate":"https:\/\/nutripartners.co\/de?s={search_term_string}"},"query-input":{"@type":"PropertyValueSpecification","valueRequired":true,"valueName":"search_term_string"}}],"inLanguage":"de"},{"@type":"Organization","@id":"https:\/\/nutripartners.co\/de#organization","name":"Nutri Partners","url":"https:\/\/nutripartners.co\/de","logo":{"@type":"ImageObject","inLanguage":"de","@id":"https:\/\/nutripartners.co\/de#\/schema\/logo\/image\/","url":"https:\/\/nutripartners.co\/wp-content\/uploads\/2025\/03\/logo-light.svg","contentUrl":"https:\/\/nutripartners.co\/wp-content\/uploads\/2025\/03\/logo-light.svg","width":1,"height":1,"caption":"Nutri Partners"},"image":{"@id":"https:\/\/nutripartners.co\/de#\/schema\/logo\/image\/"},"sameAs":["https:\/\/www.instagram.com\/_nutripartners_\/","https:\/\/www.linkedin.com\/company\/106882083"]}]}},"_links":{"self":[{"href":"https:\/\/nutripartners.co\/de\/wp-json\/wp\/v2\/product\/815","targetHints":{"allow":["GET"]}}],"collection":[{"href":"https:\/\/nutripartners.co\/de\/wp-json\/wp\/v2\/product"}],"about":[{"href":"https:\/\/nutripartners.co\/de\/wp-json\/wp\/v2\/types\/product"}],"wp:attachment":[{"href":"https:\/\/nutripartners.co\/de\/wp-json\/wp\/v2\/media?parent=815"}],"wp:term":[{"taxonomy":"product-category","embeddable":true,"href":"https:\/\/nutripartners.co\/de\/wp-json\/wp\/v2\/product-category?post=815"}],"curies":[{"name":"wp","href":"https:\/\/api.w.org\/{rel}","templated":true}]}}