{"id":819,"date":"2025-03-11T14:48:44","date_gmt":"2025-03-11T13:48:44","guid":{"rendered":"https:\/\/nutripartners.co\/product\/suessmolke-pulver\/"},"modified":"2025-05-27T10:47:15","modified_gmt":"2025-05-27T10:47:15","slug":"suessmolke-pulver","status":"publish","type":"product","link":"https:\/\/nutripartners.co\/de\/product-supplier\/suessmolke-pulver","title":{"rendered":"S\u00fc\u00dfmolke-Pulver"},"content":{"rendered":"\n<h2 class=\"wp-block-heading\" id=\"h-product-description\">Produkt Beschreibung<\/h2>\n\n<p>S\u00fc\u00dfmolkenpulver ist ein hochwertiger Milchbestandteil in Pulverform, der in funktionellen Lebensmitteln, Nahrungserg\u00e4nzungsmitteln und Sportern\u00e4hrung verwendet wird. Erh\u00e4ltlich mit unterschiedlichem Proteingehalt und L\u00f6slichkeit, je nach Anwendung. <\/p>\n\n<h2 class=\"wp-block-heading\" id=\"h-key-features\">Hauptmerkmale<\/h2>\n\n<ul class=\"wp-block-list\">\n<li>Proteingehalt: variiert je nach Produkt (35-90%)<\/li>\n\n\n\n<li>Form: Standard- oder Instantpulver<\/li>\n\n\n\n<li>Neutraler Geschmack, hohe Bioverf\u00fcgbarkeit<\/li>\n\n\n\n<li>Verpackung: 20-25 kg S\u00e4cke<\/li>\n<\/ul>\n\n<h2 class=\"wp-block-heading\" id=\"h-applications\">Anwendungen<\/h2>\n\n<ul class=\"wp-block-list\">\n<li>Proteinshakes und Nahrungserg\u00e4nzungsmittel<\/li>\n\n\n\n<li>Eiwei\u00dfreiche Lebensmittel (Riegel, Joghurt, Getr\u00e4nke)<\/li>\n\n\n\n<li>Produkte f\u00fcr Sportler, Kinder und Senioren<\/li>\n\n\n\n<li>Mit Proteinen angereicherte Backwaren und Di\u00e4tprodukte<\/li>\n<\/ul>\n","protected":false},"excerpt":{"rendered":"<p>S\u00fc\u00dfmolkenpulver im Gro\u00dfhandel erh\u00e4ltlich bei NutriPartners &#8211; einem europ\u00e4ischen Lieferanten von Molkereizutaten f\u00fcr die Lebensmittel-, Di\u00e4t- und Sportindustrie.<\/p>\n","protected":false},"featured_media":0,"template":"","product-category":[95,94],"class_list":["post-819","product","type-product","status-publish","hentry","product-category-molke-pulver","product-category-molkerei"],"acf":[],"yoast_head":"<!-- This site is optimized with the Yoast SEO Premium plugin v25.0 (Yoast SEO v26.6) - https:\/\/yoast.com\/wordpress\/plugins\/seo\/ -->\n<title>S\u00fc\u00dfmolke-Pulver - Nutri Partners<\/title>\n<meta name=\"description\" content=\"S\u00fc\u00dfmolkenpulver im Gro\u00dfhandel erh\u00e4ltlich bei NutriPartners - einem europ\u00e4ischen Lieferanten von Molkereizutaten f\u00fcr die Lebensmittel-, Di\u00e4t- und Sportindustrie.\" \/>\n<meta name=\"robots\" content=\"index, follow, max-snippet:-1, max-image-preview:large, max-video-preview:-1\" \/>\n<link rel=\"canonical\" href=\"https:\/\/nutripartners.co\/de\/product-supplier\/suessmolke-pulver\" \/>\n<meta property=\"og:locale\" content=\"de_DE\" \/>\n<meta property=\"og:type\" content=\"article\" \/>\n<meta property=\"og:title\" content=\"S\u00fc\u00dfmolke-Pulver\" \/>\n<meta property=\"og:description\" content=\"S\u00fc\u00dfmolkenpulver im Gro\u00dfhandel erh\u00e4ltlich bei NutriPartners - einem europ\u00e4ischen Lieferanten von Molkereizutaten f\u00fcr die Lebensmittel-, Di\u00e4t- und Sportindustrie.\" \/>\n<meta property=\"og:url\" content=\"https:\/\/nutripartners.co\/de\/product-supplier\/suessmolke-pulver\" \/>\n<meta property=\"og:site_name\" content=\"Nutri Partners\" \/>\n<meta property=\"article:modified_time\" content=\"2025-05-27T10:47:15+00:00\" \/>\n<meta property=\"og:image\" content=\"https:\/\/nutripartners.co\/wp-content\/uploads\/2025\/03\/ogimage.webp\" \/>\n\t<meta property=\"og:image:width\" content=\"1200\" \/>\n\t<meta property=\"og:image:height\" content=\"600\" \/>\n\t<meta property=\"og:image:type\" content=\"image\/webp\" \/>\n<meta name=\"twitter:card\" content=\"summary_large_image\" \/>\n<script type=\"application\/ld+json\" class=\"yoast-schema-graph\">{\"@context\":\"https:\/\/schema.org\",\"@graph\":[{\"@type\":\"WebPage\",\"@id\":\"https:\/\/nutripartners.co\/de\/product-supplier\/suessmolke-pulver\",\"url\":\"https:\/\/nutripartners.co\/de\/product-supplier\/suessmolke-pulver\",\"name\":\"S\u00fc\u00dfmolke-Pulver - Nutri Partners\",\"isPartOf\":{\"@id\":\"https:\/\/nutripartners.co\/de#website\"},\"datePublished\":\"2025-03-11T13:48:44+00:00\",\"dateModified\":\"2025-05-27T10:47:15+00:00\",\"description\":\"S\u00fc\u00dfmolkenpulver im Gro\u00dfhandel erh\u00e4ltlich bei NutriPartners - einem europ\u00e4ischen Lieferanten von Molkereizutaten f\u00fcr die Lebensmittel-, Di\u00e4t- und Sportindustrie.\",\"breadcrumb\":{\"@id\":\"https:\/\/nutripartners.co\/de\/product-supplier\/suessmolke-pulver#breadcrumb\"},\"inLanguage\":\"de\",\"potentialAction\":[{\"@type\":\"ReadAction\",\"target\":[\"https:\/\/nutripartners.co\/de\/product-supplier\/suessmolke-pulver\"]}]},{\"@type\":\"BreadcrumbList\",\"@id\":\"https:\/\/nutripartners.co\/de\/product-supplier\/suessmolke-pulver#breadcrumb\",\"itemListElement\":[{\"@type\":\"ListItem\",\"position\":1,\"name\":\"Startseite\",\"item\":\"https:\/\/nutripartners.co\/de\"},{\"@type\":\"ListItem\",\"position\":2,\"name\":\"Produkte\",\"item\":\"https:\/\/nutripartners.co\/de\/product-category\"},{\"@type\":\"ListItem\",\"position\":3,\"name\":\"Molkerei\",\"item\":\"https:\/\/nutripartners.co\/de\/produkt-kategorie\/molkerei\"},{\"@type\":\"ListItem\",\"position\":4,\"name\":\"Molke-Pulver\",\"item\":\"https:\/\/nutripartners.co\/de\/produkt-kategorie\/molkerei\/molke-pulver\"},{\"@type\":\"ListItem\",\"position\":5,\"name\":\"S\u00fc\u00dfmolke-Pulver\"}]},{\"@type\":\"WebSite\",\"@id\":\"https:\/\/nutripartners.co\/de#website\",\"url\":\"https:\/\/nutripartners.co\/de\",\"name\":\"Nutri Partners\",\"description\":\"Raw materials distributor\",\"publisher\":{\"@id\":\"https:\/\/nutripartners.co\/de#organization\"},\"potentialAction\":[{\"@type\":\"SearchAction\",\"target\":{\"@type\":\"EntryPoint\",\"urlTemplate\":\"https:\/\/nutripartners.co\/de?s={search_term_string}\"},\"query-input\":{\"@type\":\"PropertyValueSpecification\",\"valueRequired\":true,\"valueName\":\"search_term_string\"}}],\"inLanguage\":\"de\"},{\"@type\":\"Organization\",\"@id\":\"https:\/\/nutripartners.co\/de#organization\",\"name\":\"Nutri Partners\",\"url\":\"https:\/\/nutripartners.co\/de\",\"logo\":{\"@type\":\"ImageObject\",\"inLanguage\":\"de\",\"@id\":\"https:\/\/nutripartners.co\/de#\/schema\/logo\/image\/\",\"url\":\"https:\/\/nutripartners.co\/wp-content\/uploads\/2025\/03\/logo-light.svg\",\"contentUrl\":\"https:\/\/nutripartners.co\/wp-content\/uploads\/2025\/03\/logo-light.svg\",\"width\":1,\"height\":1,\"caption\":\"Nutri Partners\"},\"image\":{\"@id\":\"https:\/\/nutripartners.co\/de#\/schema\/logo\/image\/\"},\"sameAs\":[\"https:\/\/www.instagram.com\/_nutripartners_\/\",\"https:\/\/www.linkedin.com\/company\/106882083\"]}]}<\/script>\n<!-- \/ Yoast SEO Premium plugin. -->","yoast_head_json":{"title":"S\u00fc\u00dfmolke-Pulver - Nutri Partners","description":"S\u00fc\u00dfmolkenpulver im Gro\u00dfhandel erh\u00e4ltlich bei NutriPartners - einem europ\u00e4ischen Lieferanten von Molkereizutaten f\u00fcr die Lebensmittel-, Di\u00e4t- und Sportindustrie.","robots":{"index":"index","follow":"follow","max-snippet":"max-snippet:-1","max-image-preview":"max-image-preview:large","max-video-preview":"max-video-preview:-1"},"canonical":"https:\/\/nutripartners.co\/de\/product-supplier\/suessmolke-pulver","og_locale":"de_DE","og_type":"article","og_title":"S\u00fc\u00dfmolke-Pulver","og_description":"S\u00fc\u00dfmolkenpulver im Gro\u00dfhandel erh\u00e4ltlich bei NutriPartners - einem europ\u00e4ischen Lieferanten von Molkereizutaten f\u00fcr die Lebensmittel-, Di\u00e4t- und Sportindustrie.","og_url":"https:\/\/nutripartners.co\/de\/product-supplier\/suessmolke-pulver","og_site_name":"Nutri Partners","article_modified_time":"2025-05-27T10:47:15+00:00","og_image":[{"width":1200,"height":600,"url":"https:\/\/nutripartners.co\/wp-content\/uploads\/2025\/03\/ogimage.webp","type":"image\/webp"}],"twitter_card":"summary_large_image","schema":{"@context":"https:\/\/schema.org","@graph":[{"@type":"WebPage","@id":"https:\/\/nutripartners.co\/de\/product-supplier\/suessmolke-pulver","url":"https:\/\/nutripartners.co\/de\/product-supplier\/suessmolke-pulver","name":"S\u00fc\u00dfmolke-Pulver - Nutri Partners","isPartOf":{"@id":"https:\/\/nutripartners.co\/de#website"},"datePublished":"2025-03-11T13:48:44+00:00","dateModified":"2025-05-27T10:47:15+00:00","description":"S\u00fc\u00dfmolkenpulver im Gro\u00dfhandel erh\u00e4ltlich bei NutriPartners - einem europ\u00e4ischen Lieferanten von Molkereizutaten f\u00fcr die Lebensmittel-, Di\u00e4t- und Sportindustrie.","breadcrumb":{"@id":"https:\/\/nutripartners.co\/de\/product-supplier\/suessmolke-pulver#breadcrumb"},"inLanguage":"de","potentialAction":[{"@type":"ReadAction","target":["https:\/\/nutripartners.co\/de\/product-supplier\/suessmolke-pulver"]}]},{"@type":"BreadcrumbList","@id":"https:\/\/nutripartners.co\/de\/product-supplier\/suessmolke-pulver#breadcrumb","itemListElement":[{"@type":"ListItem","position":1,"name":"Startseite","item":"https:\/\/nutripartners.co\/de"},{"@type":"ListItem","position":2,"name":"Produkte","item":"https:\/\/nutripartners.co\/de\/product-category"},{"@type":"ListItem","position":3,"name":"Molkerei","item":"https:\/\/nutripartners.co\/de\/produkt-kategorie\/molkerei"},{"@type":"ListItem","position":4,"name":"Molke-Pulver","item":"https:\/\/nutripartners.co\/de\/produkt-kategorie\/molkerei\/molke-pulver"},{"@type":"ListItem","position":5,"name":"S\u00fc\u00dfmolke-Pulver"}]},{"@type":"WebSite","@id":"https:\/\/nutripartners.co\/de#website","url":"https:\/\/nutripartners.co\/de","name":"Nutri Partners","description":"Raw materials distributor","publisher":{"@id":"https:\/\/nutripartners.co\/de#organization"},"potentialAction":[{"@type":"SearchAction","target":{"@type":"EntryPoint","urlTemplate":"https:\/\/nutripartners.co\/de?s={search_term_string}"},"query-input":{"@type":"PropertyValueSpecification","valueRequired":true,"valueName":"search_term_string"}}],"inLanguage":"de"},{"@type":"Organization","@id":"https:\/\/nutripartners.co\/de#organization","name":"Nutri Partners","url":"https:\/\/nutripartners.co\/de","logo":{"@type":"ImageObject","inLanguage":"de","@id":"https:\/\/nutripartners.co\/de#\/schema\/logo\/image\/","url":"https:\/\/nutripartners.co\/wp-content\/uploads\/2025\/03\/logo-light.svg","contentUrl":"https:\/\/nutripartners.co\/wp-content\/uploads\/2025\/03\/logo-light.svg","width":1,"height":1,"caption":"Nutri Partners"},"image":{"@id":"https:\/\/nutripartners.co\/de#\/schema\/logo\/image\/"},"sameAs":["https:\/\/www.instagram.com\/_nutripartners_\/","https:\/\/www.linkedin.com\/company\/106882083"]}]}},"_links":{"self":[{"href":"https:\/\/nutripartners.co\/de\/wp-json\/wp\/v2\/product\/819","targetHints":{"allow":["GET"]}}],"collection":[{"href":"https:\/\/nutripartners.co\/de\/wp-json\/wp\/v2\/product"}],"about":[{"href":"https:\/\/nutripartners.co\/de\/wp-json\/wp\/v2\/types\/product"}],"wp:attachment":[{"href":"https:\/\/nutripartners.co\/de\/wp-json\/wp\/v2\/media?parent=819"}],"wp:term":[{"taxonomy":"product-category","embeddable":true,"href":"https:\/\/nutripartners.co\/de\/wp-json\/wp\/v2\/product-category?post=819"}],"curies":[{"name":"wp","href":"https:\/\/api.w.org\/{rel}","templated":true}]}}