{"id":831,"date":"2025-03-11T14:48:44","date_gmt":"2025-03-11T13:48:44","guid":{"rendered":"https:\/\/nutripartners.co\/product\/magermilchpulver\/"},"modified":"2025-06-02T11:55:52","modified_gmt":"2025-06-02T11:55:52","slug":"magermilchpulver","status":"publish","type":"product","link":"https:\/\/nutripartners.co\/de\/product-supplier\/magermilchpulver","title":{"rendered":"Magermilchpulver"},"content":{"rendered":"\n<h2 class=\"wp-block-heading\" id=\"h-product-description\">Produkt Beschreibung<\/h2>\n\n<p>SMP ist ein fettarmes Milchpulver (&lt;1,5%), ideal f\u00fcr Anwendungen, die einen milchigen Geschmack ohne zus\u00e4tzliche Kalorien erfordern. Es eignet sich perfekt f\u00fcr Backwaren, Instantmischungen, Getr\u00e4nke und di\u00e4tetische Lebensmittel. <\/p>\n\n<h2 class=\"wp-block-heading\" id=\"h-key-features\">Hauptmerkmale<\/h2>\n\n<ul class=\"wp-block-list\">\n<li>Fettgehalt: &lt;1,5%<\/li>\n\n\n\n<li>Form: Fein gemahlenes Pulver<\/li>\n\n\n\n<li>Zertifizierungen: ISO, HACCP, COA<\/li>\n\n\n\n<li>Verpackung: 25 kg S\u00e4cke<\/li>\n<\/ul>\n\n<h2 class=\"wp-block-heading\" id=\"h-applications\">Anwendungen<\/h2>\n\n<ul class=\"wp-block-list\">\n<li>Instant-Getr\u00e4nke auf Milchbasis<\/li>\n\n\n\n<li>Di\u00e4t und Fitness Lebensmittel<\/li>\n\n\n\n<li>Industrielle B\u00e4ckerei- und Konditoreiproduktion<\/li>\n\n\n\n<li>Eis-, Suppen- und Saucenherstellung<\/li>\n<\/ul>\n","protected":false},"excerpt":{"rendered":"<p>Kaufen Sie Magermilchpulver (SMP) in gro\u00dfen Mengen bei Nutri Partners &#8211; einem zuverl\u00e4ssigen Lieferanten von Magermilchpulver f\u00fcr die Lebensmittel- und S\u00fc\u00dfwarenindustrie.<\/p>\n","protected":false},"featured_media":0,"template":"","product-category":[98,94],"class_list":["post-831","product","type-product","status-publish","hentry","product-category-milchpulver","product-category-molkerei"],"acf":[],"yoast_head":"<!-- This site is optimized with the Yoast SEO Premium plugin v25.0 (Yoast SEO v26.6) - https:\/\/yoast.com\/wordpress\/plugins\/seo\/ -->\n<title>Magermilchpulver - Nutri Partners<\/title>\n<meta name=\"description\" content=\"Kaufen Sie Magermilchpulver (SMP) in gro\u00dfen Mengen bei Nutri Partners - einem zuverl\u00e4ssigen Lieferanten von Magermilchpulver f\u00fcr die Lebensmittel- und S\u00fc\u00dfwarenindustrie.\" \/>\n<meta name=\"robots\" content=\"index, follow, max-snippet:-1, max-image-preview:large, max-video-preview:-1\" \/>\n<link rel=\"canonical\" href=\"https:\/\/nutripartners.co\/de\/product-supplier\/magermilchpulver\" \/>\n<meta property=\"og:locale\" content=\"de_DE\" \/>\n<meta property=\"og:type\" content=\"article\" \/>\n<meta property=\"og:title\" content=\"Magermilchpulver\" \/>\n<meta property=\"og:description\" content=\"Kaufen Sie Magermilchpulver (SMP) in gro\u00dfen Mengen bei Nutri Partners - einem zuverl\u00e4ssigen Lieferanten von Magermilchpulver f\u00fcr die Lebensmittel- und S\u00fc\u00dfwarenindustrie.\" \/>\n<meta property=\"og:url\" content=\"https:\/\/nutripartners.co\/de\/product-supplier\/magermilchpulver\" \/>\n<meta property=\"og:site_name\" content=\"Nutri Partners\" \/>\n<meta property=\"article:modified_time\" content=\"2025-06-02T11:55:52+00:00\" \/>\n<meta property=\"og:image\" content=\"https:\/\/nutripartners.co\/wp-content\/uploads\/2025\/03\/ogimage.webp\" \/>\n\t<meta property=\"og:image:width\" content=\"1200\" \/>\n\t<meta property=\"og:image:height\" content=\"600\" \/>\n\t<meta property=\"og:image:type\" content=\"image\/webp\" \/>\n<meta name=\"twitter:card\" content=\"summary_large_image\" \/>\n<script type=\"application\/ld+json\" class=\"yoast-schema-graph\">{\"@context\":\"https:\/\/schema.org\",\"@graph\":[{\"@type\":\"WebPage\",\"@id\":\"https:\/\/nutripartners.co\/de\/product-supplier\/magermilchpulver\",\"url\":\"https:\/\/nutripartners.co\/de\/product-supplier\/magermilchpulver\",\"name\":\"Magermilchpulver - Nutri Partners\",\"isPartOf\":{\"@id\":\"https:\/\/nutripartners.co\/de#website\"},\"datePublished\":\"2025-03-11T13:48:44+00:00\",\"dateModified\":\"2025-06-02T11:55:52+00:00\",\"description\":\"Kaufen Sie Magermilchpulver (SMP) in gro\u00dfen Mengen bei Nutri Partners - einem zuverl\u00e4ssigen Lieferanten von Magermilchpulver f\u00fcr die Lebensmittel- und S\u00fc\u00dfwarenindustrie.\",\"breadcrumb\":{\"@id\":\"https:\/\/nutripartners.co\/de\/product-supplier\/magermilchpulver#breadcrumb\"},\"inLanguage\":\"de\",\"potentialAction\":[{\"@type\":\"ReadAction\",\"target\":[\"https:\/\/nutripartners.co\/de\/product-supplier\/magermilchpulver\"]}]},{\"@type\":\"BreadcrumbList\",\"@id\":\"https:\/\/nutripartners.co\/de\/product-supplier\/magermilchpulver#breadcrumb\",\"itemListElement\":[{\"@type\":\"ListItem\",\"position\":1,\"name\":\"Startseite\",\"item\":\"https:\/\/nutripartners.co\/de\"},{\"@type\":\"ListItem\",\"position\":2,\"name\":\"Produkte\",\"item\":\"https:\/\/nutripartners.co\/de\/product-category\"},{\"@type\":\"ListItem\",\"position\":3,\"name\":\"Molkerei\",\"item\":\"https:\/\/nutripartners.co\/de\/produkt-kategorie\/molkerei\"},{\"@type\":\"ListItem\",\"position\":4,\"name\":\"Milchpulver\",\"item\":\"https:\/\/nutripartners.co\/de\/produkt-kategorie\/molkerei\/milchpulver\"},{\"@type\":\"ListItem\",\"position\":5,\"name\":\"Magermilchpulver\"}]},{\"@type\":\"WebSite\",\"@id\":\"https:\/\/nutripartners.co\/de#website\",\"url\":\"https:\/\/nutripartners.co\/de\",\"name\":\"Nutri Partners\",\"description\":\"Raw materials distributor\",\"publisher\":{\"@id\":\"https:\/\/nutripartners.co\/de#organization\"},\"potentialAction\":[{\"@type\":\"SearchAction\",\"target\":{\"@type\":\"EntryPoint\",\"urlTemplate\":\"https:\/\/nutripartners.co\/de?s={search_term_string}\"},\"query-input\":{\"@type\":\"PropertyValueSpecification\",\"valueRequired\":true,\"valueName\":\"search_term_string\"}}],\"inLanguage\":\"de\"},{\"@type\":\"Organization\",\"@id\":\"https:\/\/nutripartners.co\/de#organization\",\"name\":\"Nutri Partners\",\"url\":\"https:\/\/nutripartners.co\/de\",\"logo\":{\"@type\":\"ImageObject\",\"inLanguage\":\"de\",\"@id\":\"https:\/\/nutripartners.co\/de#\/schema\/logo\/image\/\",\"url\":\"https:\/\/nutripartners.co\/wp-content\/uploads\/2025\/03\/logo-light.svg\",\"contentUrl\":\"https:\/\/nutripartners.co\/wp-content\/uploads\/2025\/03\/logo-light.svg\",\"width\":1,\"height\":1,\"caption\":\"Nutri Partners\"},\"image\":{\"@id\":\"https:\/\/nutripartners.co\/de#\/schema\/logo\/image\/\"},\"sameAs\":[\"https:\/\/www.instagram.com\/_nutripartners_\/\",\"https:\/\/www.linkedin.com\/company\/106882083\"]}]}<\/script>\n<!-- \/ Yoast SEO Premium plugin. -->","yoast_head_json":{"title":"Magermilchpulver - Nutri Partners","description":"Kaufen Sie Magermilchpulver (SMP) in gro\u00dfen Mengen bei Nutri Partners - einem zuverl\u00e4ssigen Lieferanten von Magermilchpulver f\u00fcr die Lebensmittel- und S\u00fc\u00dfwarenindustrie.","robots":{"index":"index","follow":"follow","max-snippet":"max-snippet:-1","max-image-preview":"max-image-preview:large","max-video-preview":"max-video-preview:-1"},"canonical":"https:\/\/nutripartners.co\/de\/product-supplier\/magermilchpulver","og_locale":"de_DE","og_type":"article","og_title":"Magermilchpulver","og_description":"Kaufen Sie Magermilchpulver (SMP) in gro\u00dfen Mengen bei Nutri Partners - einem zuverl\u00e4ssigen Lieferanten von Magermilchpulver f\u00fcr die Lebensmittel- und S\u00fc\u00dfwarenindustrie.","og_url":"https:\/\/nutripartners.co\/de\/product-supplier\/magermilchpulver","og_site_name":"Nutri Partners","article_modified_time":"2025-06-02T11:55:52+00:00","og_image":[{"width":1200,"height":600,"url":"https:\/\/nutripartners.co\/wp-content\/uploads\/2025\/03\/ogimage.webp","type":"image\/webp"}],"twitter_card":"summary_large_image","schema":{"@context":"https:\/\/schema.org","@graph":[{"@type":"WebPage","@id":"https:\/\/nutripartners.co\/de\/product-supplier\/magermilchpulver","url":"https:\/\/nutripartners.co\/de\/product-supplier\/magermilchpulver","name":"Magermilchpulver - Nutri Partners","isPartOf":{"@id":"https:\/\/nutripartners.co\/de#website"},"datePublished":"2025-03-11T13:48:44+00:00","dateModified":"2025-06-02T11:55:52+00:00","description":"Kaufen Sie Magermilchpulver (SMP) in gro\u00dfen Mengen bei Nutri Partners - einem zuverl\u00e4ssigen Lieferanten von Magermilchpulver f\u00fcr die Lebensmittel- und S\u00fc\u00dfwarenindustrie.","breadcrumb":{"@id":"https:\/\/nutripartners.co\/de\/product-supplier\/magermilchpulver#breadcrumb"},"inLanguage":"de","potentialAction":[{"@type":"ReadAction","target":["https:\/\/nutripartners.co\/de\/product-supplier\/magermilchpulver"]}]},{"@type":"BreadcrumbList","@id":"https:\/\/nutripartners.co\/de\/product-supplier\/magermilchpulver#breadcrumb","itemListElement":[{"@type":"ListItem","position":1,"name":"Startseite","item":"https:\/\/nutripartners.co\/de"},{"@type":"ListItem","position":2,"name":"Produkte","item":"https:\/\/nutripartners.co\/de\/product-category"},{"@type":"ListItem","position":3,"name":"Molkerei","item":"https:\/\/nutripartners.co\/de\/produkt-kategorie\/molkerei"},{"@type":"ListItem","position":4,"name":"Milchpulver","item":"https:\/\/nutripartners.co\/de\/produkt-kategorie\/molkerei\/milchpulver"},{"@type":"ListItem","position":5,"name":"Magermilchpulver"}]},{"@type":"WebSite","@id":"https:\/\/nutripartners.co\/de#website","url":"https:\/\/nutripartners.co\/de","name":"Nutri Partners","description":"Raw materials distributor","publisher":{"@id":"https:\/\/nutripartners.co\/de#organization"},"potentialAction":[{"@type":"SearchAction","target":{"@type":"EntryPoint","urlTemplate":"https:\/\/nutripartners.co\/de?s={search_term_string}"},"query-input":{"@type":"PropertyValueSpecification","valueRequired":true,"valueName":"search_term_string"}}],"inLanguage":"de"},{"@type":"Organization","@id":"https:\/\/nutripartners.co\/de#organization","name":"Nutri Partners","url":"https:\/\/nutripartners.co\/de","logo":{"@type":"ImageObject","inLanguage":"de","@id":"https:\/\/nutripartners.co\/de#\/schema\/logo\/image\/","url":"https:\/\/nutripartners.co\/wp-content\/uploads\/2025\/03\/logo-light.svg","contentUrl":"https:\/\/nutripartners.co\/wp-content\/uploads\/2025\/03\/logo-light.svg","width":1,"height":1,"caption":"Nutri Partners"},"image":{"@id":"https:\/\/nutripartners.co\/de#\/schema\/logo\/image\/"},"sameAs":["https:\/\/www.instagram.com\/_nutripartners_\/","https:\/\/www.linkedin.com\/company\/106882083"]}]}},"_links":{"self":[{"href":"https:\/\/nutripartners.co\/de\/wp-json\/wp\/v2\/product\/831","targetHints":{"allow":["GET"]}}],"collection":[{"href":"https:\/\/nutripartners.co\/de\/wp-json\/wp\/v2\/product"}],"about":[{"href":"https:\/\/nutripartners.co\/de\/wp-json\/wp\/v2\/types\/product"}],"wp:attachment":[{"href":"https:\/\/nutripartners.co\/de\/wp-json\/wp\/v2\/media?parent=831"}],"wp:term":[{"taxonomy":"product-category","embeddable":true,"href":"https:\/\/nutripartners.co\/de\/wp-json\/wp\/v2\/product-category?post=831"}],"curies":[{"name":"wp","href":"https:\/\/api.w.org\/{rel}","templated":true}]}}