{"id":842,"date":"2025-03-11T14:48:44","date_gmt":"2025-03-11T13:48:44","guid":{"rendered":"https:\/\/nutripartners.co\/product\/weichkapseln\/"},"modified":"2025-05-27T11:29:22","modified_gmt":"2025-05-27T11:29:22","slug":"weichkapseln","status":"publish","type":"product","link":"https:\/\/nutripartners.co\/de\/product-supplier\/weichkapseln","title":{"rendered":"Weichkapseln"},"content":{"rendered":"\n<h2 class=\"wp-block-heading\" id=\"h-product-description\">Produkt Beschreibung<\/h2>\n\n<p>Softgels sind hochwertige funktionelle Rohstoffe, die in Nahrungserg\u00e4nzungsmitteln, Lebensmitteln f\u00fcr spezielle medizinische Zwecke und Arzneimitteln verwendet werden. Sie werden in verschiedenen Formen und Konzentrationen angeboten und jede Charge wird durch eine vollst\u00e4ndige Dokumentation unterst\u00fctzt. <\/p>\n\n<h2 class=\"wp-block-heading\" id=\"h-key-features\">Hauptmerkmale<\/h2>\n\n<ul class=\"wp-block-list\">\n<li>Pharmazeutische oder lebensmitteltaugliche Qualit\u00e4t<\/li>\n\n\n\n<li>Reinheit: \u2265 98%<\/li>\n\n\n\n<li>Stabilit\u00e4t durch Zertifizierung best\u00e4tigt<\/li>\n\n\n\n<li>Gro\u00dfverpackung: 10-25 kg (je nach Produkt)<\/li>\n<\/ul>\n\n<h2 class=\"wp-block-heading\" id=\"h-applications\">Anwendungen<\/h2>\n\n<ul class=\"wp-block-list\">\n<li>Herstellung von Kapseln, Tabletten, Beuteln und Fl\u00fcssigkeiten<\/li>\n\n\n\n<li>Nahrungserg\u00e4nzungsmittel f\u00fcr verschiedene Altersgruppen<\/li>\n\n\n\n<li>OTC-Arzneimittel und Nahrungserg\u00e4nzungsmittel<\/li>\n\n\n\n<li>Funktionelle und medizinische Ern\u00e4hrungsprodukte<\/li>\n<\/ul>\n","protected":false},"excerpt":{"rendered":"<p>Softgels als Bulkware von NutriPartners &#8211; einem zuverl\u00e4ssigen Lieferanten von funktionellen und nutrazeutischen Inhaltsstoffen f\u00fcr die Pharma-, Erg\u00e4nzungs- und Ern\u00e4hrungsindustrie.<\/p>\n","protected":false},"featured_media":0,"template":"","product-category":[104,103],"class_list":["post-842","product","type-product","status-publish","hentry","product-category-andere","product-category-zusatzstoffe"],"acf":[],"yoast_head":"<!-- This site is optimized with the Yoast SEO Premium plugin v25.0 (Yoast SEO v26.6) - https:\/\/yoast.com\/wordpress\/plugins\/seo\/ -->\n<title>Weichkapseln - Spezialisiertes Rohmaterial | Nutri Partners<\/title>\n<meta name=\"description\" content=\"Softgels als Bulkware von NutriPartners - einem zuverl\u00e4ssigen Lieferanten von funktionellen und nutrazeutischen Inhaltsstoffen f\u00fcr die Pharma-, Erg\u00e4nzungs- und Ern\u00e4hrungsindustrie.\" \/>\n<meta name=\"robots\" content=\"index, follow, max-snippet:-1, max-image-preview:large, max-video-preview:-1\" \/>\n<link rel=\"canonical\" href=\"https:\/\/nutripartners.co\/de\/product-supplier\/weichkapseln\" \/>\n<meta property=\"og:locale\" content=\"de_DE\" \/>\n<meta property=\"og:type\" content=\"article\" \/>\n<meta property=\"og:title\" content=\"Weichkapseln\" \/>\n<meta property=\"og:description\" content=\"Softgels als Bulkware von NutriPartners - einem zuverl\u00e4ssigen Lieferanten von funktionellen und nutrazeutischen Inhaltsstoffen f\u00fcr die Pharma-, Erg\u00e4nzungs- und Ern\u00e4hrungsindustrie.\" \/>\n<meta property=\"og:url\" content=\"https:\/\/nutripartners.co\/de\/product-supplier\/weichkapseln\" \/>\n<meta property=\"og:site_name\" content=\"Nutri Partners\" \/>\n<meta property=\"article:modified_time\" content=\"2025-05-27T11:29:22+00:00\" \/>\n<meta property=\"og:image\" content=\"https:\/\/nutripartners.co\/wp-content\/uploads\/2025\/03\/ogimage.webp\" \/>\n\t<meta property=\"og:image:width\" content=\"1200\" \/>\n\t<meta property=\"og:image:height\" content=\"600\" \/>\n\t<meta property=\"og:image:type\" content=\"image\/webp\" \/>\n<meta name=\"twitter:card\" content=\"summary_large_image\" \/>\n<script type=\"application\/ld+json\" class=\"yoast-schema-graph\">{\"@context\":\"https:\/\/schema.org\",\"@graph\":[{\"@type\":\"WebPage\",\"@id\":\"https:\/\/nutripartners.co\/de\/product-supplier\/weichkapseln\",\"url\":\"https:\/\/nutripartners.co\/de\/product-supplier\/weichkapseln\",\"name\":\"Weichkapseln - Spezialisiertes Rohmaterial | Nutri Partners\",\"isPartOf\":{\"@id\":\"https:\/\/nutripartners.co\/de#website\"},\"datePublished\":\"2025-03-11T13:48:44+00:00\",\"dateModified\":\"2025-05-27T11:29:22+00:00\",\"description\":\"Softgels als Bulkware von NutriPartners - einem zuverl\u00e4ssigen Lieferanten von funktionellen und nutrazeutischen Inhaltsstoffen f\u00fcr die Pharma-, Erg\u00e4nzungs- und Ern\u00e4hrungsindustrie.\",\"breadcrumb\":{\"@id\":\"https:\/\/nutripartners.co\/de\/product-supplier\/weichkapseln#breadcrumb\"},\"inLanguage\":\"de\",\"potentialAction\":[{\"@type\":\"ReadAction\",\"target\":[\"https:\/\/nutripartners.co\/de\/product-supplier\/weichkapseln\"]}]},{\"@type\":\"BreadcrumbList\",\"@id\":\"https:\/\/nutripartners.co\/de\/product-supplier\/weichkapseln#breadcrumb\",\"itemListElement\":[{\"@type\":\"ListItem\",\"position\":1,\"name\":\"Startseite\",\"item\":\"https:\/\/nutripartners.co\/de\"},{\"@type\":\"ListItem\",\"position\":2,\"name\":\"Produkte\",\"item\":\"https:\/\/nutripartners.co\/de\/product-category\"},{\"@type\":\"ListItem\",\"position\":3,\"name\":\"Zusatzstoffe\",\"item\":\"https:\/\/nutripartners.co\/de\/produkt-kategorie\/zusatzstoffe\"},{\"@type\":\"ListItem\",\"position\":4,\"name\":\"Andere\",\"item\":\"https:\/\/nutripartners.co\/de\/produkt-kategorie\/zusatzstoffe\/andere\"},{\"@type\":\"ListItem\",\"position\":5,\"name\":\"Weichkapseln\"}]},{\"@type\":\"WebSite\",\"@id\":\"https:\/\/nutripartners.co\/de#website\",\"url\":\"https:\/\/nutripartners.co\/de\",\"name\":\"Nutri Partners\",\"description\":\"Raw materials distributor\",\"publisher\":{\"@id\":\"https:\/\/nutripartners.co\/de#organization\"},\"potentialAction\":[{\"@type\":\"SearchAction\",\"target\":{\"@type\":\"EntryPoint\",\"urlTemplate\":\"https:\/\/nutripartners.co\/de?s={search_term_string}\"},\"query-input\":{\"@type\":\"PropertyValueSpecification\",\"valueRequired\":true,\"valueName\":\"search_term_string\"}}],\"inLanguage\":\"de\"},{\"@type\":\"Organization\",\"@id\":\"https:\/\/nutripartners.co\/de#organization\",\"name\":\"Nutri Partners\",\"url\":\"https:\/\/nutripartners.co\/de\",\"logo\":{\"@type\":\"ImageObject\",\"inLanguage\":\"de\",\"@id\":\"https:\/\/nutripartners.co\/de#\/schema\/logo\/image\/\",\"url\":\"https:\/\/nutripartners.co\/wp-content\/uploads\/2025\/03\/logo-light.svg\",\"contentUrl\":\"https:\/\/nutripartners.co\/wp-content\/uploads\/2025\/03\/logo-light.svg\",\"width\":1,\"height\":1,\"caption\":\"Nutri Partners\"},\"image\":{\"@id\":\"https:\/\/nutripartners.co\/de#\/schema\/logo\/image\/\"},\"sameAs\":[\"https:\/\/www.instagram.com\/_nutripartners_\/\",\"https:\/\/www.linkedin.com\/company\/106882083\"]}]}<\/script>\n<!-- \/ Yoast SEO Premium plugin. -->","yoast_head_json":{"title":"Weichkapseln - Spezialisiertes Rohmaterial | Nutri Partners","description":"Softgels als Bulkware von NutriPartners - einem zuverl\u00e4ssigen Lieferanten von funktionellen und nutrazeutischen Inhaltsstoffen f\u00fcr die Pharma-, Erg\u00e4nzungs- und Ern\u00e4hrungsindustrie.","robots":{"index":"index","follow":"follow","max-snippet":"max-snippet:-1","max-image-preview":"max-image-preview:large","max-video-preview":"max-video-preview:-1"},"canonical":"https:\/\/nutripartners.co\/de\/product-supplier\/weichkapseln","og_locale":"de_DE","og_type":"article","og_title":"Weichkapseln","og_description":"Softgels als Bulkware von NutriPartners - einem zuverl\u00e4ssigen Lieferanten von funktionellen und nutrazeutischen Inhaltsstoffen f\u00fcr die Pharma-, Erg\u00e4nzungs- und Ern\u00e4hrungsindustrie.","og_url":"https:\/\/nutripartners.co\/de\/product-supplier\/weichkapseln","og_site_name":"Nutri Partners","article_modified_time":"2025-05-27T11:29:22+00:00","og_image":[{"width":1200,"height":600,"url":"https:\/\/nutripartners.co\/wp-content\/uploads\/2025\/03\/ogimage.webp","type":"image\/webp"}],"twitter_card":"summary_large_image","schema":{"@context":"https:\/\/schema.org","@graph":[{"@type":"WebPage","@id":"https:\/\/nutripartners.co\/de\/product-supplier\/weichkapseln","url":"https:\/\/nutripartners.co\/de\/product-supplier\/weichkapseln","name":"Weichkapseln - Spezialisiertes Rohmaterial | Nutri Partners","isPartOf":{"@id":"https:\/\/nutripartners.co\/de#website"},"datePublished":"2025-03-11T13:48:44+00:00","dateModified":"2025-05-27T11:29:22+00:00","description":"Softgels als Bulkware von NutriPartners - einem zuverl\u00e4ssigen Lieferanten von funktionellen und nutrazeutischen Inhaltsstoffen f\u00fcr die Pharma-, Erg\u00e4nzungs- und Ern\u00e4hrungsindustrie.","breadcrumb":{"@id":"https:\/\/nutripartners.co\/de\/product-supplier\/weichkapseln#breadcrumb"},"inLanguage":"de","potentialAction":[{"@type":"ReadAction","target":["https:\/\/nutripartners.co\/de\/product-supplier\/weichkapseln"]}]},{"@type":"BreadcrumbList","@id":"https:\/\/nutripartners.co\/de\/product-supplier\/weichkapseln#breadcrumb","itemListElement":[{"@type":"ListItem","position":1,"name":"Startseite","item":"https:\/\/nutripartners.co\/de"},{"@type":"ListItem","position":2,"name":"Produkte","item":"https:\/\/nutripartners.co\/de\/product-category"},{"@type":"ListItem","position":3,"name":"Zusatzstoffe","item":"https:\/\/nutripartners.co\/de\/produkt-kategorie\/zusatzstoffe"},{"@type":"ListItem","position":4,"name":"Andere","item":"https:\/\/nutripartners.co\/de\/produkt-kategorie\/zusatzstoffe\/andere"},{"@type":"ListItem","position":5,"name":"Weichkapseln"}]},{"@type":"WebSite","@id":"https:\/\/nutripartners.co\/de#website","url":"https:\/\/nutripartners.co\/de","name":"Nutri Partners","description":"Raw materials distributor","publisher":{"@id":"https:\/\/nutripartners.co\/de#organization"},"potentialAction":[{"@type":"SearchAction","target":{"@type":"EntryPoint","urlTemplate":"https:\/\/nutripartners.co\/de?s={search_term_string}"},"query-input":{"@type":"PropertyValueSpecification","valueRequired":true,"valueName":"search_term_string"}}],"inLanguage":"de"},{"@type":"Organization","@id":"https:\/\/nutripartners.co\/de#organization","name":"Nutri Partners","url":"https:\/\/nutripartners.co\/de","logo":{"@type":"ImageObject","inLanguage":"de","@id":"https:\/\/nutripartners.co\/de#\/schema\/logo\/image\/","url":"https:\/\/nutripartners.co\/wp-content\/uploads\/2025\/03\/logo-light.svg","contentUrl":"https:\/\/nutripartners.co\/wp-content\/uploads\/2025\/03\/logo-light.svg","width":1,"height":1,"caption":"Nutri Partners"},"image":{"@id":"https:\/\/nutripartners.co\/de#\/schema\/logo\/image\/"},"sameAs":["https:\/\/www.instagram.com\/_nutripartners_\/","https:\/\/www.linkedin.com\/company\/106882083"]}]}},"_links":{"self":[{"href":"https:\/\/nutripartners.co\/de\/wp-json\/wp\/v2\/product\/842","targetHints":{"allow":["GET"]}}],"collection":[{"href":"https:\/\/nutripartners.co\/de\/wp-json\/wp\/v2\/product"}],"about":[{"href":"https:\/\/nutripartners.co\/de\/wp-json\/wp\/v2\/types\/product"}],"wp:attachment":[{"href":"https:\/\/nutripartners.co\/de\/wp-json\/wp\/v2\/media?parent=842"}],"wp:term":[{"taxonomy":"product-category","embeddable":true,"href":"https:\/\/nutripartners.co\/de\/wp-json\/wp\/v2\/product-category?post=842"}],"curies":[{"name":"wp","href":"https:\/\/api.w.org\/{rel}","templated":true}]}}