{"id":918,"date":"2025-03-11T14:48:43","date_gmt":"2025-03-11T14:48:43","guid":{"rendered":"https:\/\/nutripartners.co\/product\/sucralose\/"},"modified":"2025-05-28T12:49:09","modified_gmt":"2025-05-28T12:49:09","slug":"sucralose","status":"publish","type":"product","link":"https:\/\/nutripartners.co\/de\/product-supplier\/sucralose","title":{"rendered":"Sucralose"},"content":{"rendered":"\n<h2 class=\"wp-block-heading\" id=\"h-product-description\">Produkt Beschreibung<\/h2>\n\n<p>Sucralose ist ein funktioneller S\u00fc\u00dfstoff, der als Zuckeralternative verwendet wird. Ideal f\u00fcr kalorienarme und zuckerfreie Produkte, sowie f\u00fcr Keto-Di\u00e4ten und diabetikerfreundliche Formulierungen. Das Produkt ist ab unserem Lager in Polen erh\u00e4ltlich.  <\/p>\n\n<h2 class=\"wp-block-heading\" id=\"h-key-features\">Hauptmerkmale<\/h2>\n\n<ul class=\"wp-block-list\">\n<li>S\u00fc\u00dfkraft: \u00e4hnlich wie bei Zucker<\/li>\n\n\n\n<li>Verf\u00fcgbare Formen: Pulver, kristallin<\/li>\n\n\n\n<li>Niedriger glyk\u00e4mischer Index \/ keine Kalorien (je nach Version)<\/li>\n\n\n\n<li>Verpackung: 20-25 kg S\u00e4cke<\/li>\n<\/ul>\n\n<h2 class=\"wp-block-heading\" id=\"h-applications\">Anwendungen<\/h2>\n\n<ul class=\"wp-block-list\">\n<li>Zuckerfreie und Keto-Produkte<\/li>\n\n\n\n<li>Funktionelle Lebensmittel<\/li>\n\n\n\n<li>Diabetikerfreundliche Produkte<\/li>\n\n\n\n<li>Getr\u00e4nke, B\u00e4ckereiprodukte, S\u00fc\u00dfwaren, Kaugummi<\/li>\n<\/ul>\n","protected":false},"excerpt":{"rendered":"<p>Sucralose ist als Bulkware von NutriPartners erh\u00e4ltlich &#8211; einem europ\u00e4ischen Anbieter von modernen S\u00fc\u00dfungsmitteln f\u00fcr Lebensmittel und di\u00e4tetische Anwendungen.<\/p>\n","protected":false},"featured_media":0,"template":"","product-category":[109,103],"class_list":["post-918","product","type-product","status-publish","hentry","product-category-susstoffe","product-category-zusatzstoffe"],"acf":[],"yoast_head":"<!-- This site is optimized with the Yoast SEO Premium plugin v25.0 (Yoast SEO v26.6) - https:\/\/yoast.com\/wordpress\/plugins\/seo\/ -->\n<title>Sucralose - Nutri Partners<\/title>\n<meta name=\"description\" content=\"Sucralose ist als Bulkware von NutriPartners erh\u00e4ltlich - einem europ\u00e4ischen Anbieter von modernen S\u00fc\u00dfungsmitteln f\u00fcr Lebensmittel und di\u00e4tetische Anwendungen.\" \/>\n<meta name=\"robots\" content=\"index, follow, max-snippet:-1, max-image-preview:large, max-video-preview:-1\" \/>\n<link rel=\"canonical\" href=\"https:\/\/nutripartners.co\/de\/product-supplier\/sucralose\" \/>\n<meta property=\"og:locale\" content=\"de_DE\" \/>\n<meta property=\"og:type\" content=\"article\" \/>\n<meta property=\"og:title\" content=\"Sucralose\" \/>\n<meta property=\"og:description\" content=\"Sucralose ist als Bulkware von NutriPartners erh\u00e4ltlich - einem europ\u00e4ischen Anbieter von modernen S\u00fc\u00dfungsmitteln f\u00fcr Lebensmittel und di\u00e4tetische Anwendungen.\" \/>\n<meta property=\"og:url\" content=\"https:\/\/nutripartners.co\/de\/product-supplier\/sucralose\" \/>\n<meta property=\"og:site_name\" content=\"Nutri Partners\" \/>\n<meta property=\"article:modified_time\" content=\"2025-05-28T12:49:09+00:00\" \/>\n<meta property=\"og:image\" content=\"https:\/\/nutripartners.co\/wp-content\/uploads\/2025\/03\/ogimage.webp\" \/>\n\t<meta property=\"og:image:width\" content=\"1200\" \/>\n\t<meta property=\"og:image:height\" content=\"600\" \/>\n\t<meta property=\"og:image:type\" content=\"image\/webp\" \/>\n<meta name=\"twitter:card\" content=\"summary_large_image\" \/>\n<script type=\"application\/ld+json\" class=\"yoast-schema-graph\">{\"@context\":\"https:\/\/schema.org\",\"@graph\":[{\"@type\":\"WebPage\",\"@id\":\"https:\/\/nutripartners.co\/de\/product-supplier\/sucralose\",\"url\":\"https:\/\/nutripartners.co\/de\/product-supplier\/sucralose\",\"name\":\"Sucralose - Nutri Partners\",\"isPartOf\":{\"@id\":\"https:\/\/nutripartners.co\/de#website\"},\"datePublished\":\"2025-03-11T14:48:43+00:00\",\"dateModified\":\"2025-05-28T12:49:09+00:00\",\"description\":\"Sucralose ist als Bulkware von NutriPartners erh\u00e4ltlich - einem europ\u00e4ischen Anbieter von modernen S\u00fc\u00dfungsmitteln f\u00fcr Lebensmittel und di\u00e4tetische Anwendungen.\",\"breadcrumb\":{\"@id\":\"https:\/\/nutripartners.co\/de\/product-supplier\/sucralose#breadcrumb\"},\"inLanguage\":\"de\",\"potentialAction\":[{\"@type\":\"ReadAction\",\"target\":[\"https:\/\/nutripartners.co\/de\/product-supplier\/sucralose\"]}]},{\"@type\":\"BreadcrumbList\",\"@id\":\"https:\/\/nutripartners.co\/de\/product-supplier\/sucralose#breadcrumb\",\"itemListElement\":[{\"@type\":\"ListItem\",\"position\":1,\"name\":\"Startseite\",\"item\":\"https:\/\/nutripartners.co\/de\"},{\"@type\":\"ListItem\",\"position\":2,\"name\":\"Produkte\",\"item\":\"https:\/\/nutripartners.co\/de\/product-category\"},{\"@type\":\"ListItem\",\"position\":3,\"name\":\"Zusatzstoffe\",\"item\":\"https:\/\/nutripartners.co\/de\/produkt-kategorie\/zusatzstoffe\"},{\"@type\":\"ListItem\",\"position\":4,\"name\":\"S\u00fc\u00dfstoffe\",\"item\":\"https:\/\/nutripartners.co\/de\/produkt-kategorie\/zusatzstoffe\/susstoffe\"},{\"@type\":\"ListItem\",\"position\":5,\"name\":\"Sucralose\"}]},{\"@type\":\"WebSite\",\"@id\":\"https:\/\/nutripartners.co\/de#website\",\"url\":\"https:\/\/nutripartners.co\/de\",\"name\":\"Nutri Partners\",\"description\":\"Raw materials distributor\",\"publisher\":{\"@id\":\"https:\/\/nutripartners.co\/de#organization\"},\"potentialAction\":[{\"@type\":\"SearchAction\",\"target\":{\"@type\":\"EntryPoint\",\"urlTemplate\":\"https:\/\/nutripartners.co\/de?s={search_term_string}\"},\"query-input\":{\"@type\":\"PropertyValueSpecification\",\"valueRequired\":true,\"valueName\":\"search_term_string\"}}],\"inLanguage\":\"de\"},{\"@type\":\"Organization\",\"@id\":\"https:\/\/nutripartners.co\/de#organization\",\"name\":\"Nutri Partners\",\"url\":\"https:\/\/nutripartners.co\/de\",\"logo\":{\"@type\":\"ImageObject\",\"inLanguage\":\"de\",\"@id\":\"https:\/\/nutripartners.co\/de#\/schema\/logo\/image\/\",\"url\":\"https:\/\/nutripartners.co\/wp-content\/uploads\/2025\/03\/logo-light.svg\",\"contentUrl\":\"https:\/\/nutripartners.co\/wp-content\/uploads\/2025\/03\/logo-light.svg\",\"width\":1,\"height\":1,\"caption\":\"Nutri Partners\"},\"image\":{\"@id\":\"https:\/\/nutripartners.co\/de#\/schema\/logo\/image\/\"},\"sameAs\":[\"https:\/\/www.instagram.com\/_nutripartners_\/\",\"https:\/\/www.linkedin.com\/company\/106882083\"]}]}<\/script>\n<!-- \/ Yoast SEO Premium plugin. -->","yoast_head_json":{"title":"Sucralose - Nutri Partners","description":"Sucralose ist als Bulkware von NutriPartners erh\u00e4ltlich - einem europ\u00e4ischen Anbieter von modernen S\u00fc\u00dfungsmitteln f\u00fcr Lebensmittel und di\u00e4tetische Anwendungen.","robots":{"index":"index","follow":"follow","max-snippet":"max-snippet:-1","max-image-preview":"max-image-preview:large","max-video-preview":"max-video-preview:-1"},"canonical":"https:\/\/nutripartners.co\/de\/product-supplier\/sucralose","og_locale":"de_DE","og_type":"article","og_title":"Sucralose","og_description":"Sucralose ist als Bulkware von NutriPartners erh\u00e4ltlich - einem europ\u00e4ischen Anbieter von modernen S\u00fc\u00dfungsmitteln f\u00fcr Lebensmittel und di\u00e4tetische Anwendungen.","og_url":"https:\/\/nutripartners.co\/de\/product-supplier\/sucralose","og_site_name":"Nutri Partners","article_modified_time":"2025-05-28T12:49:09+00:00","og_image":[{"width":1200,"height":600,"url":"https:\/\/nutripartners.co\/wp-content\/uploads\/2025\/03\/ogimage.webp","type":"image\/webp"}],"twitter_card":"summary_large_image","schema":{"@context":"https:\/\/schema.org","@graph":[{"@type":"WebPage","@id":"https:\/\/nutripartners.co\/de\/product-supplier\/sucralose","url":"https:\/\/nutripartners.co\/de\/product-supplier\/sucralose","name":"Sucralose - Nutri Partners","isPartOf":{"@id":"https:\/\/nutripartners.co\/de#website"},"datePublished":"2025-03-11T14:48:43+00:00","dateModified":"2025-05-28T12:49:09+00:00","description":"Sucralose ist als Bulkware von NutriPartners erh\u00e4ltlich - einem europ\u00e4ischen Anbieter von modernen S\u00fc\u00dfungsmitteln f\u00fcr Lebensmittel und di\u00e4tetische Anwendungen.","breadcrumb":{"@id":"https:\/\/nutripartners.co\/de\/product-supplier\/sucralose#breadcrumb"},"inLanguage":"de","potentialAction":[{"@type":"ReadAction","target":["https:\/\/nutripartners.co\/de\/product-supplier\/sucralose"]}]},{"@type":"BreadcrumbList","@id":"https:\/\/nutripartners.co\/de\/product-supplier\/sucralose#breadcrumb","itemListElement":[{"@type":"ListItem","position":1,"name":"Startseite","item":"https:\/\/nutripartners.co\/de"},{"@type":"ListItem","position":2,"name":"Produkte","item":"https:\/\/nutripartners.co\/de\/product-category"},{"@type":"ListItem","position":3,"name":"Zusatzstoffe","item":"https:\/\/nutripartners.co\/de\/produkt-kategorie\/zusatzstoffe"},{"@type":"ListItem","position":4,"name":"S\u00fc\u00dfstoffe","item":"https:\/\/nutripartners.co\/de\/produkt-kategorie\/zusatzstoffe\/susstoffe"},{"@type":"ListItem","position":5,"name":"Sucralose"}]},{"@type":"WebSite","@id":"https:\/\/nutripartners.co\/de#website","url":"https:\/\/nutripartners.co\/de","name":"Nutri Partners","description":"Raw materials distributor","publisher":{"@id":"https:\/\/nutripartners.co\/de#organization"},"potentialAction":[{"@type":"SearchAction","target":{"@type":"EntryPoint","urlTemplate":"https:\/\/nutripartners.co\/de?s={search_term_string}"},"query-input":{"@type":"PropertyValueSpecification","valueRequired":true,"valueName":"search_term_string"}}],"inLanguage":"de"},{"@type":"Organization","@id":"https:\/\/nutripartners.co\/de#organization","name":"Nutri Partners","url":"https:\/\/nutripartners.co\/de","logo":{"@type":"ImageObject","inLanguage":"de","@id":"https:\/\/nutripartners.co\/de#\/schema\/logo\/image\/","url":"https:\/\/nutripartners.co\/wp-content\/uploads\/2025\/03\/logo-light.svg","contentUrl":"https:\/\/nutripartners.co\/wp-content\/uploads\/2025\/03\/logo-light.svg","width":1,"height":1,"caption":"Nutri Partners"},"image":{"@id":"https:\/\/nutripartners.co\/de#\/schema\/logo\/image\/"},"sameAs":["https:\/\/www.instagram.com\/_nutripartners_\/","https:\/\/www.linkedin.com\/company\/106882083"]}]}},"_links":{"self":[{"href":"https:\/\/nutripartners.co\/de\/wp-json\/wp\/v2\/product\/918","targetHints":{"allow":["GET"]}}],"collection":[{"href":"https:\/\/nutripartners.co\/de\/wp-json\/wp\/v2\/product"}],"about":[{"href":"https:\/\/nutripartners.co\/de\/wp-json\/wp\/v2\/types\/product"}],"wp:attachment":[{"href":"https:\/\/nutripartners.co\/de\/wp-json\/wp\/v2\/media?parent=918"}],"wp:term":[{"taxonomy":"product-category","embeddable":true,"href":"https:\/\/nutripartners.co\/de\/wp-json\/wp\/v2\/product-category?post=918"}],"curies":[{"name":"wp","href":"https:\/\/api.w.org\/{rel}","templated":true}]}}