{"id":939,"date":"2025-03-11T14:48:43","date_gmt":"2025-03-11T14:48:43","guid":{"rendered":"https:\/\/nutripartners.co\/product\/marine\/"},"modified":"2025-06-27T09:42:48","modified_gmt":"2025-06-27T09:42:48","slug":"marine","status":"publish","type":"product","link":"https:\/\/nutripartners.co\/de\/product-supplier\/marine","title":{"rendered":"Meereskollagen"},"content":{"rendered":"\n<h2 class=\"wp-block-heading\" id=\"h-product-description\"><strong>Produkt Beschreibung<\/strong><\/h2>\n\n<p>Marine Collagen ist ein hydrolisiertes Kollagen auf tierischer Basis, das in Form eines hochl\u00f6slichen Pulvers angeboten wird. Es wird h\u00e4ufig in Nahrungserg\u00e4nzungsmitteln, funktionellen Lebensmitteln sowie in kosmetischen und pharmazeutischen Anwendungen eingesetzt. <\/p>\n\n<h2 class=\"wp-block-heading\" id=\"h-key-features\"><strong>Hauptmerkmale<\/strong><\/h2>\n\n<ul class=\"wp-block-list\">\n<li>Hohe Bioverf\u00fcgbarkeit und L\u00f6slichkeit<\/li>\n\n\n\n<li>Reinheit \u2265 90%<\/li>\n\n\n\n<li>Neutraler Geschmack und Geruch<\/li>\n\n\n\n<li>Verpackung: 10-20 kg S\u00e4cke<\/li>\n<\/ul>\n\n<h2 class=\"wp-block-heading\" id=\"h-applications\"><strong>Anwendungen<\/strong><\/h2>\n\n<ul class=\"wp-block-list\">\n<li>Nahrungserg\u00e4nzungsmittel (Unterst\u00fctzung f\u00fcr Gelenke, Haut und Haare)<\/li>\n\n\n\n<li>Funktionelle Lebensmittel (Riegel, Proteingetr\u00e4nke)<\/li>\n\n\n\n<li>Kosmetika und Nutrazeutika<\/li>\n\n\n\n<li>Medizinische Produkte (z.B. aufl\u00f6sbares Nahtmaterial, Implantate)<\/li>\n<\/ul>\n","protected":false},"excerpt":{"rendered":"<p>Meereskollagen ist als Bulkware von NutriPartners erh\u00e4ltlich &#8211; einem europ\u00e4ischen Vertreiber von hochwertigen funktionellen Kollagenen f\u00fcr die Lebensmittel- und Kosmetikindustrie.<\/p>\n","protected":false},"featured_media":0,"template":"","product-category":[116,103],"class_list":["post-939","product","type-product","status-publish","hentry","product-category-kollagene","product-category-zusatzstoffe"],"acf":[],"yoast_head":"<!-- This site is optimized with the Yoast SEO Premium plugin v25.0 (Yoast SEO v26.6) - https:\/\/yoast.com\/wordpress\/plugins\/seo\/ -->\n<title>Meereskollagen - Nutri Partners<\/title>\n<meta name=\"description\" content=\"Meereskollagen ist als Bulkware von NutriPartners erh\u00e4ltlich - einem europ\u00e4ischen Vertreiber von hochwertigen funktionellen Kollagenen f\u00fcr die Lebensmittel- und Kosmetikindustrie.\" \/>\n<meta name=\"robots\" content=\"index, follow, max-snippet:-1, max-image-preview:large, max-video-preview:-1\" \/>\n<link rel=\"canonical\" href=\"https:\/\/nutripartners.co\/de\/product-supplier\/marine\" \/>\n<meta property=\"og:locale\" content=\"de_DE\" \/>\n<meta property=\"og:type\" content=\"article\" \/>\n<meta property=\"og:title\" content=\"Meereskollagen\" \/>\n<meta property=\"og:description\" content=\"Meereskollagen ist als Bulkware von NutriPartners erh\u00e4ltlich - einem europ\u00e4ischen Vertreiber von hochwertigen funktionellen Kollagenen f\u00fcr die Lebensmittel- und Kosmetikindustrie.\" \/>\n<meta property=\"og:url\" content=\"https:\/\/nutripartners.co\/de\/product-supplier\/marine\" \/>\n<meta property=\"og:site_name\" content=\"Nutri Partners\" \/>\n<meta property=\"article:modified_time\" content=\"2025-06-27T09:42:48+00:00\" \/>\n<meta property=\"og:image\" content=\"https:\/\/nutripartners.co\/wp-content\/uploads\/2025\/03\/ogimage.webp\" \/>\n\t<meta property=\"og:image:width\" content=\"1200\" \/>\n\t<meta property=\"og:image:height\" content=\"600\" \/>\n\t<meta property=\"og:image:type\" content=\"image\/webp\" \/>\n<meta name=\"twitter:card\" content=\"summary_large_image\" \/>\n<script type=\"application\/ld+json\" class=\"yoast-schema-graph\">{\"@context\":\"https:\/\/schema.org\",\"@graph\":[{\"@type\":\"WebPage\",\"@id\":\"https:\/\/nutripartners.co\/de\/product-supplier\/marine\",\"url\":\"https:\/\/nutripartners.co\/de\/product-supplier\/marine\",\"name\":\"Meereskollagen - Nutri Partners\",\"isPartOf\":{\"@id\":\"https:\/\/nutripartners.co\/de#website\"},\"datePublished\":\"2025-03-11T14:48:43+00:00\",\"dateModified\":\"2025-06-27T09:42:48+00:00\",\"description\":\"Meereskollagen ist als Bulkware von NutriPartners erh\u00e4ltlich - einem europ\u00e4ischen Vertreiber von hochwertigen funktionellen Kollagenen f\u00fcr die Lebensmittel- und Kosmetikindustrie.\",\"breadcrumb\":{\"@id\":\"https:\/\/nutripartners.co\/de\/product-supplier\/marine#breadcrumb\"},\"inLanguage\":\"de\",\"potentialAction\":[{\"@type\":\"ReadAction\",\"target\":[\"https:\/\/nutripartners.co\/de\/product-supplier\/marine\"]}]},{\"@type\":\"BreadcrumbList\",\"@id\":\"https:\/\/nutripartners.co\/de\/product-supplier\/marine#breadcrumb\",\"itemListElement\":[{\"@type\":\"ListItem\",\"position\":1,\"name\":\"Startseite\",\"item\":\"https:\/\/nutripartners.co\/de\"},{\"@type\":\"ListItem\",\"position\":2,\"name\":\"Produkte\",\"item\":\"https:\/\/nutripartners.co\/de\/product-category\"},{\"@type\":\"ListItem\",\"position\":3,\"name\":\"Zusatzstoffe\",\"item\":\"https:\/\/nutripartners.co\/de\/produkt-kategorie\/zusatzstoffe\"},{\"@type\":\"ListItem\",\"position\":4,\"name\":\"Kollagene\",\"item\":\"https:\/\/nutripartners.co\/de\/produkt-kategorie\/zusatzstoffe\/kollagene\"},{\"@type\":\"ListItem\",\"position\":5,\"name\":\"Meereskollagen\"}]},{\"@type\":\"WebSite\",\"@id\":\"https:\/\/nutripartners.co\/de#website\",\"url\":\"https:\/\/nutripartners.co\/de\",\"name\":\"Nutri Partners\",\"description\":\"Raw materials distributor\",\"publisher\":{\"@id\":\"https:\/\/nutripartners.co\/de#organization\"},\"potentialAction\":[{\"@type\":\"SearchAction\",\"target\":{\"@type\":\"EntryPoint\",\"urlTemplate\":\"https:\/\/nutripartners.co\/de?s={search_term_string}\"},\"query-input\":{\"@type\":\"PropertyValueSpecification\",\"valueRequired\":true,\"valueName\":\"search_term_string\"}}],\"inLanguage\":\"de\"},{\"@type\":\"Organization\",\"@id\":\"https:\/\/nutripartners.co\/de#organization\",\"name\":\"Nutri Partners\",\"url\":\"https:\/\/nutripartners.co\/de\",\"logo\":{\"@type\":\"ImageObject\",\"inLanguage\":\"de\",\"@id\":\"https:\/\/nutripartners.co\/de#\/schema\/logo\/image\/\",\"url\":\"https:\/\/nutripartners.co\/wp-content\/uploads\/2025\/03\/logo-light.svg\",\"contentUrl\":\"https:\/\/nutripartners.co\/wp-content\/uploads\/2025\/03\/logo-light.svg\",\"width\":1,\"height\":1,\"caption\":\"Nutri Partners\"},\"image\":{\"@id\":\"https:\/\/nutripartners.co\/de#\/schema\/logo\/image\/\"},\"sameAs\":[\"https:\/\/www.instagram.com\/_nutripartners_\/\",\"https:\/\/www.linkedin.com\/company\/106882083\"]}]}<\/script>\n<!-- \/ Yoast SEO Premium plugin. -->","yoast_head_json":{"title":"Meereskollagen - Nutri Partners","description":"Meereskollagen ist als Bulkware von NutriPartners erh\u00e4ltlich - einem europ\u00e4ischen Vertreiber von hochwertigen funktionellen Kollagenen f\u00fcr die Lebensmittel- und Kosmetikindustrie.","robots":{"index":"index","follow":"follow","max-snippet":"max-snippet:-1","max-image-preview":"max-image-preview:large","max-video-preview":"max-video-preview:-1"},"canonical":"https:\/\/nutripartners.co\/de\/product-supplier\/marine","og_locale":"de_DE","og_type":"article","og_title":"Meereskollagen","og_description":"Meereskollagen ist als Bulkware von NutriPartners erh\u00e4ltlich - einem europ\u00e4ischen Vertreiber von hochwertigen funktionellen Kollagenen f\u00fcr die Lebensmittel- und Kosmetikindustrie.","og_url":"https:\/\/nutripartners.co\/de\/product-supplier\/marine","og_site_name":"Nutri Partners","article_modified_time":"2025-06-27T09:42:48+00:00","og_image":[{"width":1200,"height":600,"url":"https:\/\/nutripartners.co\/wp-content\/uploads\/2025\/03\/ogimage.webp","type":"image\/webp"}],"twitter_card":"summary_large_image","schema":{"@context":"https:\/\/schema.org","@graph":[{"@type":"WebPage","@id":"https:\/\/nutripartners.co\/de\/product-supplier\/marine","url":"https:\/\/nutripartners.co\/de\/product-supplier\/marine","name":"Meereskollagen - Nutri Partners","isPartOf":{"@id":"https:\/\/nutripartners.co\/de#website"},"datePublished":"2025-03-11T14:48:43+00:00","dateModified":"2025-06-27T09:42:48+00:00","description":"Meereskollagen ist als Bulkware von NutriPartners erh\u00e4ltlich - einem europ\u00e4ischen Vertreiber von hochwertigen funktionellen Kollagenen f\u00fcr die Lebensmittel- und Kosmetikindustrie.","breadcrumb":{"@id":"https:\/\/nutripartners.co\/de\/product-supplier\/marine#breadcrumb"},"inLanguage":"de","potentialAction":[{"@type":"ReadAction","target":["https:\/\/nutripartners.co\/de\/product-supplier\/marine"]}]},{"@type":"BreadcrumbList","@id":"https:\/\/nutripartners.co\/de\/product-supplier\/marine#breadcrumb","itemListElement":[{"@type":"ListItem","position":1,"name":"Startseite","item":"https:\/\/nutripartners.co\/de"},{"@type":"ListItem","position":2,"name":"Produkte","item":"https:\/\/nutripartners.co\/de\/product-category"},{"@type":"ListItem","position":3,"name":"Zusatzstoffe","item":"https:\/\/nutripartners.co\/de\/produkt-kategorie\/zusatzstoffe"},{"@type":"ListItem","position":4,"name":"Kollagene","item":"https:\/\/nutripartners.co\/de\/produkt-kategorie\/zusatzstoffe\/kollagene"},{"@type":"ListItem","position":5,"name":"Meereskollagen"}]},{"@type":"WebSite","@id":"https:\/\/nutripartners.co\/de#website","url":"https:\/\/nutripartners.co\/de","name":"Nutri Partners","description":"Raw materials distributor","publisher":{"@id":"https:\/\/nutripartners.co\/de#organization"},"potentialAction":[{"@type":"SearchAction","target":{"@type":"EntryPoint","urlTemplate":"https:\/\/nutripartners.co\/de?s={search_term_string}"},"query-input":{"@type":"PropertyValueSpecification","valueRequired":true,"valueName":"search_term_string"}}],"inLanguage":"de"},{"@type":"Organization","@id":"https:\/\/nutripartners.co\/de#organization","name":"Nutri Partners","url":"https:\/\/nutripartners.co\/de","logo":{"@type":"ImageObject","inLanguage":"de","@id":"https:\/\/nutripartners.co\/de#\/schema\/logo\/image\/","url":"https:\/\/nutripartners.co\/wp-content\/uploads\/2025\/03\/logo-light.svg","contentUrl":"https:\/\/nutripartners.co\/wp-content\/uploads\/2025\/03\/logo-light.svg","width":1,"height":1,"caption":"Nutri Partners"},"image":{"@id":"https:\/\/nutripartners.co\/de#\/schema\/logo\/image\/"},"sameAs":["https:\/\/www.instagram.com\/_nutripartners_\/","https:\/\/www.linkedin.com\/company\/106882083"]}]}},"_links":{"self":[{"href":"https:\/\/nutripartners.co\/de\/wp-json\/wp\/v2\/product\/939","targetHints":{"allow":["GET"]}}],"collection":[{"href":"https:\/\/nutripartners.co\/de\/wp-json\/wp\/v2\/product"}],"about":[{"href":"https:\/\/nutripartners.co\/de\/wp-json\/wp\/v2\/types\/product"}],"wp:attachment":[{"href":"https:\/\/nutripartners.co\/de\/wp-json\/wp\/v2\/media?parent=939"}],"wp:term":[{"taxonomy":"product-category","embeddable":true,"href":"https:\/\/nutripartners.co\/de\/wp-json\/wp\/v2\/product-category?post=939"}],"curies":[{"name":"wp","href":"https:\/\/api.w.org\/{rel}","templated":true}]}}