{"id":624,"date":"2025-03-11T14:48:45","date_gmt":"2025-03-11T13:48:45","guid":{"rendered":"https:\/\/nutripartners.co\/product\/bacopa-monnieri\/"},"modified":"2025-05-28T13:36:15","modified_gmt":"2025-05-28T13:36:15","slug":"bacopa-monnieri","status":"publish","type":"product","link":"https:\/\/nutripartners.co\/es\/product-supplier\/bacopa-monnieri","title":{"rendered":"Bacopa Monnieri"},"content":{"rendered":"\n<h2 class=\"wp-block-heading\" id=\"h-product-description\">Descripci\u00f3n del producto<\/h2>\n\n<p>La Bacopa Monnieri es un extracto derivado de una conocida planta medicinal. La materia prima est\u00e1 disponible en varias estandarizaciones y formas (polvo, extracto seco, extracto l\u00edquido), adaptadas a las necesidades de la industria de suplementos, cosm\u00e9tica y farmac\u00e9utica. <\/p>\n\n<h2 class=\"wp-block-heading\" id=\"h-key-features\">Caracter\u00edsticas principales<\/h2>\n\n<ul class=\"wp-block-list\">\n<li>Estandarizados para compuestos activos (por ejemplo, polifenoles, saponinas)<\/li>\n\n\n\n<li>Cumple la normativa de la UE y de la EFSA<\/li>\n\n\n\n<li>Producto NO OGM, sin gluten y vegano<\/li>\n\n\n\n<li>Envase: 1-25 kg<\/li>\n<\/ul>\n\n<h2 class=\"wp-block-heading\" id=\"h-applications\">Aplicaciones<\/h2>\n\n<ul class=\"wp-block-list\">\n<li>Suplementos diet\u00e9ticos (c\u00e1psulas, comprimidos, polvos)<\/li>\n\n\n\n<li>Productos naturales y dermocosm\u00e9ticos<\/li>\n\n\n\n<li>Alimentos funcionales y nutrac\u00e9uticos<\/li>\n\n\n\n<li>Productos de apoyo a la inmunidad, la cognici\u00f3n, la digesti\u00f3n y m\u00e1s<\/li>\n<\/ul>\n","protected":false},"excerpt":{"rendered":"<p>Bacopa Monnieri disponible al por mayor en NutriPartners &#8211; proveedor europeo de extractos de plantas naturales para suplementos, cosm\u00e9ticos y aplicaciones funcionales.<\/p>\n","protected":false},"featured_media":0,"template":"","product-category":[62,64],"class_list":["post-624","product","type-product","status-publish","hentry","product-category-a-base-de-plantas","product-category-extractos-de-plantas"],"acf":[],"yoast_head":"<!-- This site is optimized with the Yoast SEO Premium plugin v25.0 (Yoast SEO v26.6) - https:\/\/yoast.com\/wordpress\/plugins\/seo\/ -->\n<title>Bacopa Monnieri - Socios Nutri<\/title>\n<meta name=\"description\" content=\"Bacopa Monnieri disponible al por mayor en NutriPartners - proveedor europeo de extractos de plantas naturales para suplementos, cosm\u00e9ticos y aplicaciones funcionales.\" \/>\n<meta name=\"robots\" content=\"index, follow, max-snippet:-1, max-image-preview:large, max-video-preview:-1\" \/>\n<link rel=\"canonical\" href=\"https:\/\/nutripartners.co\/es\/product-supplier\/bacopa-monnieri\" \/>\n<meta property=\"og:locale\" content=\"es_ES\" \/>\n<meta property=\"og:type\" content=\"article\" \/>\n<meta property=\"og:title\" content=\"Bacopa Monnieri\" \/>\n<meta property=\"og:description\" content=\"Bacopa Monnieri disponible al por mayor en NutriPartners - proveedor europeo de extractos de plantas naturales para suplementos, cosm\u00e9ticos y aplicaciones funcionales.\" \/>\n<meta property=\"og:url\" content=\"https:\/\/nutripartners.co\/es\/product-supplier\/bacopa-monnieri\" \/>\n<meta property=\"og:site_name\" content=\"Socios Nutri\" \/>\n<meta property=\"article:modified_time\" content=\"2025-05-28T13:36:15+00:00\" \/>\n<meta property=\"og:image\" content=\"https:\/\/nutripartners.co\/wp-content\/uploads\/2025\/03\/ogimage.webp\" \/>\n\t<meta property=\"og:image:width\" content=\"1200\" \/>\n\t<meta property=\"og:image:height\" content=\"600\" \/>\n\t<meta property=\"og:image:type\" content=\"image\/webp\" \/>\n<meta name=\"twitter:card\" content=\"summary_large_image\" \/>\n<meta name=\"twitter:label1\" content=\"Tiempo de lectura\" \/>\n\t<meta name=\"twitter:data1\" content=\"1 minuto\" \/>\n<script type=\"application\/ld+json\" class=\"yoast-schema-graph\">{\"@context\":\"https:\/\/schema.org\",\"@graph\":[{\"@type\":\"WebPage\",\"@id\":\"https:\/\/nutripartners.co\/es\/product-supplier\/bacopa-monnieri\",\"url\":\"https:\/\/nutripartners.co\/es\/product-supplier\/bacopa-monnieri\",\"name\":\"Bacopa Monnieri - Socios Nutri\",\"isPartOf\":{\"@id\":\"https:\/\/nutripartners.co\/es#website\"},\"datePublished\":\"2025-03-11T13:48:45+00:00\",\"dateModified\":\"2025-05-28T13:36:15+00:00\",\"description\":\"Bacopa Monnieri disponible al por mayor en NutriPartners - proveedor europeo de extractos de plantas naturales para suplementos, cosm\u00e9ticos y aplicaciones funcionales.\",\"breadcrumb\":{\"@id\":\"https:\/\/nutripartners.co\/es\/product-supplier\/bacopa-monnieri#breadcrumb\"},\"inLanguage\":\"es\",\"potentialAction\":[{\"@type\":\"ReadAction\",\"target\":[\"https:\/\/nutripartners.co\/es\/product-supplier\/bacopa-monnieri\"]}]},{\"@type\":\"BreadcrumbList\",\"@id\":\"https:\/\/nutripartners.co\/es\/product-supplier\/bacopa-monnieri#breadcrumb\",\"itemListElement\":[{\"@type\":\"ListItem\",\"position\":1,\"name\":\"Inicio\",\"item\":\"https:\/\/nutripartners.co\/es\"},{\"@type\":\"ListItem\",\"position\":2,\"name\":\"Productos\",\"item\":\"https:\/\/nutripartners.co\/es\/product-category\"},{\"@type\":\"ListItem\",\"position\":3,\"name\":\"A base de plantas\",\"item\":\"https:\/\/nutripartners.co\/es\/categoria-de-producto\/a-base-de-plantas\"},{\"@type\":\"ListItem\",\"position\":4,\"name\":\"Extractos de plantas\",\"item\":\"https:\/\/nutripartners.co\/es\/categoria-de-producto\/a-base-de-plantas\/extractos-de-plantas\"},{\"@type\":\"ListItem\",\"position\":5,\"name\":\"Bacopa Monnieri\"}]},{\"@type\":\"WebSite\",\"@id\":\"https:\/\/nutripartners.co\/es#website\",\"url\":\"https:\/\/nutripartners.co\/es\",\"name\":\"Nutri Partners\",\"description\":\"Distribuidor de materias primas\",\"publisher\":{\"@id\":\"https:\/\/nutripartners.co\/es#organization\"},\"potentialAction\":[{\"@type\":\"SearchAction\",\"target\":{\"@type\":\"EntryPoint\",\"urlTemplate\":\"https:\/\/nutripartners.co\/es?s={search_term_string}\"},\"query-input\":{\"@type\":\"PropertyValueSpecification\",\"valueRequired\":true,\"valueName\":\"search_term_string\"}}],\"inLanguage\":\"es\"},{\"@type\":\"Organization\",\"@id\":\"https:\/\/nutripartners.co\/es#organization\",\"name\":\"Nutri Partners\",\"url\":\"https:\/\/nutripartners.co\/es\",\"logo\":{\"@type\":\"ImageObject\",\"inLanguage\":\"es\",\"@id\":\"https:\/\/nutripartners.co\/es#\/schema\/logo\/image\/\",\"url\":\"https:\/\/nutripartners.co\/wp-content\/uploads\/2025\/03\/logo-light.svg\",\"contentUrl\":\"https:\/\/nutripartners.co\/wp-content\/uploads\/2025\/03\/logo-light.svg\",\"width\":1,\"height\":1,\"caption\":\"Nutri Partners\"},\"image\":{\"@id\":\"https:\/\/nutripartners.co\/es#\/schema\/logo\/image\/\"},\"sameAs\":[\"https:\/\/www.instagram.com\/_nutripartners_\/\",\"https:\/\/www.linkedin.com\/company\/106882083\"]}]}<\/script>\n<!-- \/ Yoast SEO Premium plugin. -->","yoast_head_json":{"title":"Bacopa Monnieri - Socios Nutri","description":"Bacopa Monnieri disponible al por mayor en NutriPartners - proveedor europeo de extractos de plantas naturales para suplementos, cosm\u00e9ticos y aplicaciones funcionales.","robots":{"index":"index","follow":"follow","max-snippet":"max-snippet:-1","max-image-preview":"max-image-preview:large","max-video-preview":"max-video-preview:-1"},"canonical":"https:\/\/nutripartners.co\/es\/product-supplier\/bacopa-monnieri","og_locale":"es_ES","og_type":"article","og_title":"Bacopa Monnieri","og_description":"Bacopa Monnieri disponible al por mayor en NutriPartners - proveedor europeo de extractos de plantas naturales para suplementos, cosm\u00e9ticos y aplicaciones funcionales.","og_url":"https:\/\/nutripartners.co\/es\/product-supplier\/bacopa-monnieri","og_site_name":"Socios Nutri","article_modified_time":"2025-05-28T13:36:15+00:00","og_image":[{"width":1200,"height":600,"url":"https:\/\/nutripartners.co\/wp-content\/uploads\/2025\/03\/ogimage.webp","type":"image\/webp"}],"twitter_card":"summary_large_image","twitter_misc":{"Tiempo de lectura":"1 minuto"},"schema":{"@context":"https:\/\/schema.org","@graph":[{"@type":"WebPage","@id":"https:\/\/nutripartners.co\/es\/product-supplier\/bacopa-monnieri","url":"https:\/\/nutripartners.co\/es\/product-supplier\/bacopa-monnieri","name":"Bacopa Monnieri - Socios Nutri","isPartOf":{"@id":"https:\/\/nutripartners.co\/es#website"},"datePublished":"2025-03-11T13:48:45+00:00","dateModified":"2025-05-28T13:36:15+00:00","description":"Bacopa Monnieri disponible al por mayor en NutriPartners - proveedor europeo de extractos de plantas naturales para suplementos, cosm\u00e9ticos y aplicaciones funcionales.","breadcrumb":{"@id":"https:\/\/nutripartners.co\/es\/product-supplier\/bacopa-monnieri#breadcrumb"},"inLanguage":"es","potentialAction":[{"@type":"ReadAction","target":["https:\/\/nutripartners.co\/es\/product-supplier\/bacopa-monnieri"]}]},{"@type":"BreadcrumbList","@id":"https:\/\/nutripartners.co\/es\/product-supplier\/bacopa-monnieri#breadcrumb","itemListElement":[{"@type":"ListItem","position":1,"name":"Inicio","item":"https:\/\/nutripartners.co\/es"},{"@type":"ListItem","position":2,"name":"Productos","item":"https:\/\/nutripartners.co\/es\/product-category"},{"@type":"ListItem","position":3,"name":"A base de plantas","item":"https:\/\/nutripartners.co\/es\/categoria-de-producto\/a-base-de-plantas"},{"@type":"ListItem","position":4,"name":"Extractos de plantas","item":"https:\/\/nutripartners.co\/es\/categoria-de-producto\/a-base-de-plantas\/extractos-de-plantas"},{"@type":"ListItem","position":5,"name":"Bacopa Monnieri"}]},{"@type":"WebSite","@id":"https:\/\/nutripartners.co\/es#website","url":"https:\/\/nutripartners.co\/es","name":"Nutri Partners","description":"Distribuidor de materias primas","publisher":{"@id":"https:\/\/nutripartners.co\/es#organization"},"potentialAction":[{"@type":"SearchAction","target":{"@type":"EntryPoint","urlTemplate":"https:\/\/nutripartners.co\/es?s={search_term_string}"},"query-input":{"@type":"PropertyValueSpecification","valueRequired":true,"valueName":"search_term_string"}}],"inLanguage":"es"},{"@type":"Organization","@id":"https:\/\/nutripartners.co\/es#organization","name":"Nutri Partners","url":"https:\/\/nutripartners.co\/es","logo":{"@type":"ImageObject","inLanguage":"es","@id":"https:\/\/nutripartners.co\/es#\/schema\/logo\/image\/","url":"https:\/\/nutripartners.co\/wp-content\/uploads\/2025\/03\/logo-light.svg","contentUrl":"https:\/\/nutripartners.co\/wp-content\/uploads\/2025\/03\/logo-light.svg","width":1,"height":1,"caption":"Nutri Partners"},"image":{"@id":"https:\/\/nutripartners.co\/es#\/schema\/logo\/image\/"},"sameAs":["https:\/\/www.instagram.com\/_nutripartners_\/","https:\/\/www.linkedin.com\/company\/106882083"]}]}},"_links":{"self":[{"href":"https:\/\/nutripartners.co\/es\/wp-json\/wp\/v2\/product\/624","targetHints":{"allow":["GET"]}}],"collection":[{"href":"https:\/\/nutripartners.co\/es\/wp-json\/wp\/v2\/product"}],"about":[{"href":"https:\/\/nutripartners.co\/es\/wp-json\/wp\/v2\/types\/product"}],"wp:attachment":[{"href":"https:\/\/nutripartners.co\/es\/wp-json\/wp\/v2\/media?parent=624"}],"wp:term":[{"taxonomy":"product-category","embeddable":true,"href":"https:\/\/nutripartners.co\/es\/wp-json\/wp\/v2\/product-category?post=624"}],"curies":[{"name":"wp","href":"https:\/\/api.w.org\/{rel}","templated":true}]}}