{"id":629,"date":"2025-03-11T14:48:45","date_gmt":"2025-03-11T13:48:45","guid":{"rendered":"https:\/\/nutripartners.co\/product\/manteca-de-cacao\/"},"modified":"2025-07-23T09:44:35","modified_gmt":"2025-07-23T07:44:35","slug":"manteca-de-cacao","status":"publish","type":"product","link":"https:\/\/nutripartners.co\/es\/product-supplier\/manteca-de-cacao","title":{"rendered":"Manteca de cacao"},"content":{"rendered":"\n<h2 class=\"wp-block-heading\" id=\"h-product-description\">Descripci\u00f3n del producto<\/h2>\n\n<p>La manteca de cacao es una materia prima natural de origen vegetal derivada de los granos de cacao. Ofrecemos varios tipos y grados seg\u00fan la aplicaci\u00f3n: desde confiter\u00eda hasta suplementos diet\u00e9ticos y cosm\u00e9ticos. <\/p>\n\n<h2 class=\"wp-block-heading\" id=\"h-key-features\">Caracter\u00edsticas principales<\/h2>\n\n<ul class=\"wp-block-list\">\n<li>Origen: \u00c1frica Occidental \/ Sudam\u00e9rica (a petici\u00f3n)<\/li>\n\n\n\n<li>Grado alimentario, NO OGM, comercio justo (opcional)<\/li>\n\n\n\n<li>Sabor y aroma neutros o intensos &#8211; seg\u00fan la forma<\/li>\n\n\n\n<li>Envasado: sacos de 25 kg o cajas de cart\u00f3n<\/li>\n<\/ul>\n\n<h2 class=\"wp-block-heading\" id=\"h-applications\">Aplicaciones<\/h2>\n\n<ul class=\"wp-block-list\">\n<li>Producci\u00f3n de chocolate y confiter\u00eda<\/li>\n\n\n\n<li>Bebidas a base de cacao y mezclas instant\u00e1neas<\/li>\n\n\n\n<li>Alimentos funcionales y ricos en prote\u00ednas<\/li>\n\n\n\n<li>Productos cosm\u00e9ticos y de bienestar<\/li>\n<\/ul>\n","protected":false},"excerpt":{"rendered":"<p>Mantequilla de cacao al por mayor de NutriPartners, proveedor europeo de ingredientes naturales de origen vegetal para las industrias alimentaria y chocolatera.<\/p>\n","protected":false},"featured_media":0,"template":"","product-category":[62,63],"class_list":["post-629","product","type-product","status-publish","hentry","product-category-a-base-de-plantas","product-category-cacao"],"acf":[],"yoast_head":"<!-- This site is optimized with the Yoast SEO Premium plugin v25.0 (Yoast SEO v26.6) - https:\/\/yoast.com\/wordpress\/plugins\/seo\/ -->\n<title>Manteca de cacao - Materia prima de origen vegetal | Socios Nutri<\/title>\n<meta name=\"description\" content=\"Mantequilla de cacao al por mayor de NutriPartners, proveedor europeo de ingredientes naturales de origen vegetal para las industrias alimentaria y chocolatera.\" \/>\n<meta name=\"robots\" content=\"index, follow, max-snippet:-1, max-image-preview:large, max-video-preview:-1\" \/>\n<link rel=\"canonical\" href=\"https:\/\/nutripartners.co\/es\/product-supplier\/manteca-de-cacao\" \/>\n<meta property=\"og:locale\" content=\"es_ES\" \/>\n<meta property=\"og:type\" content=\"article\" \/>\n<meta property=\"og:title\" content=\"Manteca de cacao\" \/>\n<meta property=\"og:description\" content=\"Mantequilla de cacao al por mayor de NutriPartners, proveedor europeo de ingredientes naturales de origen vegetal para las industrias alimentaria y chocolatera.\" \/>\n<meta property=\"og:url\" content=\"https:\/\/nutripartners.co\/es\/product-supplier\/manteca-de-cacao\" \/>\n<meta property=\"og:site_name\" content=\"Socios Nutri\" \/>\n<meta property=\"article:modified_time\" content=\"2025-07-23T07:44:35+00:00\" \/>\n<meta property=\"og:image\" content=\"https:\/\/nutripartners.co\/wp-content\/uploads\/2025\/03\/ogimage.webp\" \/>\n\t<meta property=\"og:image:width\" content=\"1200\" \/>\n\t<meta property=\"og:image:height\" content=\"600\" \/>\n\t<meta property=\"og:image:type\" content=\"image\/webp\" \/>\n<meta name=\"twitter:card\" content=\"summary_large_image\" \/>\n<meta name=\"twitter:label1\" content=\"Tiempo de lectura\" \/>\n\t<meta name=\"twitter:data1\" content=\"1 minuto\" \/>\n<script type=\"application\/ld+json\" class=\"yoast-schema-graph\">{\"@context\":\"https:\/\/schema.org\",\"@graph\":[{\"@type\":\"WebPage\",\"@id\":\"https:\/\/nutripartners.co\/es\/product-supplier\/manteca-de-cacao\",\"url\":\"https:\/\/nutripartners.co\/es\/product-supplier\/manteca-de-cacao\",\"name\":\"Manteca de cacao - Materia prima de origen vegetal | Socios Nutri\",\"isPartOf\":{\"@id\":\"https:\/\/nutripartners.co\/es#website\"},\"datePublished\":\"2025-03-11T13:48:45+00:00\",\"dateModified\":\"2025-07-23T07:44:35+00:00\",\"description\":\"Mantequilla de cacao al por mayor de NutriPartners, proveedor europeo de ingredientes naturales de origen vegetal para las industrias alimentaria y chocolatera.\",\"breadcrumb\":{\"@id\":\"https:\/\/nutripartners.co\/es\/product-supplier\/manteca-de-cacao#breadcrumb\"},\"inLanguage\":\"es\",\"potentialAction\":[{\"@type\":\"ReadAction\",\"target\":[\"https:\/\/nutripartners.co\/es\/product-supplier\/manteca-de-cacao\"]}]},{\"@type\":\"BreadcrumbList\",\"@id\":\"https:\/\/nutripartners.co\/es\/product-supplier\/manteca-de-cacao#breadcrumb\",\"itemListElement\":[{\"@type\":\"ListItem\",\"position\":1,\"name\":\"Inicio\",\"item\":\"https:\/\/nutripartners.co\/es\"},{\"@type\":\"ListItem\",\"position\":2,\"name\":\"Productos\",\"item\":\"https:\/\/nutripartners.co\/es\/product-category\"},{\"@type\":\"ListItem\",\"position\":3,\"name\":\"A base de plantas\",\"item\":\"https:\/\/nutripartners.co\/es\/categoria-de-producto\/a-base-de-plantas\"},{\"@type\":\"ListItem\",\"position\":4,\"name\":\"Cacao\",\"item\":\"https:\/\/nutripartners.co\/es\/categoria-de-producto\/a-base-de-plantas\/cacao\"},{\"@type\":\"ListItem\",\"position\":5,\"name\":\"Manteca de cacao\"}]},{\"@type\":\"WebSite\",\"@id\":\"https:\/\/nutripartners.co\/es#website\",\"url\":\"https:\/\/nutripartners.co\/es\",\"name\":\"Nutri Partners\",\"description\":\"Distribuidor de materias primas\",\"publisher\":{\"@id\":\"https:\/\/nutripartners.co\/es#organization\"},\"potentialAction\":[{\"@type\":\"SearchAction\",\"target\":{\"@type\":\"EntryPoint\",\"urlTemplate\":\"https:\/\/nutripartners.co\/es?s={search_term_string}\"},\"query-input\":{\"@type\":\"PropertyValueSpecification\",\"valueRequired\":true,\"valueName\":\"search_term_string\"}}],\"inLanguage\":\"es\"},{\"@type\":\"Organization\",\"@id\":\"https:\/\/nutripartners.co\/es#organization\",\"name\":\"Nutri Partners\",\"url\":\"https:\/\/nutripartners.co\/es\",\"logo\":{\"@type\":\"ImageObject\",\"inLanguage\":\"es\",\"@id\":\"https:\/\/nutripartners.co\/es#\/schema\/logo\/image\/\",\"url\":\"https:\/\/nutripartners.co\/wp-content\/uploads\/2025\/03\/logo-light.svg\",\"contentUrl\":\"https:\/\/nutripartners.co\/wp-content\/uploads\/2025\/03\/logo-light.svg\",\"width\":1,\"height\":1,\"caption\":\"Nutri Partners\"},\"image\":{\"@id\":\"https:\/\/nutripartners.co\/es#\/schema\/logo\/image\/\"},\"sameAs\":[\"https:\/\/www.instagram.com\/_nutripartners_\/\",\"https:\/\/www.linkedin.com\/company\/106882083\"]}]}<\/script>\n<!-- \/ Yoast SEO Premium plugin. -->","yoast_head_json":{"title":"Manteca de cacao - Materia prima de origen vegetal | Socios Nutri","description":"Mantequilla de cacao al por mayor de NutriPartners, proveedor europeo de ingredientes naturales de origen vegetal para las industrias alimentaria y chocolatera.","robots":{"index":"index","follow":"follow","max-snippet":"max-snippet:-1","max-image-preview":"max-image-preview:large","max-video-preview":"max-video-preview:-1"},"canonical":"https:\/\/nutripartners.co\/es\/product-supplier\/manteca-de-cacao","og_locale":"es_ES","og_type":"article","og_title":"Manteca de cacao","og_description":"Mantequilla de cacao al por mayor de NutriPartners, proveedor europeo de ingredientes naturales de origen vegetal para las industrias alimentaria y chocolatera.","og_url":"https:\/\/nutripartners.co\/es\/product-supplier\/manteca-de-cacao","og_site_name":"Socios Nutri","article_modified_time":"2025-07-23T07:44:35+00:00","og_image":[{"width":1200,"height":600,"url":"https:\/\/nutripartners.co\/wp-content\/uploads\/2025\/03\/ogimage.webp","type":"image\/webp"}],"twitter_card":"summary_large_image","twitter_misc":{"Tiempo de lectura":"1 minuto"},"schema":{"@context":"https:\/\/schema.org","@graph":[{"@type":"WebPage","@id":"https:\/\/nutripartners.co\/es\/product-supplier\/manteca-de-cacao","url":"https:\/\/nutripartners.co\/es\/product-supplier\/manteca-de-cacao","name":"Manteca de cacao - Materia prima de origen vegetal | Socios Nutri","isPartOf":{"@id":"https:\/\/nutripartners.co\/es#website"},"datePublished":"2025-03-11T13:48:45+00:00","dateModified":"2025-07-23T07:44:35+00:00","description":"Mantequilla de cacao al por mayor de NutriPartners, proveedor europeo de ingredientes naturales de origen vegetal para las industrias alimentaria y chocolatera.","breadcrumb":{"@id":"https:\/\/nutripartners.co\/es\/product-supplier\/manteca-de-cacao#breadcrumb"},"inLanguage":"es","potentialAction":[{"@type":"ReadAction","target":["https:\/\/nutripartners.co\/es\/product-supplier\/manteca-de-cacao"]}]},{"@type":"BreadcrumbList","@id":"https:\/\/nutripartners.co\/es\/product-supplier\/manteca-de-cacao#breadcrumb","itemListElement":[{"@type":"ListItem","position":1,"name":"Inicio","item":"https:\/\/nutripartners.co\/es"},{"@type":"ListItem","position":2,"name":"Productos","item":"https:\/\/nutripartners.co\/es\/product-category"},{"@type":"ListItem","position":3,"name":"A base de plantas","item":"https:\/\/nutripartners.co\/es\/categoria-de-producto\/a-base-de-plantas"},{"@type":"ListItem","position":4,"name":"Cacao","item":"https:\/\/nutripartners.co\/es\/categoria-de-producto\/a-base-de-plantas\/cacao"},{"@type":"ListItem","position":5,"name":"Manteca de cacao"}]},{"@type":"WebSite","@id":"https:\/\/nutripartners.co\/es#website","url":"https:\/\/nutripartners.co\/es","name":"Nutri Partners","description":"Distribuidor de materias primas","publisher":{"@id":"https:\/\/nutripartners.co\/es#organization"},"potentialAction":[{"@type":"SearchAction","target":{"@type":"EntryPoint","urlTemplate":"https:\/\/nutripartners.co\/es?s={search_term_string}"},"query-input":{"@type":"PropertyValueSpecification","valueRequired":true,"valueName":"search_term_string"}}],"inLanguage":"es"},{"@type":"Organization","@id":"https:\/\/nutripartners.co\/es#organization","name":"Nutri Partners","url":"https:\/\/nutripartners.co\/es","logo":{"@type":"ImageObject","inLanguage":"es","@id":"https:\/\/nutripartners.co\/es#\/schema\/logo\/image\/","url":"https:\/\/nutripartners.co\/wp-content\/uploads\/2025\/03\/logo-light.svg","contentUrl":"https:\/\/nutripartners.co\/wp-content\/uploads\/2025\/03\/logo-light.svg","width":1,"height":1,"caption":"Nutri Partners"},"image":{"@id":"https:\/\/nutripartners.co\/es#\/schema\/logo\/image\/"},"sameAs":["https:\/\/www.instagram.com\/_nutripartners_\/","https:\/\/www.linkedin.com\/company\/106882083"]}]}},"_links":{"self":[{"href":"https:\/\/nutripartners.co\/es\/wp-json\/wp\/v2\/product\/629","targetHints":{"allow":["GET"]}}],"collection":[{"href":"https:\/\/nutripartners.co\/es\/wp-json\/wp\/v2\/product"}],"about":[{"href":"https:\/\/nutripartners.co\/es\/wp-json\/wp\/v2\/types\/product"}],"wp:attachment":[{"href":"https:\/\/nutripartners.co\/es\/wp-json\/wp\/v2\/media?parent=629"}],"wp:term":[{"taxonomy":"product-category","embeddable":true,"href":"https:\/\/nutripartners.co\/es\/wp-json\/wp\/v2\/product-category?post=629"}],"curies":[{"name":"wp","href":"https:\/\/api.w.org\/{rel}","templated":true}]}}