{"id":635,"date":"2025-03-11T14:48:45","date_gmt":"2025-03-11T13:48:45","guid":{"rendered":"https:\/\/nutripartners.co\/product\/concentrado-de-proteina-de-suero-de-leche-80\/"},"modified":"2025-05-27T10:41:22","modified_gmt":"2025-05-27T10:41:22","slug":"concentrado-de-proteina-de-suero-de-leche-80","status":"publish","type":"product","link":"https:\/\/nutripartners.co\/es\/product-supplier\/concentrado-de-proteina-de-suero-de-leche-80","title":{"rendered":"Concentrado de prote\u00edna de suero de leche 80%."},"content":{"rendered":"\n<h2 class=\"wp-block-heading\">Descripci\u00f3n del producto<\/h2>\n\n<p>El concentrado de prote\u00edna de suero (WPC 80) es una prote\u00edna en polvo de alto valor nutritivo derivada de la leche de vaca, que ofrece una excelente biodisponibilidad. Es ideal para su uso en suplementos proteicos, alimentos funcionales y productos diet\u00e9ticos. <\/p>\n\n<h2 class=\"wp-block-heading\">Caracter\u00edsticas principales<\/h2>\n\n<ul class=\"wp-block-list\">\n<li>Contenido en prote\u00ednas: aprox. 80%<\/li>\n\n\n\n<li>Polvo fino, muy soluble<\/li>\n\n\n\n<li>Bajo en grasa y lactosa<\/li>\n\n\n\n<li>Sin OMG, apto para deportistas<\/li>\n<\/ul>\n\n<h2 class=\"wp-block-heading\">Aplicaciones<\/h2>\n\n<ul class=\"wp-block-list\">\n<li>Batidos de prote\u00ednas y suplementos de nutrici\u00f3n deportiva<\/li>\n\n\n\n<li>Barritas prote\u00ednicas y alimentos funcionales<\/li>\n\n\n\n<li>Productos l\u00e1cteos ricos en prote\u00ednas<\/li>\n\n\n\n<li>Suplementos para personas mayores y activas<\/li>\n<\/ul>\n","protected":false},"excerpt":{"rendered":"<p>Venta al por mayor de concentrado de prote\u00edna de suero de NutriPartners, proveedor europeo de prote\u00ednas l\u00e1cteas de alta calidad para las industrias alimentaria y de suplementos.<\/p>\n","protected":false},"featured_media":0,"template":"","product-category":[58,60],"class_list":["post-635","product","type-product","status-publish","hentry","product-category-lacteos","product-category-polvos-de-suero"],"acf":[],"yoast_head":"<!-- This site is optimized with the Yoast SEO Premium plugin v25.0 (Yoast SEO v26.6) - https:\/\/yoast.com\/wordpress\/plugins\/seo\/ -->\n<title>Concentrado de prote\u00edna de suero de leche 80%. - Socios Nutri<\/title>\n<meta name=\"description\" content=\"Venta al por mayor de concentrado de prote\u00edna de suero de NutriPartners, proveedor europeo de prote\u00ednas l\u00e1cteas de alta calidad para las industrias alimentaria y de suplementos.\" \/>\n<meta name=\"robots\" content=\"index, follow, max-snippet:-1, max-image-preview:large, max-video-preview:-1\" \/>\n<link rel=\"canonical\" href=\"https:\/\/nutripartners.co\/es\/product-supplier\/concentrado-de-proteina-de-suero-de-leche-80\" \/>\n<meta property=\"og:locale\" content=\"es_ES\" \/>\n<meta property=\"og:type\" content=\"article\" \/>\n<meta property=\"og:title\" content=\"Concentrado de prote\u00edna de suero de leche 80%.\" \/>\n<meta property=\"og:description\" content=\"Venta al por mayor de concentrado de prote\u00edna de suero de NutriPartners, proveedor europeo de prote\u00ednas l\u00e1cteas de alta calidad para las industrias alimentaria y de suplementos.\" \/>\n<meta property=\"og:url\" content=\"https:\/\/nutripartners.co\/es\/product-supplier\/concentrado-de-proteina-de-suero-de-leche-80\" \/>\n<meta property=\"og:site_name\" content=\"Socios Nutri\" \/>\n<meta property=\"article:modified_time\" content=\"2025-05-27T10:41:22+00:00\" \/>\n<meta property=\"og:image\" content=\"https:\/\/nutripartners.co\/wp-content\/uploads\/2025\/03\/ogimage.webp\" \/>\n\t<meta property=\"og:image:width\" content=\"1200\" \/>\n\t<meta property=\"og:image:height\" content=\"600\" \/>\n\t<meta property=\"og:image:type\" content=\"image\/webp\" \/>\n<meta name=\"twitter:card\" content=\"summary_large_image\" \/>\n<script type=\"application\/ld+json\" class=\"yoast-schema-graph\">{\"@context\":\"https:\/\/schema.org\",\"@graph\":[{\"@type\":\"WebPage\",\"@id\":\"https:\/\/nutripartners.co\/es\/product-supplier\/concentrado-de-proteina-de-suero-de-leche-80\",\"url\":\"https:\/\/nutripartners.co\/es\/product-supplier\/concentrado-de-proteina-de-suero-de-leche-80\",\"name\":\"Concentrado de prote\u00edna de suero de leche 80%. - Socios Nutri\",\"isPartOf\":{\"@id\":\"https:\/\/nutripartners.co\/es#website\"},\"datePublished\":\"2025-03-11T13:48:45+00:00\",\"dateModified\":\"2025-05-27T10:41:22+00:00\",\"description\":\"Venta al por mayor de concentrado de prote\u00edna de suero de NutriPartners, proveedor europeo de prote\u00ednas l\u00e1cteas de alta calidad para las industrias alimentaria y de suplementos.\",\"breadcrumb\":{\"@id\":\"https:\/\/nutripartners.co\/es\/product-supplier\/concentrado-de-proteina-de-suero-de-leche-80#breadcrumb\"},\"inLanguage\":\"es\",\"potentialAction\":[{\"@type\":\"ReadAction\",\"target\":[\"https:\/\/nutripartners.co\/es\/product-supplier\/concentrado-de-proteina-de-suero-de-leche-80\"]}]},{\"@type\":\"BreadcrumbList\",\"@id\":\"https:\/\/nutripartners.co\/es\/product-supplier\/concentrado-de-proteina-de-suero-de-leche-80#breadcrumb\",\"itemListElement\":[{\"@type\":\"ListItem\",\"position\":1,\"name\":\"Inicio\",\"item\":\"https:\/\/nutripartners.co\/es\"},{\"@type\":\"ListItem\",\"position\":2,\"name\":\"Productos\",\"item\":\"https:\/\/nutripartners.co\/es\/product-category\"},{\"@type\":\"ListItem\",\"position\":3,\"name\":\"L\u00e1cteos\",\"item\":\"https:\/\/nutripartners.co\/es\/categoria-de-producto\/lacteos\"},{\"@type\":\"ListItem\",\"position\":4,\"name\":\"Polvos de suero\",\"item\":\"https:\/\/nutripartners.co\/es\/categoria-de-producto\/lacteos\/polvos-de-suero\"},{\"@type\":\"ListItem\",\"position\":5,\"name\":\"Concentrado de prote\u00edna de suero de leche 80%.\"}]},{\"@type\":\"WebSite\",\"@id\":\"https:\/\/nutripartners.co\/es#website\",\"url\":\"https:\/\/nutripartners.co\/es\",\"name\":\"Nutri Partners\",\"description\":\"Distribuidor de materias primas\",\"publisher\":{\"@id\":\"https:\/\/nutripartners.co\/es#organization\"},\"potentialAction\":[{\"@type\":\"SearchAction\",\"target\":{\"@type\":\"EntryPoint\",\"urlTemplate\":\"https:\/\/nutripartners.co\/es?s={search_term_string}\"},\"query-input\":{\"@type\":\"PropertyValueSpecification\",\"valueRequired\":true,\"valueName\":\"search_term_string\"}}],\"inLanguage\":\"es\"},{\"@type\":\"Organization\",\"@id\":\"https:\/\/nutripartners.co\/es#organization\",\"name\":\"Nutri Partners\",\"url\":\"https:\/\/nutripartners.co\/es\",\"logo\":{\"@type\":\"ImageObject\",\"inLanguage\":\"es\",\"@id\":\"https:\/\/nutripartners.co\/es#\/schema\/logo\/image\/\",\"url\":\"https:\/\/nutripartners.co\/wp-content\/uploads\/2025\/03\/logo-light.svg\",\"contentUrl\":\"https:\/\/nutripartners.co\/wp-content\/uploads\/2025\/03\/logo-light.svg\",\"width\":1,\"height\":1,\"caption\":\"Nutri Partners\"},\"image\":{\"@id\":\"https:\/\/nutripartners.co\/es#\/schema\/logo\/image\/\"},\"sameAs\":[\"https:\/\/www.instagram.com\/_nutripartners_\/\",\"https:\/\/www.linkedin.com\/company\/106882083\"]}]}<\/script>\n<!-- \/ Yoast SEO Premium plugin. -->","yoast_head_json":{"title":"Concentrado de prote\u00edna de suero de leche 80%. - Socios Nutri","description":"Venta al por mayor de concentrado de prote\u00edna de suero de NutriPartners, proveedor europeo de prote\u00ednas l\u00e1cteas de alta calidad para las industrias alimentaria y de suplementos.","robots":{"index":"index","follow":"follow","max-snippet":"max-snippet:-1","max-image-preview":"max-image-preview:large","max-video-preview":"max-video-preview:-1"},"canonical":"https:\/\/nutripartners.co\/es\/product-supplier\/concentrado-de-proteina-de-suero-de-leche-80","og_locale":"es_ES","og_type":"article","og_title":"Concentrado de prote\u00edna de suero de leche 80%.","og_description":"Venta al por mayor de concentrado de prote\u00edna de suero de NutriPartners, proveedor europeo de prote\u00ednas l\u00e1cteas de alta calidad para las industrias alimentaria y de suplementos.","og_url":"https:\/\/nutripartners.co\/es\/product-supplier\/concentrado-de-proteina-de-suero-de-leche-80","og_site_name":"Socios Nutri","article_modified_time":"2025-05-27T10:41:22+00:00","og_image":[{"width":1200,"height":600,"url":"https:\/\/nutripartners.co\/wp-content\/uploads\/2025\/03\/ogimage.webp","type":"image\/webp"}],"twitter_card":"summary_large_image","schema":{"@context":"https:\/\/schema.org","@graph":[{"@type":"WebPage","@id":"https:\/\/nutripartners.co\/es\/product-supplier\/concentrado-de-proteina-de-suero-de-leche-80","url":"https:\/\/nutripartners.co\/es\/product-supplier\/concentrado-de-proteina-de-suero-de-leche-80","name":"Concentrado de prote\u00edna de suero de leche 80%. - Socios Nutri","isPartOf":{"@id":"https:\/\/nutripartners.co\/es#website"},"datePublished":"2025-03-11T13:48:45+00:00","dateModified":"2025-05-27T10:41:22+00:00","description":"Venta al por mayor de concentrado de prote\u00edna de suero de NutriPartners, proveedor europeo de prote\u00ednas l\u00e1cteas de alta calidad para las industrias alimentaria y de suplementos.","breadcrumb":{"@id":"https:\/\/nutripartners.co\/es\/product-supplier\/concentrado-de-proteina-de-suero-de-leche-80#breadcrumb"},"inLanguage":"es","potentialAction":[{"@type":"ReadAction","target":["https:\/\/nutripartners.co\/es\/product-supplier\/concentrado-de-proteina-de-suero-de-leche-80"]}]},{"@type":"BreadcrumbList","@id":"https:\/\/nutripartners.co\/es\/product-supplier\/concentrado-de-proteina-de-suero-de-leche-80#breadcrumb","itemListElement":[{"@type":"ListItem","position":1,"name":"Inicio","item":"https:\/\/nutripartners.co\/es"},{"@type":"ListItem","position":2,"name":"Productos","item":"https:\/\/nutripartners.co\/es\/product-category"},{"@type":"ListItem","position":3,"name":"L\u00e1cteos","item":"https:\/\/nutripartners.co\/es\/categoria-de-producto\/lacteos"},{"@type":"ListItem","position":4,"name":"Polvos de suero","item":"https:\/\/nutripartners.co\/es\/categoria-de-producto\/lacteos\/polvos-de-suero"},{"@type":"ListItem","position":5,"name":"Concentrado de prote\u00edna de suero de leche 80%."}]},{"@type":"WebSite","@id":"https:\/\/nutripartners.co\/es#website","url":"https:\/\/nutripartners.co\/es","name":"Nutri Partners","description":"Distribuidor de materias primas","publisher":{"@id":"https:\/\/nutripartners.co\/es#organization"},"potentialAction":[{"@type":"SearchAction","target":{"@type":"EntryPoint","urlTemplate":"https:\/\/nutripartners.co\/es?s={search_term_string}"},"query-input":{"@type":"PropertyValueSpecification","valueRequired":true,"valueName":"search_term_string"}}],"inLanguage":"es"},{"@type":"Organization","@id":"https:\/\/nutripartners.co\/es#organization","name":"Nutri Partners","url":"https:\/\/nutripartners.co\/es","logo":{"@type":"ImageObject","inLanguage":"es","@id":"https:\/\/nutripartners.co\/es#\/schema\/logo\/image\/","url":"https:\/\/nutripartners.co\/wp-content\/uploads\/2025\/03\/logo-light.svg","contentUrl":"https:\/\/nutripartners.co\/wp-content\/uploads\/2025\/03\/logo-light.svg","width":1,"height":1,"caption":"Nutri Partners"},"image":{"@id":"https:\/\/nutripartners.co\/es#\/schema\/logo\/image\/"},"sameAs":["https:\/\/www.instagram.com\/_nutripartners_\/","https:\/\/www.linkedin.com\/company\/106882083"]}]}},"_links":{"self":[{"href":"https:\/\/nutripartners.co\/es\/wp-json\/wp\/v2\/product\/635","targetHints":{"allow":["GET"]}}],"collection":[{"href":"https:\/\/nutripartners.co\/es\/wp-json\/wp\/v2\/product"}],"about":[{"href":"https:\/\/nutripartners.co\/es\/wp-json\/wp\/v2\/types\/product"}],"wp:attachment":[{"href":"https:\/\/nutripartners.co\/es\/wp-json\/wp\/v2\/media?parent=635"}],"wp:term":[{"taxonomy":"product-category","embeddable":true,"href":"https:\/\/nutripartners.co\/es\/wp-json\/wp\/v2\/product-category?post=635"}],"curies":[{"name":"wp","href":"https:\/\/api.w.org\/{rel}","templated":true}]}}