{"id":644,"date":"2025-03-11T14:48:44","date_gmt":"2025-03-11T13:48:44","guid":{"rendered":"https:\/\/nutripartners.co\/product\/maltodextrina\/"},"modified":"2025-05-27T11:17:43","modified_gmt":"2025-05-27T11:17:43","slug":"maltodextrina","status":"publish","type":"product","link":"https:\/\/nutripartners.co\/es\/product-supplier\/maltodextrina","title":{"rendered":"Maltodextrina"},"content":{"rendered":"\n<h2 class=\"wp-block-heading\" id=\"h-product-description\">Descripci\u00f3n del producto<\/h2>\n\n<p>La maltodextrina es un ingrediente funcional de alta calidad utilizado en suplementos diet\u00e9ticos, nutrici\u00f3n m\u00e9dica y productos farmac\u00e9uticos. Disponible en varias formas y concentraciones, con documentaci\u00f3n completa. <\/p>\n\n<h2 class=\"wp-block-heading\" id=\"h-key-features\">Caracter\u00edsticas principales<\/h2>\n\n<ul class=\"wp-block-list\">\n<li>Calidad farmac\u00e9utica o alimentaria<\/li>\n\n\n\n<li>Pureza: \u2265 98<\/li>\n\n\n\n<li>Estabilidad confirmada por certificados<\/li>\n\n\n\n<li>Envases a granel: 10-25 kg (seg\u00fan el producto)<\/li>\n<\/ul>\n\n<h2 class=\"wp-block-heading\" id=\"h-applications\">Aplicaciones<\/h2>\n\n<ul class=\"wp-block-list\">\n<li>Producci\u00f3n de c\u00e1psulas, comprimidos, sobres y l\u00edquidos<\/li>\n\n\n\n<li>Suplementos diet\u00e9ticos para todas las edades<\/li>\n\n\n\n<li>Productos farmac\u00e9uticos y nutrac\u00e9uticos de venta libre<\/li>\n\n\n\n<li>Alimentos funcionales y diet\u00e9ticos<\/li>\n<\/ul>\n","protected":false},"excerpt":{"rendered":"<p>Maltodextrina a granel disponible en NutriPartners &#8211; tu proveedor de confianza de ingredientes funcionales y nutrac\u00e9uticos para las industrias farmac\u00e9utica, de suplementos y alimentaria.<\/p>\n","protected":false},"featured_media":0,"template":"","product-category":[50,55],"class_list":["post-644","product","type-product","status-publish","hentry","product-category-aditivos","product-category-otra"],"acf":[],"yoast_head":"<!-- This site is optimized with the Yoast SEO Premium plugin v25.0 (Yoast SEO v26.6) - https:\/\/yoast.com\/wordpress\/plugins\/seo\/ -->\n<title>Maltodextrina - Materias primas especiales | Socios Nutri<\/title>\n<meta name=\"description\" content=\"Maltodextrina a granel disponible en NutriPartners - tu proveedor de confianza de ingredientes funcionales y nutrac\u00e9uticos para las industrias farmac\u00e9utica, de suplementos y alimentaria.\" \/>\n<meta name=\"robots\" content=\"index, follow, max-snippet:-1, max-image-preview:large, max-video-preview:-1\" \/>\n<link rel=\"canonical\" href=\"https:\/\/nutripartners.co\/es\/product-supplier\/maltodextrina\" \/>\n<meta property=\"og:locale\" content=\"es_ES\" \/>\n<meta property=\"og:type\" content=\"article\" \/>\n<meta property=\"og:title\" content=\"Maltodextrina\" \/>\n<meta property=\"og:description\" content=\"Maltodextrina a granel disponible en NutriPartners - tu proveedor de confianza de ingredientes funcionales y nutrac\u00e9uticos para las industrias farmac\u00e9utica, de suplementos y alimentaria.\" \/>\n<meta property=\"og:url\" content=\"https:\/\/nutripartners.co\/es\/product-supplier\/maltodextrina\" \/>\n<meta property=\"og:site_name\" content=\"Socios Nutri\" \/>\n<meta property=\"article:modified_time\" content=\"2025-05-27T11:17:43+00:00\" \/>\n<meta property=\"og:image\" content=\"https:\/\/nutripartners.co\/wp-content\/uploads\/2025\/03\/ogimage.webp\" \/>\n\t<meta property=\"og:image:width\" content=\"1200\" \/>\n\t<meta property=\"og:image:height\" content=\"600\" \/>\n\t<meta property=\"og:image:type\" content=\"image\/webp\" \/>\n<meta name=\"twitter:card\" content=\"summary_large_image\" \/>\n<script type=\"application\/ld+json\" class=\"yoast-schema-graph\">{\"@context\":\"https:\/\/schema.org\",\"@graph\":[{\"@type\":\"WebPage\",\"@id\":\"https:\/\/nutripartners.co\/es\/product-supplier\/maltodextrina\",\"url\":\"https:\/\/nutripartners.co\/es\/product-supplier\/maltodextrina\",\"name\":\"Maltodextrina - Materias primas especiales | Socios Nutri\",\"isPartOf\":{\"@id\":\"https:\/\/nutripartners.co\/es#website\"},\"datePublished\":\"2025-03-11T13:48:44+00:00\",\"dateModified\":\"2025-05-27T11:17:43+00:00\",\"description\":\"Maltodextrina a granel disponible en NutriPartners - tu proveedor de confianza de ingredientes funcionales y nutrac\u00e9uticos para las industrias farmac\u00e9utica, de suplementos y alimentaria.\",\"breadcrumb\":{\"@id\":\"https:\/\/nutripartners.co\/es\/product-supplier\/maltodextrina#breadcrumb\"},\"inLanguage\":\"es\",\"potentialAction\":[{\"@type\":\"ReadAction\",\"target\":[\"https:\/\/nutripartners.co\/es\/product-supplier\/maltodextrina\"]}]},{\"@type\":\"BreadcrumbList\",\"@id\":\"https:\/\/nutripartners.co\/es\/product-supplier\/maltodextrina#breadcrumb\",\"itemListElement\":[{\"@type\":\"ListItem\",\"position\":1,\"name\":\"Inicio\",\"item\":\"https:\/\/nutripartners.co\/es\"},{\"@type\":\"ListItem\",\"position\":2,\"name\":\"Productos\",\"item\":\"https:\/\/nutripartners.co\/es\/product-category\"},{\"@type\":\"ListItem\",\"position\":3,\"name\":\"Aditivos\",\"item\":\"https:\/\/nutripartners.co\/es\/categoria-de-producto\/aditivos\"},{\"@type\":\"ListItem\",\"position\":4,\"name\":\"Maltodextrina\"}]},{\"@type\":\"WebSite\",\"@id\":\"https:\/\/nutripartners.co\/es#website\",\"url\":\"https:\/\/nutripartners.co\/es\",\"name\":\"Nutri Partners\",\"description\":\"Distribuidor de materias primas\",\"publisher\":{\"@id\":\"https:\/\/nutripartners.co\/es#organization\"},\"potentialAction\":[{\"@type\":\"SearchAction\",\"target\":{\"@type\":\"EntryPoint\",\"urlTemplate\":\"https:\/\/nutripartners.co\/es?s={search_term_string}\"},\"query-input\":{\"@type\":\"PropertyValueSpecification\",\"valueRequired\":true,\"valueName\":\"search_term_string\"}}],\"inLanguage\":\"es\"},{\"@type\":\"Organization\",\"@id\":\"https:\/\/nutripartners.co\/es#organization\",\"name\":\"Nutri Partners\",\"url\":\"https:\/\/nutripartners.co\/es\",\"logo\":{\"@type\":\"ImageObject\",\"inLanguage\":\"es\",\"@id\":\"https:\/\/nutripartners.co\/es#\/schema\/logo\/image\/\",\"url\":\"https:\/\/nutripartners.co\/wp-content\/uploads\/2025\/03\/logo-light.svg\",\"contentUrl\":\"https:\/\/nutripartners.co\/wp-content\/uploads\/2025\/03\/logo-light.svg\",\"width\":1,\"height\":1,\"caption\":\"Nutri Partners\"},\"image\":{\"@id\":\"https:\/\/nutripartners.co\/es#\/schema\/logo\/image\/\"},\"sameAs\":[\"https:\/\/www.instagram.com\/_nutripartners_\/\",\"https:\/\/www.linkedin.com\/company\/106882083\"]}]}<\/script>\n<!-- \/ Yoast SEO Premium plugin. -->","yoast_head_json":{"title":"Maltodextrina - Materias primas especiales | Socios Nutri","description":"Maltodextrina a granel disponible en NutriPartners - tu proveedor de confianza de ingredientes funcionales y nutrac\u00e9uticos para las industrias farmac\u00e9utica, de suplementos y alimentaria.","robots":{"index":"index","follow":"follow","max-snippet":"max-snippet:-1","max-image-preview":"max-image-preview:large","max-video-preview":"max-video-preview:-1"},"canonical":"https:\/\/nutripartners.co\/es\/product-supplier\/maltodextrina","og_locale":"es_ES","og_type":"article","og_title":"Maltodextrina","og_description":"Maltodextrina a granel disponible en NutriPartners - tu proveedor de confianza de ingredientes funcionales y nutrac\u00e9uticos para las industrias farmac\u00e9utica, de suplementos y alimentaria.","og_url":"https:\/\/nutripartners.co\/es\/product-supplier\/maltodextrina","og_site_name":"Socios Nutri","article_modified_time":"2025-05-27T11:17:43+00:00","og_image":[{"width":1200,"height":600,"url":"https:\/\/nutripartners.co\/wp-content\/uploads\/2025\/03\/ogimage.webp","type":"image\/webp"}],"twitter_card":"summary_large_image","schema":{"@context":"https:\/\/schema.org","@graph":[{"@type":"WebPage","@id":"https:\/\/nutripartners.co\/es\/product-supplier\/maltodextrina","url":"https:\/\/nutripartners.co\/es\/product-supplier\/maltodextrina","name":"Maltodextrina - Materias primas especiales | Socios Nutri","isPartOf":{"@id":"https:\/\/nutripartners.co\/es#website"},"datePublished":"2025-03-11T13:48:44+00:00","dateModified":"2025-05-27T11:17:43+00:00","description":"Maltodextrina a granel disponible en NutriPartners - tu proveedor de confianza de ingredientes funcionales y nutrac\u00e9uticos para las industrias farmac\u00e9utica, de suplementos y alimentaria.","breadcrumb":{"@id":"https:\/\/nutripartners.co\/es\/product-supplier\/maltodextrina#breadcrumb"},"inLanguage":"es","potentialAction":[{"@type":"ReadAction","target":["https:\/\/nutripartners.co\/es\/product-supplier\/maltodextrina"]}]},{"@type":"BreadcrumbList","@id":"https:\/\/nutripartners.co\/es\/product-supplier\/maltodextrina#breadcrumb","itemListElement":[{"@type":"ListItem","position":1,"name":"Inicio","item":"https:\/\/nutripartners.co\/es"},{"@type":"ListItem","position":2,"name":"Productos","item":"https:\/\/nutripartners.co\/es\/product-category"},{"@type":"ListItem","position":3,"name":"Aditivos","item":"https:\/\/nutripartners.co\/es\/categoria-de-producto\/aditivos"},{"@type":"ListItem","position":4,"name":"Maltodextrina"}]},{"@type":"WebSite","@id":"https:\/\/nutripartners.co\/es#website","url":"https:\/\/nutripartners.co\/es","name":"Nutri Partners","description":"Distribuidor de materias primas","publisher":{"@id":"https:\/\/nutripartners.co\/es#organization"},"potentialAction":[{"@type":"SearchAction","target":{"@type":"EntryPoint","urlTemplate":"https:\/\/nutripartners.co\/es?s={search_term_string}"},"query-input":{"@type":"PropertyValueSpecification","valueRequired":true,"valueName":"search_term_string"}}],"inLanguage":"es"},{"@type":"Organization","@id":"https:\/\/nutripartners.co\/es#organization","name":"Nutri Partners","url":"https:\/\/nutripartners.co\/es","logo":{"@type":"ImageObject","inLanguage":"es","@id":"https:\/\/nutripartners.co\/es#\/schema\/logo\/image\/","url":"https:\/\/nutripartners.co\/wp-content\/uploads\/2025\/03\/logo-light.svg","contentUrl":"https:\/\/nutripartners.co\/wp-content\/uploads\/2025\/03\/logo-light.svg","width":1,"height":1,"caption":"Nutri Partners"},"image":{"@id":"https:\/\/nutripartners.co\/es#\/schema\/logo\/image\/"},"sameAs":["https:\/\/www.instagram.com\/_nutripartners_\/","https:\/\/www.linkedin.com\/company\/106882083"]}]}},"_links":{"self":[{"href":"https:\/\/nutripartners.co\/es\/wp-json\/wp\/v2\/product\/644","targetHints":{"allow":["GET"]}}],"collection":[{"href":"https:\/\/nutripartners.co\/es\/wp-json\/wp\/v2\/product"}],"about":[{"href":"https:\/\/nutripartners.co\/es\/wp-json\/wp\/v2\/types\/product"}],"wp:attachment":[{"href":"https:\/\/nutripartners.co\/es\/wp-json\/wp\/v2\/media?parent=644"}],"wp:term":[{"taxonomy":"product-category","embeddable":true,"href":"https:\/\/nutripartners.co\/es\/wp-json\/wp\/v2\/product-category?post=644"}],"curies":[{"name":"wp","href":"https:\/\/api.w.org\/{rel}","templated":true}]}}