{"id":1008,"date":"2025-03-11T14:48:56","date_gmt":"2025-03-11T13:48:56","guid":{"rendered":"https:\/\/nutripartners.co\/product\/proteines-de-pois\/"},"modified":"2026-02-06T08:32:14","modified_gmt":"2026-02-06T07:32:14","slug":"proteines-de-pois","status":"publish","type":"product","link":"https:\/\/nutripartners.co\/fr\/product-supplier\/proteines-de-pois","title":{"rendered":"Prot\u00e9ines de pois"},"content":{"rendered":"\n<h2 class=\"wp-block-heading\" id=\"h-product-description\">Description du produit<\/h2>\n\n<p>La prot\u00e9ine de pois est un concentr\u00e9 de prot\u00e9ines v\u00e9g\u00e9tales de haute qualit\u00e9, id\u00e9al pour les produits sans produits laitiers, v\u00e9g\u00e9taliens, riches en prot\u00e9ines et fonctionnels. Nous fournissons la mati\u00e8re premi\u00e8re sous forme de poudre, dont la teneur en prot\u00e9ines est normalis\u00e9e. <\/p>\n\n<h2 class=\"wp-block-heading\" id=\"h-key-features\">Caract\u00e9ristiques principales<\/h2>\n\n<ul class=\"wp-block-list\">\n<li>Teneur en prot\u00e9ines : \u2265 70-85% (selon le produit)<\/li>\n\n\n\n<li>Vegan, sans OGM, sans gluten<\/li>\n\n\n\n<li>Go\u00fbt neutre et grande solubilit\u00e9<\/li>\n\n\n\n<li>Conditionnement : sacs de 20-25 kg<\/li>\n<\/ul>\n\n<h2 class=\"wp-block-heading\" id=\"h-applications\">Applications<\/h2>\n\n<ul class=\"wp-block-list\">\n<li>Poudres prot\u00e9in\u00e9es et suppl\u00e9ments sportifs<\/li>\n\n\n\n<li>Barres prot\u00e9in\u00e9es, milkshakes, boissons RTD<\/li>\n\n\n\n<li>Aliments v\u00e9g\u00e9taliens et fonctionnels<\/li>\n\n\n\n<li>Produits de boulangerie, p\u00e2tes, produits instantan\u00e9s<\/li>\n<\/ul>\n","protected":false},"excerpt":{"rendered":"<p>Prot\u00e9ine de pois en gros de NutriPartners &#8211; un fournisseur europ\u00e9en de prot\u00e9ines naturelles d&rsquo;origine v\u00e9g\u00e9tale pour les industries de l&rsquo;alimentation, de la di\u00e9t\u00e9tique et de la nutrition sportive.<\/p>\n","protected":false},"featured_media":0,"template":"","product-category":[83,127],"class_list":["post-1008","product","type-product","status-publish","hentry","product-category-a-base-de-plantes","product-category-proteines"],"acf":[],"yoast_head":"<!-- This site is optimized with the Yoast SEO Premium plugin v25.0 (Yoast SEO v26.6) - https:\/\/yoast.com\/wordpress\/plugins\/seo\/ -->\n<title>Prot\u00e9ines de pois - Nutri Partners<\/title>\n<meta name=\"description\" content=\"Prot\u00e9ine de pois en gros de NutriPartners - un fournisseur europ\u00e9en de prot\u00e9ines naturelles d&#039;origine v\u00e9g\u00e9tale pour les industries de l&#039;alimentation, de la di\u00e9t\u00e9tique et de la nutrition sportive.\" \/>\n<meta name=\"robots\" content=\"index, follow, max-snippet:-1, max-image-preview:large, max-video-preview:-1\" \/>\n<link rel=\"canonical\" href=\"https:\/\/nutripartners.co\/fr\/product-supplier\/proteines-de-pois\" \/>\n<meta property=\"og:locale\" content=\"fr_FR\" \/>\n<meta property=\"og:type\" content=\"article\" \/>\n<meta property=\"og:title\" content=\"Prot\u00e9ines de pois\" \/>\n<meta property=\"og:description\" content=\"Prot\u00e9ine de pois en gros de NutriPartners - un fournisseur europ\u00e9en de prot\u00e9ines naturelles d&#039;origine v\u00e9g\u00e9tale pour les industries de l&#039;alimentation, de la di\u00e9t\u00e9tique et de la nutrition sportive.\" \/>\n<meta property=\"og:url\" content=\"https:\/\/nutripartners.co\/fr\/product-supplier\/proteines-de-pois\" \/>\n<meta property=\"og:site_name\" content=\"Nutri Partners\" \/>\n<meta property=\"article:modified_time\" content=\"2026-02-06T07:32:14+00:00\" \/>\n<meta property=\"og:image\" content=\"https:\/\/nutripartners.co\/wp-content\/uploads\/2025\/03\/ogimage.webp\" \/>\n\t<meta property=\"og:image:width\" content=\"1200\" \/>\n\t<meta property=\"og:image:height\" content=\"600\" \/>\n\t<meta property=\"og:image:type\" content=\"image\/webp\" \/>\n<meta name=\"twitter:card\" content=\"summary_large_image\" \/>\n<meta name=\"twitter:label1\" content=\"Dur\u00e9e de lecture estim\u00e9e\" \/>\n\t<meta name=\"twitter:data1\" content=\"1 minute\" \/>\n<script type=\"application\/ld+json\" class=\"yoast-schema-graph\">{\"@context\":\"https:\/\/schema.org\",\"@graph\":[{\"@type\":\"WebPage\",\"@id\":\"https:\/\/nutripartners.co\/fr\/product-supplier\/proteines-de-pois\",\"url\":\"https:\/\/nutripartners.co\/fr\/product-supplier\/proteines-de-pois\",\"name\":\"Prot\u00e9ines de pois - Nutri Partners\",\"isPartOf\":{\"@id\":\"https:\/\/nutripartners.co\/fr#website\"},\"datePublished\":\"2025-03-11T13:48:56+00:00\",\"dateModified\":\"2026-02-06T07:32:14+00:00\",\"description\":\"Prot\u00e9ine de pois en gros de NutriPartners - un fournisseur europ\u00e9en de prot\u00e9ines naturelles d'origine v\u00e9g\u00e9tale pour les industries de l'alimentation, de la di\u00e9t\u00e9tique et de la nutrition sportive.\",\"breadcrumb\":{\"@id\":\"https:\/\/nutripartners.co\/fr\/product-supplier\/proteines-de-pois#breadcrumb\"},\"inLanguage\":\"fr-FR\",\"potentialAction\":[{\"@type\":\"ReadAction\",\"target\":[\"https:\/\/nutripartners.co\/fr\/product-supplier\/proteines-de-pois\"]}]},{\"@type\":\"BreadcrumbList\",\"@id\":\"https:\/\/nutripartners.co\/fr\/product-supplier\/proteines-de-pois#breadcrumb\",\"itemListElement\":[{\"@type\":\"ListItem\",\"position\":1,\"name\":\"Accueil\",\"item\":\"https:\/\/nutripartners.co\/fr\"},{\"@type\":\"ListItem\",\"position\":2,\"name\":\"Produits\",\"item\":\"https:\/\/nutripartners.co\/fr\/product-category\"},{\"@type\":\"ListItem\",\"position\":3,\"name\":\"\u00c0 base de plantes\",\"item\":\"https:\/\/nutripartners.co\/fr\/categorie-de-produit\/a-base-de-plantes\"},{\"@type\":\"ListItem\",\"position\":4,\"name\":\"Prot\u00e9ines\",\"item\":\"https:\/\/nutripartners.co\/fr\/categorie-de-produit\/a-base-de-plantes\/proteines\"},{\"@type\":\"ListItem\",\"position\":5,\"name\":\"Prot\u00e9ines de pois\"}]},{\"@type\":\"WebSite\",\"@id\":\"https:\/\/nutripartners.co\/fr#website\",\"url\":\"https:\/\/nutripartners.co\/fr\",\"name\":\"Nutri Partners\",\"description\":\"Raw materials distributor\",\"publisher\":{\"@id\":\"https:\/\/nutripartners.co\/fr#organization\"},\"potentialAction\":[{\"@type\":\"SearchAction\",\"target\":{\"@type\":\"EntryPoint\",\"urlTemplate\":\"https:\/\/nutripartners.co\/fr?s={search_term_string}\"},\"query-input\":{\"@type\":\"PropertyValueSpecification\",\"valueRequired\":true,\"valueName\":\"search_term_string\"}}],\"inLanguage\":\"fr-FR\"},{\"@type\":\"Organization\",\"@id\":\"https:\/\/nutripartners.co\/fr#organization\",\"name\":\"Nutri Partners\",\"url\":\"https:\/\/nutripartners.co\/fr\",\"logo\":{\"@type\":\"ImageObject\",\"inLanguage\":\"fr-FR\",\"@id\":\"https:\/\/nutripartners.co\/fr#\/schema\/logo\/image\/\",\"url\":\"https:\/\/nutripartners.co\/wp-content\/uploads\/2025\/03\/logo-light.svg\",\"contentUrl\":\"https:\/\/nutripartners.co\/wp-content\/uploads\/2025\/03\/logo-light.svg\",\"width\":1,\"height\":1,\"caption\":\"Nutri Partners\"},\"image\":{\"@id\":\"https:\/\/nutripartners.co\/fr#\/schema\/logo\/image\/\"},\"sameAs\":[\"https:\/\/www.instagram.com\/_nutripartners_\/\",\"https:\/\/www.linkedin.com\/company\/106882083\"]}]}<\/script>\n<!-- \/ Yoast SEO Premium plugin. -->","yoast_head_json":{"title":"Prot\u00e9ines de pois - Nutri Partners","description":"Prot\u00e9ine de pois en gros de NutriPartners - un fournisseur europ\u00e9en de prot\u00e9ines naturelles d'origine v\u00e9g\u00e9tale pour les industries de l'alimentation, de la di\u00e9t\u00e9tique et de la nutrition sportive.","robots":{"index":"index","follow":"follow","max-snippet":"max-snippet:-1","max-image-preview":"max-image-preview:large","max-video-preview":"max-video-preview:-1"},"canonical":"https:\/\/nutripartners.co\/fr\/product-supplier\/proteines-de-pois","og_locale":"fr_FR","og_type":"article","og_title":"Prot\u00e9ines de pois","og_description":"Prot\u00e9ine de pois en gros de NutriPartners - un fournisseur europ\u00e9en de prot\u00e9ines naturelles d'origine v\u00e9g\u00e9tale pour les industries de l'alimentation, de la di\u00e9t\u00e9tique et de la nutrition sportive.","og_url":"https:\/\/nutripartners.co\/fr\/product-supplier\/proteines-de-pois","og_site_name":"Nutri Partners","article_modified_time":"2026-02-06T07:32:14+00:00","og_image":[{"width":1200,"height":600,"url":"https:\/\/nutripartners.co\/wp-content\/uploads\/2025\/03\/ogimage.webp","type":"image\/webp"}],"twitter_card":"summary_large_image","twitter_misc":{"Dur\u00e9e de lecture estim\u00e9e":"1 minute"},"schema":{"@context":"https:\/\/schema.org","@graph":[{"@type":"WebPage","@id":"https:\/\/nutripartners.co\/fr\/product-supplier\/proteines-de-pois","url":"https:\/\/nutripartners.co\/fr\/product-supplier\/proteines-de-pois","name":"Prot\u00e9ines de pois - Nutri Partners","isPartOf":{"@id":"https:\/\/nutripartners.co\/fr#website"},"datePublished":"2025-03-11T13:48:56+00:00","dateModified":"2026-02-06T07:32:14+00:00","description":"Prot\u00e9ine de pois en gros de NutriPartners - un fournisseur europ\u00e9en de prot\u00e9ines naturelles d'origine v\u00e9g\u00e9tale pour les industries de l'alimentation, de la di\u00e9t\u00e9tique et de la nutrition sportive.","breadcrumb":{"@id":"https:\/\/nutripartners.co\/fr\/product-supplier\/proteines-de-pois#breadcrumb"},"inLanguage":"fr-FR","potentialAction":[{"@type":"ReadAction","target":["https:\/\/nutripartners.co\/fr\/product-supplier\/proteines-de-pois"]}]},{"@type":"BreadcrumbList","@id":"https:\/\/nutripartners.co\/fr\/product-supplier\/proteines-de-pois#breadcrumb","itemListElement":[{"@type":"ListItem","position":1,"name":"Accueil","item":"https:\/\/nutripartners.co\/fr"},{"@type":"ListItem","position":2,"name":"Produits","item":"https:\/\/nutripartners.co\/fr\/product-category"},{"@type":"ListItem","position":3,"name":"\u00c0 base de plantes","item":"https:\/\/nutripartners.co\/fr\/categorie-de-produit\/a-base-de-plantes"},{"@type":"ListItem","position":4,"name":"Prot\u00e9ines","item":"https:\/\/nutripartners.co\/fr\/categorie-de-produit\/a-base-de-plantes\/proteines"},{"@type":"ListItem","position":5,"name":"Prot\u00e9ines de pois"}]},{"@type":"WebSite","@id":"https:\/\/nutripartners.co\/fr#website","url":"https:\/\/nutripartners.co\/fr","name":"Nutri Partners","description":"Raw materials distributor","publisher":{"@id":"https:\/\/nutripartners.co\/fr#organization"},"potentialAction":[{"@type":"SearchAction","target":{"@type":"EntryPoint","urlTemplate":"https:\/\/nutripartners.co\/fr?s={search_term_string}"},"query-input":{"@type":"PropertyValueSpecification","valueRequired":true,"valueName":"search_term_string"}}],"inLanguage":"fr-FR"},{"@type":"Organization","@id":"https:\/\/nutripartners.co\/fr#organization","name":"Nutri Partners","url":"https:\/\/nutripartners.co\/fr","logo":{"@type":"ImageObject","inLanguage":"fr-FR","@id":"https:\/\/nutripartners.co\/fr#\/schema\/logo\/image\/","url":"https:\/\/nutripartners.co\/wp-content\/uploads\/2025\/03\/logo-light.svg","contentUrl":"https:\/\/nutripartners.co\/wp-content\/uploads\/2025\/03\/logo-light.svg","width":1,"height":1,"caption":"Nutri Partners"},"image":{"@id":"https:\/\/nutripartners.co\/fr#\/schema\/logo\/image\/"},"sameAs":["https:\/\/www.instagram.com\/_nutripartners_\/","https:\/\/www.linkedin.com\/company\/106882083"]}]}},"_links":{"self":[{"href":"https:\/\/nutripartners.co\/fr\/wp-json\/wp\/v2\/product\/1008","targetHints":{"allow":["GET"]}}],"collection":[{"href":"https:\/\/nutripartners.co\/fr\/wp-json\/wp\/v2\/product"}],"about":[{"href":"https:\/\/nutripartners.co\/fr\/wp-json\/wp\/v2\/types\/product"}],"wp:attachment":[{"href":"https:\/\/nutripartners.co\/fr\/wp-json\/wp\/v2\/media?parent=1008"}],"wp:term":[{"taxonomy":"product-category","embeddable":true,"href":"https:\/\/nutripartners.co\/fr\/wp-json\/wp\/v2\/product-category?post=1008"}],"curies":[{"name":"wp","href":"https:\/\/api.w.org\/{rel}","templated":true}]}}