{"id":1085,"date":"2025-03-11T14:48:56","date_gmt":"2025-03-11T13:48:56","guid":{"rendered":"https:\/\/nutripartners.co\/product\/reishi\/"},"modified":"2025-05-28T11:23:38","modified_gmt":"2025-05-28T11:23:38","slug":"reishi","status":"publish","type":"product","link":"https:\/\/nutripartners.co\/fr\/product-supplier\/reishi","title":{"rendered":"Reishi"},"content":{"rendered":"\n<h2 class=\"wp-block-heading\" id=\"h-product-description\">Description du produit<\/h2>\n\n<p>Le Reishi est un extrait d\u00e9riv\u00e9 d&rsquo;une plante connue pour ses propri\u00e9t\u00e9s b\u00e9n\u00e9fiques pour la sant\u00e9. La mati\u00e8re premi\u00e8re est disponible sous diff\u00e9rentes standardisations et formes (poudre, extrait sec, liquide) et est destin\u00e9e aux industries des compl\u00e9ments alimentaires, des cosm\u00e9tiques et des produits pharmaceutiques. <\/p>\n\n<h2 class=\"wp-block-heading\" id=\"h-key-features\">Caract\u00e9ristiques principales<\/h2>\n\n<ul class=\"wp-block-list\">\n<li>Standardis\u00e9 pour les ingr\u00e9dients actifs (par exemple, les polyph\u00e9nols, les saponines)<\/li>\n\n\n\n<li>Conforme aux r\u00e9glementations de l&rsquo;UE et de l&rsquo;EFSA<\/li>\n\n\n\n<li>Sans OGM, sans gluten, v\u00e9g\u00e9talien<\/li>\n\n\n\n<li>Conditionnement : 1-25 kg<\/li>\n<\/ul>\n\n<h2 class=\"wp-block-heading\" id=\"h-applications\">Applications<\/h2>\n\n<ul class=\"wp-block-list\">\n<li>Compl\u00e9ments alimentaires (g\u00e9lules, comprim\u00e9s, poudres)<\/li>\n\n\n\n<li>Produits naturels et dermocosm\u00e9tiques<\/li>\n\n\n\n<li>Aliments fonctionnels et nutraceutiques<\/li>\n\n\n\n<li>Produits favorisant l&rsquo;immunit\u00e9, la concentration, la digestion, etc.<\/li>\n<\/ul>\n","protected":false},"excerpt":{"rendered":"<p>Reishi en vrac de NutriPartners &#8211; un fournisseur europ\u00e9en d&rsquo;extraits naturels de plantes utilis\u00e9s dans les suppl\u00e9ments, les cosm\u00e9tiques et les applications fonctionnelles.<\/p>\n","protected":false},"featured_media":0,"template":"","product-category":[83,84],"class_list":["post-1085","product","type-product","status-publish","hentry","product-category-a-base-de-plantes","product-category-extraits-de-plantes"],"acf":[],"yoast_head":"<!-- This site is optimized with the Yoast SEO Premium plugin v25.0 (Yoast SEO v26.6) - https:\/\/yoast.com\/wordpress\/plugins\/seo\/ -->\n<title>Reishi - Nutri Partners<\/title>\n<meta name=\"description\" content=\"Reishi en vrac de NutriPartners - un fournisseur europ\u00e9en d&#039;extraits naturels de plantes utilis\u00e9s dans les suppl\u00e9ments, les cosm\u00e9tiques et les applications fonctionnelles.\" \/>\n<meta name=\"robots\" content=\"index, follow, max-snippet:-1, max-image-preview:large, max-video-preview:-1\" \/>\n<link rel=\"canonical\" href=\"https:\/\/nutripartners.co\/fr\/product-supplier\/reishi\" \/>\n<meta property=\"og:locale\" content=\"fr_FR\" \/>\n<meta property=\"og:type\" content=\"article\" \/>\n<meta property=\"og:title\" content=\"Reishi\" \/>\n<meta property=\"og:description\" content=\"Reishi en vrac de NutriPartners - un fournisseur europ\u00e9en d&#039;extraits naturels de plantes utilis\u00e9s dans les suppl\u00e9ments, les cosm\u00e9tiques et les applications fonctionnelles.\" \/>\n<meta property=\"og:url\" content=\"https:\/\/nutripartners.co\/fr\/product-supplier\/reishi\" \/>\n<meta property=\"og:site_name\" content=\"Nutri Partners\" \/>\n<meta property=\"article:modified_time\" content=\"2025-05-28T11:23:38+00:00\" \/>\n<meta property=\"og:image\" content=\"https:\/\/nutripartners.co\/wp-content\/uploads\/2025\/03\/ogimage.webp\" \/>\n\t<meta property=\"og:image:width\" content=\"1200\" \/>\n\t<meta property=\"og:image:height\" content=\"600\" \/>\n\t<meta property=\"og:image:type\" content=\"image\/webp\" \/>\n<meta name=\"twitter:card\" content=\"summary_large_image\" \/>\n<meta name=\"twitter:label1\" content=\"Dur\u00e9e de lecture estim\u00e9e\" \/>\n\t<meta name=\"twitter:data1\" content=\"1 minute\" \/>\n<script type=\"application\/ld+json\" class=\"yoast-schema-graph\">{\"@context\":\"https:\/\/schema.org\",\"@graph\":[{\"@type\":\"WebPage\",\"@id\":\"https:\/\/nutripartners.co\/fr\/product-supplier\/reishi\",\"url\":\"https:\/\/nutripartners.co\/fr\/product-supplier\/reishi\",\"name\":\"Reishi - Nutri Partners\",\"isPartOf\":{\"@id\":\"https:\/\/nutripartners.co\/fr#website\"},\"datePublished\":\"2025-03-11T13:48:56+00:00\",\"dateModified\":\"2025-05-28T11:23:38+00:00\",\"description\":\"Reishi en vrac de NutriPartners - un fournisseur europ\u00e9en d'extraits naturels de plantes utilis\u00e9s dans les suppl\u00e9ments, les cosm\u00e9tiques et les applications fonctionnelles.\",\"breadcrumb\":{\"@id\":\"https:\/\/nutripartners.co\/fr\/product-supplier\/reishi#breadcrumb\"},\"inLanguage\":\"fr-FR\",\"potentialAction\":[{\"@type\":\"ReadAction\",\"target\":[\"https:\/\/nutripartners.co\/fr\/product-supplier\/reishi\"]}]},{\"@type\":\"BreadcrumbList\",\"@id\":\"https:\/\/nutripartners.co\/fr\/product-supplier\/reishi#breadcrumb\",\"itemListElement\":[{\"@type\":\"ListItem\",\"position\":1,\"name\":\"Accueil\",\"item\":\"https:\/\/nutripartners.co\/fr\"},{\"@type\":\"ListItem\",\"position\":2,\"name\":\"Produits\",\"item\":\"https:\/\/nutripartners.co\/fr\/product-category\"},{\"@type\":\"ListItem\",\"position\":3,\"name\":\"\u00c0 base de plantes\",\"item\":\"https:\/\/nutripartners.co\/fr\/categorie-de-produit\/a-base-de-plantes\"},{\"@type\":\"ListItem\",\"position\":4,\"name\":\"Reishi\"}]},{\"@type\":\"WebSite\",\"@id\":\"https:\/\/nutripartners.co\/fr#website\",\"url\":\"https:\/\/nutripartners.co\/fr\",\"name\":\"Nutri Partners\",\"description\":\"Raw materials distributor\",\"publisher\":{\"@id\":\"https:\/\/nutripartners.co\/fr#organization\"},\"potentialAction\":[{\"@type\":\"SearchAction\",\"target\":{\"@type\":\"EntryPoint\",\"urlTemplate\":\"https:\/\/nutripartners.co\/fr?s={search_term_string}\"},\"query-input\":{\"@type\":\"PropertyValueSpecification\",\"valueRequired\":true,\"valueName\":\"search_term_string\"}}],\"inLanguage\":\"fr-FR\"},{\"@type\":\"Organization\",\"@id\":\"https:\/\/nutripartners.co\/fr#organization\",\"name\":\"Nutri Partners\",\"url\":\"https:\/\/nutripartners.co\/fr\",\"logo\":{\"@type\":\"ImageObject\",\"inLanguage\":\"fr-FR\",\"@id\":\"https:\/\/nutripartners.co\/fr#\/schema\/logo\/image\/\",\"url\":\"https:\/\/nutripartners.co\/wp-content\/uploads\/2025\/03\/logo-light.svg\",\"contentUrl\":\"https:\/\/nutripartners.co\/wp-content\/uploads\/2025\/03\/logo-light.svg\",\"width\":1,\"height\":1,\"caption\":\"Nutri Partners\"},\"image\":{\"@id\":\"https:\/\/nutripartners.co\/fr#\/schema\/logo\/image\/\"},\"sameAs\":[\"https:\/\/www.instagram.com\/_nutripartners_\/\",\"https:\/\/www.linkedin.com\/company\/106882083\"]}]}<\/script>\n<!-- \/ Yoast SEO Premium plugin. -->","yoast_head_json":{"title":"Reishi - Nutri Partners","description":"Reishi en vrac de NutriPartners - un fournisseur europ\u00e9en d'extraits naturels de plantes utilis\u00e9s dans les suppl\u00e9ments, les cosm\u00e9tiques et les applications fonctionnelles.","robots":{"index":"index","follow":"follow","max-snippet":"max-snippet:-1","max-image-preview":"max-image-preview:large","max-video-preview":"max-video-preview:-1"},"canonical":"https:\/\/nutripartners.co\/fr\/product-supplier\/reishi","og_locale":"fr_FR","og_type":"article","og_title":"Reishi","og_description":"Reishi en vrac de NutriPartners - un fournisseur europ\u00e9en d'extraits naturels de plantes utilis\u00e9s dans les suppl\u00e9ments, les cosm\u00e9tiques et les applications fonctionnelles.","og_url":"https:\/\/nutripartners.co\/fr\/product-supplier\/reishi","og_site_name":"Nutri Partners","article_modified_time":"2025-05-28T11:23:38+00:00","og_image":[{"width":1200,"height":600,"url":"https:\/\/nutripartners.co\/wp-content\/uploads\/2025\/03\/ogimage.webp","type":"image\/webp"}],"twitter_card":"summary_large_image","twitter_misc":{"Dur\u00e9e de lecture estim\u00e9e":"1 minute"},"schema":{"@context":"https:\/\/schema.org","@graph":[{"@type":"WebPage","@id":"https:\/\/nutripartners.co\/fr\/product-supplier\/reishi","url":"https:\/\/nutripartners.co\/fr\/product-supplier\/reishi","name":"Reishi - Nutri Partners","isPartOf":{"@id":"https:\/\/nutripartners.co\/fr#website"},"datePublished":"2025-03-11T13:48:56+00:00","dateModified":"2025-05-28T11:23:38+00:00","description":"Reishi en vrac de NutriPartners - un fournisseur europ\u00e9en d'extraits naturels de plantes utilis\u00e9s dans les suppl\u00e9ments, les cosm\u00e9tiques et les applications fonctionnelles.","breadcrumb":{"@id":"https:\/\/nutripartners.co\/fr\/product-supplier\/reishi#breadcrumb"},"inLanguage":"fr-FR","potentialAction":[{"@type":"ReadAction","target":["https:\/\/nutripartners.co\/fr\/product-supplier\/reishi"]}]},{"@type":"BreadcrumbList","@id":"https:\/\/nutripartners.co\/fr\/product-supplier\/reishi#breadcrumb","itemListElement":[{"@type":"ListItem","position":1,"name":"Accueil","item":"https:\/\/nutripartners.co\/fr"},{"@type":"ListItem","position":2,"name":"Produits","item":"https:\/\/nutripartners.co\/fr\/product-category"},{"@type":"ListItem","position":3,"name":"\u00c0 base de plantes","item":"https:\/\/nutripartners.co\/fr\/categorie-de-produit\/a-base-de-plantes"},{"@type":"ListItem","position":4,"name":"Reishi"}]},{"@type":"WebSite","@id":"https:\/\/nutripartners.co\/fr#website","url":"https:\/\/nutripartners.co\/fr","name":"Nutri Partners","description":"Raw materials distributor","publisher":{"@id":"https:\/\/nutripartners.co\/fr#organization"},"potentialAction":[{"@type":"SearchAction","target":{"@type":"EntryPoint","urlTemplate":"https:\/\/nutripartners.co\/fr?s={search_term_string}"},"query-input":{"@type":"PropertyValueSpecification","valueRequired":true,"valueName":"search_term_string"}}],"inLanguage":"fr-FR"},{"@type":"Organization","@id":"https:\/\/nutripartners.co\/fr#organization","name":"Nutri Partners","url":"https:\/\/nutripartners.co\/fr","logo":{"@type":"ImageObject","inLanguage":"fr-FR","@id":"https:\/\/nutripartners.co\/fr#\/schema\/logo\/image\/","url":"https:\/\/nutripartners.co\/wp-content\/uploads\/2025\/03\/logo-light.svg","contentUrl":"https:\/\/nutripartners.co\/wp-content\/uploads\/2025\/03\/logo-light.svg","width":1,"height":1,"caption":"Nutri Partners"},"image":{"@id":"https:\/\/nutripartners.co\/fr#\/schema\/logo\/image\/"},"sameAs":["https:\/\/www.instagram.com\/_nutripartners_\/","https:\/\/www.linkedin.com\/company\/106882083"]}]}},"_links":{"self":[{"href":"https:\/\/nutripartners.co\/fr\/wp-json\/wp\/v2\/product\/1085","targetHints":{"allow":["GET"]}}],"collection":[{"href":"https:\/\/nutripartners.co\/fr\/wp-json\/wp\/v2\/product"}],"about":[{"href":"https:\/\/nutripartners.co\/fr\/wp-json\/wp\/v2\/types\/product"}],"wp:attachment":[{"href":"https:\/\/nutripartners.co\/fr\/wp-json\/wp\/v2\/media?parent=1085"}],"wp:term":[{"taxonomy":"product-category","embeddable":true,"href":"https:\/\/nutripartners.co\/fr\/wp-json\/wp\/v2\/product-category?post=1085"}],"curies":[{"name":"wp","href":"https:\/\/api.w.org\/{rel}","templated":true}]}}