{"id":769,"date":"2025-03-11T14:48:45","date_gmt":"2025-03-11T13:48:45","guid":{"rendered":"https:\/\/nutripartners.co\/product\/cordyceps-sinensis\/"},"modified":"2025-05-28T09:35:47","modified_gmt":"2025-05-28T09:35:47","slug":"cordyceps-sinensis","status":"publish","type":"product","link":"https:\/\/nutripartners.co\/fr\/product-supplier\/cordyceps-sinensis","title":{"rendered":"Cordyceps Sinensis"},"content":{"rendered":"\n<h2 class=\"wp-block-heading\" id=\"h-product-description\">Description du produit<\/h2>\n\n<p>Cordyceps Sinensis est un extrait d\u00e9riv\u00e9 d&rsquo;un champignon connu pour ses propri\u00e9t\u00e9s b\u00e9n\u00e9fiques pour la sant\u00e9. Disponible sous diff\u00e9rentes formes et standardisations (poudre, extrait sec, extrait liquide), il peut \u00eatre utilis\u00e9 dans les industries des compl\u00e9ments alimentaires, des cosm\u00e9tiques et des produits pharmaceutiques. <\/p>\n\n<h2 class=\"wp-block-heading\" id=\"h-key-features\">Caract\u00e9ristiques principales<\/h2>\n\n<ul class=\"wp-block-list\">\n<li>Standardis\u00e9 pour les ingr\u00e9dients actifs (par exemple, les polyph\u00e9nols, les saponines)<\/li>\n\n\n\n<li>Conforme aux r\u00e9glementations de l&rsquo;UE et de l&rsquo;EFSA<\/li>\n\n\n\n<li>Sans OGM, sans gluten, v\u00e9g\u00e9talien<\/li>\n\n\n\n<li>Options d&#8217;emballage : 1-25 kg<\/li>\n<\/ul>\n\n<h2 class=\"wp-block-heading\" id=\"h-applications\">Applications<\/h2>\n\n<ul class=\"wp-block-list\">\n<li>Compl\u00e9ments alimentaires (g\u00e9lules, comprim\u00e9s, poudres)<\/li>\n\n\n\n<li>Produits naturels et dermocosm\u00e9tiques<\/li>\n\n\n\n<li>Aliments fonctionnels et nutraceutiques<\/li>\n\n\n\n<li>Produits favorisant l&rsquo;immunit\u00e9, la concentration, la digestion, etc.<\/li>\n<\/ul>\n","protected":false},"excerpt":{"rendered":"<p>Cordyceps Sinensis en vrac de NutriPartners &#8211; votre fournisseur europ\u00e9en d&rsquo;extraits naturels de plantes pour les compl\u00e9ments alimentaires, les cosm\u00e9tiques et les applications fonctionnelles.<\/p>\n","protected":false},"featured_media":0,"template":"","product-category":[83,84],"class_list":["post-769","product","type-product","status-publish","hentry","product-category-a-base-de-plantes","product-category-extraits-de-plantes"],"acf":[],"yoast_head":"<!-- This site is optimized with the Yoast SEO Premium plugin v25.0 (Yoast SEO v26.6) - https:\/\/yoast.com\/wordpress\/plugins\/seo\/ -->\n<title>Cordyceps Sinensis - Fournisseur d&#039;extraits botaniques Nutri Partners<\/title>\n<meta name=\"description\" content=\"Cordyceps Sinensis en vrac de NutriPartners - votre fournisseur europ\u00e9en d&#039;extraits naturels de plantes pour les compl\u00e9ments alimentaires, les cosm\u00e9tiques et les applications fonctionnelles.\" \/>\n<meta name=\"robots\" content=\"index, follow, max-snippet:-1, max-image-preview:large, max-video-preview:-1\" \/>\n<link rel=\"canonical\" href=\"https:\/\/nutripartners.co\/fr\/product-supplier\/cordyceps-sinensis\" \/>\n<meta property=\"og:locale\" content=\"fr_FR\" \/>\n<meta property=\"og:type\" content=\"article\" \/>\n<meta property=\"og:title\" content=\"Cordyceps Sinensis\" \/>\n<meta property=\"og:description\" content=\"Cordyceps Sinensis en vrac de NutriPartners - votre fournisseur europ\u00e9en d&#039;extraits naturels de plantes pour les compl\u00e9ments alimentaires, les cosm\u00e9tiques et les applications fonctionnelles.\" \/>\n<meta property=\"og:url\" content=\"https:\/\/nutripartners.co\/fr\/product-supplier\/cordyceps-sinensis\" \/>\n<meta property=\"og:site_name\" content=\"Nutri Partners\" \/>\n<meta property=\"article:modified_time\" content=\"2025-05-28T09:35:47+00:00\" \/>\n<meta property=\"og:image\" content=\"https:\/\/nutripartners.co\/wp-content\/uploads\/2025\/03\/ogimage.webp\" \/>\n\t<meta property=\"og:image:width\" content=\"1200\" \/>\n\t<meta property=\"og:image:height\" content=\"600\" \/>\n\t<meta property=\"og:image:type\" content=\"image\/webp\" \/>\n<meta name=\"twitter:card\" content=\"summary_large_image\" \/>\n<meta name=\"twitter:label1\" content=\"Dur\u00e9e de lecture estim\u00e9e\" \/>\n\t<meta name=\"twitter:data1\" content=\"1 minute\" \/>\n<script type=\"application\/ld+json\" class=\"yoast-schema-graph\">{\"@context\":\"https:\/\/schema.org\",\"@graph\":[{\"@type\":\"WebPage\",\"@id\":\"https:\/\/nutripartners.co\/fr\/product-supplier\/cordyceps-sinensis\",\"url\":\"https:\/\/nutripartners.co\/fr\/product-supplier\/cordyceps-sinensis\",\"name\":\"Cordyceps Sinensis - Fournisseur d'extraits botaniques Nutri Partners\",\"isPartOf\":{\"@id\":\"https:\/\/nutripartners.co\/fr#website\"},\"datePublished\":\"2025-03-11T13:48:45+00:00\",\"dateModified\":\"2025-05-28T09:35:47+00:00\",\"description\":\"Cordyceps Sinensis en vrac de NutriPartners - votre fournisseur europ\u00e9en d'extraits naturels de plantes pour les compl\u00e9ments alimentaires, les cosm\u00e9tiques et les applications fonctionnelles.\",\"breadcrumb\":{\"@id\":\"https:\/\/nutripartners.co\/fr\/product-supplier\/cordyceps-sinensis#breadcrumb\"},\"inLanguage\":\"fr-FR\",\"potentialAction\":[{\"@type\":\"ReadAction\",\"target\":[\"https:\/\/nutripartners.co\/fr\/product-supplier\/cordyceps-sinensis\"]}]},{\"@type\":\"BreadcrumbList\",\"@id\":\"https:\/\/nutripartners.co\/fr\/product-supplier\/cordyceps-sinensis#breadcrumb\",\"itemListElement\":[{\"@type\":\"ListItem\",\"position\":1,\"name\":\"Accueil\",\"item\":\"https:\/\/nutripartners.co\/fr\"},{\"@type\":\"ListItem\",\"position\":2,\"name\":\"Produits\",\"item\":\"https:\/\/nutripartners.co\/fr\/product-category\"},{\"@type\":\"ListItem\",\"position\":3,\"name\":\"\u00c0 base de plantes\",\"item\":\"https:\/\/nutripartners.co\/fr\/categorie-de-produit\/a-base-de-plantes\"},{\"@type\":\"ListItem\",\"position\":4,\"name\":\"Extraits de plantes\",\"item\":\"https:\/\/nutripartners.co\/fr\/categorie-de-produit\/a-base-de-plantes\/extraits-de-plantes\"},{\"@type\":\"ListItem\",\"position\":5,\"name\":\"Cordyceps Sinensis\"}]},{\"@type\":\"WebSite\",\"@id\":\"https:\/\/nutripartners.co\/fr#website\",\"url\":\"https:\/\/nutripartners.co\/fr\",\"name\":\"Nutri Partners\",\"description\":\"Raw materials distributor\",\"publisher\":{\"@id\":\"https:\/\/nutripartners.co\/fr#organization\"},\"potentialAction\":[{\"@type\":\"SearchAction\",\"target\":{\"@type\":\"EntryPoint\",\"urlTemplate\":\"https:\/\/nutripartners.co\/fr?s={search_term_string}\"},\"query-input\":{\"@type\":\"PropertyValueSpecification\",\"valueRequired\":true,\"valueName\":\"search_term_string\"}}],\"inLanguage\":\"fr-FR\"},{\"@type\":\"Organization\",\"@id\":\"https:\/\/nutripartners.co\/fr#organization\",\"name\":\"Nutri Partners\",\"url\":\"https:\/\/nutripartners.co\/fr\",\"logo\":{\"@type\":\"ImageObject\",\"inLanguage\":\"fr-FR\",\"@id\":\"https:\/\/nutripartners.co\/fr#\/schema\/logo\/image\/\",\"url\":\"https:\/\/nutripartners.co\/wp-content\/uploads\/2025\/03\/logo-light.svg\",\"contentUrl\":\"https:\/\/nutripartners.co\/wp-content\/uploads\/2025\/03\/logo-light.svg\",\"width\":1,\"height\":1,\"caption\":\"Nutri Partners\"},\"image\":{\"@id\":\"https:\/\/nutripartners.co\/fr#\/schema\/logo\/image\/\"},\"sameAs\":[\"https:\/\/www.instagram.com\/_nutripartners_\/\",\"https:\/\/www.linkedin.com\/company\/106882083\"]}]}<\/script>\n<!-- \/ Yoast SEO Premium plugin. -->","yoast_head_json":{"title":"Cordyceps Sinensis - Fournisseur d'extraits botaniques Nutri Partners","description":"Cordyceps Sinensis en vrac de NutriPartners - votre fournisseur europ\u00e9en d'extraits naturels de plantes pour les compl\u00e9ments alimentaires, les cosm\u00e9tiques et les applications fonctionnelles.","robots":{"index":"index","follow":"follow","max-snippet":"max-snippet:-1","max-image-preview":"max-image-preview:large","max-video-preview":"max-video-preview:-1"},"canonical":"https:\/\/nutripartners.co\/fr\/product-supplier\/cordyceps-sinensis","og_locale":"fr_FR","og_type":"article","og_title":"Cordyceps Sinensis","og_description":"Cordyceps Sinensis en vrac de NutriPartners - votre fournisseur europ\u00e9en d'extraits naturels de plantes pour les compl\u00e9ments alimentaires, les cosm\u00e9tiques et les applications fonctionnelles.","og_url":"https:\/\/nutripartners.co\/fr\/product-supplier\/cordyceps-sinensis","og_site_name":"Nutri Partners","article_modified_time":"2025-05-28T09:35:47+00:00","og_image":[{"width":1200,"height":600,"url":"https:\/\/nutripartners.co\/wp-content\/uploads\/2025\/03\/ogimage.webp","type":"image\/webp"}],"twitter_card":"summary_large_image","twitter_misc":{"Dur\u00e9e de lecture estim\u00e9e":"1 minute"},"schema":{"@context":"https:\/\/schema.org","@graph":[{"@type":"WebPage","@id":"https:\/\/nutripartners.co\/fr\/product-supplier\/cordyceps-sinensis","url":"https:\/\/nutripartners.co\/fr\/product-supplier\/cordyceps-sinensis","name":"Cordyceps Sinensis - Fournisseur d'extraits botaniques Nutri Partners","isPartOf":{"@id":"https:\/\/nutripartners.co\/fr#website"},"datePublished":"2025-03-11T13:48:45+00:00","dateModified":"2025-05-28T09:35:47+00:00","description":"Cordyceps Sinensis en vrac de NutriPartners - votre fournisseur europ\u00e9en d'extraits naturels de plantes pour les compl\u00e9ments alimentaires, les cosm\u00e9tiques et les applications fonctionnelles.","breadcrumb":{"@id":"https:\/\/nutripartners.co\/fr\/product-supplier\/cordyceps-sinensis#breadcrumb"},"inLanguage":"fr-FR","potentialAction":[{"@type":"ReadAction","target":["https:\/\/nutripartners.co\/fr\/product-supplier\/cordyceps-sinensis"]}]},{"@type":"BreadcrumbList","@id":"https:\/\/nutripartners.co\/fr\/product-supplier\/cordyceps-sinensis#breadcrumb","itemListElement":[{"@type":"ListItem","position":1,"name":"Accueil","item":"https:\/\/nutripartners.co\/fr"},{"@type":"ListItem","position":2,"name":"Produits","item":"https:\/\/nutripartners.co\/fr\/product-category"},{"@type":"ListItem","position":3,"name":"\u00c0 base de plantes","item":"https:\/\/nutripartners.co\/fr\/categorie-de-produit\/a-base-de-plantes"},{"@type":"ListItem","position":4,"name":"Extraits de plantes","item":"https:\/\/nutripartners.co\/fr\/categorie-de-produit\/a-base-de-plantes\/extraits-de-plantes"},{"@type":"ListItem","position":5,"name":"Cordyceps Sinensis"}]},{"@type":"WebSite","@id":"https:\/\/nutripartners.co\/fr#website","url":"https:\/\/nutripartners.co\/fr","name":"Nutri Partners","description":"Raw materials distributor","publisher":{"@id":"https:\/\/nutripartners.co\/fr#organization"},"potentialAction":[{"@type":"SearchAction","target":{"@type":"EntryPoint","urlTemplate":"https:\/\/nutripartners.co\/fr?s={search_term_string}"},"query-input":{"@type":"PropertyValueSpecification","valueRequired":true,"valueName":"search_term_string"}}],"inLanguage":"fr-FR"},{"@type":"Organization","@id":"https:\/\/nutripartners.co\/fr#organization","name":"Nutri Partners","url":"https:\/\/nutripartners.co\/fr","logo":{"@type":"ImageObject","inLanguage":"fr-FR","@id":"https:\/\/nutripartners.co\/fr#\/schema\/logo\/image\/","url":"https:\/\/nutripartners.co\/wp-content\/uploads\/2025\/03\/logo-light.svg","contentUrl":"https:\/\/nutripartners.co\/wp-content\/uploads\/2025\/03\/logo-light.svg","width":1,"height":1,"caption":"Nutri Partners"},"image":{"@id":"https:\/\/nutripartners.co\/fr#\/schema\/logo\/image\/"},"sameAs":["https:\/\/www.instagram.com\/_nutripartners_\/","https:\/\/www.linkedin.com\/company\/106882083"]}]}},"_links":{"self":[{"href":"https:\/\/nutripartners.co\/fr\/wp-json\/wp\/v2\/product\/769","targetHints":{"allow":["GET"]}}],"collection":[{"href":"https:\/\/nutripartners.co\/fr\/wp-json\/wp\/v2\/product"}],"about":[{"href":"https:\/\/nutripartners.co\/fr\/wp-json\/wp\/v2\/types\/product"}],"wp:attachment":[{"href":"https:\/\/nutripartners.co\/fr\/wp-json\/wp\/v2\/media?parent=769"}],"wp:term":[{"taxonomy":"product-category","embeddable":true,"href":"https:\/\/nutripartners.co\/fr\/wp-json\/wp\/v2\/product-category?post=769"}],"curies":[{"name":"wp","href":"https:\/\/api.w.org\/{rel}","templated":true}]}}