{"id":813,"date":"2025-03-11T14:48:45","date_gmt":"2025-03-11T13:48:45","guid":{"rendered":"https:\/\/nutripartners.co\/product\/isolat-de-proteines-de-lactoserum\/"},"modified":"2025-05-28T13:34:52","modified_gmt":"2025-05-28T13:34:52","slug":"isolat-de-proteines-de-lactoserum","status":"publish","type":"product","link":"https:\/\/nutripartners.co\/fr\/product-supplier\/isolat-de-proteines-de-lactoserum","title":{"rendered":"Isolat de prot\u00e9ines de lactos\u00e9rum"},"content":{"rendered":"\n<h2 class=\"wp-block-heading\" id=\"h-product-description\">Description du produit<\/h2>\n\n<p>L&rsquo;isolat de prot\u00e9ines de lactos\u00e9rum est une poudre laiti\u00e8re de haute qualit\u00e9 con\u00e7ue pour la production d&rsquo;aliments fonctionnels, de compl\u00e9ments alimentaires et de nutrition sportive. Nous proposons des mati\u00e8res premi\u00e8res dont la teneur en prot\u00e9ines et les niveaux de solubilit\u00e9 varient, adapt\u00e9es \u00e0 diff\u00e9rentes applications. <\/p>\n\n<h2 class=\"wp-block-heading\" id=\"h-key-features\">Caract\u00e9ristiques principales<\/h2>\n\n<ul class=\"wp-block-list\">\n<li>Teneur en prot\u00e9ines : variable selon les produits (35-90%)<\/li>\n\n\n\n<li>Forme : poudre (standard ou instantan\u00e9e)<\/li>\n\n\n\n<li>Go\u00fbt neutre, biodisponibilit\u00e9 \u00e9lev\u00e9e<\/li>\n\n\n\n<li>Conditionnement : sacs de 20-25 kg<\/li>\n<\/ul>\n\n<h2 class=\"wp-block-heading\" id=\"h-applications\">Applications<\/h2>\n\n<ul class=\"wp-block-list\">\n<li>Poudres et shakes prot\u00e9in\u00e9s<\/li>\n\n\n\n<li>Aliments riches en prot\u00e9ines (barres, yaourts, boissons)<\/li>\n\n\n\n<li>Produits pour les sportifs, les enfants et les personnes \u00e2g\u00e9es<\/li>\n\n\n\n<li>Produits de boulangerie et di\u00e9t\u00e9tiques enrichis en prot\u00e9ines<\/li>\n<\/ul>\n","protected":false},"excerpt":{"rendered":"<p>Isolat de prot\u00e9ines de lactos\u00e9rum disponible en gros aupr\u00e8s de NutriPartners &#8211; un fournisseur europ\u00e9en d&rsquo;ingr\u00e9dients \u00e0 base de produits laitiers pour l&rsquo;industrie alimentaire, nutritionnelle et sportive.<\/p>\n","protected":false},"featured_media":0,"template":"","product-category":[93,92],"class_list":["post-813","product","type-product","status-publish","hentry","product-category-poudres-de-lactoserum","product-category-produits-laitiers"],"acf":[],"yoast_head":"<!-- This site is optimized with the Yoast SEO Premium plugin v25.0 (Yoast SEO v26.6) - https:\/\/yoast.com\/wordpress\/plugins\/seo\/ -->\n<title>Isolat de prot\u00e9ines de lactos\u00e9rum - Nutri Partners<\/title>\n<meta name=\"description\" content=\"Isolat de prot\u00e9ines de lactos\u00e9rum disponible en gros aupr\u00e8s de NutriPartners - un fournisseur europ\u00e9en d&#039;ingr\u00e9dients \u00e0 base de produits laitiers pour l&#039;industrie alimentaire, nutritionnelle et sportive.\" \/>\n<meta name=\"robots\" content=\"index, follow, max-snippet:-1, max-image-preview:large, max-video-preview:-1\" \/>\n<link rel=\"canonical\" href=\"https:\/\/nutripartners.co\/fr\/product-supplier\/isolat-de-proteines-de-lactoserum\" \/>\n<meta property=\"og:locale\" content=\"fr_FR\" \/>\n<meta property=\"og:type\" content=\"article\" \/>\n<meta property=\"og:title\" content=\"Isolat de prot\u00e9ines de lactos\u00e9rum\" \/>\n<meta property=\"og:description\" content=\"Isolat de prot\u00e9ines de lactos\u00e9rum disponible en gros aupr\u00e8s de NutriPartners - un fournisseur europ\u00e9en d&#039;ingr\u00e9dients \u00e0 base de produits laitiers pour l&#039;industrie alimentaire, nutritionnelle et sportive.\" \/>\n<meta property=\"og:url\" content=\"https:\/\/nutripartners.co\/fr\/product-supplier\/isolat-de-proteines-de-lactoserum\" \/>\n<meta property=\"og:site_name\" content=\"Nutri Partners\" \/>\n<meta property=\"article:modified_time\" content=\"2025-05-28T13:34:52+00:00\" \/>\n<meta property=\"og:image\" content=\"https:\/\/nutripartners.co\/wp-content\/uploads\/2025\/03\/ogimage.webp\" \/>\n\t<meta property=\"og:image:width\" content=\"1200\" \/>\n\t<meta property=\"og:image:height\" content=\"600\" \/>\n\t<meta property=\"og:image:type\" content=\"image\/webp\" \/>\n<meta name=\"twitter:card\" content=\"summary_large_image\" \/>\n<meta name=\"twitter:label1\" content=\"Dur\u00e9e de lecture estim\u00e9e\" \/>\n\t<meta name=\"twitter:data1\" content=\"1 minute\" \/>\n<script type=\"application\/ld+json\" class=\"yoast-schema-graph\">{\"@context\":\"https:\/\/schema.org\",\"@graph\":[{\"@type\":\"WebPage\",\"@id\":\"https:\/\/nutripartners.co\/fr\/product-supplier\/isolat-de-proteines-de-lactoserum\",\"url\":\"https:\/\/nutripartners.co\/fr\/product-supplier\/isolat-de-proteines-de-lactoserum\",\"name\":\"Isolat de prot\u00e9ines de lactos\u00e9rum - Nutri Partners\",\"isPartOf\":{\"@id\":\"https:\/\/nutripartners.co\/fr#website\"},\"datePublished\":\"2025-03-11T13:48:45+00:00\",\"dateModified\":\"2025-05-28T13:34:52+00:00\",\"description\":\"Isolat de prot\u00e9ines de lactos\u00e9rum disponible en gros aupr\u00e8s de NutriPartners - un fournisseur europ\u00e9en d'ingr\u00e9dients \u00e0 base de produits laitiers pour l'industrie alimentaire, nutritionnelle et sportive.\",\"breadcrumb\":{\"@id\":\"https:\/\/nutripartners.co\/fr\/product-supplier\/isolat-de-proteines-de-lactoserum#breadcrumb\"},\"inLanguage\":\"fr-FR\",\"potentialAction\":[{\"@type\":\"ReadAction\",\"target\":[\"https:\/\/nutripartners.co\/fr\/product-supplier\/isolat-de-proteines-de-lactoserum\"]}]},{\"@type\":\"BreadcrumbList\",\"@id\":\"https:\/\/nutripartners.co\/fr\/product-supplier\/isolat-de-proteines-de-lactoserum#breadcrumb\",\"itemListElement\":[{\"@type\":\"ListItem\",\"position\":1,\"name\":\"Accueil\",\"item\":\"https:\/\/nutripartners.co\/fr\"},{\"@type\":\"ListItem\",\"position\":2,\"name\":\"Produits\",\"item\":\"https:\/\/nutripartners.co\/fr\/product-category\"},{\"@type\":\"ListItem\",\"position\":3,\"name\":\"Produits laitiers\",\"item\":\"https:\/\/nutripartners.co\/fr\/categorie-de-produit\/produits-laitiers\"},{\"@type\":\"ListItem\",\"position\":4,\"name\":\"Poudres de lactos\u00e9rum\",\"item\":\"https:\/\/nutripartners.co\/fr\/categorie-de-produit\/produits-laitiers\/poudres-de-lactoserum\"},{\"@type\":\"ListItem\",\"position\":5,\"name\":\"Isolat de prot\u00e9ines de lactos\u00e9rum\"}]},{\"@type\":\"WebSite\",\"@id\":\"https:\/\/nutripartners.co\/fr#website\",\"url\":\"https:\/\/nutripartners.co\/fr\",\"name\":\"Nutri Partners\",\"description\":\"Raw materials distributor\",\"publisher\":{\"@id\":\"https:\/\/nutripartners.co\/fr#organization\"},\"potentialAction\":[{\"@type\":\"SearchAction\",\"target\":{\"@type\":\"EntryPoint\",\"urlTemplate\":\"https:\/\/nutripartners.co\/fr?s={search_term_string}\"},\"query-input\":{\"@type\":\"PropertyValueSpecification\",\"valueRequired\":true,\"valueName\":\"search_term_string\"}}],\"inLanguage\":\"fr-FR\"},{\"@type\":\"Organization\",\"@id\":\"https:\/\/nutripartners.co\/fr#organization\",\"name\":\"Nutri Partners\",\"url\":\"https:\/\/nutripartners.co\/fr\",\"logo\":{\"@type\":\"ImageObject\",\"inLanguage\":\"fr-FR\",\"@id\":\"https:\/\/nutripartners.co\/fr#\/schema\/logo\/image\/\",\"url\":\"https:\/\/nutripartners.co\/wp-content\/uploads\/2025\/03\/logo-light.svg\",\"contentUrl\":\"https:\/\/nutripartners.co\/wp-content\/uploads\/2025\/03\/logo-light.svg\",\"width\":1,\"height\":1,\"caption\":\"Nutri Partners\"},\"image\":{\"@id\":\"https:\/\/nutripartners.co\/fr#\/schema\/logo\/image\/\"},\"sameAs\":[\"https:\/\/www.instagram.com\/_nutripartners_\/\",\"https:\/\/www.linkedin.com\/company\/106882083\"]}]}<\/script>\n<!-- \/ Yoast SEO Premium plugin. -->","yoast_head_json":{"title":"Isolat de prot\u00e9ines de lactos\u00e9rum - Nutri Partners","description":"Isolat de prot\u00e9ines de lactos\u00e9rum disponible en gros aupr\u00e8s de NutriPartners - un fournisseur europ\u00e9en d'ingr\u00e9dients \u00e0 base de produits laitiers pour l'industrie alimentaire, nutritionnelle et sportive.","robots":{"index":"index","follow":"follow","max-snippet":"max-snippet:-1","max-image-preview":"max-image-preview:large","max-video-preview":"max-video-preview:-1"},"canonical":"https:\/\/nutripartners.co\/fr\/product-supplier\/isolat-de-proteines-de-lactoserum","og_locale":"fr_FR","og_type":"article","og_title":"Isolat de prot\u00e9ines de lactos\u00e9rum","og_description":"Isolat de prot\u00e9ines de lactos\u00e9rum disponible en gros aupr\u00e8s de NutriPartners - un fournisseur europ\u00e9en d'ingr\u00e9dients \u00e0 base de produits laitiers pour l'industrie alimentaire, nutritionnelle et sportive.","og_url":"https:\/\/nutripartners.co\/fr\/product-supplier\/isolat-de-proteines-de-lactoserum","og_site_name":"Nutri Partners","article_modified_time":"2025-05-28T13:34:52+00:00","og_image":[{"width":1200,"height":600,"url":"https:\/\/nutripartners.co\/wp-content\/uploads\/2025\/03\/ogimage.webp","type":"image\/webp"}],"twitter_card":"summary_large_image","twitter_misc":{"Dur\u00e9e de lecture estim\u00e9e":"1 minute"},"schema":{"@context":"https:\/\/schema.org","@graph":[{"@type":"WebPage","@id":"https:\/\/nutripartners.co\/fr\/product-supplier\/isolat-de-proteines-de-lactoserum","url":"https:\/\/nutripartners.co\/fr\/product-supplier\/isolat-de-proteines-de-lactoserum","name":"Isolat de prot\u00e9ines de lactos\u00e9rum - Nutri Partners","isPartOf":{"@id":"https:\/\/nutripartners.co\/fr#website"},"datePublished":"2025-03-11T13:48:45+00:00","dateModified":"2025-05-28T13:34:52+00:00","description":"Isolat de prot\u00e9ines de lactos\u00e9rum disponible en gros aupr\u00e8s de NutriPartners - un fournisseur europ\u00e9en d'ingr\u00e9dients \u00e0 base de produits laitiers pour l'industrie alimentaire, nutritionnelle et sportive.","breadcrumb":{"@id":"https:\/\/nutripartners.co\/fr\/product-supplier\/isolat-de-proteines-de-lactoserum#breadcrumb"},"inLanguage":"fr-FR","potentialAction":[{"@type":"ReadAction","target":["https:\/\/nutripartners.co\/fr\/product-supplier\/isolat-de-proteines-de-lactoserum"]}]},{"@type":"BreadcrumbList","@id":"https:\/\/nutripartners.co\/fr\/product-supplier\/isolat-de-proteines-de-lactoserum#breadcrumb","itemListElement":[{"@type":"ListItem","position":1,"name":"Accueil","item":"https:\/\/nutripartners.co\/fr"},{"@type":"ListItem","position":2,"name":"Produits","item":"https:\/\/nutripartners.co\/fr\/product-category"},{"@type":"ListItem","position":3,"name":"Produits laitiers","item":"https:\/\/nutripartners.co\/fr\/categorie-de-produit\/produits-laitiers"},{"@type":"ListItem","position":4,"name":"Poudres de lactos\u00e9rum","item":"https:\/\/nutripartners.co\/fr\/categorie-de-produit\/produits-laitiers\/poudres-de-lactoserum"},{"@type":"ListItem","position":5,"name":"Isolat de prot\u00e9ines de lactos\u00e9rum"}]},{"@type":"WebSite","@id":"https:\/\/nutripartners.co\/fr#website","url":"https:\/\/nutripartners.co\/fr","name":"Nutri Partners","description":"Raw materials distributor","publisher":{"@id":"https:\/\/nutripartners.co\/fr#organization"},"potentialAction":[{"@type":"SearchAction","target":{"@type":"EntryPoint","urlTemplate":"https:\/\/nutripartners.co\/fr?s={search_term_string}"},"query-input":{"@type":"PropertyValueSpecification","valueRequired":true,"valueName":"search_term_string"}}],"inLanguage":"fr-FR"},{"@type":"Organization","@id":"https:\/\/nutripartners.co\/fr#organization","name":"Nutri Partners","url":"https:\/\/nutripartners.co\/fr","logo":{"@type":"ImageObject","inLanguage":"fr-FR","@id":"https:\/\/nutripartners.co\/fr#\/schema\/logo\/image\/","url":"https:\/\/nutripartners.co\/wp-content\/uploads\/2025\/03\/logo-light.svg","contentUrl":"https:\/\/nutripartners.co\/wp-content\/uploads\/2025\/03\/logo-light.svg","width":1,"height":1,"caption":"Nutri Partners"},"image":{"@id":"https:\/\/nutripartners.co\/fr#\/schema\/logo\/image\/"},"sameAs":["https:\/\/www.instagram.com\/_nutripartners_\/","https:\/\/www.linkedin.com\/company\/106882083"]}]}},"_links":{"self":[{"href":"https:\/\/nutripartners.co\/fr\/wp-json\/wp\/v2\/product\/813","targetHints":{"allow":["GET"]}}],"collection":[{"href":"https:\/\/nutripartners.co\/fr\/wp-json\/wp\/v2\/product"}],"about":[{"href":"https:\/\/nutripartners.co\/fr\/wp-json\/wp\/v2\/types\/product"}],"wp:attachment":[{"href":"https:\/\/nutripartners.co\/fr\/wp-json\/wp\/v2\/media?parent=813"}],"wp:term":[{"taxonomy":"product-category","embeddable":true,"href":"https:\/\/nutripartners.co\/fr\/wp-json\/wp\/v2\/product-category?post=813"}],"curies":[{"name":"wp","href":"https:\/\/api.w.org\/{rel}","templated":true}]}}