{"id":840,"date":"2025-03-11T14:48:44","date_gmt":"2025-03-11T13:48:44","guid":{"rendered":"https:\/\/nutripartners.co\/product\/capsules-molles\/"},"modified":"2025-05-27T11:29:22","modified_gmt":"2025-05-27T11:29:22","slug":"capsules-molles","status":"publish","type":"product","link":"https:\/\/nutripartners.co\/fr\/product-supplier\/capsules-molles","title":{"rendered":"Capsules molles"},"content":{"rendered":"\n<h2 class=\"wp-block-heading\" id=\"h-product-description\">Description du produit<\/h2>\n\n<p>Les capsules molles sont des mati\u00e8res premi\u00e8res fonctionnelles de haute qualit\u00e9 utilis\u00e9es dans les compl\u00e9ments alimentaires, les aliments destin\u00e9s \u00e0 des fins m\u00e9dicales sp\u00e9ciales et les produits pharmaceutiques. Propos\u00e9s sous diff\u00e9rentes formes et concentrations, chaque lot est accompagn\u00e9 d&rsquo;une documentation compl\u00e8te. <\/p>\n\n<h2 class=\"wp-block-heading\" id=\"h-key-features\">Caract\u00e9ristiques principales<\/h2>\n\n<ul class=\"wp-block-list\">\n<li>Qualit\u00e9 pharmaceutique ou alimentaire<\/li>\n\n\n\n<li>Puret\u00e9 : \u2265 98%<\/li>\n\n\n\n<li>Stabilit\u00e9 v\u00e9rifi\u00e9e par certification<\/li>\n\n\n\n<li>Emballage en vrac : 10-25 kg (selon le produit)<\/li>\n<\/ul>\n\n<h2 class=\"wp-block-heading\" id=\"h-applications\">Applications<\/h2>\n\n<ul class=\"wp-block-list\">\n<li>Production de g\u00e9lules, de comprim\u00e9s, de sachets et de liquides<\/li>\n\n\n\n<li>Compl\u00e9ments alimentaires pour diff\u00e9rents groupes d&rsquo;\u00e2ge<\/li>\n\n\n\n<li>Produits pharmaceutiques et nutraceutiques en vente libre<\/li>\n\n\n\n<li>Produits nutritionnels fonctionnels et m\u00e9dicaux<\/li>\n<\/ul>\n","protected":false},"excerpt":{"rendered":"<p>Les capsules molles sont disponibles en vrac chez NutriPartners &#8211; un fournisseur de confiance d&rsquo;ingr\u00e9dients fonctionnels et nutraceutiques pour les industries pharmaceutiques, des compl\u00e9ments alimentaires et de la nutrition.<\/p>\n","protected":false},"featured_media":0,"template":"","product-category":[101,102],"class_list":["post-840","product","type-product","status-publish","hentry","product-category-additifs","product-category-autre"],"acf":[],"yoast_head":"<!-- This site is optimized with the Yoast SEO Premium plugin v25.0 (Yoast SEO v26.6) - https:\/\/yoast.com\/wordpress\/plugins\/seo\/ -->\n<title>Capsules molles - Mati\u00e8res premi\u00e8res sp\u00e9cialis\u00e9es Nutri Partners<\/title>\n<meta name=\"description\" content=\"Les capsules molles sont disponibles en vrac chez NutriPartners - un fournisseur de confiance d&#039;ingr\u00e9dients fonctionnels et nutraceutiques pour les industries pharmaceutiques, des compl\u00e9ments alimentaires et de la nutrition.\" \/>\n<meta name=\"robots\" content=\"index, follow, max-snippet:-1, max-image-preview:large, max-video-preview:-1\" \/>\n<link rel=\"canonical\" href=\"https:\/\/nutripartners.co\/fr\/product-supplier\/capsules-molles\" \/>\n<meta property=\"og:locale\" content=\"fr_FR\" \/>\n<meta property=\"og:type\" content=\"article\" \/>\n<meta property=\"og:title\" content=\"Capsules molles\" \/>\n<meta property=\"og:description\" content=\"Les capsules molles sont disponibles en vrac chez NutriPartners - un fournisseur de confiance d&#039;ingr\u00e9dients fonctionnels et nutraceutiques pour les industries pharmaceutiques, des compl\u00e9ments alimentaires et de la nutrition.\" \/>\n<meta property=\"og:url\" content=\"https:\/\/nutripartners.co\/fr\/product-supplier\/capsules-molles\" \/>\n<meta property=\"og:site_name\" content=\"Nutri Partners\" \/>\n<meta property=\"article:modified_time\" content=\"2025-05-27T11:29:22+00:00\" \/>\n<meta property=\"og:image\" content=\"https:\/\/nutripartners.co\/wp-content\/uploads\/2025\/03\/ogimage.webp\" \/>\n\t<meta property=\"og:image:width\" content=\"1200\" \/>\n\t<meta property=\"og:image:height\" content=\"600\" \/>\n\t<meta property=\"og:image:type\" content=\"image\/webp\" \/>\n<meta name=\"twitter:card\" content=\"summary_large_image\" \/>\n<meta name=\"twitter:label1\" content=\"Dur\u00e9e de lecture estim\u00e9e\" \/>\n\t<meta name=\"twitter:data1\" content=\"1 minute\" \/>\n<script type=\"application\/ld+json\" class=\"yoast-schema-graph\">{\"@context\":\"https:\/\/schema.org\",\"@graph\":[{\"@type\":\"WebPage\",\"@id\":\"https:\/\/nutripartners.co\/fr\/product-supplier\/capsules-molles\",\"url\":\"https:\/\/nutripartners.co\/fr\/product-supplier\/capsules-molles\",\"name\":\"Capsules molles - Mati\u00e8res premi\u00e8res sp\u00e9cialis\u00e9es Nutri Partners\",\"isPartOf\":{\"@id\":\"https:\/\/nutripartners.co\/fr#website\"},\"datePublished\":\"2025-03-11T13:48:44+00:00\",\"dateModified\":\"2025-05-27T11:29:22+00:00\",\"description\":\"Les capsules molles sont disponibles en vrac chez NutriPartners - un fournisseur de confiance d'ingr\u00e9dients fonctionnels et nutraceutiques pour les industries pharmaceutiques, des compl\u00e9ments alimentaires et de la nutrition.\",\"breadcrumb\":{\"@id\":\"https:\/\/nutripartners.co\/fr\/product-supplier\/capsules-molles#breadcrumb\"},\"inLanguage\":\"fr-FR\",\"potentialAction\":[{\"@type\":\"ReadAction\",\"target\":[\"https:\/\/nutripartners.co\/fr\/product-supplier\/capsules-molles\"]}]},{\"@type\":\"BreadcrumbList\",\"@id\":\"https:\/\/nutripartners.co\/fr\/product-supplier\/capsules-molles#breadcrumb\",\"itemListElement\":[{\"@type\":\"ListItem\",\"position\":1,\"name\":\"Accueil\",\"item\":\"https:\/\/nutripartners.co\/fr\"},{\"@type\":\"ListItem\",\"position\":2,\"name\":\"Produits\",\"item\":\"https:\/\/nutripartners.co\/fr\/product-category\"},{\"@type\":\"ListItem\",\"position\":3,\"name\":\"Additifs\",\"item\":\"https:\/\/nutripartners.co\/fr\/categorie-de-produit\/additifs\"},{\"@type\":\"ListItem\",\"position\":4,\"name\":\"Autre\",\"item\":\"https:\/\/nutripartners.co\/fr\/categorie-de-produit\/additifs\/autre\"},{\"@type\":\"ListItem\",\"position\":5,\"name\":\"Capsules molles\"}]},{\"@type\":\"WebSite\",\"@id\":\"https:\/\/nutripartners.co\/fr#website\",\"url\":\"https:\/\/nutripartners.co\/fr\",\"name\":\"Nutri Partners\",\"description\":\"Raw materials distributor\",\"publisher\":{\"@id\":\"https:\/\/nutripartners.co\/fr#organization\"},\"potentialAction\":[{\"@type\":\"SearchAction\",\"target\":{\"@type\":\"EntryPoint\",\"urlTemplate\":\"https:\/\/nutripartners.co\/fr?s={search_term_string}\"},\"query-input\":{\"@type\":\"PropertyValueSpecification\",\"valueRequired\":true,\"valueName\":\"search_term_string\"}}],\"inLanguage\":\"fr-FR\"},{\"@type\":\"Organization\",\"@id\":\"https:\/\/nutripartners.co\/fr#organization\",\"name\":\"Nutri Partners\",\"url\":\"https:\/\/nutripartners.co\/fr\",\"logo\":{\"@type\":\"ImageObject\",\"inLanguage\":\"fr-FR\",\"@id\":\"https:\/\/nutripartners.co\/fr#\/schema\/logo\/image\/\",\"url\":\"https:\/\/nutripartners.co\/wp-content\/uploads\/2025\/03\/logo-light.svg\",\"contentUrl\":\"https:\/\/nutripartners.co\/wp-content\/uploads\/2025\/03\/logo-light.svg\",\"width\":1,\"height\":1,\"caption\":\"Nutri Partners\"},\"image\":{\"@id\":\"https:\/\/nutripartners.co\/fr#\/schema\/logo\/image\/\"},\"sameAs\":[\"https:\/\/www.instagram.com\/_nutripartners_\/\",\"https:\/\/www.linkedin.com\/company\/106882083\"]}]}<\/script>\n<!-- \/ Yoast SEO Premium plugin. -->","yoast_head_json":{"title":"Capsules molles - Mati\u00e8res premi\u00e8res sp\u00e9cialis\u00e9es Nutri Partners","description":"Les capsules molles sont disponibles en vrac chez NutriPartners - un fournisseur de confiance d'ingr\u00e9dients fonctionnels et nutraceutiques pour les industries pharmaceutiques, des compl\u00e9ments alimentaires et de la nutrition.","robots":{"index":"index","follow":"follow","max-snippet":"max-snippet:-1","max-image-preview":"max-image-preview:large","max-video-preview":"max-video-preview:-1"},"canonical":"https:\/\/nutripartners.co\/fr\/product-supplier\/capsules-molles","og_locale":"fr_FR","og_type":"article","og_title":"Capsules molles","og_description":"Les capsules molles sont disponibles en vrac chez NutriPartners - un fournisseur de confiance d'ingr\u00e9dients fonctionnels et nutraceutiques pour les industries pharmaceutiques, des compl\u00e9ments alimentaires et de la nutrition.","og_url":"https:\/\/nutripartners.co\/fr\/product-supplier\/capsules-molles","og_site_name":"Nutri Partners","article_modified_time":"2025-05-27T11:29:22+00:00","og_image":[{"width":1200,"height":600,"url":"https:\/\/nutripartners.co\/wp-content\/uploads\/2025\/03\/ogimage.webp","type":"image\/webp"}],"twitter_card":"summary_large_image","twitter_misc":{"Dur\u00e9e de lecture estim\u00e9e":"1 minute"},"schema":{"@context":"https:\/\/schema.org","@graph":[{"@type":"WebPage","@id":"https:\/\/nutripartners.co\/fr\/product-supplier\/capsules-molles","url":"https:\/\/nutripartners.co\/fr\/product-supplier\/capsules-molles","name":"Capsules molles - Mati\u00e8res premi\u00e8res sp\u00e9cialis\u00e9es Nutri Partners","isPartOf":{"@id":"https:\/\/nutripartners.co\/fr#website"},"datePublished":"2025-03-11T13:48:44+00:00","dateModified":"2025-05-27T11:29:22+00:00","description":"Les capsules molles sont disponibles en vrac chez NutriPartners - un fournisseur de confiance d'ingr\u00e9dients fonctionnels et nutraceutiques pour les industries pharmaceutiques, des compl\u00e9ments alimentaires et de la nutrition.","breadcrumb":{"@id":"https:\/\/nutripartners.co\/fr\/product-supplier\/capsules-molles#breadcrumb"},"inLanguage":"fr-FR","potentialAction":[{"@type":"ReadAction","target":["https:\/\/nutripartners.co\/fr\/product-supplier\/capsules-molles"]}]},{"@type":"BreadcrumbList","@id":"https:\/\/nutripartners.co\/fr\/product-supplier\/capsules-molles#breadcrumb","itemListElement":[{"@type":"ListItem","position":1,"name":"Accueil","item":"https:\/\/nutripartners.co\/fr"},{"@type":"ListItem","position":2,"name":"Produits","item":"https:\/\/nutripartners.co\/fr\/product-category"},{"@type":"ListItem","position":3,"name":"Additifs","item":"https:\/\/nutripartners.co\/fr\/categorie-de-produit\/additifs"},{"@type":"ListItem","position":4,"name":"Autre","item":"https:\/\/nutripartners.co\/fr\/categorie-de-produit\/additifs\/autre"},{"@type":"ListItem","position":5,"name":"Capsules molles"}]},{"@type":"WebSite","@id":"https:\/\/nutripartners.co\/fr#website","url":"https:\/\/nutripartners.co\/fr","name":"Nutri Partners","description":"Raw materials distributor","publisher":{"@id":"https:\/\/nutripartners.co\/fr#organization"},"potentialAction":[{"@type":"SearchAction","target":{"@type":"EntryPoint","urlTemplate":"https:\/\/nutripartners.co\/fr?s={search_term_string}"},"query-input":{"@type":"PropertyValueSpecification","valueRequired":true,"valueName":"search_term_string"}}],"inLanguage":"fr-FR"},{"@type":"Organization","@id":"https:\/\/nutripartners.co\/fr#organization","name":"Nutri Partners","url":"https:\/\/nutripartners.co\/fr","logo":{"@type":"ImageObject","inLanguage":"fr-FR","@id":"https:\/\/nutripartners.co\/fr#\/schema\/logo\/image\/","url":"https:\/\/nutripartners.co\/wp-content\/uploads\/2025\/03\/logo-light.svg","contentUrl":"https:\/\/nutripartners.co\/wp-content\/uploads\/2025\/03\/logo-light.svg","width":1,"height":1,"caption":"Nutri Partners"},"image":{"@id":"https:\/\/nutripartners.co\/fr#\/schema\/logo\/image\/"},"sameAs":["https:\/\/www.instagram.com\/_nutripartners_\/","https:\/\/www.linkedin.com\/company\/106882083"]}]}},"_links":{"self":[{"href":"https:\/\/nutripartners.co\/fr\/wp-json\/wp\/v2\/product\/840","targetHints":{"allow":["GET"]}}],"collection":[{"href":"https:\/\/nutripartners.co\/fr\/wp-json\/wp\/v2\/product"}],"about":[{"href":"https:\/\/nutripartners.co\/fr\/wp-json\/wp\/v2\/types\/product"}],"wp:attachment":[{"href":"https:\/\/nutripartners.co\/fr\/wp-json\/wp\/v2\/media?parent=840"}],"wp:term":[{"taxonomy":"product-category","embeddable":true,"href":"https:\/\/nutripartners.co\/fr\/wp-json\/wp\/v2\/product-category?post=840"}],"curies":[{"name":"wp","href":"https:\/\/api.w.org\/{rel}","templated":true}]}}