{"id":862,"date":"2025-03-11T14:48:44","date_gmt":"2025-03-11T13:48:44","guid":{"rendered":"https:\/\/nutripartners.co\/product\/glucosamine-hcl\/"},"modified":"2025-05-27T11:12:46","modified_gmt":"2025-05-27T11:12:46","slug":"glucosamine-hcl","status":"publish","type":"product","link":"https:\/\/nutripartners.co\/fr\/product-supplier\/glucosamine-hcl","title":{"rendered":"Glucosamine HCL"},"content":{"rendered":"\n<h2 class=\"wp-block-heading\" id=\"h-product-description\">Description du produit<\/h2>\n\n<p>La glucosamine HCL est un ingr\u00e9dient fonctionnel de haute qualit\u00e9 utilis\u00e9 dans les compl\u00e9ments alimentaires, la nutrition m\u00e9dicale et les produits pharmaceutiques. Disponible sous diff\u00e9rentes formes et concentrations, avec une documentation compl\u00e8te. <\/p>\n\n<h2 class=\"wp-block-heading\" id=\"h-key-features\">Caract\u00e9ristiques principales<\/h2>\n\n<ul class=\"wp-block-list\">\n<li>Qualit\u00e9 pharmaceutique ou alimentaire<\/li>\n\n\n\n<li>Puret\u00e9 : \u2265 98%<\/li>\n\n\n\n<li>Stabilit\u00e9 confirm\u00e9e par des certificats<\/li>\n\n\n\n<li>Emballage en vrac : 10-25 kg (selon le produit)<\/li>\n<\/ul>\n\n<h2 class=\"wp-block-heading\" id=\"h-applications\">Applications<\/h2>\n\n<ul class=\"wp-block-list\">\n<li>Production de g\u00e9lules, de comprim\u00e9s, de sachets et de liquides<\/li>\n\n\n\n<li>Compl\u00e9ments alimentaires pour tous les groupes d&rsquo;\u00e2ge<\/li>\n\n\n\n<li>Produits pharmaceutiques et nutraceutiques en vente libre<\/li>\n\n\n\n<li>Aliments fonctionnels et di\u00e9t\u00e9tiques<\/li>\n<\/ul>\n","protected":false},"excerpt":{"rendered":"<p>Glucosamine HCL en vrac disponible chez NutriPartners &#8211; votre fournisseur de confiance d&rsquo;ingr\u00e9dients fonctionnels et nutraceutiques pour l&rsquo;industrie pharmaceutique, les compl\u00e9ments alimentaires et l&rsquo;industrie alimentaire.<\/p>\n","protected":false},"featured_media":0,"template":"","product-category":[101,102],"class_list":["post-862","product","type-product","status-publish","hentry","product-category-additifs","product-category-autre"],"acf":[],"yoast_head":"<!-- This site is optimized with the Yoast SEO Premium plugin v25.0 (Yoast SEO v26.6) - https:\/\/yoast.com\/wordpress\/plugins\/seo\/ -->\n<title>Glucosamine HCL - Mati\u00e8res premi\u00e8res de sp\u00e9cialit\u00e9 Nutri Partners<\/title>\n<meta name=\"description\" content=\"Glucosamine HCL en vrac disponible chez NutriPartners - votre fournisseur de confiance d&#039;ingr\u00e9dients fonctionnels et nutraceutiques pour l&#039;industrie pharmaceutique, les compl\u00e9ments alimentaires et l&#039;industrie alimentaire.\" \/>\n<meta name=\"robots\" content=\"index, follow, max-snippet:-1, max-image-preview:large, max-video-preview:-1\" \/>\n<link rel=\"canonical\" href=\"https:\/\/nutripartners.co\/fr\/product-supplier\/glucosamine-hcl\" \/>\n<meta property=\"og:locale\" content=\"fr_FR\" \/>\n<meta property=\"og:type\" content=\"article\" \/>\n<meta property=\"og:title\" content=\"Glucosamine HCL\" \/>\n<meta property=\"og:description\" content=\"Glucosamine HCL en vrac disponible chez NutriPartners - votre fournisseur de confiance d&#039;ingr\u00e9dients fonctionnels et nutraceutiques pour l&#039;industrie pharmaceutique, les compl\u00e9ments alimentaires et l&#039;industrie alimentaire.\" \/>\n<meta property=\"og:url\" content=\"https:\/\/nutripartners.co\/fr\/product-supplier\/glucosamine-hcl\" \/>\n<meta property=\"og:site_name\" content=\"Nutri Partners\" \/>\n<meta property=\"article:modified_time\" content=\"2025-05-27T11:12:46+00:00\" \/>\n<meta property=\"og:image\" content=\"https:\/\/nutripartners.co\/wp-content\/uploads\/2025\/03\/ogimage.webp\" \/>\n\t<meta property=\"og:image:width\" content=\"1200\" \/>\n\t<meta property=\"og:image:height\" content=\"600\" \/>\n\t<meta property=\"og:image:type\" content=\"image\/webp\" \/>\n<meta name=\"twitter:card\" content=\"summary_large_image\" \/>\n<script type=\"application\/ld+json\" class=\"yoast-schema-graph\">{\"@context\":\"https:\/\/schema.org\",\"@graph\":[{\"@type\":\"WebPage\",\"@id\":\"https:\/\/nutripartners.co\/fr\/product-supplier\/glucosamine-hcl\",\"url\":\"https:\/\/nutripartners.co\/fr\/product-supplier\/glucosamine-hcl\",\"name\":\"Glucosamine HCL - Mati\u00e8res premi\u00e8res de sp\u00e9cialit\u00e9 Nutri Partners\",\"isPartOf\":{\"@id\":\"https:\/\/nutripartners.co\/fr#website\"},\"datePublished\":\"2025-03-11T13:48:44+00:00\",\"dateModified\":\"2025-05-27T11:12:46+00:00\",\"description\":\"Glucosamine HCL en vrac disponible chez NutriPartners - votre fournisseur de confiance d'ingr\u00e9dients fonctionnels et nutraceutiques pour l'industrie pharmaceutique, les compl\u00e9ments alimentaires et l'industrie alimentaire.\",\"breadcrumb\":{\"@id\":\"https:\/\/nutripartners.co\/fr\/product-supplier\/glucosamine-hcl#breadcrumb\"},\"inLanguage\":\"fr-FR\",\"potentialAction\":[{\"@type\":\"ReadAction\",\"target\":[\"https:\/\/nutripartners.co\/fr\/product-supplier\/glucosamine-hcl\"]}]},{\"@type\":\"BreadcrumbList\",\"@id\":\"https:\/\/nutripartners.co\/fr\/product-supplier\/glucosamine-hcl#breadcrumb\",\"itemListElement\":[{\"@type\":\"ListItem\",\"position\":1,\"name\":\"Accueil\",\"item\":\"https:\/\/nutripartners.co\/fr\"},{\"@type\":\"ListItem\",\"position\":2,\"name\":\"Produits\",\"item\":\"https:\/\/nutripartners.co\/fr\/product-category\"},{\"@type\":\"ListItem\",\"position\":3,\"name\":\"Additifs\",\"item\":\"https:\/\/nutripartners.co\/fr\/categorie-de-produit\/additifs\"},{\"@type\":\"ListItem\",\"position\":4,\"name\":\"Autre\",\"item\":\"https:\/\/nutripartners.co\/fr\/categorie-de-produit\/additifs\/autre\"},{\"@type\":\"ListItem\",\"position\":5,\"name\":\"Glucosamine HCL\"}]},{\"@type\":\"WebSite\",\"@id\":\"https:\/\/nutripartners.co\/fr#website\",\"url\":\"https:\/\/nutripartners.co\/fr\",\"name\":\"Nutri Partners\",\"description\":\"Raw materials distributor\",\"publisher\":{\"@id\":\"https:\/\/nutripartners.co\/fr#organization\"},\"potentialAction\":[{\"@type\":\"SearchAction\",\"target\":{\"@type\":\"EntryPoint\",\"urlTemplate\":\"https:\/\/nutripartners.co\/fr?s={search_term_string}\"},\"query-input\":{\"@type\":\"PropertyValueSpecification\",\"valueRequired\":true,\"valueName\":\"search_term_string\"}}],\"inLanguage\":\"fr-FR\"},{\"@type\":\"Organization\",\"@id\":\"https:\/\/nutripartners.co\/fr#organization\",\"name\":\"Nutri Partners\",\"url\":\"https:\/\/nutripartners.co\/fr\",\"logo\":{\"@type\":\"ImageObject\",\"inLanguage\":\"fr-FR\",\"@id\":\"https:\/\/nutripartners.co\/fr#\/schema\/logo\/image\/\",\"url\":\"https:\/\/nutripartners.co\/wp-content\/uploads\/2025\/03\/logo-light.svg\",\"contentUrl\":\"https:\/\/nutripartners.co\/wp-content\/uploads\/2025\/03\/logo-light.svg\",\"width\":1,\"height\":1,\"caption\":\"Nutri Partners\"},\"image\":{\"@id\":\"https:\/\/nutripartners.co\/fr#\/schema\/logo\/image\/\"},\"sameAs\":[\"https:\/\/www.instagram.com\/_nutripartners_\/\",\"https:\/\/www.linkedin.com\/company\/106882083\"]}]}<\/script>\n<!-- \/ Yoast SEO Premium plugin. -->","yoast_head_json":{"title":"Glucosamine HCL - Mati\u00e8res premi\u00e8res de sp\u00e9cialit\u00e9 Nutri Partners","description":"Glucosamine HCL en vrac disponible chez NutriPartners - votre fournisseur de confiance d'ingr\u00e9dients fonctionnels et nutraceutiques pour l'industrie pharmaceutique, les compl\u00e9ments alimentaires et l'industrie alimentaire.","robots":{"index":"index","follow":"follow","max-snippet":"max-snippet:-1","max-image-preview":"max-image-preview:large","max-video-preview":"max-video-preview:-1"},"canonical":"https:\/\/nutripartners.co\/fr\/product-supplier\/glucosamine-hcl","og_locale":"fr_FR","og_type":"article","og_title":"Glucosamine HCL","og_description":"Glucosamine HCL en vrac disponible chez NutriPartners - votre fournisseur de confiance d'ingr\u00e9dients fonctionnels et nutraceutiques pour l'industrie pharmaceutique, les compl\u00e9ments alimentaires et l'industrie alimentaire.","og_url":"https:\/\/nutripartners.co\/fr\/product-supplier\/glucosamine-hcl","og_site_name":"Nutri Partners","article_modified_time":"2025-05-27T11:12:46+00:00","og_image":[{"width":1200,"height":600,"url":"https:\/\/nutripartners.co\/wp-content\/uploads\/2025\/03\/ogimage.webp","type":"image\/webp"}],"twitter_card":"summary_large_image","schema":{"@context":"https:\/\/schema.org","@graph":[{"@type":"WebPage","@id":"https:\/\/nutripartners.co\/fr\/product-supplier\/glucosamine-hcl","url":"https:\/\/nutripartners.co\/fr\/product-supplier\/glucosamine-hcl","name":"Glucosamine HCL - Mati\u00e8res premi\u00e8res de sp\u00e9cialit\u00e9 Nutri Partners","isPartOf":{"@id":"https:\/\/nutripartners.co\/fr#website"},"datePublished":"2025-03-11T13:48:44+00:00","dateModified":"2025-05-27T11:12:46+00:00","description":"Glucosamine HCL en vrac disponible chez NutriPartners - votre fournisseur de confiance d'ingr\u00e9dients fonctionnels et nutraceutiques pour l'industrie pharmaceutique, les compl\u00e9ments alimentaires et l'industrie alimentaire.","breadcrumb":{"@id":"https:\/\/nutripartners.co\/fr\/product-supplier\/glucosamine-hcl#breadcrumb"},"inLanguage":"fr-FR","potentialAction":[{"@type":"ReadAction","target":["https:\/\/nutripartners.co\/fr\/product-supplier\/glucosamine-hcl"]}]},{"@type":"BreadcrumbList","@id":"https:\/\/nutripartners.co\/fr\/product-supplier\/glucosamine-hcl#breadcrumb","itemListElement":[{"@type":"ListItem","position":1,"name":"Accueil","item":"https:\/\/nutripartners.co\/fr"},{"@type":"ListItem","position":2,"name":"Produits","item":"https:\/\/nutripartners.co\/fr\/product-category"},{"@type":"ListItem","position":3,"name":"Additifs","item":"https:\/\/nutripartners.co\/fr\/categorie-de-produit\/additifs"},{"@type":"ListItem","position":4,"name":"Autre","item":"https:\/\/nutripartners.co\/fr\/categorie-de-produit\/additifs\/autre"},{"@type":"ListItem","position":5,"name":"Glucosamine HCL"}]},{"@type":"WebSite","@id":"https:\/\/nutripartners.co\/fr#website","url":"https:\/\/nutripartners.co\/fr","name":"Nutri Partners","description":"Raw materials distributor","publisher":{"@id":"https:\/\/nutripartners.co\/fr#organization"},"potentialAction":[{"@type":"SearchAction","target":{"@type":"EntryPoint","urlTemplate":"https:\/\/nutripartners.co\/fr?s={search_term_string}"},"query-input":{"@type":"PropertyValueSpecification","valueRequired":true,"valueName":"search_term_string"}}],"inLanguage":"fr-FR"},{"@type":"Organization","@id":"https:\/\/nutripartners.co\/fr#organization","name":"Nutri Partners","url":"https:\/\/nutripartners.co\/fr","logo":{"@type":"ImageObject","inLanguage":"fr-FR","@id":"https:\/\/nutripartners.co\/fr#\/schema\/logo\/image\/","url":"https:\/\/nutripartners.co\/wp-content\/uploads\/2025\/03\/logo-light.svg","contentUrl":"https:\/\/nutripartners.co\/wp-content\/uploads\/2025\/03\/logo-light.svg","width":1,"height":1,"caption":"Nutri Partners"},"image":{"@id":"https:\/\/nutripartners.co\/fr#\/schema\/logo\/image\/"},"sameAs":["https:\/\/www.instagram.com\/_nutripartners_\/","https:\/\/www.linkedin.com\/company\/106882083"]}]}},"_links":{"self":[{"href":"https:\/\/nutripartners.co\/fr\/wp-json\/wp\/v2\/product\/862","targetHints":{"allow":["GET"]}}],"collection":[{"href":"https:\/\/nutripartners.co\/fr\/wp-json\/wp\/v2\/product"}],"about":[{"href":"https:\/\/nutripartners.co\/fr\/wp-json\/wp\/v2\/types\/product"}],"wp:attachment":[{"href":"https:\/\/nutripartners.co\/fr\/wp-json\/wp\/v2\/media?parent=862"}],"wp:term":[{"taxonomy":"product-category","embeddable":true,"href":"https:\/\/nutripartners.co\/fr\/wp-json\/wp\/v2\/product-category?post=862"}],"curies":[{"name":"wp","href":"https:\/\/api.w.org\/{rel}","templated":true}]}}