{"id":891,"date":"2025-03-11T14:48:44","date_gmt":"2025-03-11T13:48:44","guid":{"rendered":"https:\/\/nutripartners.co\/product\/vitamine-c\/"},"modified":"2025-05-28T13:11:11","modified_gmt":"2025-05-28T13:11:11","slug":"vitamine-c","status":"publish","type":"product","link":"https:\/\/nutripartners.co\/fr\/product-supplier\/vitamine-c","title":{"rendered":"Vitamine C"},"content":{"rendered":"\n<h2 class=\"wp-block-heading\" id=\"h-product-description\">Description du produit<\/h2>\n\n<p>La vitamine C est un micronutriment essentiel au bon fonctionnement de l&rsquo;organisme. Nous proposons des vitamines sous forme de poudre ou de g\u00e9lules, de qualit\u00e9 pharmaceutique et alimentaire, id\u00e9ales pour les compl\u00e9ments, les m\u00e9dicaments et les produits alimentaires. <\/p>\n\n<h2 class=\"wp-block-heading\" id=\"h-key-features\">Caract\u00e9ristiques principales<\/h2>\n\n<ul class=\"wp-block-list\">\n<li>Puret\u00e9 \u2265 98%<\/li>\n\n\n\n<li>Forme : poudre, granul\u00e9s ou encapsul\u00e9s<\/li>\n\n\n\n<li>Stabilit\u00e9 et biodisponibilit\u00e9 prouv\u00e9es<\/li>\n\n\n\n<li>Documentation : COA, MSDS, fiche technique<\/li>\n<\/ul>\n\n<h2 class=\"wp-block-heading\" id=\"h-applications\">Applications<\/h2>\n\n<ul class=\"wp-block-list\">\n<li>Compl\u00e9ments alimentaires \u00e0 un ou plusieurs ingr\u00e9dients<\/li>\n\n\n\n<li>M\u00e9dicaments et produits pharmaceutiques en vente libre<\/li>\n\n\n\n<li>Aliments fonctionnels et boissons enrichies<\/li>\n\n\n\n<li>Produits pour les enfants, les personnes \u00e2g\u00e9es et les sportifs<\/li>\n<\/ul>\n","protected":false},"excerpt":{"rendered":"<p>Fourniture en vrac de vitamine C par NutriPartners &#8211; un fournisseur europ\u00e9en de vitamines pour l&rsquo;industrie pharmaceutique, les compl\u00e9ments alimentaires et l&rsquo;industrie alimentaire.<\/p>\n","protected":false},"featured_media":0,"template":"","product-category":[101,107],"class_list":["post-891","product","type-product","status-publish","hentry","product-category-additifs","product-category-vitamines"],"acf":[],"yoast_head":"<!-- This site is optimized with the Yoast SEO Premium plugin v25.0 (Yoast SEO v26.6) - https:\/\/yoast.com\/wordpress\/plugins\/seo\/ -->\n<title>Vitamine C - Nutri Partners<\/title>\n<meta name=\"description\" content=\"Fourniture en vrac de vitamine C par NutriPartners - un fournisseur europ\u00e9en de vitamines pour l&#039;industrie pharmaceutique, les compl\u00e9ments alimentaires et l&#039;industrie alimentaire.\" \/>\n<meta name=\"robots\" content=\"index, follow, max-snippet:-1, max-image-preview:large, max-video-preview:-1\" \/>\n<link rel=\"canonical\" href=\"https:\/\/nutripartners.co\/fr\/product-supplier\/vitamine-c\" \/>\n<meta property=\"og:locale\" content=\"fr_FR\" \/>\n<meta property=\"og:type\" content=\"article\" \/>\n<meta property=\"og:title\" content=\"Vitamine C\" \/>\n<meta property=\"og:description\" content=\"Fourniture en vrac de vitamine C par NutriPartners - un fournisseur europ\u00e9en de vitamines pour l&#039;industrie pharmaceutique, les compl\u00e9ments alimentaires et l&#039;industrie alimentaire.\" \/>\n<meta property=\"og:url\" content=\"https:\/\/nutripartners.co\/fr\/product-supplier\/vitamine-c\" \/>\n<meta property=\"og:site_name\" content=\"Nutri Partners\" \/>\n<meta property=\"article:modified_time\" content=\"2025-05-28T13:11:11+00:00\" \/>\n<meta property=\"og:image\" content=\"https:\/\/nutripartners.co\/wp-content\/uploads\/2025\/03\/ogimage.webp\" \/>\n\t<meta property=\"og:image:width\" content=\"1200\" \/>\n\t<meta property=\"og:image:height\" content=\"600\" \/>\n\t<meta property=\"og:image:type\" content=\"image\/webp\" \/>\n<meta name=\"twitter:card\" content=\"summary_large_image\" \/>\n<script type=\"application\/ld+json\" class=\"yoast-schema-graph\">{\"@context\":\"https:\/\/schema.org\",\"@graph\":[{\"@type\":\"WebPage\",\"@id\":\"https:\/\/nutripartners.co\/fr\/product-supplier\/vitamine-c\",\"url\":\"https:\/\/nutripartners.co\/fr\/product-supplier\/vitamine-c\",\"name\":\"Vitamine C - Nutri Partners\",\"isPartOf\":{\"@id\":\"https:\/\/nutripartners.co\/fr#website\"},\"datePublished\":\"2025-03-11T13:48:44+00:00\",\"dateModified\":\"2025-05-28T13:11:11+00:00\",\"description\":\"Fourniture en vrac de vitamine C par NutriPartners - un fournisseur europ\u00e9en de vitamines pour l'industrie pharmaceutique, les compl\u00e9ments alimentaires et l'industrie alimentaire.\",\"breadcrumb\":{\"@id\":\"https:\/\/nutripartners.co\/fr\/product-supplier\/vitamine-c#breadcrumb\"},\"inLanguage\":\"fr-FR\",\"potentialAction\":[{\"@type\":\"ReadAction\",\"target\":[\"https:\/\/nutripartners.co\/fr\/product-supplier\/vitamine-c\"]}]},{\"@type\":\"BreadcrumbList\",\"@id\":\"https:\/\/nutripartners.co\/fr\/product-supplier\/vitamine-c#breadcrumb\",\"itemListElement\":[{\"@type\":\"ListItem\",\"position\":1,\"name\":\"Accueil\",\"item\":\"https:\/\/nutripartners.co\/fr\"},{\"@type\":\"ListItem\",\"position\":2,\"name\":\"Produits\",\"item\":\"https:\/\/nutripartners.co\/fr\/product-category\"},{\"@type\":\"ListItem\",\"position\":3,\"name\":\"Additifs\",\"item\":\"https:\/\/nutripartners.co\/fr\/categorie-de-produit\/additifs\"},{\"@type\":\"ListItem\",\"position\":4,\"name\":\"Vitamines\",\"item\":\"https:\/\/nutripartners.co\/fr\/categorie-de-produit\/additifs\/vitamines\"},{\"@type\":\"ListItem\",\"position\":5,\"name\":\"Vitamine C\"}]},{\"@type\":\"WebSite\",\"@id\":\"https:\/\/nutripartners.co\/fr#website\",\"url\":\"https:\/\/nutripartners.co\/fr\",\"name\":\"Nutri Partners\",\"description\":\"Raw materials distributor\",\"publisher\":{\"@id\":\"https:\/\/nutripartners.co\/fr#organization\"},\"potentialAction\":[{\"@type\":\"SearchAction\",\"target\":{\"@type\":\"EntryPoint\",\"urlTemplate\":\"https:\/\/nutripartners.co\/fr?s={search_term_string}\"},\"query-input\":{\"@type\":\"PropertyValueSpecification\",\"valueRequired\":true,\"valueName\":\"search_term_string\"}}],\"inLanguage\":\"fr-FR\"},{\"@type\":\"Organization\",\"@id\":\"https:\/\/nutripartners.co\/fr#organization\",\"name\":\"Nutri Partners\",\"url\":\"https:\/\/nutripartners.co\/fr\",\"logo\":{\"@type\":\"ImageObject\",\"inLanguage\":\"fr-FR\",\"@id\":\"https:\/\/nutripartners.co\/fr#\/schema\/logo\/image\/\",\"url\":\"https:\/\/nutripartners.co\/wp-content\/uploads\/2025\/03\/logo-light.svg\",\"contentUrl\":\"https:\/\/nutripartners.co\/wp-content\/uploads\/2025\/03\/logo-light.svg\",\"width\":1,\"height\":1,\"caption\":\"Nutri Partners\"},\"image\":{\"@id\":\"https:\/\/nutripartners.co\/fr#\/schema\/logo\/image\/\"},\"sameAs\":[\"https:\/\/www.instagram.com\/_nutripartners_\/\",\"https:\/\/www.linkedin.com\/company\/106882083\"]}]}<\/script>\n<!-- \/ Yoast SEO Premium plugin. -->","yoast_head_json":{"title":"Vitamine C - Nutri Partners","description":"Fourniture en vrac de vitamine C par NutriPartners - un fournisseur europ\u00e9en de vitamines pour l'industrie pharmaceutique, les compl\u00e9ments alimentaires et l'industrie alimentaire.","robots":{"index":"index","follow":"follow","max-snippet":"max-snippet:-1","max-image-preview":"max-image-preview:large","max-video-preview":"max-video-preview:-1"},"canonical":"https:\/\/nutripartners.co\/fr\/product-supplier\/vitamine-c","og_locale":"fr_FR","og_type":"article","og_title":"Vitamine C","og_description":"Fourniture en vrac de vitamine C par NutriPartners - un fournisseur europ\u00e9en de vitamines pour l'industrie pharmaceutique, les compl\u00e9ments alimentaires et l'industrie alimentaire.","og_url":"https:\/\/nutripartners.co\/fr\/product-supplier\/vitamine-c","og_site_name":"Nutri Partners","article_modified_time":"2025-05-28T13:11:11+00:00","og_image":[{"width":1200,"height":600,"url":"https:\/\/nutripartners.co\/wp-content\/uploads\/2025\/03\/ogimage.webp","type":"image\/webp"}],"twitter_card":"summary_large_image","schema":{"@context":"https:\/\/schema.org","@graph":[{"@type":"WebPage","@id":"https:\/\/nutripartners.co\/fr\/product-supplier\/vitamine-c","url":"https:\/\/nutripartners.co\/fr\/product-supplier\/vitamine-c","name":"Vitamine C - Nutri Partners","isPartOf":{"@id":"https:\/\/nutripartners.co\/fr#website"},"datePublished":"2025-03-11T13:48:44+00:00","dateModified":"2025-05-28T13:11:11+00:00","description":"Fourniture en vrac de vitamine C par NutriPartners - un fournisseur europ\u00e9en de vitamines pour l'industrie pharmaceutique, les compl\u00e9ments alimentaires et l'industrie alimentaire.","breadcrumb":{"@id":"https:\/\/nutripartners.co\/fr\/product-supplier\/vitamine-c#breadcrumb"},"inLanguage":"fr-FR","potentialAction":[{"@type":"ReadAction","target":["https:\/\/nutripartners.co\/fr\/product-supplier\/vitamine-c"]}]},{"@type":"BreadcrumbList","@id":"https:\/\/nutripartners.co\/fr\/product-supplier\/vitamine-c#breadcrumb","itemListElement":[{"@type":"ListItem","position":1,"name":"Accueil","item":"https:\/\/nutripartners.co\/fr"},{"@type":"ListItem","position":2,"name":"Produits","item":"https:\/\/nutripartners.co\/fr\/product-category"},{"@type":"ListItem","position":3,"name":"Additifs","item":"https:\/\/nutripartners.co\/fr\/categorie-de-produit\/additifs"},{"@type":"ListItem","position":4,"name":"Vitamines","item":"https:\/\/nutripartners.co\/fr\/categorie-de-produit\/additifs\/vitamines"},{"@type":"ListItem","position":5,"name":"Vitamine C"}]},{"@type":"WebSite","@id":"https:\/\/nutripartners.co\/fr#website","url":"https:\/\/nutripartners.co\/fr","name":"Nutri Partners","description":"Raw materials distributor","publisher":{"@id":"https:\/\/nutripartners.co\/fr#organization"},"potentialAction":[{"@type":"SearchAction","target":{"@type":"EntryPoint","urlTemplate":"https:\/\/nutripartners.co\/fr?s={search_term_string}"},"query-input":{"@type":"PropertyValueSpecification","valueRequired":true,"valueName":"search_term_string"}}],"inLanguage":"fr-FR"},{"@type":"Organization","@id":"https:\/\/nutripartners.co\/fr#organization","name":"Nutri Partners","url":"https:\/\/nutripartners.co\/fr","logo":{"@type":"ImageObject","inLanguage":"fr-FR","@id":"https:\/\/nutripartners.co\/fr#\/schema\/logo\/image\/","url":"https:\/\/nutripartners.co\/wp-content\/uploads\/2025\/03\/logo-light.svg","contentUrl":"https:\/\/nutripartners.co\/wp-content\/uploads\/2025\/03\/logo-light.svg","width":1,"height":1,"caption":"Nutri Partners"},"image":{"@id":"https:\/\/nutripartners.co\/fr#\/schema\/logo\/image\/"},"sameAs":["https:\/\/www.instagram.com\/_nutripartners_\/","https:\/\/www.linkedin.com\/company\/106882083"]}]}},"_links":{"self":[{"href":"https:\/\/nutripartners.co\/fr\/wp-json\/wp\/v2\/product\/891","targetHints":{"allow":["GET"]}}],"collection":[{"href":"https:\/\/nutripartners.co\/fr\/wp-json\/wp\/v2\/product"}],"about":[{"href":"https:\/\/nutripartners.co\/fr\/wp-json\/wp\/v2\/types\/product"}],"wp:attachment":[{"href":"https:\/\/nutripartners.co\/fr\/wp-json\/wp\/v2\/media?parent=891"}],"wp:term":[{"taxonomy":"product-category","embeddable":true,"href":"https:\/\/nutripartners.co\/fr\/wp-json\/wp\/v2\/product-category?post=891"}],"curies":[{"name":"wp","href":"https:\/\/api.w.org\/{rel}","templated":true}]}}