{"id":925,"date":"2025-03-11T14:48:43","date_gmt":"2025-03-11T14:48:43","guid":{"rendered":"https:\/\/nutripartners.co\/product\/sucralose\/"},"modified":"2025-05-28T12:49:09","modified_gmt":"2025-05-28T12:49:09","slug":"sucralose","status":"publish","type":"product","link":"https:\/\/nutripartners.co\/fr\/product-supplier\/sucralose","title":{"rendered":"Sucralose"},"content":{"rendered":"\n<h2 class=\"wp-block-heading\" id=\"h-product-description\">Description du produit<\/h2>\n\n<p>Le sucralose est un \u00e9dulcorant fonctionnel utilis\u00e9 comme substitut du sucre. Il est id\u00e9al pour les produits hypocaloriques et sans sucre, ainsi que pour les r\u00e9gimes c\u00e9to et les formulations adapt\u00e9es aux diab\u00e9tiques. Produit disponible dans notre entrep\u00f4t en Pologne.  <\/p>\n\n<h2 class=\"wp-block-heading\" id=\"h-key-features\">Caract\u00e9ristiques principales<\/h2>\n\n<ul class=\"wp-block-list\">\n<li>Pouvoir sucrant : similaire \u00e0 celui du sucre<\/li>\n\n\n\n<li>Formes disponibles : poudre, cristalline<\/li>\n\n\n\n<li>Faible indice glyc\u00e9mique \/ z\u00e9ro calorie (selon la version)<\/li>\n\n\n\n<li>Conditionnement : sacs de 20-25 kg<\/li>\n<\/ul>\n\n<h2 class=\"wp-block-heading\" id=\"h-applications\">Applications<\/h2>\n\n<ul class=\"wp-block-list\">\n<li>Produits sans sucre et c\u00e9to<\/li>\n\n\n\n<li>Aliments fonctionnels<\/li>\n\n\n\n<li>Produits adapt\u00e9s aux diab\u00e9tiques<\/li>\n\n\n\n<li>Boissons, produits de boulangerie, confiserie, chewing-gum<\/li>\n<\/ul>\n","protected":false},"excerpt":{"rendered":"<p>Le sucralose est disponible en vrac aupr\u00e8s de NutriPartners &#8211; un fournisseur europ\u00e9en d&rsquo;\u00e9dulcorants modernes pour les applications alimentaires et di\u00e9t\u00e9tiques.<\/p>\n","protected":false},"featured_media":0,"template":"","product-category":[101,111],"class_list":["post-925","product","type-product","status-publish","hentry","product-category-additifs","product-category-edulcorants"],"acf":[],"yoast_head":"<!-- This site is optimized with the Yoast SEO Premium plugin v25.0 (Yoast SEO v26.6) - https:\/\/yoast.com\/wordpress\/plugins\/seo\/ -->\n<title>Sucralose - Nutri Partners<\/title>\n<meta name=\"description\" content=\"Le sucralose est disponible en vrac aupr\u00e8s de NutriPartners - un fournisseur europ\u00e9en d&#039;\u00e9dulcorants modernes pour les applications alimentaires et di\u00e9t\u00e9tiques.\" \/>\n<meta name=\"robots\" content=\"index, follow, max-snippet:-1, max-image-preview:large, max-video-preview:-1\" \/>\n<link rel=\"canonical\" href=\"https:\/\/nutripartners.co\/fr\/product-supplier\/sucralose\" \/>\n<meta property=\"og:locale\" content=\"fr_FR\" \/>\n<meta property=\"og:type\" content=\"article\" \/>\n<meta property=\"og:title\" content=\"Sucralose\" \/>\n<meta property=\"og:description\" content=\"Le sucralose est disponible en vrac aupr\u00e8s de NutriPartners - un fournisseur europ\u00e9en d&#039;\u00e9dulcorants modernes pour les applications alimentaires et di\u00e9t\u00e9tiques.\" \/>\n<meta property=\"og:url\" content=\"https:\/\/nutripartners.co\/fr\/product-supplier\/sucralose\" \/>\n<meta property=\"og:site_name\" content=\"Nutri Partners\" \/>\n<meta property=\"article:modified_time\" content=\"2025-05-28T12:49:09+00:00\" \/>\n<meta property=\"og:image\" content=\"https:\/\/nutripartners.co\/wp-content\/uploads\/2025\/03\/ogimage.webp\" \/>\n\t<meta property=\"og:image:width\" content=\"1200\" \/>\n\t<meta property=\"og:image:height\" content=\"600\" \/>\n\t<meta property=\"og:image:type\" content=\"image\/webp\" \/>\n<meta name=\"twitter:card\" content=\"summary_large_image\" \/>\n<script type=\"application\/ld+json\" class=\"yoast-schema-graph\">{\"@context\":\"https:\/\/schema.org\",\"@graph\":[{\"@type\":\"WebPage\",\"@id\":\"https:\/\/nutripartners.co\/fr\/product-supplier\/sucralose\",\"url\":\"https:\/\/nutripartners.co\/fr\/product-supplier\/sucralose\",\"name\":\"Sucralose - Nutri Partners\",\"isPartOf\":{\"@id\":\"https:\/\/nutripartners.co\/fr#website\"},\"datePublished\":\"2025-03-11T14:48:43+00:00\",\"dateModified\":\"2025-05-28T12:49:09+00:00\",\"description\":\"Le sucralose est disponible en vrac aupr\u00e8s de NutriPartners - un fournisseur europ\u00e9en d'\u00e9dulcorants modernes pour les applications alimentaires et di\u00e9t\u00e9tiques.\",\"breadcrumb\":{\"@id\":\"https:\/\/nutripartners.co\/fr\/product-supplier\/sucralose#breadcrumb\"},\"inLanguage\":\"fr-FR\",\"potentialAction\":[{\"@type\":\"ReadAction\",\"target\":[\"https:\/\/nutripartners.co\/fr\/product-supplier\/sucralose\"]}]},{\"@type\":\"BreadcrumbList\",\"@id\":\"https:\/\/nutripartners.co\/fr\/product-supplier\/sucralose#breadcrumb\",\"itemListElement\":[{\"@type\":\"ListItem\",\"position\":1,\"name\":\"Accueil\",\"item\":\"https:\/\/nutripartners.co\/fr\"},{\"@type\":\"ListItem\",\"position\":2,\"name\":\"Produits\",\"item\":\"https:\/\/nutripartners.co\/fr\/product-category\"},{\"@type\":\"ListItem\",\"position\":3,\"name\":\"Additifs\",\"item\":\"https:\/\/nutripartners.co\/fr\/categorie-de-produit\/additifs\"},{\"@type\":\"ListItem\",\"position\":4,\"name\":\"\u00c9dulcorants\",\"item\":\"https:\/\/nutripartners.co\/fr\/categorie-de-produit\/additifs\/edulcorants\"},{\"@type\":\"ListItem\",\"position\":5,\"name\":\"Sucralose\"}]},{\"@type\":\"WebSite\",\"@id\":\"https:\/\/nutripartners.co\/fr#website\",\"url\":\"https:\/\/nutripartners.co\/fr\",\"name\":\"Nutri Partners\",\"description\":\"Raw materials distributor\",\"publisher\":{\"@id\":\"https:\/\/nutripartners.co\/fr#organization\"},\"potentialAction\":[{\"@type\":\"SearchAction\",\"target\":{\"@type\":\"EntryPoint\",\"urlTemplate\":\"https:\/\/nutripartners.co\/fr?s={search_term_string}\"},\"query-input\":{\"@type\":\"PropertyValueSpecification\",\"valueRequired\":true,\"valueName\":\"search_term_string\"}}],\"inLanguage\":\"fr-FR\"},{\"@type\":\"Organization\",\"@id\":\"https:\/\/nutripartners.co\/fr#organization\",\"name\":\"Nutri Partners\",\"url\":\"https:\/\/nutripartners.co\/fr\",\"logo\":{\"@type\":\"ImageObject\",\"inLanguage\":\"fr-FR\",\"@id\":\"https:\/\/nutripartners.co\/fr#\/schema\/logo\/image\/\",\"url\":\"https:\/\/nutripartners.co\/wp-content\/uploads\/2025\/03\/logo-light.svg\",\"contentUrl\":\"https:\/\/nutripartners.co\/wp-content\/uploads\/2025\/03\/logo-light.svg\",\"width\":1,\"height\":1,\"caption\":\"Nutri Partners\"},\"image\":{\"@id\":\"https:\/\/nutripartners.co\/fr#\/schema\/logo\/image\/\"},\"sameAs\":[\"https:\/\/www.instagram.com\/_nutripartners_\/\",\"https:\/\/www.linkedin.com\/company\/106882083\"]}]}<\/script>\n<!-- \/ Yoast SEO Premium plugin. -->","yoast_head_json":{"title":"Sucralose - Nutri Partners","description":"Le sucralose est disponible en vrac aupr\u00e8s de NutriPartners - un fournisseur europ\u00e9en d'\u00e9dulcorants modernes pour les applications alimentaires et di\u00e9t\u00e9tiques.","robots":{"index":"index","follow":"follow","max-snippet":"max-snippet:-1","max-image-preview":"max-image-preview:large","max-video-preview":"max-video-preview:-1"},"canonical":"https:\/\/nutripartners.co\/fr\/product-supplier\/sucralose","og_locale":"fr_FR","og_type":"article","og_title":"Sucralose","og_description":"Le sucralose est disponible en vrac aupr\u00e8s de NutriPartners - un fournisseur europ\u00e9en d'\u00e9dulcorants modernes pour les applications alimentaires et di\u00e9t\u00e9tiques.","og_url":"https:\/\/nutripartners.co\/fr\/product-supplier\/sucralose","og_site_name":"Nutri Partners","article_modified_time":"2025-05-28T12:49:09+00:00","og_image":[{"width":1200,"height":600,"url":"https:\/\/nutripartners.co\/wp-content\/uploads\/2025\/03\/ogimage.webp","type":"image\/webp"}],"twitter_card":"summary_large_image","schema":{"@context":"https:\/\/schema.org","@graph":[{"@type":"WebPage","@id":"https:\/\/nutripartners.co\/fr\/product-supplier\/sucralose","url":"https:\/\/nutripartners.co\/fr\/product-supplier\/sucralose","name":"Sucralose - Nutri Partners","isPartOf":{"@id":"https:\/\/nutripartners.co\/fr#website"},"datePublished":"2025-03-11T14:48:43+00:00","dateModified":"2025-05-28T12:49:09+00:00","description":"Le sucralose est disponible en vrac aupr\u00e8s de NutriPartners - un fournisseur europ\u00e9en d'\u00e9dulcorants modernes pour les applications alimentaires et di\u00e9t\u00e9tiques.","breadcrumb":{"@id":"https:\/\/nutripartners.co\/fr\/product-supplier\/sucralose#breadcrumb"},"inLanguage":"fr-FR","potentialAction":[{"@type":"ReadAction","target":["https:\/\/nutripartners.co\/fr\/product-supplier\/sucralose"]}]},{"@type":"BreadcrumbList","@id":"https:\/\/nutripartners.co\/fr\/product-supplier\/sucralose#breadcrumb","itemListElement":[{"@type":"ListItem","position":1,"name":"Accueil","item":"https:\/\/nutripartners.co\/fr"},{"@type":"ListItem","position":2,"name":"Produits","item":"https:\/\/nutripartners.co\/fr\/product-category"},{"@type":"ListItem","position":3,"name":"Additifs","item":"https:\/\/nutripartners.co\/fr\/categorie-de-produit\/additifs"},{"@type":"ListItem","position":4,"name":"\u00c9dulcorants","item":"https:\/\/nutripartners.co\/fr\/categorie-de-produit\/additifs\/edulcorants"},{"@type":"ListItem","position":5,"name":"Sucralose"}]},{"@type":"WebSite","@id":"https:\/\/nutripartners.co\/fr#website","url":"https:\/\/nutripartners.co\/fr","name":"Nutri Partners","description":"Raw materials distributor","publisher":{"@id":"https:\/\/nutripartners.co\/fr#organization"},"potentialAction":[{"@type":"SearchAction","target":{"@type":"EntryPoint","urlTemplate":"https:\/\/nutripartners.co\/fr?s={search_term_string}"},"query-input":{"@type":"PropertyValueSpecification","valueRequired":true,"valueName":"search_term_string"}}],"inLanguage":"fr-FR"},{"@type":"Organization","@id":"https:\/\/nutripartners.co\/fr#organization","name":"Nutri Partners","url":"https:\/\/nutripartners.co\/fr","logo":{"@type":"ImageObject","inLanguage":"fr-FR","@id":"https:\/\/nutripartners.co\/fr#\/schema\/logo\/image\/","url":"https:\/\/nutripartners.co\/wp-content\/uploads\/2025\/03\/logo-light.svg","contentUrl":"https:\/\/nutripartners.co\/wp-content\/uploads\/2025\/03\/logo-light.svg","width":1,"height":1,"caption":"Nutri Partners"},"image":{"@id":"https:\/\/nutripartners.co\/fr#\/schema\/logo\/image\/"},"sameAs":["https:\/\/www.instagram.com\/_nutripartners_\/","https:\/\/www.linkedin.com\/company\/106882083"]}]}},"_links":{"self":[{"href":"https:\/\/nutripartners.co\/fr\/wp-json\/wp\/v2\/product\/925","targetHints":{"allow":["GET"]}}],"collection":[{"href":"https:\/\/nutripartners.co\/fr\/wp-json\/wp\/v2\/product"}],"about":[{"href":"https:\/\/nutripartners.co\/fr\/wp-json\/wp\/v2\/types\/product"}],"wp:attachment":[{"href":"https:\/\/nutripartners.co\/fr\/wp-json\/wp\/v2\/media?parent=925"}],"wp:term":[{"taxonomy":"product-category","embeddable":true,"href":"https:\/\/nutripartners.co\/fr\/wp-json\/wp\/v2\/product-category?post=925"}],"curies":[{"name":"wp","href":"https:\/\/api.w.org\/{rel}","templated":true}]}}