{"id":1789,"date":"2025-03-11T14:48:56","date_gmt":"2025-03-11T13:48:56","guid":{"rendered":"https:\/\/nutripartners.co\/product-supplier\/apeg-allyloxipolietilen-glikol"},"modified":"2025-07-29T14:45:07","modified_gmt":"2025-07-29T12:45:07","slug":"apeg-allyloxipolietilen-glikol","status":"publish","type":"product","link":"https:\/\/nutripartners.co\/hu\/product-supplier\/apeg-allyloxipolietilen-glikol","title":{"rendered":"APEG (Allyloxipolietil\u00e9n-glikol)"},"content":{"rendered":"\n<h2 class=\"wp-block-heading\" id=\"h-product-description\">Term\u00e9k le\u00edr\u00e1sa<\/h2>\n\n<p>Az APEG egy speci\u00e1lis polimer, amelyet k\u00f6ztes term\u00e9kk\u00e9nt haszn\u00e1lnak a polikarboxil\u00e1tok \u00e9s a modern betonadal\u00e9kanyagok szint\u00e9zis\u00e9ben. A h\u00e1ztart\u00e1si vegyiparban \u00e9s a m\u0171anyagiparban is alkalmazz\u00e1k. <\/p>\n\n<h2 class=\"wp-block-heading\" id=\"h-key-features\">F\u0151 jellemz\u0151k<\/h2>\n\n<ul class=\"wp-block-list\">\n<li>Megjelen\u00e9s: sz\u00edntelen vagy halv\u00e1nys\u00e1rga sz\u00edn\u0171 folyad\u00e9k<\/li>\n\n\n\n<li>Alilcsoport-tartalom: \u226590%<\/li>\n\n\n\n<li>REACH-konform<\/li>\n\n\n\n<li>Csomagol\u00e1s: hord\u00f3k, IBC kont\u00e9nerek<\/li>\n<\/ul>\n\n<h2 class=\"wp-block-heading\" id=\"h-applications\">Alkalmaz\u00e1sok<\/h2>\n\n<ul class=\"wp-block-list\">\n<li>Szuperl\u00e1gy\u00edt\u00f3 betonadal\u00e9kanyagok gy\u00e1rt\u00e1sa<\/li>\n\n\n\n<li>Polimer \u00e9s m\u0171anyag m\u00f3dos\u00edt\u00e1s<\/li>\n\n\n\n<li>K\u00e9miai \u00e9s laborat\u00f3riumi haszn\u00e1lat<\/li>\n\n\n\n<li>\u00c9p\u00edt\u0151ipar, cementipar \u00e9s vegyipar<\/li>\n<\/ul>\n","protected":false},"excerpt":{"rendered":"<p>V\u00e1s\u00e1rolja meg az APEG-et a Nutri Partners-t\u0151l &#8211; az \u00e9p\u00edt\u0151- \u00e9s m\u0171anyagipar fejlett k\u00e9miai nyersanyagainak sz\u00e1ll\u00edt\u00f3j\u00e1t\u00f3l.<\/p>\n","protected":false},"featured_media":0,"template":"","product-category":[],"class_list":["post-1789","product","type-product","status-publish","hentry"],"acf":[],"yoast_head":"<!-- This site is optimized with the Yoast SEO Premium plugin v25.0 (Yoast SEO v26.6) - https:\/\/yoast.com\/wordpress\/plugins\/seo\/ -->\n<title>APEG (Allyloxipolietil\u00e9n-glikol) - Nutri Partners<\/title>\n<meta name=\"description\" content=\"V\u00e1s\u00e1rolja meg az APEG-et a Nutri Partners-t\u0151l - az \u00e9p\u00edt\u0151- \u00e9s m\u0171anyagipar fejlett k\u00e9miai nyersanyagainak sz\u00e1ll\u00edt\u00f3j\u00e1t\u00f3l.\" \/>\n<meta name=\"robots\" content=\"index, follow, max-snippet:-1, max-image-preview:large, max-video-preview:-1\" \/>\n<link rel=\"canonical\" href=\"https:\/\/nutripartners.co\/hu\/product-supplier\/apeg-allyloxipolietilen-glikol\" \/>\n<meta property=\"og:locale\" content=\"hu_HU\" \/>\n<meta property=\"og:type\" content=\"article\" \/>\n<meta property=\"og:title\" content=\"APEG (Allyloxipolietil\u00e9n-glikol)\" \/>\n<meta property=\"og:description\" content=\"V\u00e1s\u00e1rolja meg az APEG-et a Nutri Partners-t\u0151l - az \u00e9p\u00edt\u0151- \u00e9s m\u0171anyagipar fejlett k\u00e9miai nyersanyagainak sz\u00e1ll\u00edt\u00f3j\u00e1t\u00f3l.\" \/>\n<meta property=\"og:url\" content=\"https:\/\/nutripartners.co\/hu\/product-supplier\/apeg-allyloxipolietilen-glikol\" \/>\n<meta property=\"og:site_name\" content=\"Nutri Partners\" \/>\n<meta property=\"article:modified_time\" content=\"2025-07-29T12:45:07+00:00\" \/>\n<meta property=\"og:image\" content=\"https:\/\/nutripartners.co\/wp-content\/uploads\/2025\/03\/ogimage.webp\" \/>\n\t<meta property=\"og:image:width\" content=\"1200\" \/>\n\t<meta property=\"og:image:height\" content=\"600\" \/>\n\t<meta property=\"og:image:type\" content=\"image\/webp\" \/>\n<meta name=\"twitter:card\" content=\"summary_large_image\" \/>\n<script type=\"application\/ld+json\" class=\"yoast-schema-graph\">{\"@context\":\"https:\/\/schema.org\",\"@graph\":[{\"@type\":\"WebPage\",\"@id\":\"https:\/\/nutripartners.co\/hu\/product-supplier\/apeg-allyloxipolietilen-glikol\",\"url\":\"https:\/\/nutripartners.co\/hu\/product-supplier\/apeg-allyloxipolietilen-glikol\",\"name\":\"APEG (Allyloxipolietil\u00e9n-glikol) - Nutri Partners\",\"isPartOf\":{\"@id\":\"https:\/\/nutripartners.co\/hu#website\"},\"datePublished\":\"2025-03-11T13:48:56+00:00\",\"dateModified\":\"2025-07-29T12:45:07+00:00\",\"description\":\"V\u00e1s\u00e1rolja meg az APEG-et a Nutri Partners-t\u0151l - az \u00e9p\u00edt\u0151- \u00e9s m\u0171anyagipar fejlett k\u00e9miai nyersanyagainak sz\u00e1ll\u00edt\u00f3j\u00e1t\u00f3l.\",\"breadcrumb\":{\"@id\":\"https:\/\/nutripartners.co\/hu\/product-supplier\/apeg-allyloxipolietilen-glikol#breadcrumb\"},\"inLanguage\":\"hu\",\"potentialAction\":[{\"@type\":\"ReadAction\",\"target\":[\"https:\/\/nutripartners.co\/hu\/product-supplier\/apeg-allyloxipolietilen-glikol\"]}]},{\"@type\":\"BreadcrumbList\",\"@id\":\"https:\/\/nutripartners.co\/hu\/product-supplier\/apeg-allyloxipolietilen-glikol#breadcrumb\",\"itemListElement\":[{\"@type\":\"ListItem\",\"position\":1,\"name\":\"Home\",\"item\":\"https:\/\/nutripartners.co\/hu\"},{\"@type\":\"ListItem\",\"position\":2,\"name\":\"Products\",\"item\":\"https:\/\/nutripartners.co\/hu\/product-category\"},{\"@type\":\"ListItem\",\"position\":3,\"name\":\"APEG (Allyloxipolietil\u00e9n-glikol)\"}]},{\"@type\":\"WebSite\",\"@id\":\"https:\/\/nutripartners.co\/hu#website\",\"url\":\"https:\/\/nutripartners.co\/hu\",\"name\":\"Nutri Partners\",\"description\":\"Raw materials distributor\",\"publisher\":{\"@id\":\"https:\/\/nutripartners.co\/hu#organization\"},\"potentialAction\":[{\"@type\":\"SearchAction\",\"target\":{\"@type\":\"EntryPoint\",\"urlTemplate\":\"https:\/\/nutripartners.co\/hu?s={search_term_string}\"},\"query-input\":{\"@type\":\"PropertyValueSpecification\",\"valueRequired\":true,\"valueName\":\"search_term_string\"}}],\"inLanguage\":\"hu\"},{\"@type\":\"Organization\",\"@id\":\"https:\/\/nutripartners.co\/hu#organization\",\"name\":\"Nutri Partners\",\"url\":\"https:\/\/nutripartners.co\/hu\",\"logo\":{\"@type\":\"ImageObject\",\"inLanguage\":\"hu\",\"@id\":\"https:\/\/nutripartners.co\/hu#\/schema\/logo\/image\/\",\"url\":\"https:\/\/nutripartners.co\/wp-content\/uploads\/2025\/03\/logo-light.svg\",\"contentUrl\":\"https:\/\/nutripartners.co\/wp-content\/uploads\/2025\/03\/logo-light.svg\",\"width\":1,\"height\":1,\"caption\":\"Nutri Partners\"},\"image\":{\"@id\":\"https:\/\/nutripartners.co\/hu#\/schema\/logo\/image\/\"},\"sameAs\":[\"https:\/\/www.instagram.com\/_nutripartners_\/\",\"https:\/\/www.linkedin.com\/company\/106882083\"]}]}<\/script>\n<!-- \/ Yoast SEO Premium plugin. -->","yoast_head_json":{"title":"APEG (Allyloxipolietil\u00e9n-glikol) - Nutri Partners","description":"V\u00e1s\u00e1rolja meg az APEG-et a Nutri Partners-t\u0151l - az \u00e9p\u00edt\u0151- \u00e9s m\u0171anyagipar fejlett k\u00e9miai nyersanyagainak sz\u00e1ll\u00edt\u00f3j\u00e1t\u00f3l.","robots":{"index":"index","follow":"follow","max-snippet":"max-snippet:-1","max-image-preview":"max-image-preview:large","max-video-preview":"max-video-preview:-1"},"canonical":"https:\/\/nutripartners.co\/hu\/product-supplier\/apeg-allyloxipolietilen-glikol","og_locale":"hu_HU","og_type":"article","og_title":"APEG (Allyloxipolietil\u00e9n-glikol)","og_description":"V\u00e1s\u00e1rolja meg az APEG-et a Nutri Partners-t\u0151l - az \u00e9p\u00edt\u0151- \u00e9s m\u0171anyagipar fejlett k\u00e9miai nyersanyagainak sz\u00e1ll\u00edt\u00f3j\u00e1t\u00f3l.","og_url":"https:\/\/nutripartners.co\/hu\/product-supplier\/apeg-allyloxipolietilen-glikol","og_site_name":"Nutri Partners","article_modified_time":"2025-07-29T12:45:07+00:00","og_image":[{"width":1200,"height":600,"url":"https:\/\/nutripartners.co\/wp-content\/uploads\/2025\/03\/ogimage.webp","type":"image\/webp"}],"twitter_card":"summary_large_image","schema":{"@context":"https:\/\/schema.org","@graph":[{"@type":"WebPage","@id":"https:\/\/nutripartners.co\/hu\/product-supplier\/apeg-allyloxipolietilen-glikol","url":"https:\/\/nutripartners.co\/hu\/product-supplier\/apeg-allyloxipolietilen-glikol","name":"APEG (Allyloxipolietil\u00e9n-glikol) - Nutri Partners","isPartOf":{"@id":"https:\/\/nutripartners.co\/hu#website"},"datePublished":"2025-03-11T13:48:56+00:00","dateModified":"2025-07-29T12:45:07+00:00","description":"V\u00e1s\u00e1rolja meg az APEG-et a Nutri Partners-t\u0151l - az \u00e9p\u00edt\u0151- \u00e9s m\u0171anyagipar fejlett k\u00e9miai nyersanyagainak sz\u00e1ll\u00edt\u00f3j\u00e1t\u00f3l.","breadcrumb":{"@id":"https:\/\/nutripartners.co\/hu\/product-supplier\/apeg-allyloxipolietilen-glikol#breadcrumb"},"inLanguage":"hu","potentialAction":[{"@type":"ReadAction","target":["https:\/\/nutripartners.co\/hu\/product-supplier\/apeg-allyloxipolietilen-glikol"]}]},{"@type":"BreadcrumbList","@id":"https:\/\/nutripartners.co\/hu\/product-supplier\/apeg-allyloxipolietilen-glikol#breadcrumb","itemListElement":[{"@type":"ListItem","position":1,"name":"Home","item":"https:\/\/nutripartners.co\/hu"},{"@type":"ListItem","position":2,"name":"Products","item":"https:\/\/nutripartners.co\/hu\/product-category"},{"@type":"ListItem","position":3,"name":"APEG (Allyloxipolietil\u00e9n-glikol)"}]},{"@type":"WebSite","@id":"https:\/\/nutripartners.co\/hu#website","url":"https:\/\/nutripartners.co\/hu","name":"Nutri Partners","description":"Raw materials distributor","publisher":{"@id":"https:\/\/nutripartners.co\/hu#organization"},"potentialAction":[{"@type":"SearchAction","target":{"@type":"EntryPoint","urlTemplate":"https:\/\/nutripartners.co\/hu?s={search_term_string}"},"query-input":{"@type":"PropertyValueSpecification","valueRequired":true,"valueName":"search_term_string"}}],"inLanguage":"hu"},{"@type":"Organization","@id":"https:\/\/nutripartners.co\/hu#organization","name":"Nutri Partners","url":"https:\/\/nutripartners.co\/hu","logo":{"@type":"ImageObject","inLanguage":"hu","@id":"https:\/\/nutripartners.co\/hu#\/schema\/logo\/image\/","url":"https:\/\/nutripartners.co\/wp-content\/uploads\/2025\/03\/logo-light.svg","contentUrl":"https:\/\/nutripartners.co\/wp-content\/uploads\/2025\/03\/logo-light.svg","width":1,"height":1,"caption":"Nutri Partners"},"image":{"@id":"https:\/\/nutripartners.co\/hu#\/schema\/logo\/image\/"},"sameAs":["https:\/\/www.instagram.com\/_nutripartners_\/","https:\/\/www.linkedin.com\/company\/106882083"]}]}},"_links":{"self":[{"href":"https:\/\/nutripartners.co\/hu\/wp-json\/wp\/v2\/product\/1789","targetHints":{"allow":["GET"]}}],"collection":[{"href":"https:\/\/nutripartners.co\/hu\/wp-json\/wp\/v2\/product"}],"about":[{"href":"https:\/\/nutripartners.co\/hu\/wp-json\/wp\/v2\/types\/product"}],"wp:attachment":[{"href":"https:\/\/nutripartners.co\/hu\/wp-json\/wp\/v2\/media?parent=1789"}],"wp:term":[{"taxonomy":"product-category","embeddable":true,"href":"https:\/\/nutripartners.co\/hu\/wp-json\/wp\/v2\/product-category?post=1789"}],"curies":[{"name":"wp","href":"https:\/\/api.w.org\/{rel}","templated":true}]}}