{"id":1792,"date":"2025-03-11T14:48:56","date_gmt":"2025-03-11T13:48:56","guid":{"rendered":"https:\/\/nutripartners.co\/product-supplier\/borso-feherje"},"modified":"2025-07-29T14:45:11","modified_gmt":"2025-07-29T12:45:11","slug":"borso-feherje","status":"publish","type":"product","link":"https:\/\/nutripartners.co\/hu\/product-supplier\/borso-feherje","title":{"rendered":"Bors\u00f3 feh\u00e9rje"},"content":{"rendered":"\n<h2 class=\"wp-block-heading\" id=\"h-product-description\">Term\u00e9k le\u00edr\u00e1sa<\/h2>\n\n<p>A bors\u00f3feh\u00e9rje kiv\u00e1l\u00f3 min\u0151s\u00e9g\u0171 n\u00f6v\u00e9nyi alap\u00fa feh\u00e9rjekoncentr\u00e1tum, amely ide\u00e1lis tejmentes, veg\u00e1n, feh\u00e9rj\u00e9ben gazdag \u00e9s funkcion\u00e1lis term\u00e9kekben val\u00f3 felhaszn\u00e1l\u00e1sra. Az alapanyagot por alakban, feh\u00e9rjetartalomra szabv\u00e1nyos\u00edtott form\u00e1ban sz\u00e1ll\u00edtjuk. <\/p>\n\n<h2 class=\"wp-block-heading\" id=\"h-key-features\">F\u0151 jellemz\u0151k<\/h2>\n\n<ul class=\"wp-block-list\">\n<li>Feh\u00e9rjetartalom: \u2265 70-85% (term\u00e9kt\u0151l f\u00fcgg\u0151en)<\/li>\n\n\n\n<li>Veg\u00e1n, non-GMO, glut\u00e9nmentes<\/li>\n\n\n\n<li>Semleges \u00edz \u00e9s magas oldhat\u00f3s\u00e1g<\/li>\n\n\n\n<li>Csomagol\u00e1s: 20-25 kg-os zs\u00e1kok<\/li>\n<\/ul>\n\n<h2 class=\"wp-block-heading\" id=\"h-applications\">Alkalmaz\u00e1sok<\/h2>\n\n<ul class=\"wp-block-list\">\n<li>Feh\u00e9rjeporok \u00e9s sportkieg\u00e9sz\u00edt\u0151k<\/li>\n\n\n\n<li>Feh\u00e9rjeszeletek, shake-ek, RTD italok<\/li>\n\n\n\n<li>Veg\u00e1n \u00e9s funkcion\u00e1lis \u00e9lelmiszerek<\/li>\n\n\n\n<li>P\u00e9k\u00e1ruk, t\u00e9szt\u00e1k, instant term\u00e9kek<\/li>\n<\/ul>\n","protected":false},"excerpt":{"rendered":"<p>Bors\u00f3feh\u00e9rje nagykereskedelem a NutriPartners-t\u0151l &#8211; term\u00e9szetes n\u00f6v\u00e9nyi alap\u00fa feh\u00e9rj\u00e9k eur\u00f3pai sz\u00e1ll\u00edt\u00f3ja az \u00e9lelmiszer-, di\u00e9t\u00e1s \u00e9s sportt\u00e1pl\u00e1lkoz\u00e1si ipar\u00e1gak sz\u00e1m\u00e1ra.<\/p>\n","protected":false},"featured_media":0,"template":"","product-category":[],"class_list":["post-1792","product","type-product","status-publish","hentry"],"acf":[],"yoast_head":"<!-- This site is optimized with the Yoast SEO Premium plugin v25.0 (Yoast SEO v26.6) - https:\/\/yoast.com\/wordpress\/plugins\/seo\/ -->\n<title>Bors\u00f3 feh\u00e9rje - Nutri Partners<\/title>\n<meta name=\"description\" content=\"Bors\u00f3feh\u00e9rje nagykereskedelem a NutriPartners-t\u0151l - term\u00e9szetes n\u00f6v\u00e9nyi alap\u00fa feh\u00e9rj\u00e9k eur\u00f3pai sz\u00e1ll\u00edt\u00f3ja az \u00e9lelmiszer-, di\u00e9t\u00e1s \u00e9s sportt\u00e1pl\u00e1lkoz\u00e1si ipar\u00e1gak sz\u00e1m\u00e1ra.\" \/>\n<meta name=\"robots\" content=\"index, follow, max-snippet:-1, max-image-preview:large, max-video-preview:-1\" \/>\n<link rel=\"canonical\" href=\"https:\/\/nutripartners.co\/hu\/product-supplier\/borso-feherje\" \/>\n<meta property=\"og:locale\" content=\"hu_HU\" \/>\n<meta property=\"og:type\" content=\"article\" \/>\n<meta property=\"og:title\" content=\"Bors\u00f3 feh\u00e9rje\" \/>\n<meta property=\"og:description\" content=\"Bors\u00f3feh\u00e9rje nagykereskedelem a NutriPartners-t\u0151l - term\u00e9szetes n\u00f6v\u00e9nyi alap\u00fa feh\u00e9rj\u00e9k eur\u00f3pai sz\u00e1ll\u00edt\u00f3ja az \u00e9lelmiszer-, di\u00e9t\u00e1s \u00e9s sportt\u00e1pl\u00e1lkoz\u00e1si ipar\u00e1gak sz\u00e1m\u00e1ra.\" \/>\n<meta property=\"og:url\" content=\"https:\/\/nutripartners.co\/hu\/product-supplier\/borso-feherje\" \/>\n<meta property=\"og:site_name\" content=\"Nutri Partners\" \/>\n<meta property=\"article:modified_time\" content=\"2025-07-29T12:45:11+00:00\" \/>\n<meta property=\"og:image\" content=\"https:\/\/nutripartners.co\/wp-content\/uploads\/2025\/03\/ogimage.webp\" \/>\n\t<meta property=\"og:image:width\" content=\"1200\" \/>\n\t<meta property=\"og:image:height\" content=\"600\" \/>\n\t<meta property=\"og:image:type\" content=\"image\/webp\" \/>\n<meta name=\"twitter:card\" content=\"summary_large_image\" \/>\n<meta name=\"twitter:label1\" content=\"Becs\u00fclt olvas\u00e1si id\u0151\" \/>\n\t<meta name=\"twitter:data1\" content=\"1 perc\" \/>\n<script type=\"application\/ld+json\" class=\"yoast-schema-graph\">{\"@context\":\"https:\/\/schema.org\",\"@graph\":[{\"@type\":\"WebPage\",\"@id\":\"https:\/\/nutripartners.co\/hu\/product-supplier\/borso-feherje\",\"url\":\"https:\/\/nutripartners.co\/hu\/product-supplier\/borso-feherje\",\"name\":\"Bors\u00f3 feh\u00e9rje - Nutri Partners\",\"isPartOf\":{\"@id\":\"https:\/\/nutripartners.co\/hu#website\"},\"datePublished\":\"2025-03-11T13:48:56+00:00\",\"dateModified\":\"2025-07-29T12:45:11+00:00\",\"description\":\"Bors\u00f3feh\u00e9rje nagykereskedelem a NutriPartners-t\u0151l - term\u00e9szetes n\u00f6v\u00e9nyi alap\u00fa feh\u00e9rj\u00e9k eur\u00f3pai sz\u00e1ll\u00edt\u00f3ja az \u00e9lelmiszer-, di\u00e9t\u00e1s \u00e9s sportt\u00e1pl\u00e1lkoz\u00e1si ipar\u00e1gak sz\u00e1m\u00e1ra.\",\"breadcrumb\":{\"@id\":\"https:\/\/nutripartners.co\/hu\/product-supplier\/borso-feherje#breadcrumb\"},\"inLanguage\":\"hu\",\"potentialAction\":[{\"@type\":\"ReadAction\",\"target\":[\"https:\/\/nutripartners.co\/hu\/product-supplier\/borso-feherje\"]}]},{\"@type\":\"BreadcrumbList\",\"@id\":\"https:\/\/nutripartners.co\/hu\/product-supplier\/borso-feherje#breadcrumb\",\"itemListElement\":[{\"@type\":\"ListItem\",\"position\":1,\"name\":\"Home\",\"item\":\"https:\/\/nutripartners.co\/hu\"},{\"@type\":\"ListItem\",\"position\":2,\"name\":\"Products\",\"item\":\"https:\/\/nutripartners.co\/hu\/product-category\"},{\"@type\":\"ListItem\",\"position\":3,\"name\":\"Bors\u00f3 feh\u00e9rje\"}]},{\"@type\":\"WebSite\",\"@id\":\"https:\/\/nutripartners.co\/hu#website\",\"url\":\"https:\/\/nutripartners.co\/hu\",\"name\":\"Nutri Partners\",\"description\":\"Raw materials distributor\",\"publisher\":{\"@id\":\"https:\/\/nutripartners.co\/hu#organization\"},\"potentialAction\":[{\"@type\":\"SearchAction\",\"target\":{\"@type\":\"EntryPoint\",\"urlTemplate\":\"https:\/\/nutripartners.co\/hu?s={search_term_string}\"},\"query-input\":{\"@type\":\"PropertyValueSpecification\",\"valueRequired\":true,\"valueName\":\"search_term_string\"}}],\"inLanguage\":\"hu\"},{\"@type\":\"Organization\",\"@id\":\"https:\/\/nutripartners.co\/hu#organization\",\"name\":\"Nutri Partners\",\"url\":\"https:\/\/nutripartners.co\/hu\",\"logo\":{\"@type\":\"ImageObject\",\"inLanguage\":\"hu\",\"@id\":\"https:\/\/nutripartners.co\/hu#\/schema\/logo\/image\/\",\"url\":\"https:\/\/nutripartners.co\/wp-content\/uploads\/2025\/03\/logo-light.svg\",\"contentUrl\":\"https:\/\/nutripartners.co\/wp-content\/uploads\/2025\/03\/logo-light.svg\",\"width\":1,\"height\":1,\"caption\":\"Nutri Partners\"},\"image\":{\"@id\":\"https:\/\/nutripartners.co\/hu#\/schema\/logo\/image\/\"},\"sameAs\":[\"https:\/\/www.instagram.com\/_nutripartners_\/\",\"https:\/\/www.linkedin.com\/company\/106882083\"]}]}<\/script>\n<!-- \/ Yoast SEO Premium plugin. -->","yoast_head_json":{"title":"Bors\u00f3 feh\u00e9rje - Nutri Partners","description":"Bors\u00f3feh\u00e9rje nagykereskedelem a NutriPartners-t\u0151l - term\u00e9szetes n\u00f6v\u00e9nyi alap\u00fa feh\u00e9rj\u00e9k eur\u00f3pai sz\u00e1ll\u00edt\u00f3ja az \u00e9lelmiszer-, di\u00e9t\u00e1s \u00e9s sportt\u00e1pl\u00e1lkoz\u00e1si ipar\u00e1gak sz\u00e1m\u00e1ra.","robots":{"index":"index","follow":"follow","max-snippet":"max-snippet:-1","max-image-preview":"max-image-preview:large","max-video-preview":"max-video-preview:-1"},"canonical":"https:\/\/nutripartners.co\/hu\/product-supplier\/borso-feherje","og_locale":"hu_HU","og_type":"article","og_title":"Bors\u00f3 feh\u00e9rje","og_description":"Bors\u00f3feh\u00e9rje nagykereskedelem a NutriPartners-t\u0151l - term\u00e9szetes n\u00f6v\u00e9nyi alap\u00fa feh\u00e9rj\u00e9k eur\u00f3pai sz\u00e1ll\u00edt\u00f3ja az \u00e9lelmiszer-, di\u00e9t\u00e1s \u00e9s sportt\u00e1pl\u00e1lkoz\u00e1si ipar\u00e1gak sz\u00e1m\u00e1ra.","og_url":"https:\/\/nutripartners.co\/hu\/product-supplier\/borso-feherje","og_site_name":"Nutri Partners","article_modified_time":"2025-07-29T12:45:11+00:00","og_image":[{"width":1200,"height":600,"url":"https:\/\/nutripartners.co\/wp-content\/uploads\/2025\/03\/ogimage.webp","type":"image\/webp"}],"twitter_card":"summary_large_image","twitter_misc":{"Becs\u00fclt olvas\u00e1si id\u0151":"1 perc"},"schema":{"@context":"https:\/\/schema.org","@graph":[{"@type":"WebPage","@id":"https:\/\/nutripartners.co\/hu\/product-supplier\/borso-feherje","url":"https:\/\/nutripartners.co\/hu\/product-supplier\/borso-feherje","name":"Bors\u00f3 feh\u00e9rje - Nutri Partners","isPartOf":{"@id":"https:\/\/nutripartners.co\/hu#website"},"datePublished":"2025-03-11T13:48:56+00:00","dateModified":"2025-07-29T12:45:11+00:00","description":"Bors\u00f3feh\u00e9rje nagykereskedelem a NutriPartners-t\u0151l - term\u00e9szetes n\u00f6v\u00e9nyi alap\u00fa feh\u00e9rj\u00e9k eur\u00f3pai sz\u00e1ll\u00edt\u00f3ja az \u00e9lelmiszer-, di\u00e9t\u00e1s \u00e9s sportt\u00e1pl\u00e1lkoz\u00e1si ipar\u00e1gak sz\u00e1m\u00e1ra.","breadcrumb":{"@id":"https:\/\/nutripartners.co\/hu\/product-supplier\/borso-feherje#breadcrumb"},"inLanguage":"hu","potentialAction":[{"@type":"ReadAction","target":["https:\/\/nutripartners.co\/hu\/product-supplier\/borso-feherje"]}]},{"@type":"BreadcrumbList","@id":"https:\/\/nutripartners.co\/hu\/product-supplier\/borso-feherje#breadcrumb","itemListElement":[{"@type":"ListItem","position":1,"name":"Home","item":"https:\/\/nutripartners.co\/hu"},{"@type":"ListItem","position":2,"name":"Products","item":"https:\/\/nutripartners.co\/hu\/product-category"},{"@type":"ListItem","position":3,"name":"Bors\u00f3 feh\u00e9rje"}]},{"@type":"WebSite","@id":"https:\/\/nutripartners.co\/hu#website","url":"https:\/\/nutripartners.co\/hu","name":"Nutri Partners","description":"Raw materials distributor","publisher":{"@id":"https:\/\/nutripartners.co\/hu#organization"},"potentialAction":[{"@type":"SearchAction","target":{"@type":"EntryPoint","urlTemplate":"https:\/\/nutripartners.co\/hu?s={search_term_string}"},"query-input":{"@type":"PropertyValueSpecification","valueRequired":true,"valueName":"search_term_string"}}],"inLanguage":"hu"},{"@type":"Organization","@id":"https:\/\/nutripartners.co\/hu#organization","name":"Nutri Partners","url":"https:\/\/nutripartners.co\/hu","logo":{"@type":"ImageObject","inLanguage":"hu","@id":"https:\/\/nutripartners.co\/hu#\/schema\/logo\/image\/","url":"https:\/\/nutripartners.co\/wp-content\/uploads\/2025\/03\/logo-light.svg","contentUrl":"https:\/\/nutripartners.co\/wp-content\/uploads\/2025\/03\/logo-light.svg","width":1,"height":1,"caption":"Nutri Partners"},"image":{"@id":"https:\/\/nutripartners.co\/hu#\/schema\/logo\/image\/"},"sameAs":["https:\/\/www.instagram.com\/_nutripartners_\/","https:\/\/www.linkedin.com\/company\/106882083"]}]}},"_links":{"self":[{"href":"https:\/\/nutripartners.co\/hu\/wp-json\/wp\/v2\/product\/1792","targetHints":{"allow":["GET"]}}],"collection":[{"href":"https:\/\/nutripartners.co\/hu\/wp-json\/wp\/v2\/product"}],"about":[{"href":"https:\/\/nutripartners.co\/hu\/wp-json\/wp\/v2\/types\/product"}],"wp:attachment":[{"href":"https:\/\/nutripartners.co\/hu\/wp-json\/wp\/v2\/media?parent=1792"}],"wp:term":[{"taxonomy":"product-category","embeddable":true,"href":"https:\/\/nutripartners.co\/hu\/wp-json\/wp\/v2\/product-category?post=1792"}],"curies":[{"name":"wp","href":"https:\/\/api.w.org\/{rel}","templated":true}]}}