{"id":1797,"date":"2025-03-11T14:48:55","date_gmt":"2025-03-11T13:48:55","guid":{"rendered":"https:\/\/nutripartners.co\/product-supplier\/pp-polipropilen"},"modified":"2025-07-29T14:45:17","modified_gmt":"2025-07-29T12:45:17","slug":"pp-polipropilen","status":"publish","type":"product","link":"https:\/\/nutripartners.co\/hu\/product-supplier\/pp-polipropilen","title":{"rendered":"PP (polipropil\u00e9n)"},"content":{"rendered":"\n<h2 class=\"wp-block-heading\" id=\"h-product-description\">Term\u00e9k le\u00edr\u00e1sa<\/h2>\n\n<p>A polipropil\u00e9n (PP) egy h\u0151re l\u00e1gyul\u00f3 polimer, amely nagy k\u00e9miai, h\u0151- \u00e9s mechanikai ellen\u00e1ll\u00e1ssal rendelkezik. Az aut\u00f3iparban, a textiliparban, a csomagol\u00f3iparban \u00e9s az \u00e9p\u00edt\u0151iparban haszn\u00e1lj\u00e1k. <\/p>\n\n<h2 class=\"wp-block-heading\" id=\"h-key-features\">F\u0151 jellemz\u0151k<\/h2>\n\n<ul class=\"wp-block-list\">\n<li>S\u0171r\u0171s\u00e9g: ~0,90 g\/cm\u00b3<\/li>\n\n\n\n<li>Olvad\u00e1spont: ~160-170\u00b0C<\/li>\n\n\n\n<li>Kiv\u00e1l\u00f3 f\u00e1rad\u00e1s- \u00e9s deform\u00e1ci\u00f3\u00e1ll\u00f3s\u00e1g<\/li>\n\n\n\n<li>T\u00f6bbf\u00e9le t\u00edpusban kaphat\u00f3: homopolimer, kopolimer<\/li>\n<\/ul>\n\n<h2 class=\"wp-block-heading\" id=\"h-applications\">Alkalmaz\u00e1sok<\/h2>\n\n<ul class=\"wp-block-list\">\n<li>Aut\u00f3alkatr\u00e9szek \u00e9s h\u00e1ztart\u00e1si k\u00e9sz\u00fcl\u00e9kek<\/li>\n\n\n\n<li>F\u00f3li\u00e1k, tart\u00e1lyok, sz\u00e1lak<\/li>\n\n\n\n<li>M\u00e9rn\u00f6ki alkalmaz\u00e1sok<\/li>\n\n\n\n<li>Csomagol\u00e1s \u00e9s szerkezeti elemek<\/li>\n<\/ul>\n","protected":false},"excerpt":{"rendered":"<p>V\u00e1s\u00e1roljon PP-t (polipropil\u00e9n) a Nutri Partners-t\u0151l &#8211; a megb\u00edzhat\u00f3 ipari felhaszn\u00e1l\u00e1s\u00fa m\u0171anyagok eur\u00f3pai sz\u00e1ll\u00edt\u00f3j\u00e1t\u00f3l.<\/p>\n","protected":false},"featured_media":0,"template":"","product-category":[],"class_list":["post-1797","product","type-product","status-publish","hentry"],"acf":[],"yoast_head":"<!-- This site is optimized with the Yoast SEO Premium plugin v25.0 (Yoast SEO v26.6) - https:\/\/yoast.com\/wordpress\/plugins\/seo\/ -->\n<title>PP (polipropil\u00e9n) - Nutri Partners<\/title>\n<meta name=\"description\" content=\"V\u00e1s\u00e1roljon PP-t (polipropil\u00e9n) a Nutri Partners-t\u0151l - a megb\u00edzhat\u00f3 ipari felhaszn\u00e1l\u00e1s\u00fa m\u0171anyagok eur\u00f3pai sz\u00e1ll\u00edt\u00f3j\u00e1t\u00f3l.\" \/>\n<meta name=\"robots\" content=\"index, follow, max-snippet:-1, max-image-preview:large, max-video-preview:-1\" \/>\n<link rel=\"canonical\" href=\"https:\/\/nutripartners.co\/hu\/product-supplier\/pp-polipropilen\" \/>\n<meta property=\"og:locale\" content=\"hu_HU\" \/>\n<meta property=\"og:type\" content=\"article\" \/>\n<meta property=\"og:title\" content=\"PP (polipropil\u00e9n)\" \/>\n<meta property=\"og:description\" content=\"V\u00e1s\u00e1roljon PP-t (polipropil\u00e9n) a Nutri Partners-t\u0151l - a megb\u00edzhat\u00f3 ipari felhaszn\u00e1l\u00e1s\u00fa m\u0171anyagok eur\u00f3pai sz\u00e1ll\u00edt\u00f3j\u00e1t\u00f3l.\" \/>\n<meta property=\"og:url\" content=\"https:\/\/nutripartners.co\/hu\/product-supplier\/pp-polipropilen\" \/>\n<meta property=\"og:site_name\" content=\"Nutri Partners\" \/>\n<meta property=\"article:modified_time\" content=\"2025-07-29T12:45:17+00:00\" \/>\n<meta property=\"og:image\" content=\"https:\/\/nutripartners.co\/wp-content\/uploads\/2025\/03\/ogimage.webp\" \/>\n\t<meta property=\"og:image:width\" content=\"1200\" \/>\n\t<meta property=\"og:image:height\" content=\"600\" \/>\n\t<meta property=\"og:image:type\" content=\"image\/webp\" \/>\n<meta name=\"twitter:card\" content=\"summary_large_image\" \/>\n<meta name=\"twitter:label1\" content=\"Becs\u00fclt olvas\u00e1si id\u0151\" \/>\n\t<meta name=\"twitter:data1\" content=\"1 perc\" \/>\n<script type=\"application\/ld+json\" class=\"yoast-schema-graph\">{\"@context\":\"https:\/\/schema.org\",\"@graph\":[{\"@type\":\"WebPage\",\"@id\":\"https:\/\/nutripartners.co\/hu\/product-supplier\/pp-polipropilen\",\"url\":\"https:\/\/nutripartners.co\/hu\/product-supplier\/pp-polipropilen\",\"name\":\"PP (polipropil\u00e9n) - Nutri Partners\",\"isPartOf\":{\"@id\":\"https:\/\/nutripartners.co\/hu#website\"},\"datePublished\":\"2025-03-11T13:48:55+00:00\",\"dateModified\":\"2025-07-29T12:45:17+00:00\",\"description\":\"V\u00e1s\u00e1roljon PP-t (polipropil\u00e9n) a Nutri Partners-t\u0151l - a megb\u00edzhat\u00f3 ipari felhaszn\u00e1l\u00e1s\u00fa m\u0171anyagok eur\u00f3pai sz\u00e1ll\u00edt\u00f3j\u00e1t\u00f3l.\",\"breadcrumb\":{\"@id\":\"https:\/\/nutripartners.co\/hu\/product-supplier\/pp-polipropilen#breadcrumb\"},\"inLanguage\":\"hu\",\"potentialAction\":[{\"@type\":\"ReadAction\",\"target\":[\"https:\/\/nutripartners.co\/hu\/product-supplier\/pp-polipropilen\"]}]},{\"@type\":\"BreadcrumbList\",\"@id\":\"https:\/\/nutripartners.co\/hu\/product-supplier\/pp-polipropilen#breadcrumb\",\"itemListElement\":[{\"@type\":\"ListItem\",\"position\":1,\"name\":\"Home\",\"item\":\"https:\/\/nutripartners.co\/hu\"},{\"@type\":\"ListItem\",\"position\":2,\"name\":\"Products\",\"item\":\"https:\/\/nutripartners.co\/hu\/product-category\"},{\"@type\":\"ListItem\",\"position\":3,\"name\":\"PP (polipropil\u00e9n)\"}]},{\"@type\":\"WebSite\",\"@id\":\"https:\/\/nutripartners.co\/hu#website\",\"url\":\"https:\/\/nutripartners.co\/hu\",\"name\":\"Nutri Partners\",\"description\":\"Raw materials distributor\",\"publisher\":{\"@id\":\"https:\/\/nutripartners.co\/hu#organization\"},\"potentialAction\":[{\"@type\":\"SearchAction\",\"target\":{\"@type\":\"EntryPoint\",\"urlTemplate\":\"https:\/\/nutripartners.co\/hu?s={search_term_string}\"},\"query-input\":{\"@type\":\"PropertyValueSpecification\",\"valueRequired\":true,\"valueName\":\"search_term_string\"}}],\"inLanguage\":\"hu\"},{\"@type\":\"Organization\",\"@id\":\"https:\/\/nutripartners.co\/hu#organization\",\"name\":\"Nutri Partners\",\"url\":\"https:\/\/nutripartners.co\/hu\",\"logo\":{\"@type\":\"ImageObject\",\"inLanguage\":\"hu\",\"@id\":\"https:\/\/nutripartners.co\/hu#\/schema\/logo\/image\/\",\"url\":\"https:\/\/nutripartners.co\/wp-content\/uploads\/2025\/03\/logo-light.svg\",\"contentUrl\":\"https:\/\/nutripartners.co\/wp-content\/uploads\/2025\/03\/logo-light.svg\",\"width\":1,\"height\":1,\"caption\":\"Nutri Partners\"},\"image\":{\"@id\":\"https:\/\/nutripartners.co\/hu#\/schema\/logo\/image\/\"},\"sameAs\":[\"https:\/\/www.instagram.com\/_nutripartners_\/\",\"https:\/\/www.linkedin.com\/company\/106882083\"]}]}<\/script>\n<!-- \/ Yoast SEO Premium plugin. -->","yoast_head_json":{"title":"PP (polipropil\u00e9n) - Nutri Partners","description":"V\u00e1s\u00e1roljon PP-t (polipropil\u00e9n) a Nutri Partners-t\u0151l - a megb\u00edzhat\u00f3 ipari felhaszn\u00e1l\u00e1s\u00fa m\u0171anyagok eur\u00f3pai sz\u00e1ll\u00edt\u00f3j\u00e1t\u00f3l.","robots":{"index":"index","follow":"follow","max-snippet":"max-snippet:-1","max-image-preview":"max-image-preview:large","max-video-preview":"max-video-preview:-1"},"canonical":"https:\/\/nutripartners.co\/hu\/product-supplier\/pp-polipropilen","og_locale":"hu_HU","og_type":"article","og_title":"PP (polipropil\u00e9n)","og_description":"V\u00e1s\u00e1roljon PP-t (polipropil\u00e9n) a Nutri Partners-t\u0151l - a megb\u00edzhat\u00f3 ipari felhaszn\u00e1l\u00e1s\u00fa m\u0171anyagok eur\u00f3pai sz\u00e1ll\u00edt\u00f3j\u00e1t\u00f3l.","og_url":"https:\/\/nutripartners.co\/hu\/product-supplier\/pp-polipropilen","og_site_name":"Nutri Partners","article_modified_time":"2025-07-29T12:45:17+00:00","og_image":[{"width":1200,"height":600,"url":"https:\/\/nutripartners.co\/wp-content\/uploads\/2025\/03\/ogimage.webp","type":"image\/webp"}],"twitter_card":"summary_large_image","twitter_misc":{"Becs\u00fclt olvas\u00e1si id\u0151":"1 perc"},"schema":{"@context":"https:\/\/schema.org","@graph":[{"@type":"WebPage","@id":"https:\/\/nutripartners.co\/hu\/product-supplier\/pp-polipropilen","url":"https:\/\/nutripartners.co\/hu\/product-supplier\/pp-polipropilen","name":"PP (polipropil\u00e9n) - Nutri Partners","isPartOf":{"@id":"https:\/\/nutripartners.co\/hu#website"},"datePublished":"2025-03-11T13:48:55+00:00","dateModified":"2025-07-29T12:45:17+00:00","description":"V\u00e1s\u00e1roljon PP-t (polipropil\u00e9n) a Nutri Partners-t\u0151l - a megb\u00edzhat\u00f3 ipari felhaszn\u00e1l\u00e1s\u00fa m\u0171anyagok eur\u00f3pai sz\u00e1ll\u00edt\u00f3j\u00e1t\u00f3l.","breadcrumb":{"@id":"https:\/\/nutripartners.co\/hu\/product-supplier\/pp-polipropilen#breadcrumb"},"inLanguage":"hu","potentialAction":[{"@type":"ReadAction","target":["https:\/\/nutripartners.co\/hu\/product-supplier\/pp-polipropilen"]}]},{"@type":"BreadcrumbList","@id":"https:\/\/nutripartners.co\/hu\/product-supplier\/pp-polipropilen#breadcrumb","itemListElement":[{"@type":"ListItem","position":1,"name":"Home","item":"https:\/\/nutripartners.co\/hu"},{"@type":"ListItem","position":2,"name":"Products","item":"https:\/\/nutripartners.co\/hu\/product-category"},{"@type":"ListItem","position":3,"name":"PP (polipropil\u00e9n)"}]},{"@type":"WebSite","@id":"https:\/\/nutripartners.co\/hu#website","url":"https:\/\/nutripartners.co\/hu","name":"Nutri Partners","description":"Raw materials distributor","publisher":{"@id":"https:\/\/nutripartners.co\/hu#organization"},"potentialAction":[{"@type":"SearchAction","target":{"@type":"EntryPoint","urlTemplate":"https:\/\/nutripartners.co\/hu?s={search_term_string}"},"query-input":{"@type":"PropertyValueSpecification","valueRequired":true,"valueName":"search_term_string"}}],"inLanguage":"hu"},{"@type":"Organization","@id":"https:\/\/nutripartners.co\/hu#organization","name":"Nutri Partners","url":"https:\/\/nutripartners.co\/hu","logo":{"@type":"ImageObject","inLanguage":"hu","@id":"https:\/\/nutripartners.co\/hu#\/schema\/logo\/image\/","url":"https:\/\/nutripartners.co\/wp-content\/uploads\/2025\/03\/logo-light.svg","contentUrl":"https:\/\/nutripartners.co\/wp-content\/uploads\/2025\/03\/logo-light.svg","width":1,"height":1,"caption":"Nutri Partners"},"image":{"@id":"https:\/\/nutripartners.co\/hu#\/schema\/logo\/image\/"},"sameAs":["https:\/\/www.instagram.com\/_nutripartners_\/","https:\/\/www.linkedin.com\/company\/106882083"]}]}},"_links":{"self":[{"href":"https:\/\/nutripartners.co\/hu\/wp-json\/wp\/v2\/product\/1797","targetHints":{"allow":["GET"]}}],"collection":[{"href":"https:\/\/nutripartners.co\/hu\/wp-json\/wp\/v2\/product"}],"about":[{"href":"https:\/\/nutripartners.co\/hu\/wp-json\/wp\/v2\/types\/product"}],"wp:attachment":[{"href":"https:\/\/nutripartners.co\/hu\/wp-json\/wp\/v2\/media?parent=1797"}],"wp:term":[{"taxonomy":"product-category","embeddable":true,"href":"https:\/\/nutripartners.co\/hu\/wp-json\/wp\/v2\/product-category?post=1797"}],"curies":[{"name":"wp","href":"https:\/\/api.w.org\/{rel}","templated":true}]}}