{"id":1832,"date":"2025-03-11T14:48:45","date_gmt":"2025-03-11T13:48:45","guid":{"rendered":"https:\/\/nutripartners.co\/product-supplier\/fekete-fokhagyma"},"modified":"2025-07-29T15:28:44","modified_gmt":"2025-07-29T13:28:44","slug":"fekete-fokhagyma","status":"publish","type":"product","link":"https:\/\/nutripartners.co\/hu\/product-supplier\/fekete-fokhagyma","title":{"rendered":"Fekete fokhagyma"},"content":{"rendered":"\n<h3 class=\"wp-block-heading\" id=\"h-product-description\">Term\u00e9k le\u00edr\u00e1sa<\/h3>\n\n<p>A fekete fokhagyma egy olyan n\u00f6v\u00e9nyb\u0151l nyert kivonat, amely eg\u00e9szs\u00e9gjav\u00edt\u00f3 tulajdons\u00e1gair\u00f3l ismert. K\u00fcl\u00f6nb\u00f6z\u0151 standardiz\u00e1l\u00e1sokban \u00e9s form\u00e1kban (por, sz\u00e1raz kivonat, folyad\u00e9k) kaphat\u00f3 a t\u00e1pl\u00e1l\u00e9kkieg\u00e9sz\u00edt\u0151, kozmetikai \u00e9s gy\u00f3gyszeriparban val\u00f3 felhaszn\u00e1l\u00e1sra. <\/p>\n\n<h3 class=\"wp-block-heading\" id=\"h-key-features\">F\u0151 jellemz\u0151k<\/h3>\n\n<ul class=\"wp-block-list\">\n<li>Szabv\u00e1nyos\u00edtott akt\u00edv vegy\u00fcletek (pl. polifenolok, szaponinok)<\/li>\n\n\n\n<li>Megfelel az EU \u00e9s az EFSA el\u0151\u00edr\u00e1sainak<\/li>\n\n\n\n<li>NON-GMO, glut\u00e9nmentes, veg\u00e1n<\/li>\n\n\n\n<li>Csomagol\u00e1s: 1-25 kg<\/li>\n<\/ul>\n\n<h3 class=\"wp-block-heading\" id=\"h-applications\">Alkalmaz\u00e1sok<\/h3>\n\n<ul class=\"wp-block-list\">\n<li>\u00c9trend-kieg\u00e9sz\u00edt\u0151k (kapszul\u00e1k, tablett\u00e1k, porok)<\/li>\n\n\n\n<li>Term\u00e9szetes kozmetikumok \u00e9s dermokozmetikumok<\/li>\n\n\n\n<li>Funkcion\u00e1lis \u00e9lelmiszerek \u00e9s t\u00e1panyagok<\/li>\n\n\n\n<li>Immunit\u00e1st, f\u00f3kuszt, em\u00e9szt\u00e9st stb. t\u00e1mogat\u00f3 term\u00e9kek.<\/li>\n<\/ul>\n","protected":false},"excerpt":{"rendered":"<p>T\u00f6meges fekete fokhagyma a NutriPartners-t\u0151l &#8211; a term\u00e9szetes n\u00f6v\u00e9nyi kivonatok eur\u00f3pai besz\u00e1ll\u00edt\u00f3ja \u00e9trend-kieg\u00e9sz\u00edt\u0151, kozmetikai \u00e9s funkcion\u00e1lis alkalmaz\u00e1sokhoz.<\/p>\n","protected":false},"featured_media":0,"template":"","product-category":[148,149],"class_list":["post-1832","product","type-product","status-publish","hentry","product-category-novenyi-alapu","product-category-novenyi-kivonatok"],"acf":[],"yoast_head":"<!-- This site is optimized with the Yoast SEO Premium plugin v25.0 (Yoast SEO v26.6) - https:\/\/yoast.com\/wordpress\/plugins\/seo\/ -->\n<title>Fekete fokhagyma% - N\u00f6v\u00e9nyi kivonat sz\u00e1ll\u00edt\u00f3 | Nutri Partners%<\/title>\n<meta name=\"description\" content=\"T\u00f6meges fekete fokhagyma a NutriPartners-t\u0151l - a term\u00e9szetes n\u00f6v\u00e9nyi kivonatok eur\u00f3pai besz\u00e1ll\u00edt\u00f3ja \u00e9trend-kieg\u00e9sz\u00edt\u0151, kozmetikai \u00e9s funkcion\u00e1lis alkalmaz\u00e1sokhoz.\" \/>\n<meta name=\"robots\" content=\"index, follow, max-snippet:-1, max-image-preview:large, max-video-preview:-1\" \/>\n<link rel=\"canonical\" href=\"https:\/\/nutripartners.co\/hu\/product-supplier\/fekete-fokhagyma\" \/>\n<meta property=\"og:locale\" content=\"hu_HU\" \/>\n<meta property=\"og:type\" content=\"article\" \/>\n<meta property=\"og:title\" content=\"Fekete fokhagyma\" \/>\n<meta property=\"og:description\" content=\"T\u00f6meges fekete fokhagyma a NutriPartners-t\u0151l - a term\u00e9szetes n\u00f6v\u00e9nyi kivonatok eur\u00f3pai besz\u00e1ll\u00edt\u00f3ja \u00e9trend-kieg\u00e9sz\u00edt\u0151, kozmetikai \u00e9s funkcion\u00e1lis alkalmaz\u00e1sokhoz.\" \/>\n<meta property=\"og:url\" content=\"https:\/\/nutripartners.co\/hu\/product-supplier\/fekete-fokhagyma\" \/>\n<meta property=\"og:site_name\" content=\"Nutri Partners\" \/>\n<meta property=\"article:modified_time\" content=\"2025-07-29T13:28:44+00:00\" \/>\n<meta property=\"og:image\" content=\"https:\/\/nutripartners.co\/wp-content\/uploads\/2025\/03\/ogimage.webp\" \/>\n\t<meta property=\"og:image:width\" content=\"1200\" \/>\n\t<meta property=\"og:image:height\" content=\"600\" \/>\n\t<meta property=\"og:image:type\" content=\"image\/webp\" \/>\n<meta name=\"twitter:card\" content=\"summary_large_image\" \/>\n<meta name=\"twitter:label1\" content=\"Becs\u00fclt olvas\u00e1si id\u0151\" \/>\n\t<meta name=\"twitter:data1\" content=\"1 perc\" \/>\n<script type=\"application\/ld+json\" class=\"yoast-schema-graph\">{\"@context\":\"https:\/\/schema.org\",\"@graph\":[{\"@type\":\"WebPage\",\"@id\":\"https:\/\/nutripartners.co\/hu\/product-supplier\/fekete-fokhagyma\",\"url\":\"https:\/\/nutripartners.co\/hu\/product-supplier\/fekete-fokhagyma\",\"name\":\"Fekete fokhagyma% - N\u00f6v\u00e9nyi kivonat sz\u00e1ll\u00edt\u00f3 | Nutri Partners%\",\"isPartOf\":{\"@id\":\"https:\/\/nutripartners.co\/hu#website\"},\"datePublished\":\"2025-03-11T13:48:45+00:00\",\"dateModified\":\"2025-07-29T13:28:44+00:00\",\"description\":\"T\u00f6meges fekete fokhagyma a NutriPartners-t\u0151l - a term\u00e9szetes n\u00f6v\u00e9nyi kivonatok eur\u00f3pai besz\u00e1ll\u00edt\u00f3ja \u00e9trend-kieg\u00e9sz\u00edt\u0151, kozmetikai \u00e9s funkcion\u00e1lis alkalmaz\u00e1sokhoz.\",\"breadcrumb\":{\"@id\":\"https:\/\/nutripartners.co\/hu\/product-supplier\/fekete-fokhagyma#breadcrumb\"},\"inLanguage\":\"hu\",\"potentialAction\":[{\"@type\":\"ReadAction\",\"target\":[\"https:\/\/nutripartners.co\/hu\/product-supplier\/fekete-fokhagyma\"]}]},{\"@type\":\"BreadcrumbList\",\"@id\":\"https:\/\/nutripartners.co\/hu\/product-supplier\/fekete-fokhagyma#breadcrumb\",\"itemListElement\":[{\"@type\":\"ListItem\",\"position\":1,\"name\":\"Home\",\"item\":\"https:\/\/nutripartners.co\/hu\"},{\"@type\":\"ListItem\",\"position\":2,\"name\":\"Products\",\"item\":\"https:\/\/nutripartners.co\/hu\/product-category\"},{\"@type\":\"ListItem\",\"position\":3,\"name\":\"N\u00f6v\u00e9nyi alap\u00fa\",\"item\":\"https:\/\/nutripartners.co\/hu\/termekkategoria\/novenyi-alapu\"},{\"@type\":\"ListItem\",\"position\":4,\"name\":\"N\u00f6v\u00e9nyi kivonatok\",\"item\":\"https:\/\/nutripartners.co\/hu\/termekkategoria\/novenyi-alapu\/novenyi-kivonatok\"},{\"@type\":\"ListItem\",\"position\":5,\"name\":\"Fekete fokhagyma\"}]},{\"@type\":\"WebSite\",\"@id\":\"https:\/\/nutripartners.co\/hu#website\",\"url\":\"https:\/\/nutripartners.co\/hu\",\"name\":\"Nutri Partners\",\"description\":\"Raw materials distributor\",\"publisher\":{\"@id\":\"https:\/\/nutripartners.co\/hu#organization\"},\"potentialAction\":[{\"@type\":\"SearchAction\",\"target\":{\"@type\":\"EntryPoint\",\"urlTemplate\":\"https:\/\/nutripartners.co\/hu?s={search_term_string}\"},\"query-input\":{\"@type\":\"PropertyValueSpecification\",\"valueRequired\":true,\"valueName\":\"search_term_string\"}}],\"inLanguage\":\"hu\"},{\"@type\":\"Organization\",\"@id\":\"https:\/\/nutripartners.co\/hu#organization\",\"name\":\"Nutri Partners\",\"url\":\"https:\/\/nutripartners.co\/hu\",\"logo\":{\"@type\":\"ImageObject\",\"inLanguage\":\"hu\",\"@id\":\"https:\/\/nutripartners.co\/hu#\/schema\/logo\/image\/\",\"url\":\"https:\/\/nutripartners.co\/wp-content\/uploads\/2025\/03\/logo-light.svg\",\"contentUrl\":\"https:\/\/nutripartners.co\/wp-content\/uploads\/2025\/03\/logo-light.svg\",\"width\":1,\"height\":1,\"caption\":\"Nutri Partners\"},\"image\":{\"@id\":\"https:\/\/nutripartners.co\/hu#\/schema\/logo\/image\/\"},\"sameAs\":[\"https:\/\/www.instagram.com\/_nutripartners_\/\",\"https:\/\/www.linkedin.com\/company\/106882083\"]}]}<\/script>\n<!-- \/ Yoast SEO Premium plugin. -->","yoast_head_json":{"title":"Fekete fokhagyma% - N\u00f6v\u00e9nyi kivonat sz\u00e1ll\u00edt\u00f3 | Nutri Partners%","description":"T\u00f6meges fekete fokhagyma a NutriPartners-t\u0151l - a term\u00e9szetes n\u00f6v\u00e9nyi kivonatok eur\u00f3pai besz\u00e1ll\u00edt\u00f3ja \u00e9trend-kieg\u00e9sz\u00edt\u0151, kozmetikai \u00e9s funkcion\u00e1lis alkalmaz\u00e1sokhoz.","robots":{"index":"index","follow":"follow","max-snippet":"max-snippet:-1","max-image-preview":"max-image-preview:large","max-video-preview":"max-video-preview:-1"},"canonical":"https:\/\/nutripartners.co\/hu\/product-supplier\/fekete-fokhagyma","og_locale":"hu_HU","og_type":"article","og_title":"Fekete fokhagyma","og_description":"T\u00f6meges fekete fokhagyma a NutriPartners-t\u0151l - a term\u00e9szetes n\u00f6v\u00e9nyi kivonatok eur\u00f3pai besz\u00e1ll\u00edt\u00f3ja \u00e9trend-kieg\u00e9sz\u00edt\u0151, kozmetikai \u00e9s funkcion\u00e1lis alkalmaz\u00e1sokhoz.","og_url":"https:\/\/nutripartners.co\/hu\/product-supplier\/fekete-fokhagyma","og_site_name":"Nutri Partners","article_modified_time":"2025-07-29T13:28:44+00:00","og_image":[{"width":1200,"height":600,"url":"https:\/\/nutripartners.co\/wp-content\/uploads\/2025\/03\/ogimage.webp","type":"image\/webp"}],"twitter_card":"summary_large_image","twitter_misc":{"Becs\u00fclt olvas\u00e1si id\u0151":"1 perc"},"schema":{"@context":"https:\/\/schema.org","@graph":[{"@type":"WebPage","@id":"https:\/\/nutripartners.co\/hu\/product-supplier\/fekete-fokhagyma","url":"https:\/\/nutripartners.co\/hu\/product-supplier\/fekete-fokhagyma","name":"Fekete fokhagyma% - N\u00f6v\u00e9nyi kivonat sz\u00e1ll\u00edt\u00f3 | Nutri Partners%","isPartOf":{"@id":"https:\/\/nutripartners.co\/hu#website"},"datePublished":"2025-03-11T13:48:45+00:00","dateModified":"2025-07-29T13:28:44+00:00","description":"T\u00f6meges fekete fokhagyma a NutriPartners-t\u0151l - a term\u00e9szetes n\u00f6v\u00e9nyi kivonatok eur\u00f3pai besz\u00e1ll\u00edt\u00f3ja \u00e9trend-kieg\u00e9sz\u00edt\u0151, kozmetikai \u00e9s funkcion\u00e1lis alkalmaz\u00e1sokhoz.","breadcrumb":{"@id":"https:\/\/nutripartners.co\/hu\/product-supplier\/fekete-fokhagyma#breadcrumb"},"inLanguage":"hu","potentialAction":[{"@type":"ReadAction","target":["https:\/\/nutripartners.co\/hu\/product-supplier\/fekete-fokhagyma"]}]},{"@type":"BreadcrumbList","@id":"https:\/\/nutripartners.co\/hu\/product-supplier\/fekete-fokhagyma#breadcrumb","itemListElement":[{"@type":"ListItem","position":1,"name":"Home","item":"https:\/\/nutripartners.co\/hu"},{"@type":"ListItem","position":2,"name":"Products","item":"https:\/\/nutripartners.co\/hu\/product-category"},{"@type":"ListItem","position":3,"name":"N\u00f6v\u00e9nyi alap\u00fa","item":"https:\/\/nutripartners.co\/hu\/termekkategoria\/novenyi-alapu"},{"@type":"ListItem","position":4,"name":"N\u00f6v\u00e9nyi kivonatok","item":"https:\/\/nutripartners.co\/hu\/termekkategoria\/novenyi-alapu\/novenyi-kivonatok"},{"@type":"ListItem","position":5,"name":"Fekete fokhagyma"}]},{"@type":"WebSite","@id":"https:\/\/nutripartners.co\/hu#website","url":"https:\/\/nutripartners.co\/hu","name":"Nutri Partners","description":"Raw materials distributor","publisher":{"@id":"https:\/\/nutripartners.co\/hu#organization"},"potentialAction":[{"@type":"SearchAction","target":{"@type":"EntryPoint","urlTemplate":"https:\/\/nutripartners.co\/hu?s={search_term_string}"},"query-input":{"@type":"PropertyValueSpecification","valueRequired":true,"valueName":"search_term_string"}}],"inLanguage":"hu"},{"@type":"Organization","@id":"https:\/\/nutripartners.co\/hu#organization","name":"Nutri Partners","url":"https:\/\/nutripartners.co\/hu","logo":{"@type":"ImageObject","inLanguage":"hu","@id":"https:\/\/nutripartners.co\/hu#\/schema\/logo\/image\/","url":"https:\/\/nutripartners.co\/wp-content\/uploads\/2025\/03\/logo-light.svg","contentUrl":"https:\/\/nutripartners.co\/wp-content\/uploads\/2025\/03\/logo-light.svg","width":1,"height":1,"caption":"Nutri Partners"},"image":{"@id":"https:\/\/nutripartners.co\/hu#\/schema\/logo\/image\/"},"sameAs":["https:\/\/www.instagram.com\/_nutripartners_\/","https:\/\/www.linkedin.com\/company\/106882083"]}]}},"_links":{"self":[{"href":"https:\/\/nutripartners.co\/hu\/wp-json\/wp\/v2\/product\/1832","targetHints":{"allow":["GET"]}}],"collection":[{"href":"https:\/\/nutripartners.co\/hu\/wp-json\/wp\/v2\/product"}],"about":[{"href":"https:\/\/nutripartners.co\/hu\/wp-json\/wp\/v2\/types\/product"}],"wp:attachment":[{"href":"https:\/\/nutripartners.co\/hu\/wp-json\/wp\/v2\/media?parent=1832"}],"wp:term":[{"taxonomy":"product-category","embeddable":true,"href":"https:\/\/nutripartners.co\/hu\/wp-json\/wp\/v2\/product-category?post=1832"}],"curies":[{"name":"wp","href":"https:\/\/api.w.org\/{rel}","templated":true}]}}