{"id":1849,"date":"2025-03-11T14:48:44","date_gmt":"2025-03-11T13:48:44","guid":{"rendered":"https:\/\/nutripartners.co\/product-supplier\/edes-tejsavo-por"},"modified":"2025-07-29T16:08:49","modified_gmt":"2025-07-29T14:08:49","slug":"edes-tejsavo-por","status":"publish","type":"product","link":"https:\/\/nutripartners.co\/hu\/product-supplier\/edes-tejsavo-por","title":{"rendered":"\u00c9des tejsav\u00f3 por"},"content":{"rendered":"\n<h2 class=\"wp-block-heading\" id=\"h-product-description\">Term\u00e9k le\u00edr\u00e1sa<\/h2>\n\n<p>Az \u00e9des tejsav\u00f3por kiv\u00e1l\u00f3 min\u0151s\u00e9g\u0171 tejterm\u00e9k-\u00f6sszetev\u0151 por\u00edtott form\u00e1ban, amelyet funkcion\u00e1lis \u00e9lelmiszerekben, \u00e9trend-kieg\u00e9sz\u00edt\u0151kben \u00e9s sportt\u00e1pl\u00e1lkoz\u00e1sban haszn\u00e1lnak. Az alkalmaz\u00e1st\u00f3l f\u00fcgg\u0151en k\u00fcl\u00f6nb\u00f6z\u0151 feh\u00e9rjetartalommal \u00e9s oldhat\u00f3s\u00e1ggal kaphat\u00f3. <\/p>\n\n<h2 class=\"wp-block-heading\" id=\"h-key-features\">F\u0151 jellemz\u0151k<\/h2>\n\n<ul class=\"wp-block-list\">\n<li>Feh\u00e9rjetartalom: term\u00e9kenk\u00e9nt v\u00e1ltoz\u00f3 (35-90%)<\/li>\n\n\n\n<li>Form\u00e1ja: standard vagy instant por<\/li>\n\n\n\n<li>Semleges \u00edz, magas biol\u00f3giai hozz\u00e1f\u00e9rhet\u0151s\u00e9g<\/li>\n\n\n\n<li>Csomagol\u00e1s: 20-25 kg-os zs\u00e1kok<\/li>\n<\/ul>\n\n<h2 class=\"wp-block-heading\" id=\"h-applications\">Alkalmaz\u00e1sok<\/h2>\n\n<ul class=\"wp-block-list\">\n<li>Feh\u00e9rjeturmixok \u00e9s kieg\u00e9sz\u00edt\u0151k<\/li>\n\n\n\n<li>magas feh\u00e9rjetartalm\u00fa \u00e9lelmiszerek (szeletek, joghurtok, italok)<\/li>\n\n\n\n<li>Term\u00e9kek sportol\u00f3k, gyermekek \u00e9s id\u0151sek sz\u00e1m\u00e1ra<\/li>\n\n\n\n<li>Feh\u00e9rj\u00e9vel d\u00fas\u00edtott p\u00e9k\u00e1ruk \u00e9s di\u00e9t\u00e1s term\u00e9kek<\/li>\n<\/ul>\n","protected":false},"excerpt":{"rendered":"<p>\u00c9des tejsav\u00f3por a NutriPartners &#8211; az \u00e9lelmiszer-, di\u00e9t\u00e1s- \u00e9s sportipar sz\u00e1m\u00e1ra tejipari alapanyagok eur\u00f3pai besz\u00e1ll\u00edt\u00f3ja &#8211; nagykereskedelmi forgalmaz\u00e1s\u00e1ban.<\/p>\n","protected":false},"featured_media":0,"template":"","product-category":[152,151],"class_list":["post-1849","product","type-product","status-publish","hentry","product-category-tejsavo-porok","product-category-tejtermekek"],"acf":[],"yoast_head":"<!-- This site is optimized with the Yoast SEO Premium plugin v25.0 (Yoast SEO v26.6) - https:\/\/yoast.com\/wordpress\/plugins\/seo\/ -->\n<title>\u00c9des tejsav\u00f3 por - Nutri Partners<\/title>\n<meta name=\"description\" content=\"\u00c9des tejsav\u00f3por a NutriPartners - az \u00e9lelmiszer-, di\u00e9t\u00e1s- \u00e9s sportipar sz\u00e1m\u00e1ra tejipari alapanyagok eur\u00f3pai besz\u00e1ll\u00edt\u00f3ja - nagykereskedelmi forgalmaz\u00e1s\u00e1ban.\" \/>\n<meta name=\"robots\" content=\"index, follow, max-snippet:-1, max-image-preview:large, max-video-preview:-1\" \/>\n<link rel=\"canonical\" href=\"https:\/\/nutripartners.co\/hu\/product-supplier\/edes-tejsavo-por\" \/>\n<meta property=\"og:locale\" content=\"hu_HU\" \/>\n<meta property=\"og:type\" content=\"article\" \/>\n<meta property=\"og:title\" content=\"\u00c9des tejsav\u00f3 por\" \/>\n<meta property=\"og:description\" content=\"\u00c9des tejsav\u00f3por a NutriPartners - az \u00e9lelmiszer-, di\u00e9t\u00e1s- \u00e9s sportipar sz\u00e1m\u00e1ra tejipari alapanyagok eur\u00f3pai besz\u00e1ll\u00edt\u00f3ja - nagykereskedelmi forgalmaz\u00e1s\u00e1ban.\" \/>\n<meta property=\"og:url\" content=\"https:\/\/nutripartners.co\/hu\/product-supplier\/edes-tejsavo-por\" \/>\n<meta property=\"og:site_name\" content=\"Nutri Partners\" \/>\n<meta property=\"article:modified_time\" content=\"2025-07-29T14:08:49+00:00\" \/>\n<meta property=\"og:image\" content=\"https:\/\/nutripartners.co\/wp-content\/uploads\/2025\/03\/ogimage.webp\" \/>\n\t<meta property=\"og:image:width\" content=\"1200\" \/>\n\t<meta property=\"og:image:height\" content=\"600\" \/>\n\t<meta property=\"og:image:type\" content=\"image\/webp\" \/>\n<meta name=\"twitter:card\" content=\"summary_large_image\" \/>\n<meta name=\"twitter:label1\" content=\"Becs\u00fclt olvas\u00e1si id\u0151\" \/>\n\t<meta name=\"twitter:data1\" content=\"1 perc\" \/>\n<script type=\"application\/ld+json\" class=\"yoast-schema-graph\">{\"@context\":\"https:\/\/schema.org\",\"@graph\":[{\"@type\":\"WebPage\",\"@id\":\"https:\/\/nutripartners.co\/hu\/product-supplier\/edes-tejsavo-por\",\"url\":\"https:\/\/nutripartners.co\/hu\/product-supplier\/edes-tejsavo-por\",\"name\":\"\u00c9des tejsav\u00f3 por - Nutri Partners\",\"isPartOf\":{\"@id\":\"https:\/\/nutripartners.co\/hu#website\"},\"datePublished\":\"2025-03-11T13:48:44+00:00\",\"dateModified\":\"2025-07-29T14:08:49+00:00\",\"description\":\"\u00c9des tejsav\u00f3por a NutriPartners - az \u00e9lelmiszer-, di\u00e9t\u00e1s- \u00e9s sportipar sz\u00e1m\u00e1ra tejipari alapanyagok eur\u00f3pai besz\u00e1ll\u00edt\u00f3ja - nagykereskedelmi forgalmaz\u00e1s\u00e1ban.\",\"breadcrumb\":{\"@id\":\"https:\/\/nutripartners.co\/hu\/product-supplier\/edes-tejsavo-por#breadcrumb\"},\"inLanguage\":\"hu\",\"potentialAction\":[{\"@type\":\"ReadAction\",\"target\":[\"https:\/\/nutripartners.co\/hu\/product-supplier\/edes-tejsavo-por\"]}]},{\"@type\":\"BreadcrumbList\",\"@id\":\"https:\/\/nutripartners.co\/hu\/product-supplier\/edes-tejsavo-por#breadcrumb\",\"itemListElement\":[{\"@type\":\"ListItem\",\"position\":1,\"name\":\"Home\",\"item\":\"https:\/\/nutripartners.co\/hu\"},{\"@type\":\"ListItem\",\"position\":2,\"name\":\"Products\",\"item\":\"https:\/\/nutripartners.co\/hu\/product-category\"},{\"@type\":\"ListItem\",\"position\":3,\"name\":\"Tejterm\u00e9kek\",\"item\":\"https:\/\/nutripartners.co\/hu\/termekkategoria\/tejtermekek\"},{\"@type\":\"ListItem\",\"position\":4,\"name\":\"Tejsav\u00f3 porok\",\"item\":\"https:\/\/nutripartners.co\/hu\/termekkategoria\/tejtermekek\/tejsavo-porok\"},{\"@type\":\"ListItem\",\"position\":5,\"name\":\"\u00c9des tejsav\u00f3 por\"}]},{\"@type\":\"WebSite\",\"@id\":\"https:\/\/nutripartners.co\/hu#website\",\"url\":\"https:\/\/nutripartners.co\/hu\",\"name\":\"Nutri Partners\",\"description\":\"Raw materials distributor\",\"publisher\":{\"@id\":\"https:\/\/nutripartners.co\/hu#organization\"},\"potentialAction\":[{\"@type\":\"SearchAction\",\"target\":{\"@type\":\"EntryPoint\",\"urlTemplate\":\"https:\/\/nutripartners.co\/hu?s={search_term_string}\"},\"query-input\":{\"@type\":\"PropertyValueSpecification\",\"valueRequired\":true,\"valueName\":\"search_term_string\"}}],\"inLanguage\":\"hu\"},{\"@type\":\"Organization\",\"@id\":\"https:\/\/nutripartners.co\/hu#organization\",\"name\":\"Nutri Partners\",\"url\":\"https:\/\/nutripartners.co\/hu\",\"logo\":{\"@type\":\"ImageObject\",\"inLanguage\":\"hu\",\"@id\":\"https:\/\/nutripartners.co\/hu#\/schema\/logo\/image\/\",\"url\":\"https:\/\/nutripartners.co\/wp-content\/uploads\/2025\/03\/logo-light.svg\",\"contentUrl\":\"https:\/\/nutripartners.co\/wp-content\/uploads\/2025\/03\/logo-light.svg\",\"width\":1,\"height\":1,\"caption\":\"Nutri Partners\"},\"image\":{\"@id\":\"https:\/\/nutripartners.co\/hu#\/schema\/logo\/image\/\"},\"sameAs\":[\"https:\/\/www.instagram.com\/_nutripartners_\/\",\"https:\/\/www.linkedin.com\/company\/106882083\"]}]}<\/script>\n<!-- \/ Yoast SEO Premium plugin. -->","yoast_head_json":{"title":"\u00c9des tejsav\u00f3 por - Nutri Partners","description":"\u00c9des tejsav\u00f3por a NutriPartners - az \u00e9lelmiszer-, di\u00e9t\u00e1s- \u00e9s sportipar sz\u00e1m\u00e1ra tejipari alapanyagok eur\u00f3pai besz\u00e1ll\u00edt\u00f3ja - nagykereskedelmi forgalmaz\u00e1s\u00e1ban.","robots":{"index":"index","follow":"follow","max-snippet":"max-snippet:-1","max-image-preview":"max-image-preview:large","max-video-preview":"max-video-preview:-1"},"canonical":"https:\/\/nutripartners.co\/hu\/product-supplier\/edes-tejsavo-por","og_locale":"hu_HU","og_type":"article","og_title":"\u00c9des tejsav\u00f3 por","og_description":"\u00c9des tejsav\u00f3por a NutriPartners - az \u00e9lelmiszer-, di\u00e9t\u00e1s- \u00e9s sportipar sz\u00e1m\u00e1ra tejipari alapanyagok eur\u00f3pai besz\u00e1ll\u00edt\u00f3ja - nagykereskedelmi forgalmaz\u00e1s\u00e1ban.","og_url":"https:\/\/nutripartners.co\/hu\/product-supplier\/edes-tejsavo-por","og_site_name":"Nutri Partners","article_modified_time":"2025-07-29T14:08:49+00:00","og_image":[{"width":1200,"height":600,"url":"https:\/\/nutripartners.co\/wp-content\/uploads\/2025\/03\/ogimage.webp","type":"image\/webp"}],"twitter_card":"summary_large_image","twitter_misc":{"Becs\u00fclt olvas\u00e1si id\u0151":"1 perc"},"schema":{"@context":"https:\/\/schema.org","@graph":[{"@type":"WebPage","@id":"https:\/\/nutripartners.co\/hu\/product-supplier\/edes-tejsavo-por","url":"https:\/\/nutripartners.co\/hu\/product-supplier\/edes-tejsavo-por","name":"\u00c9des tejsav\u00f3 por - Nutri Partners","isPartOf":{"@id":"https:\/\/nutripartners.co\/hu#website"},"datePublished":"2025-03-11T13:48:44+00:00","dateModified":"2025-07-29T14:08:49+00:00","description":"\u00c9des tejsav\u00f3por a NutriPartners - az \u00e9lelmiszer-, di\u00e9t\u00e1s- \u00e9s sportipar sz\u00e1m\u00e1ra tejipari alapanyagok eur\u00f3pai besz\u00e1ll\u00edt\u00f3ja - nagykereskedelmi forgalmaz\u00e1s\u00e1ban.","breadcrumb":{"@id":"https:\/\/nutripartners.co\/hu\/product-supplier\/edes-tejsavo-por#breadcrumb"},"inLanguage":"hu","potentialAction":[{"@type":"ReadAction","target":["https:\/\/nutripartners.co\/hu\/product-supplier\/edes-tejsavo-por"]}]},{"@type":"BreadcrumbList","@id":"https:\/\/nutripartners.co\/hu\/product-supplier\/edes-tejsavo-por#breadcrumb","itemListElement":[{"@type":"ListItem","position":1,"name":"Home","item":"https:\/\/nutripartners.co\/hu"},{"@type":"ListItem","position":2,"name":"Products","item":"https:\/\/nutripartners.co\/hu\/product-category"},{"@type":"ListItem","position":3,"name":"Tejterm\u00e9kek","item":"https:\/\/nutripartners.co\/hu\/termekkategoria\/tejtermekek"},{"@type":"ListItem","position":4,"name":"Tejsav\u00f3 porok","item":"https:\/\/nutripartners.co\/hu\/termekkategoria\/tejtermekek\/tejsavo-porok"},{"@type":"ListItem","position":5,"name":"\u00c9des tejsav\u00f3 por"}]},{"@type":"WebSite","@id":"https:\/\/nutripartners.co\/hu#website","url":"https:\/\/nutripartners.co\/hu","name":"Nutri Partners","description":"Raw materials distributor","publisher":{"@id":"https:\/\/nutripartners.co\/hu#organization"},"potentialAction":[{"@type":"SearchAction","target":{"@type":"EntryPoint","urlTemplate":"https:\/\/nutripartners.co\/hu?s={search_term_string}"},"query-input":{"@type":"PropertyValueSpecification","valueRequired":true,"valueName":"search_term_string"}}],"inLanguage":"hu"},{"@type":"Organization","@id":"https:\/\/nutripartners.co\/hu#organization","name":"Nutri Partners","url":"https:\/\/nutripartners.co\/hu","logo":{"@type":"ImageObject","inLanguage":"hu","@id":"https:\/\/nutripartners.co\/hu#\/schema\/logo\/image\/","url":"https:\/\/nutripartners.co\/wp-content\/uploads\/2025\/03\/logo-light.svg","contentUrl":"https:\/\/nutripartners.co\/wp-content\/uploads\/2025\/03\/logo-light.svg","width":1,"height":1,"caption":"Nutri Partners"},"image":{"@id":"https:\/\/nutripartners.co\/hu#\/schema\/logo\/image\/"},"sameAs":["https:\/\/www.instagram.com\/_nutripartners_\/","https:\/\/www.linkedin.com\/company\/106882083"]}]}},"_links":{"self":[{"href":"https:\/\/nutripartners.co\/hu\/wp-json\/wp\/v2\/product\/1849","targetHints":{"allow":["GET"]}}],"collection":[{"href":"https:\/\/nutripartners.co\/hu\/wp-json\/wp\/v2\/product"}],"about":[{"href":"https:\/\/nutripartners.co\/hu\/wp-json\/wp\/v2\/types\/product"}],"wp:attachment":[{"href":"https:\/\/nutripartners.co\/hu\/wp-json\/wp\/v2\/media?parent=1849"}],"wp:term":[{"taxonomy":"product-category","embeddable":true,"href":"https:\/\/nutripartners.co\/hu\/wp-json\/wp\/v2\/product-category?post=1849"}],"curies":[{"name":"wp","href":"https:\/\/api.w.org\/{rel}","templated":true}]}}