{"id":1851,"date":"2025-03-11T14:48:44","date_gmt":"2025-03-11T13:48:44","guid":{"rendered":"https:\/\/nutripartners.co\/product-supplier\/tejfeherje-koncentratum"},"modified":"2025-07-29T16:08:55","modified_gmt":"2025-07-29T14:08:55","slug":"tejfeherje-koncentratum","status":"publish","type":"product","link":"https:\/\/nutripartners.co\/hu\/product-supplier\/tejfeherje-koncentratum","title":{"rendered":"Tejfeh\u00e9rje koncentr\u00e1tum"},"content":{"rendered":"\n<h2 class=\"wp-block-heading\" id=\"h-product-description\">Term\u00e9k le\u00edr\u00e1sa<\/h2>\n\n<p>A tejfeh\u00e9rje-koncentr\u00e1tum (MPC) egy term\u00e9szetes tejfeh\u00e9rje, amely testre szabhat\u00f3 feh\u00e9rjetartalommal rendelkezik (40% \u00e9s 85% k\u00f6z\u00f6tt), \u00e9s mind a kazeint, mind a tejsav\u00f3t nat\u00edv ar\u00e1nyban tartalmazza. Ide\u00e1lis a funkcion\u00e1lis kever\u00e9kek, k\u00e9sz italok (RTD), szeletek \u00e9s tej alap\u00fa \u00e9lelmiszerek t\u00e1p\u00e9rt\u00e9k\u00e9nek gazdag\u00edt\u00e1s\u00e1ra. <\/p>\n\n<h2 class=\"wp-block-heading\" id=\"h-key-features\">F\u0151 jellemz\u0151k<\/h2>\n\n<ul class=\"wp-block-list\">\n<li>Feh\u00e9rjetartalom: 40%-85% (sz\u00e1razanyag)<\/li>\n\n\n\n<li>El\u00e9rhet\u0151 oszt\u00e1lyok: MPC 70, MPC 80, MPC 85<\/li>\n\n\n\n<li>Kiegyens\u00falyozott kazein- \u00e9s tejfeh\u00e9rje-profil<\/li>\n\n\n\n<li>Alacsony lakt\u00f3ztartalom<\/li>\n\n\n\n<li>J\u00f3 oldhat\u00f3s\u00e1g \u00e9s emulge\u00e1l\u00f3 tulajdons\u00e1gok<\/li>\n\n\n\n<li>Tan\u00fas\u00edtv\u00e1nyok: ISO, HACCP, Halal, COA, MSDS<\/li>\n\n\n\n<li>Form\u00e1ja: feh\u00e9r, semleges \u00edz\u0171 por<\/li>\n<\/ul>\n\n<h2 class=\"wp-block-heading\" id=\"h-applications\">Alkalmaz\u00e1sok<\/h2>\n\n<ul class=\"wp-block-list\">\n<li>Feh\u00e9rj\u00e9vel d\u00fas\u00edtott term\u00e9kek (RTD, porok, szeletek)<\/li>\n\n\n\n<li>Tejterm\u00e9kkever\u00e9kek \u00e9s t\u00e1panyagk\u00e9sz\u00edtm\u00e9nyek<\/li>\n\n\n\n<li>D\u00fas\u00edtott joghurtok, fagylaltok \u00e9s desszertek<\/li>\n\n\n\n<li>Klinikai \u00e9s di\u00e9t\u00e1s t\u00e1pl\u00e1lkoz\u00e1s<\/li>\n\n\n\n<li>Instanc\u00e1lt \u00e9lelmiszer-rendszerek \u00e9s p\u00e9ks\u00e9gi alkalmaz\u00e1sok<\/li>\n<\/ul>\n","protected":false},"excerpt":{"rendered":"<p>V\u00e1s\u00e1roljon \u00f6mlesztett tejfeh\u00e9rje koncentr\u00e1tumot (MPC) a Nutri Partners-t\u0151l &#8211; a magas feh\u00e9rjetartalm\u00fa tejipari \u00f6sszetev\u0151k eur\u00f3pai nagykereskedelmi forgalmaz\u00f3j\u00e1t\u00f3l az \u00e9lelmiszer- \u00e9s \u00e9trend-kieg\u00e9sz\u00edt\u0151 ipar sz\u00e1m\u00e1ra.<\/p>\n","protected":false},"featured_media":0,"template":"","product-category":[157,151],"class_list":["post-1851","product","type-product","status-publish","hentry","product-category-tejporok","product-category-tejtermekek"],"acf":[],"yoast_head":"<!-- This site is optimized with the Yoast SEO Premium plugin v25.0 (Yoast SEO v26.6) - https:\/\/yoast.com\/wordpress\/plugins\/seo\/ -->\n<title>Tejfeh\u00e9rje koncentr\u00e1tum - Nutri Partners<\/title>\n<meta name=\"description\" content=\"V\u00e1s\u00e1roljon \u00f6mlesztett tejfeh\u00e9rje koncentr\u00e1tumot (MPC) a Nutri Partners-t\u0151l - a magas feh\u00e9rjetartalm\u00fa tejipari \u00f6sszetev\u0151k eur\u00f3pai nagykereskedelmi forgalmaz\u00f3j\u00e1t\u00f3l az \u00e9lelmiszer- \u00e9s \u00e9trend-kieg\u00e9sz\u00edt\u0151 ipar sz\u00e1m\u00e1ra.\" \/>\n<meta name=\"robots\" content=\"index, follow, max-snippet:-1, max-image-preview:large, max-video-preview:-1\" \/>\n<link rel=\"canonical\" href=\"https:\/\/nutripartners.co\/hu\/product-supplier\/tejfeherje-koncentratum\" \/>\n<meta property=\"og:locale\" content=\"hu_HU\" \/>\n<meta property=\"og:type\" content=\"article\" \/>\n<meta property=\"og:title\" content=\"Tejfeh\u00e9rje koncentr\u00e1tum\" \/>\n<meta property=\"og:description\" content=\"V\u00e1s\u00e1roljon \u00f6mlesztett tejfeh\u00e9rje koncentr\u00e1tumot (MPC) a Nutri Partners-t\u0151l - a magas feh\u00e9rjetartalm\u00fa tejipari \u00f6sszetev\u0151k eur\u00f3pai nagykereskedelmi forgalmaz\u00f3j\u00e1t\u00f3l az \u00e9lelmiszer- \u00e9s \u00e9trend-kieg\u00e9sz\u00edt\u0151 ipar sz\u00e1m\u00e1ra.\" \/>\n<meta property=\"og:url\" content=\"https:\/\/nutripartners.co\/hu\/product-supplier\/tejfeherje-koncentratum\" \/>\n<meta property=\"og:site_name\" content=\"Nutri Partners\" \/>\n<meta property=\"article:modified_time\" content=\"2025-07-29T14:08:55+00:00\" \/>\n<meta property=\"og:image\" content=\"https:\/\/nutripartners.co\/wp-content\/uploads\/2025\/03\/ogimage.webp\" \/>\n\t<meta property=\"og:image:width\" content=\"1200\" \/>\n\t<meta property=\"og:image:height\" content=\"600\" \/>\n\t<meta property=\"og:image:type\" content=\"image\/webp\" \/>\n<meta name=\"twitter:card\" content=\"summary_large_image\" \/>\n<meta name=\"twitter:label1\" content=\"Becs\u00fclt olvas\u00e1si id\u0151\" \/>\n\t<meta name=\"twitter:data1\" content=\"1 perc\" \/>\n<script type=\"application\/ld+json\" class=\"yoast-schema-graph\">{\"@context\":\"https:\/\/schema.org\",\"@graph\":[{\"@type\":\"WebPage\",\"@id\":\"https:\/\/nutripartners.co\/hu\/product-supplier\/tejfeherje-koncentratum\",\"url\":\"https:\/\/nutripartners.co\/hu\/product-supplier\/tejfeherje-koncentratum\",\"name\":\"Tejfeh\u00e9rje koncentr\u00e1tum - Nutri Partners\",\"isPartOf\":{\"@id\":\"https:\/\/nutripartners.co\/hu#website\"},\"datePublished\":\"2025-03-11T13:48:44+00:00\",\"dateModified\":\"2025-07-29T14:08:55+00:00\",\"description\":\"V\u00e1s\u00e1roljon \u00f6mlesztett tejfeh\u00e9rje koncentr\u00e1tumot (MPC) a Nutri Partners-t\u0151l - a magas feh\u00e9rjetartalm\u00fa tejipari \u00f6sszetev\u0151k eur\u00f3pai nagykereskedelmi forgalmaz\u00f3j\u00e1t\u00f3l az \u00e9lelmiszer- \u00e9s \u00e9trend-kieg\u00e9sz\u00edt\u0151 ipar sz\u00e1m\u00e1ra.\",\"breadcrumb\":{\"@id\":\"https:\/\/nutripartners.co\/hu\/product-supplier\/tejfeherje-koncentratum#breadcrumb\"},\"inLanguage\":\"hu\",\"potentialAction\":[{\"@type\":\"ReadAction\",\"target\":[\"https:\/\/nutripartners.co\/hu\/product-supplier\/tejfeherje-koncentratum\"]}]},{\"@type\":\"BreadcrumbList\",\"@id\":\"https:\/\/nutripartners.co\/hu\/product-supplier\/tejfeherje-koncentratum#breadcrumb\",\"itemListElement\":[{\"@type\":\"ListItem\",\"position\":1,\"name\":\"Home\",\"item\":\"https:\/\/nutripartners.co\/hu\"},{\"@type\":\"ListItem\",\"position\":2,\"name\":\"Products\",\"item\":\"https:\/\/nutripartners.co\/hu\/product-category\"},{\"@type\":\"ListItem\",\"position\":3,\"name\":\"Tejterm\u00e9kek\",\"item\":\"https:\/\/nutripartners.co\/hu\/termekkategoria\/tejtermekek\"},{\"@type\":\"ListItem\",\"position\":4,\"name\":\"Tejporok\",\"item\":\"https:\/\/nutripartners.co\/hu\/termekkategoria\/tejtermekek\/tejporok\"},{\"@type\":\"ListItem\",\"position\":5,\"name\":\"Tejfeh\u00e9rje koncentr\u00e1tum\"}]},{\"@type\":\"WebSite\",\"@id\":\"https:\/\/nutripartners.co\/hu#website\",\"url\":\"https:\/\/nutripartners.co\/hu\",\"name\":\"Nutri Partners\",\"description\":\"Raw materials distributor\",\"publisher\":{\"@id\":\"https:\/\/nutripartners.co\/hu#organization\"},\"potentialAction\":[{\"@type\":\"SearchAction\",\"target\":{\"@type\":\"EntryPoint\",\"urlTemplate\":\"https:\/\/nutripartners.co\/hu?s={search_term_string}\"},\"query-input\":{\"@type\":\"PropertyValueSpecification\",\"valueRequired\":true,\"valueName\":\"search_term_string\"}}],\"inLanguage\":\"hu\"},{\"@type\":\"Organization\",\"@id\":\"https:\/\/nutripartners.co\/hu#organization\",\"name\":\"Nutri Partners\",\"url\":\"https:\/\/nutripartners.co\/hu\",\"logo\":{\"@type\":\"ImageObject\",\"inLanguage\":\"hu\",\"@id\":\"https:\/\/nutripartners.co\/hu#\/schema\/logo\/image\/\",\"url\":\"https:\/\/nutripartners.co\/wp-content\/uploads\/2025\/03\/logo-light.svg\",\"contentUrl\":\"https:\/\/nutripartners.co\/wp-content\/uploads\/2025\/03\/logo-light.svg\",\"width\":1,\"height\":1,\"caption\":\"Nutri Partners\"},\"image\":{\"@id\":\"https:\/\/nutripartners.co\/hu#\/schema\/logo\/image\/\"},\"sameAs\":[\"https:\/\/www.instagram.com\/_nutripartners_\/\",\"https:\/\/www.linkedin.com\/company\/106882083\"]}]}<\/script>\n<!-- \/ Yoast SEO Premium plugin. -->","yoast_head_json":{"title":"Tejfeh\u00e9rje koncentr\u00e1tum - Nutri Partners","description":"V\u00e1s\u00e1roljon \u00f6mlesztett tejfeh\u00e9rje koncentr\u00e1tumot (MPC) a Nutri Partners-t\u0151l - a magas feh\u00e9rjetartalm\u00fa tejipari \u00f6sszetev\u0151k eur\u00f3pai nagykereskedelmi forgalmaz\u00f3j\u00e1t\u00f3l az \u00e9lelmiszer- \u00e9s \u00e9trend-kieg\u00e9sz\u00edt\u0151 ipar sz\u00e1m\u00e1ra.","robots":{"index":"index","follow":"follow","max-snippet":"max-snippet:-1","max-image-preview":"max-image-preview:large","max-video-preview":"max-video-preview:-1"},"canonical":"https:\/\/nutripartners.co\/hu\/product-supplier\/tejfeherje-koncentratum","og_locale":"hu_HU","og_type":"article","og_title":"Tejfeh\u00e9rje koncentr\u00e1tum","og_description":"V\u00e1s\u00e1roljon \u00f6mlesztett tejfeh\u00e9rje koncentr\u00e1tumot (MPC) a Nutri Partners-t\u0151l - a magas feh\u00e9rjetartalm\u00fa tejipari \u00f6sszetev\u0151k eur\u00f3pai nagykereskedelmi forgalmaz\u00f3j\u00e1t\u00f3l az \u00e9lelmiszer- \u00e9s \u00e9trend-kieg\u00e9sz\u00edt\u0151 ipar sz\u00e1m\u00e1ra.","og_url":"https:\/\/nutripartners.co\/hu\/product-supplier\/tejfeherje-koncentratum","og_site_name":"Nutri Partners","article_modified_time":"2025-07-29T14:08:55+00:00","og_image":[{"width":1200,"height":600,"url":"https:\/\/nutripartners.co\/wp-content\/uploads\/2025\/03\/ogimage.webp","type":"image\/webp"}],"twitter_card":"summary_large_image","twitter_misc":{"Becs\u00fclt olvas\u00e1si id\u0151":"1 perc"},"schema":{"@context":"https:\/\/schema.org","@graph":[{"@type":"WebPage","@id":"https:\/\/nutripartners.co\/hu\/product-supplier\/tejfeherje-koncentratum","url":"https:\/\/nutripartners.co\/hu\/product-supplier\/tejfeherje-koncentratum","name":"Tejfeh\u00e9rje koncentr\u00e1tum - Nutri Partners","isPartOf":{"@id":"https:\/\/nutripartners.co\/hu#website"},"datePublished":"2025-03-11T13:48:44+00:00","dateModified":"2025-07-29T14:08:55+00:00","description":"V\u00e1s\u00e1roljon \u00f6mlesztett tejfeh\u00e9rje koncentr\u00e1tumot (MPC) a Nutri Partners-t\u0151l - a magas feh\u00e9rjetartalm\u00fa tejipari \u00f6sszetev\u0151k eur\u00f3pai nagykereskedelmi forgalmaz\u00f3j\u00e1t\u00f3l az \u00e9lelmiszer- \u00e9s \u00e9trend-kieg\u00e9sz\u00edt\u0151 ipar sz\u00e1m\u00e1ra.","breadcrumb":{"@id":"https:\/\/nutripartners.co\/hu\/product-supplier\/tejfeherje-koncentratum#breadcrumb"},"inLanguage":"hu","potentialAction":[{"@type":"ReadAction","target":["https:\/\/nutripartners.co\/hu\/product-supplier\/tejfeherje-koncentratum"]}]},{"@type":"BreadcrumbList","@id":"https:\/\/nutripartners.co\/hu\/product-supplier\/tejfeherje-koncentratum#breadcrumb","itemListElement":[{"@type":"ListItem","position":1,"name":"Home","item":"https:\/\/nutripartners.co\/hu"},{"@type":"ListItem","position":2,"name":"Products","item":"https:\/\/nutripartners.co\/hu\/product-category"},{"@type":"ListItem","position":3,"name":"Tejterm\u00e9kek","item":"https:\/\/nutripartners.co\/hu\/termekkategoria\/tejtermekek"},{"@type":"ListItem","position":4,"name":"Tejporok","item":"https:\/\/nutripartners.co\/hu\/termekkategoria\/tejtermekek\/tejporok"},{"@type":"ListItem","position":5,"name":"Tejfeh\u00e9rje koncentr\u00e1tum"}]},{"@type":"WebSite","@id":"https:\/\/nutripartners.co\/hu#website","url":"https:\/\/nutripartners.co\/hu","name":"Nutri Partners","description":"Raw materials distributor","publisher":{"@id":"https:\/\/nutripartners.co\/hu#organization"},"potentialAction":[{"@type":"SearchAction","target":{"@type":"EntryPoint","urlTemplate":"https:\/\/nutripartners.co\/hu?s={search_term_string}"},"query-input":{"@type":"PropertyValueSpecification","valueRequired":true,"valueName":"search_term_string"}}],"inLanguage":"hu"},{"@type":"Organization","@id":"https:\/\/nutripartners.co\/hu#organization","name":"Nutri Partners","url":"https:\/\/nutripartners.co\/hu","logo":{"@type":"ImageObject","inLanguage":"hu","@id":"https:\/\/nutripartners.co\/hu#\/schema\/logo\/image\/","url":"https:\/\/nutripartners.co\/wp-content\/uploads\/2025\/03\/logo-light.svg","contentUrl":"https:\/\/nutripartners.co\/wp-content\/uploads\/2025\/03\/logo-light.svg","width":1,"height":1,"caption":"Nutri Partners"},"image":{"@id":"https:\/\/nutripartners.co\/hu#\/schema\/logo\/image\/"},"sameAs":["https:\/\/www.instagram.com\/_nutripartners_\/","https:\/\/www.linkedin.com\/company\/106882083"]}]}},"_links":{"self":[{"href":"https:\/\/nutripartners.co\/hu\/wp-json\/wp\/v2\/product\/1851","targetHints":{"allow":["GET"]}}],"collection":[{"href":"https:\/\/nutripartners.co\/hu\/wp-json\/wp\/v2\/product"}],"about":[{"href":"https:\/\/nutripartners.co\/hu\/wp-json\/wp\/v2\/types\/product"}],"wp:attachment":[{"href":"https:\/\/nutripartners.co\/hu\/wp-json\/wp\/v2\/media?parent=1851"}],"wp:term":[{"taxonomy":"product-category","embeddable":true,"href":"https:\/\/nutripartners.co\/hu\/wp-json\/wp\/v2\/product-category?post=1851"}],"curies":[{"name":"wp","href":"https:\/\/api.w.org\/{rel}","templated":true}]}}