{"id":1867,"date":"2025-03-11T14:48:44","date_gmt":"2025-03-11T13:48:44","guid":{"rendered":"https:\/\/nutripartners.co\/product-supplier\/glukozamin-hcl"},"modified":"2025-07-29T16:09:01","modified_gmt":"2025-07-29T14:09:01","slug":"glukozamin-hcl","status":"publish","type":"product","link":"https:\/\/nutripartners.co\/hu\/product-supplier\/glukozamin-hcl","title":{"rendered":"Gl\u00fckozamin HCL"},"content":{"rendered":"\n<h2 class=\"wp-block-heading\" id=\"h-product-description\">Term\u00e9k le\u00edr\u00e1sa<\/h2>\n\n<p>A gl\u00fck\u00f3zamin HCL kiv\u00e1l\u00f3 min\u0151s\u00e9g\u0171 funkcion\u00e1lis \u00f6sszetev\u0151, amelyet \u00e9trend-kieg\u00e9sz\u00edt\u0151kben, orvosi t\u00e1pl\u00e1lkoz\u00e1sban \u00e9s gy\u00f3gyszerekben haszn\u00e1lnak. K\u00fcl\u00f6nb\u00f6z\u0151 form\u00e1ban \u00e9s koncentr\u00e1ci\u00f3ban kaphat\u00f3, teljes dokument\u00e1ci\u00f3val. <\/p>\n\n<h2 class=\"wp-block-heading\" id=\"h-key-features\">F\u0151 jellemz\u0151k<\/h2>\n\n<ul class=\"wp-block-list\">\n<li>Gy\u00f3gyszeripari vagy \u00e9lelmiszeripari min\u0151s\u00e9g<\/li>\n\n\n\n<li>Tisztas\u00e1g: \u2265 98%<\/li>\n\n\n\n<li>Tan\u00fas\u00edtv\u00e1nyokkal igazolt stabilit\u00e1s<\/li>\n\n\n\n<li>\u00d6mlesztett csomagol\u00e1s: 10-25 kg (term\u00e9kt\u0151l f\u00fcgg\u0151en)<\/li>\n<\/ul>\n\n<h2 class=\"wp-block-heading\" id=\"h-applications\">Alkalmaz\u00e1sok<\/h2>\n\n<ul class=\"wp-block-list\">\n<li>Kapszul\u00e1k, tablett\u00e1k, tasakok \u00e9s folyad\u00e9kok gy\u00e1rt\u00e1sa<\/li>\n\n\n\n<li>\u00c9trend-kieg\u00e9sz\u00edt\u0151k minden koroszt\u00e1ly sz\u00e1m\u00e1ra<\/li>\n\n\n\n<li>OTC gy\u00f3gyszerek \u00e9s t\u00e1pl\u00e1l\u00e9kkieg\u00e9sz\u00edt\u0151k<\/li>\n\n\n\n<li>Funkcion\u00e1lis \u00e9s di\u00e9t\u00e1s \u00e9lelmiszerek<\/li>\n<\/ul>\n","protected":false},"excerpt":{"rendered":"<p>\u00d6mlesztett gl\u00fck\u00f3zamin HCL a NutriPartners &#8211; a funkcion\u00e1lis \u00e9s nutraumatikus \u00f6sszetev\u0151k megb\u00edzhat\u00f3 sz\u00e1ll\u00edt\u00f3ja a gy\u00f3gyszer-, \u00e9trend-kieg\u00e9sz\u00edt\u0151- \u00e9s \u00e9lelmiszeripar sz\u00e1m\u00e1ra.<\/p>\n","protected":false},"featured_media":0,"template":"","product-category":[154,158],"class_list":["post-1867","product","type-product","status-publish","hentry","product-category-adalekanyagok","product-category-egyeb"],"acf":[],"yoast_head":"<!-- This site is optimized with the Yoast SEO Premium plugin v25.0 (Yoast SEO v26.6) - https:\/\/yoast.com\/wordpress\/plugins\/seo\/ -->\n<title>Gl\u00fckozamin HCL - Speci\u00e1lis nyersanyag | Nutri Partners%<\/title>\n<meta name=\"description\" content=\"\u00d6mlesztett gl\u00fck\u00f3zamin HCL a NutriPartners - a funkcion\u00e1lis \u00e9s nutraumatikus \u00f6sszetev\u0151k megb\u00edzhat\u00f3 sz\u00e1ll\u00edt\u00f3ja a gy\u00f3gyszer-, \u00e9trend-kieg\u00e9sz\u00edt\u0151- \u00e9s \u00e9lelmiszeripar sz\u00e1m\u00e1ra.\" \/>\n<meta name=\"robots\" content=\"index, follow, max-snippet:-1, max-image-preview:large, max-video-preview:-1\" \/>\n<link rel=\"canonical\" href=\"https:\/\/nutripartners.co\/hu\/product-supplier\/glukozamin-hcl\" \/>\n<meta property=\"og:locale\" content=\"hu_HU\" \/>\n<meta property=\"og:type\" content=\"article\" \/>\n<meta property=\"og:title\" content=\"Gl\u00fckozamin HCL\" \/>\n<meta property=\"og:description\" content=\"\u00d6mlesztett gl\u00fck\u00f3zamin HCL a NutriPartners - a funkcion\u00e1lis \u00e9s nutraumatikus \u00f6sszetev\u0151k megb\u00edzhat\u00f3 sz\u00e1ll\u00edt\u00f3ja a gy\u00f3gyszer-, \u00e9trend-kieg\u00e9sz\u00edt\u0151- \u00e9s \u00e9lelmiszeripar sz\u00e1m\u00e1ra.\" \/>\n<meta property=\"og:url\" content=\"https:\/\/nutripartners.co\/hu\/product-supplier\/glukozamin-hcl\" \/>\n<meta property=\"og:site_name\" content=\"Nutri Partners\" \/>\n<meta property=\"article:modified_time\" content=\"2025-07-29T14:09:01+00:00\" \/>\n<meta property=\"og:image\" content=\"https:\/\/nutripartners.co\/wp-content\/uploads\/2025\/03\/ogimage.webp\" \/>\n\t<meta property=\"og:image:width\" content=\"1200\" \/>\n\t<meta property=\"og:image:height\" content=\"600\" \/>\n\t<meta property=\"og:image:type\" content=\"image\/webp\" \/>\n<meta name=\"twitter:card\" content=\"summary_large_image\" \/>\n<meta name=\"twitter:label1\" content=\"Becs\u00fclt olvas\u00e1si id\u0151\" \/>\n\t<meta name=\"twitter:data1\" content=\"1 perc\" \/>\n<script type=\"application\/ld+json\" class=\"yoast-schema-graph\">{\"@context\":\"https:\/\/schema.org\",\"@graph\":[{\"@type\":\"WebPage\",\"@id\":\"https:\/\/nutripartners.co\/hu\/product-supplier\/glukozamin-hcl\",\"url\":\"https:\/\/nutripartners.co\/hu\/product-supplier\/glukozamin-hcl\",\"name\":\"Gl\u00fckozamin HCL - Speci\u00e1lis nyersanyag | Nutri Partners%\",\"isPartOf\":{\"@id\":\"https:\/\/nutripartners.co\/hu#website\"},\"datePublished\":\"2025-03-11T13:48:44+00:00\",\"dateModified\":\"2025-07-29T14:09:01+00:00\",\"description\":\"\u00d6mlesztett gl\u00fck\u00f3zamin HCL a NutriPartners - a funkcion\u00e1lis \u00e9s nutraumatikus \u00f6sszetev\u0151k megb\u00edzhat\u00f3 sz\u00e1ll\u00edt\u00f3ja a gy\u00f3gyszer-, \u00e9trend-kieg\u00e9sz\u00edt\u0151- \u00e9s \u00e9lelmiszeripar sz\u00e1m\u00e1ra.\",\"breadcrumb\":{\"@id\":\"https:\/\/nutripartners.co\/hu\/product-supplier\/glukozamin-hcl#breadcrumb\"},\"inLanguage\":\"hu\",\"potentialAction\":[{\"@type\":\"ReadAction\",\"target\":[\"https:\/\/nutripartners.co\/hu\/product-supplier\/glukozamin-hcl\"]}]},{\"@type\":\"BreadcrumbList\",\"@id\":\"https:\/\/nutripartners.co\/hu\/product-supplier\/glukozamin-hcl#breadcrumb\",\"itemListElement\":[{\"@type\":\"ListItem\",\"position\":1,\"name\":\"Home\",\"item\":\"https:\/\/nutripartners.co\/hu\"},{\"@type\":\"ListItem\",\"position\":2,\"name\":\"Products\",\"item\":\"https:\/\/nutripartners.co\/hu\/product-category\"},{\"@type\":\"ListItem\",\"position\":3,\"name\":\"Adal\u00e9kanyagok\",\"item\":\"https:\/\/nutripartners.co\/hu\/termekkategoria\/adalekanyagok\"},{\"@type\":\"ListItem\",\"position\":4,\"name\":\"Egy\u00e9b\",\"item\":\"https:\/\/nutripartners.co\/hu\/termekkategoria\/adalekanyagok\/egyeb\"},{\"@type\":\"ListItem\",\"position\":5,\"name\":\"Gl\u00fckozamin HCL\"}]},{\"@type\":\"WebSite\",\"@id\":\"https:\/\/nutripartners.co\/hu#website\",\"url\":\"https:\/\/nutripartners.co\/hu\",\"name\":\"Nutri Partners\",\"description\":\"Raw materials distributor\",\"publisher\":{\"@id\":\"https:\/\/nutripartners.co\/hu#organization\"},\"potentialAction\":[{\"@type\":\"SearchAction\",\"target\":{\"@type\":\"EntryPoint\",\"urlTemplate\":\"https:\/\/nutripartners.co\/hu?s={search_term_string}\"},\"query-input\":{\"@type\":\"PropertyValueSpecification\",\"valueRequired\":true,\"valueName\":\"search_term_string\"}}],\"inLanguage\":\"hu\"},{\"@type\":\"Organization\",\"@id\":\"https:\/\/nutripartners.co\/hu#organization\",\"name\":\"Nutri Partners\",\"url\":\"https:\/\/nutripartners.co\/hu\",\"logo\":{\"@type\":\"ImageObject\",\"inLanguage\":\"hu\",\"@id\":\"https:\/\/nutripartners.co\/hu#\/schema\/logo\/image\/\",\"url\":\"https:\/\/nutripartners.co\/wp-content\/uploads\/2025\/03\/logo-light.svg\",\"contentUrl\":\"https:\/\/nutripartners.co\/wp-content\/uploads\/2025\/03\/logo-light.svg\",\"width\":1,\"height\":1,\"caption\":\"Nutri Partners\"},\"image\":{\"@id\":\"https:\/\/nutripartners.co\/hu#\/schema\/logo\/image\/\"},\"sameAs\":[\"https:\/\/www.instagram.com\/_nutripartners_\/\",\"https:\/\/www.linkedin.com\/company\/106882083\"]}]}<\/script>\n<!-- \/ Yoast SEO Premium plugin. -->","yoast_head_json":{"title":"Gl\u00fckozamin HCL - Speci\u00e1lis nyersanyag | Nutri Partners%","description":"\u00d6mlesztett gl\u00fck\u00f3zamin HCL a NutriPartners - a funkcion\u00e1lis \u00e9s nutraumatikus \u00f6sszetev\u0151k megb\u00edzhat\u00f3 sz\u00e1ll\u00edt\u00f3ja a gy\u00f3gyszer-, \u00e9trend-kieg\u00e9sz\u00edt\u0151- \u00e9s \u00e9lelmiszeripar sz\u00e1m\u00e1ra.","robots":{"index":"index","follow":"follow","max-snippet":"max-snippet:-1","max-image-preview":"max-image-preview:large","max-video-preview":"max-video-preview:-1"},"canonical":"https:\/\/nutripartners.co\/hu\/product-supplier\/glukozamin-hcl","og_locale":"hu_HU","og_type":"article","og_title":"Gl\u00fckozamin HCL","og_description":"\u00d6mlesztett gl\u00fck\u00f3zamin HCL a NutriPartners - a funkcion\u00e1lis \u00e9s nutraumatikus \u00f6sszetev\u0151k megb\u00edzhat\u00f3 sz\u00e1ll\u00edt\u00f3ja a gy\u00f3gyszer-, \u00e9trend-kieg\u00e9sz\u00edt\u0151- \u00e9s \u00e9lelmiszeripar sz\u00e1m\u00e1ra.","og_url":"https:\/\/nutripartners.co\/hu\/product-supplier\/glukozamin-hcl","og_site_name":"Nutri Partners","article_modified_time":"2025-07-29T14:09:01+00:00","og_image":[{"width":1200,"height":600,"url":"https:\/\/nutripartners.co\/wp-content\/uploads\/2025\/03\/ogimage.webp","type":"image\/webp"}],"twitter_card":"summary_large_image","twitter_misc":{"Becs\u00fclt olvas\u00e1si id\u0151":"1 perc"},"schema":{"@context":"https:\/\/schema.org","@graph":[{"@type":"WebPage","@id":"https:\/\/nutripartners.co\/hu\/product-supplier\/glukozamin-hcl","url":"https:\/\/nutripartners.co\/hu\/product-supplier\/glukozamin-hcl","name":"Gl\u00fckozamin HCL - Speci\u00e1lis nyersanyag | Nutri Partners%","isPartOf":{"@id":"https:\/\/nutripartners.co\/hu#website"},"datePublished":"2025-03-11T13:48:44+00:00","dateModified":"2025-07-29T14:09:01+00:00","description":"\u00d6mlesztett gl\u00fck\u00f3zamin HCL a NutriPartners - a funkcion\u00e1lis \u00e9s nutraumatikus \u00f6sszetev\u0151k megb\u00edzhat\u00f3 sz\u00e1ll\u00edt\u00f3ja a gy\u00f3gyszer-, \u00e9trend-kieg\u00e9sz\u00edt\u0151- \u00e9s \u00e9lelmiszeripar sz\u00e1m\u00e1ra.","breadcrumb":{"@id":"https:\/\/nutripartners.co\/hu\/product-supplier\/glukozamin-hcl#breadcrumb"},"inLanguage":"hu","potentialAction":[{"@type":"ReadAction","target":["https:\/\/nutripartners.co\/hu\/product-supplier\/glukozamin-hcl"]}]},{"@type":"BreadcrumbList","@id":"https:\/\/nutripartners.co\/hu\/product-supplier\/glukozamin-hcl#breadcrumb","itemListElement":[{"@type":"ListItem","position":1,"name":"Home","item":"https:\/\/nutripartners.co\/hu"},{"@type":"ListItem","position":2,"name":"Products","item":"https:\/\/nutripartners.co\/hu\/product-category"},{"@type":"ListItem","position":3,"name":"Adal\u00e9kanyagok","item":"https:\/\/nutripartners.co\/hu\/termekkategoria\/adalekanyagok"},{"@type":"ListItem","position":4,"name":"Egy\u00e9b","item":"https:\/\/nutripartners.co\/hu\/termekkategoria\/adalekanyagok\/egyeb"},{"@type":"ListItem","position":5,"name":"Gl\u00fckozamin HCL"}]},{"@type":"WebSite","@id":"https:\/\/nutripartners.co\/hu#website","url":"https:\/\/nutripartners.co\/hu","name":"Nutri Partners","description":"Raw materials distributor","publisher":{"@id":"https:\/\/nutripartners.co\/hu#organization"},"potentialAction":[{"@type":"SearchAction","target":{"@type":"EntryPoint","urlTemplate":"https:\/\/nutripartners.co\/hu?s={search_term_string}"},"query-input":{"@type":"PropertyValueSpecification","valueRequired":true,"valueName":"search_term_string"}}],"inLanguage":"hu"},{"@type":"Organization","@id":"https:\/\/nutripartners.co\/hu#organization","name":"Nutri Partners","url":"https:\/\/nutripartners.co\/hu","logo":{"@type":"ImageObject","inLanguage":"hu","@id":"https:\/\/nutripartners.co\/hu#\/schema\/logo\/image\/","url":"https:\/\/nutripartners.co\/wp-content\/uploads\/2025\/03\/logo-light.svg","contentUrl":"https:\/\/nutripartners.co\/wp-content\/uploads\/2025\/03\/logo-light.svg","width":1,"height":1,"caption":"Nutri Partners"},"image":{"@id":"https:\/\/nutripartners.co\/hu#\/schema\/logo\/image\/"},"sameAs":["https:\/\/www.instagram.com\/_nutripartners_\/","https:\/\/www.linkedin.com\/company\/106882083"]}]}},"_links":{"self":[{"href":"https:\/\/nutripartners.co\/hu\/wp-json\/wp\/v2\/product\/1867","targetHints":{"allow":["GET"]}}],"collection":[{"href":"https:\/\/nutripartners.co\/hu\/wp-json\/wp\/v2\/product"}],"about":[{"href":"https:\/\/nutripartners.co\/hu\/wp-json\/wp\/v2\/types\/product"}],"wp:attachment":[{"href":"https:\/\/nutripartners.co\/hu\/wp-json\/wp\/v2\/media?parent=1867"}],"wp:term":[{"taxonomy":"product-category","embeddable":true,"href":"https:\/\/nutripartners.co\/hu\/wp-json\/wp\/v2\/product-category?post=1867"}],"curies":[{"name":"wp","href":"https:\/\/api.w.org\/{rel}","templated":true}]}}