{"id":3853,"date":"2026-01-21T12:05:44","date_gmt":"2026-01-21T11:05:44","guid":{"rendered":"https:\/\/nutripartners.co\/product-supplier\/vizmentes-tejzsir-amf"},"modified":"2026-02-06T08:33:05","modified_gmt":"2026-02-06T07:33:05","slug":"vizmentes-tejzsir-amf","status":"publish","type":"product","link":"https:\/\/nutripartners.co\/hu\/product-supplier\/vizmentes-tejzsir-amf","title":{"rendered":"V\u00edzmentes tejzs\u00edr (AMF)"},"content":{"rendered":"\n<p>A Nutri Partners kiv\u00e1l\u00f3 min\u0151s\u00e9g\u0171 v\u00edzmentes tejzs\u00edr nagykereskedelmet (AMF), m\u00e1s n\u00e9ven vajkoncentr\u00e1tumot vagy vajolajat k\u00edn\u00e1l. Ezt a pr\u00e9mium tejterm\u00e9k-\u00f6sszetev\u0151t friss tejsz\u00ednb\u0151l vagy vajb\u00f3l nyerik \u00fagy, hogy mechanikusan elt\u00e1vol\u00edtj\u00e1k gyakorlatilag az \u00f6sszes vizet \u00e9s zs\u00edrmentes szil\u00e1rd anyagot. Az eredm\u00e9ny egy tiszta tejzs\u00edr (&gt;99,8%), amely kiv\u00e9teles eltarthat\u00f3s\u00e1got \u00e9s gazdag, term\u00e9szetes tejipari \u00edzt biztos\u00edt. Ez az el\u0151nyben r\u00e9szes\u00edtett zs\u00edrforr\u00e1s azon ipari termel\u0151k sz\u00e1m\u00e1ra, akiknek \u00e1lland\u00f3 min\u0151s\u00e9gre van sz\u00fcks\u00e9g\u00fck a h\u0171t\u00f6tt vaj logisztikai kih\u00edv\u00e1sai n\u00e9lk\u00fcl.   <\/p>\n\n<h2 class=\"wp-block-heading\" id=\"h-key-features\">F\u0151 jellemz\u0151k<\/h2>\n\n<ul class=\"wp-block-list\">\n<li>Tisztas\u00e1g: 0,1% alatti nedvess\u00e9gtartalommal.<\/li>\n\n\n\n<li>Stabilit\u00e1s: A friss vajjal ellent\u00e9tben az AMF kiv\u00e1l\u00f3 oxidat\u00edv stabilit\u00e1ssal rendelkezik, \u00e9s sz\u00e1ll\u00edt\u00e1s k\u00f6zben nem ig\u00e9nyel h\u0171t\u00e9st (k\u00f6rnyezeti t\u00e1rol\u00e1s lehets\u00e9ges).<\/li>\n\n\n\n<li>\u00cdz: Tiszta, kr\u00e9mes \u00e9s vajas \u00edz. K\u00edn\u00e1lunk standard min\u0151s\u00e9g\u0171, valamint teny\u00e9sztett\/erjesztett profilokat is a fokozott \u00edz \u00e9rdek\u00e9ben. <\/li>\n\n\n\n<li>Olvad\u00e1spont: Olvad\u00e1spont: Standard olvad\u00e1spont-tartom\u00e1ny 30\u00b0C-34\u00b0C (egyedi frakci\u00f3k el\u00e9rhet\u0151ek).<\/li>\n\n\n\n<li>C\u00edmk\u00e9z\u00e9s: Tiszta c\u00edmk\u00e9n szerepl\u0151 \u00f6sszetev\u0151, amelyet egyszer\u0171en &#8222;tejzs\u00edrk\u00e9nt&#8221; vagy &#8222;vajzs\u00edrk\u00e9nt&#8221; kell felt\u00fcntetni.<\/li>\n<\/ul>\n\n<h2 class=\"wp-block-heading\" id=\"h-applications\">Alkalmaz\u00e1sok<\/h2>\n\n<p>Az AMF az \u00e9lelmiszeripar sokoldal\u00fa er\u0151m\u0171ve:<\/p>\n\n<ul class=\"wp-block-list\">\n<li>Csokol\u00e1d\u00e9 \u00e9s \u00e9dess\u00e9g: A &#8222;zs\u00edrosod\u00e1s&#8221; g\u00e1tl\u00e1s\u00e1hoz \u00e9s a t\u00f6ltel\u00e9kek text\u00far\u00e1j\u00e1nak l\u00e1gy\u00edt\u00e1s\u00e1hoz n\u00e9lk\u00fcl\u00f6zhetetlen \u00f6sszetev\u0151. Kompatibilis a <a href=\"https:\/\/nutripartners.co\/hu\/product-supplier\/kakaovaj\">kaka\u00f3vajjal<\/a>, \u00e9s seg\u00edt szab\u00e1lyozni a csokol\u00e1d\u00e9 pattog\u00e1si \u00e9s olvad\u00e1si viselked\u00e9s\u00e9t. <\/li>\n\n\n\n<li>Fagylalt: A pr\u00e9mium j\u00e9gkr\u00e9mek arany standardja, amely a n\u00f6v\u00e9nyi zs\u00edrokhoz k\u00e9pest kiv\u00e1l\u00f3 kr\u00e9mess\u00e9get, sz\u00e1j\u00e9rzetet \u00e9s szerkezetet biztos\u00edt.<\/li>\n\n\n\n<li>P\u00e9ks\u00e9g: S\u00fctem\u00e9nyek: r\u00e9tegelt t\u00e9szt\u00e1kban (pl. croissant) \u00e9s s\u00fctem\u00e9nyekben haszn\u00e1lj\u00e1k, ahol k\u00fcl\u00f6nleges olvad\u00e1si tulajdons\u00e1gokra \u00e9s gazdag \u00edzre van sz\u00fcks\u00e9g.<\/li>\n\n\n\n<li>\u00dajrakombin\u00e1lt tejterm\u00e9kek: Foly\u00e9kony tej, joghurt vagy sajt el\u0151\u00e1ll\u00edt\u00e1s\u00e1ra haszn\u00e1lj\u00e1k olyan r\u00e9gi\u00f3kban, ahol a friss tejell\u00e1t\u00e1s korl\u00e1tozott (rekombin\u00e1lt sov\u00e1ny tejporral \u00e9s v\u00edzzel).<\/li>\n<\/ul>\n\n<h2 class=\"wp-block-heading\" id=\"h-technical-description-anhydrous-milk-fat-wholesale\">M\u0171szaki le\u00edr\u00e1s: V\u00edzmentes tejzs\u00edr nagykereskedelem<\/h2>\n\n<p>Technikailag az AMF a tej tiszta lipidfrakci\u00f3ja. Mivel nincs benne v\u00edz \u00e9s feh\u00e9rj\u00e9k, bakteriol\u00f3giailag biztons\u00e1gos, \u00e9s sokkal hosszabb ideig eltarthat\u00f3, mint a vaj. <\/p>\n\n<p>V\u00edzmentes tejzs\u00edr nagykeresked\u0151i beszerz\u00e9sekor a gy\u00e1rt\u00f3k gyakran \u00e9rdekl\u0151dnek a frakcion\u00e1l\u00e1sr\u00f3l.<br\/>Termikus frakcion\u00e1l\u00e1ssal az AMF-et sz\u00e9t tudjuk v\u00e1lasztani:<\/p>\n\n<ul class=\"wp-block-list\">\n<li>Stearinok (magas olvad\u00e1spont): Kem\u00e9ny frakci\u00f3k, amelyeket a leveles t\u00e9szt\u00e1ban haszn\u00e1lnak, hogy a r\u00e9tegek ne essenek \u00f6ssze a s\u00fct\u0151ben.<\/li>\n\n\n\n<li>Oleinek (alacsony olvad\u00e1spont): L\u00e1gy\/foly\u00e9kony frakci\u00f3k, amelyeket j\u00e9gkr\u00e9mekben vagy l\u00e1gy t\u00f6ltel\u00e9kekben haszn\u00e1lnak a viaszos text\u00fara megakad\u00e1lyoz\u00e1s\u00e1ra.<\/li>\n\n\n\n<li>A standard AMF kiegyens\u00falyozott profilt k\u00edn\u00e1l, de k\u00e9r\u00e9sre egyedi olvad\u00e1si g\u00f6rb\u00e9k is rendelkez\u00e9sre \u00e1llnak, hogy megfeleljenek az \u00d6n feldolgoz\u00f3sor\u00e1nak.<\/li>\n<\/ul>\n\n<h2 class=\"wp-block-heading\" id=\"h-packaging-amp-logistics\">Csomagol\u00e1s \u00e9s logisztika<\/h2>\n\n<p>Optimaliz\u00e1ljuk a logisztik\u00e1t az \u00d6n v\u00edzmentes tejzs\u00edr nagykereskedelmi ig\u00e9nyeihez, \u00e9s olyan csomagol\u00e1st k\u00edn\u00e1lunk, amely mind a foly\u00e9kony, mind a szil\u00e1rd anyagok kezel\u00e9s\u00e9hez megfelel.<\/p>\n\n<p>Csomagol\u00e1s: 190 kg &#8211; 210 kg-os ac\u00e9lhord\u00f3k (az \u00fcr\u00edt\u00e9shez f\u0171t\u0151alag\u00fat sz\u00fcks\u00e9ges) vagy 900 kg-os IBC-kont\u00e9nerek (f\u0171t\u00f6tt) nagym\u00e9ret\u0171 felhaszn\u00e1l\u00f3k sz\u00e1m\u00e1ra. Kisebb p\u00e9ks\u00e9gek sz\u00e1m\u00e1ra 25 kg-os kartondobozok (blokkok) \u00e1llnak rendelkez\u00e9sre. <\/p>\n\n<p>Sz\u00e1ll\u00edt\u00e1s: A fagyasztott vajhoz k\u00e9pest jelent\u0151sen cs\u00f6kkentve a logisztikai k\u00f6lts\u00e9geket.<\/p>\n\n<p>Mint\u00e1k: Min\u0151s\u00e9gbiztos\u00edt\u00e1si tesztel\u00e9shez kis t\u00e9gelyek \u00e1llnak rendelkez\u00e9sre.<\/p>\n","protected":false},"excerpt":{"rendered":"<p>A v\u00edzmentes tejzs\u00edr (AMF) &gt;99,8% tiszta, stabil tejzs\u00edrt k\u00edn\u00e1l a csokol\u00e1d\u00e9-, s\u00fct\u0151ipari, j\u00e9gkr\u00e9m- \u00e9s tejipari alkalmaz\u00e1sokban val\u00f3 egyenletes teljes\u00edtm\u00e9ny \u00e9rdek\u00e9ben.<\/p>\n","protected":false},"featured_media":0,"template":"","product-category":[151],"class_list":["post-3853","product","type-product","status-publish","hentry","product-category-tejtermekek"],"acf":[],"yoast_head":"<!-- This site is optimized with the Yoast SEO Premium plugin v25.0 (Yoast SEO v26.6) - https:\/\/yoast.com\/wordpress\/plugins\/seo\/ -->\n<title>V\u00edzmentes tejzs\u00edr nagykereskedelem | AMF \/ Vajolaj | Nutri Partners<\/title>\n<meta name=\"description\" content=\"V\u00edzmentes tejzs\u00edr nagykereskedelmet keres? Pr\u00e9mium 99,8%-os tisztas\u00e1g\u00fa tejzs\u00edr csokol\u00e1d\u00e9hoz, p\u00e9ks\u00e9gekhez \u00e9s fagylaltokhoz. K\u00f6rnyezeti t\u00e1rol\u00e1si megold\u00e1s. Ell\u00e1t\u00e1s a Nutri Partners-t\u0151l.\" \/>\n<meta name=\"robots\" content=\"index, follow, max-snippet:-1, max-image-preview:large, max-video-preview:-1\" \/>\n<link rel=\"canonical\" href=\"https:\/\/nutripartners.co\/hu\/product-supplier\/vizmentes-tejzsir-amf\" \/>\n<meta property=\"og:locale\" content=\"hu_HU\" \/>\n<meta property=\"og:type\" content=\"article\" \/>\n<meta property=\"og:title\" content=\"V\u00edzmentes tejzs\u00edr (AMF)\" \/>\n<meta property=\"og:description\" content=\"V\u00edzmentes tejzs\u00edr nagykereskedelmet keres? Pr\u00e9mium 99,8%-os tisztas\u00e1g\u00fa tejzs\u00edr csokol\u00e1d\u00e9hoz, p\u00e9ks\u00e9gekhez \u00e9s fagylaltokhoz. K\u00f6rnyezeti t\u00e1rol\u00e1si megold\u00e1s. Ell\u00e1t\u00e1s a Nutri Partners-t\u0151l.\" \/>\n<meta property=\"og:url\" content=\"https:\/\/nutripartners.co\/hu\/product-supplier\/vizmentes-tejzsir-amf\" \/>\n<meta property=\"og:site_name\" content=\"Nutri Partners\" \/>\n<meta property=\"article:modified_time\" content=\"2026-02-06T07:33:05+00:00\" \/>\n<meta property=\"og:image\" content=\"https:\/\/nutripartners.co\/wp-content\/uploads\/2025\/03\/ogimage.webp\" \/>\n\t<meta property=\"og:image:width\" content=\"1200\" \/>\n\t<meta property=\"og:image:height\" content=\"600\" \/>\n\t<meta property=\"og:image:type\" content=\"image\/webp\" \/>\n<meta name=\"twitter:card\" content=\"summary_large_image\" \/>\n<meta name=\"twitter:label1\" content=\"Becs\u00fclt olvas\u00e1si id\u0151\" \/>\n\t<meta name=\"twitter:data1\" content=\"3 perc\" \/>\n<script type=\"application\/ld+json\" class=\"yoast-schema-graph\">{\"@context\":\"https:\/\/schema.org\",\"@graph\":[{\"@type\":\"WebPage\",\"@id\":\"https:\/\/nutripartners.co\/hu\/product-supplier\/vizmentes-tejzsir-amf\",\"url\":\"https:\/\/nutripartners.co\/hu\/product-supplier\/vizmentes-tejzsir-amf\",\"name\":\"V\u00edzmentes tejzs\u00edr nagykereskedelem | AMF \/ Vajolaj | Nutri Partners\",\"isPartOf\":{\"@id\":\"https:\/\/nutripartners.co\/hu#website\"},\"datePublished\":\"2026-01-21T11:05:44+00:00\",\"dateModified\":\"2026-02-06T07:33:05+00:00\",\"description\":\"V\u00edzmentes tejzs\u00edr nagykereskedelmet keres? Pr\u00e9mium 99,8%-os tisztas\u00e1g\u00fa tejzs\u00edr csokol\u00e1d\u00e9hoz, p\u00e9ks\u00e9gekhez \u00e9s fagylaltokhoz. K\u00f6rnyezeti t\u00e1rol\u00e1si megold\u00e1s. Ell\u00e1t\u00e1s a Nutri Partners-t\u0151l.\",\"breadcrumb\":{\"@id\":\"https:\/\/nutripartners.co\/hu\/product-supplier\/vizmentes-tejzsir-amf#breadcrumb\"},\"inLanguage\":\"hu\",\"potentialAction\":[{\"@type\":\"ReadAction\",\"target\":[\"https:\/\/nutripartners.co\/hu\/product-supplier\/vizmentes-tejzsir-amf\"]}]},{\"@type\":\"BreadcrumbList\",\"@id\":\"https:\/\/nutripartners.co\/hu\/product-supplier\/vizmentes-tejzsir-amf#breadcrumb\",\"itemListElement\":[{\"@type\":\"ListItem\",\"position\":1,\"name\":\"Home\",\"item\":\"https:\/\/nutripartners.co\/hu\"},{\"@type\":\"ListItem\",\"position\":2,\"name\":\"Products\",\"item\":\"https:\/\/nutripartners.co\/hu\/product-category\"},{\"@type\":\"ListItem\",\"position\":3,\"name\":\"Tejterm\u00e9kek\",\"item\":\"https:\/\/nutripartners.co\/hu\/termekkategoria\/tejtermekek\"},{\"@type\":\"ListItem\",\"position\":4,\"name\":\"V\u00edzmentes tejzs\u00edr (AMF)\"}]},{\"@type\":\"WebSite\",\"@id\":\"https:\/\/nutripartners.co\/hu#website\",\"url\":\"https:\/\/nutripartners.co\/hu\",\"name\":\"Nutri Partners\",\"description\":\"Raw materials distributor\",\"publisher\":{\"@id\":\"https:\/\/nutripartners.co\/hu#organization\"},\"potentialAction\":[{\"@type\":\"SearchAction\",\"target\":{\"@type\":\"EntryPoint\",\"urlTemplate\":\"https:\/\/nutripartners.co\/hu?s={search_term_string}\"},\"query-input\":{\"@type\":\"PropertyValueSpecification\",\"valueRequired\":true,\"valueName\":\"search_term_string\"}}],\"inLanguage\":\"hu\"},{\"@type\":\"Organization\",\"@id\":\"https:\/\/nutripartners.co\/hu#organization\",\"name\":\"Nutri Partners\",\"url\":\"https:\/\/nutripartners.co\/hu\",\"logo\":{\"@type\":\"ImageObject\",\"inLanguage\":\"hu\",\"@id\":\"https:\/\/nutripartners.co\/hu#\/schema\/logo\/image\/\",\"url\":\"https:\/\/nutripartners.co\/wp-content\/uploads\/2025\/03\/logo-light.svg\",\"contentUrl\":\"https:\/\/nutripartners.co\/wp-content\/uploads\/2025\/03\/logo-light.svg\",\"width\":1,\"height\":1,\"caption\":\"Nutri Partners\"},\"image\":{\"@id\":\"https:\/\/nutripartners.co\/hu#\/schema\/logo\/image\/\"},\"sameAs\":[\"https:\/\/www.instagram.com\/_nutripartners_\/\",\"https:\/\/www.linkedin.com\/company\/106882083\"]}]}<\/script>\n<!-- \/ Yoast SEO Premium plugin. -->","yoast_head_json":{"title":"V\u00edzmentes tejzs\u00edr nagykereskedelem | AMF \/ Vajolaj | Nutri Partners","description":"V\u00edzmentes tejzs\u00edr nagykereskedelmet keres? Pr\u00e9mium 99,8%-os tisztas\u00e1g\u00fa tejzs\u00edr csokol\u00e1d\u00e9hoz, p\u00e9ks\u00e9gekhez \u00e9s fagylaltokhoz. K\u00f6rnyezeti t\u00e1rol\u00e1si megold\u00e1s. Ell\u00e1t\u00e1s a Nutri Partners-t\u0151l.","robots":{"index":"index","follow":"follow","max-snippet":"max-snippet:-1","max-image-preview":"max-image-preview:large","max-video-preview":"max-video-preview:-1"},"canonical":"https:\/\/nutripartners.co\/hu\/product-supplier\/vizmentes-tejzsir-amf","og_locale":"hu_HU","og_type":"article","og_title":"V\u00edzmentes tejzs\u00edr (AMF)","og_description":"V\u00edzmentes tejzs\u00edr nagykereskedelmet keres? Pr\u00e9mium 99,8%-os tisztas\u00e1g\u00fa tejzs\u00edr csokol\u00e1d\u00e9hoz, p\u00e9ks\u00e9gekhez \u00e9s fagylaltokhoz. K\u00f6rnyezeti t\u00e1rol\u00e1si megold\u00e1s. Ell\u00e1t\u00e1s a Nutri Partners-t\u0151l.","og_url":"https:\/\/nutripartners.co\/hu\/product-supplier\/vizmentes-tejzsir-amf","og_site_name":"Nutri Partners","article_modified_time":"2026-02-06T07:33:05+00:00","og_image":[{"width":1200,"height":600,"url":"https:\/\/nutripartners.co\/wp-content\/uploads\/2025\/03\/ogimage.webp","type":"image\/webp"}],"twitter_card":"summary_large_image","twitter_misc":{"Becs\u00fclt olvas\u00e1si id\u0151":"3 perc"},"schema":{"@context":"https:\/\/schema.org","@graph":[{"@type":"WebPage","@id":"https:\/\/nutripartners.co\/hu\/product-supplier\/vizmentes-tejzsir-amf","url":"https:\/\/nutripartners.co\/hu\/product-supplier\/vizmentes-tejzsir-amf","name":"V\u00edzmentes tejzs\u00edr nagykereskedelem | AMF \/ Vajolaj | Nutri Partners","isPartOf":{"@id":"https:\/\/nutripartners.co\/hu#website"},"datePublished":"2026-01-21T11:05:44+00:00","dateModified":"2026-02-06T07:33:05+00:00","description":"V\u00edzmentes tejzs\u00edr nagykereskedelmet keres? Pr\u00e9mium 99,8%-os tisztas\u00e1g\u00fa tejzs\u00edr csokol\u00e1d\u00e9hoz, p\u00e9ks\u00e9gekhez \u00e9s fagylaltokhoz. K\u00f6rnyezeti t\u00e1rol\u00e1si megold\u00e1s. Ell\u00e1t\u00e1s a Nutri Partners-t\u0151l.","breadcrumb":{"@id":"https:\/\/nutripartners.co\/hu\/product-supplier\/vizmentes-tejzsir-amf#breadcrumb"},"inLanguage":"hu","potentialAction":[{"@type":"ReadAction","target":["https:\/\/nutripartners.co\/hu\/product-supplier\/vizmentes-tejzsir-amf"]}]},{"@type":"BreadcrumbList","@id":"https:\/\/nutripartners.co\/hu\/product-supplier\/vizmentes-tejzsir-amf#breadcrumb","itemListElement":[{"@type":"ListItem","position":1,"name":"Home","item":"https:\/\/nutripartners.co\/hu"},{"@type":"ListItem","position":2,"name":"Products","item":"https:\/\/nutripartners.co\/hu\/product-category"},{"@type":"ListItem","position":3,"name":"Tejterm\u00e9kek","item":"https:\/\/nutripartners.co\/hu\/termekkategoria\/tejtermekek"},{"@type":"ListItem","position":4,"name":"V\u00edzmentes tejzs\u00edr (AMF)"}]},{"@type":"WebSite","@id":"https:\/\/nutripartners.co\/hu#website","url":"https:\/\/nutripartners.co\/hu","name":"Nutri Partners","description":"Raw materials distributor","publisher":{"@id":"https:\/\/nutripartners.co\/hu#organization"},"potentialAction":[{"@type":"SearchAction","target":{"@type":"EntryPoint","urlTemplate":"https:\/\/nutripartners.co\/hu?s={search_term_string}"},"query-input":{"@type":"PropertyValueSpecification","valueRequired":true,"valueName":"search_term_string"}}],"inLanguage":"hu"},{"@type":"Organization","@id":"https:\/\/nutripartners.co\/hu#organization","name":"Nutri Partners","url":"https:\/\/nutripartners.co\/hu","logo":{"@type":"ImageObject","inLanguage":"hu","@id":"https:\/\/nutripartners.co\/hu#\/schema\/logo\/image\/","url":"https:\/\/nutripartners.co\/wp-content\/uploads\/2025\/03\/logo-light.svg","contentUrl":"https:\/\/nutripartners.co\/wp-content\/uploads\/2025\/03\/logo-light.svg","width":1,"height":1,"caption":"Nutri Partners"},"image":{"@id":"https:\/\/nutripartners.co\/hu#\/schema\/logo\/image\/"},"sameAs":["https:\/\/www.instagram.com\/_nutripartners_\/","https:\/\/www.linkedin.com\/company\/106882083"]}]}},"_links":{"self":[{"href":"https:\/\/nutripartners.co\/hu\/wp-json\/wp\/v2\/product\/3853","targetHints":{"allow":["GET"]}}],"collection":[{"href":"https:\/\/nutripartners.co\/hu\/wp-json\/wp\/v2\/product"}],"about":[{"href":"https:\/\/nutripartners.co\/hu\/wp-json\/wp\/v2\/types\/product"}],"wp:attachment":[{"href":"https:\/\/nutripartners.co\/hu\/wp-json\/wp\/v2\/media?parent=3853"}],"wp:term":[{"taxonomy":"product-category","embeddable":true,"href":"https:\/\/nutripartners.co\/hu\/wp-json\/wp\/v2\/product-category?post=3853"}],"curies":[{"name":"wp","href":"https:\/\/api.w.org\/{rel}","templated":true}]}}