{"id":4879,"date":"2026-03-23T13:47:40","date_gmt":"2026-03-23T12:47:40","guid":{"rendered":"https:\/\/nutripartners.co\/product-supplier\/izomalt"},"modified":"2026-03-24T14:20:58","modified_gmt":"2026-03-24T13:20:58","slug":"izomalt","status":"publish","type":"product","link":"https:\/\/nutripartners.co\/hu\/product-supplier\/izomalt","title":{"rendered":"Izomalt"},"content":{"rendered":"\n<p>A Nutri Partners pr\u00e9mium izomalt nagykereskedelmet sz\u00e1ll\u00edt glob\u00e1lis \u00e9dess\u00e9g- \u00e9s \u00e9lelmiszergy\u00e1rt\u00f3knak. K\u00f6vetkez\u00e9sk\u00e9ppen rendk\u00edv\u00fcl stabil, alacsony kal\u00f3riatartalm\u00fa cukorhelyettes\u00edt\u0151t biztos\u00edtunk, amely term\u00e9szetes r\u00e9pacukorb\u00f3l sz\u00e1rmazik. Az ipar\u00e1gi vezet\u0151k sz\u00e9les k\u00f6rben haszn\u00e1lj\u00e1k ezt az E953 poliolt \u00e9l\u00e9nk cukormentes kem\u00e9ny cukork\u00e1k, fogbar\u00e1t r\u00e1g\u00f3gumik \u00e9s fejlett diabetikus-bar\u00e1t p\u00e9k\u00e1ruk el\u0151\u00e1ll\u00edt\u00e1s\u00e1hoz.  <\/p>\n\n<h2 class=\"wp-block-heading\" id=\"h-key-features-of-our-bulk-polyol\">\u00d6mlesztett poliolunk f\u0151bb jellemz\u0151i<\/h2>\n\n<p>A megfelel\u0151 cukoralkohol kiv\u00e1laszt\u00e1sa k\u00f6zvetlen\u00fcl befoly\u00e1solja term\u00e9ke szerkezeti integrit\u00e1s\u00e1t. Ez\u00e9rt \u00f6mlesztett izomaltunk sz\u00e1mos kritikus formul\u00e1z\u00e1si el\u0151nyt ny\u00fajt: <\/p>\n\n<ul class=\"wp-block-list\">\n<li>Kiv\u00e9teles stabilit\u00e1s: Rendk\u00edv\u00fcl nem higroszk\u00f3pos marad. Ennek eredm\u00e9nyek\u00e9nt szinte nulla nedvess\u00e9get sz\u00edv fel a leveg\u0151b\u0151l, biztos\u00edtva, hogy a kem\u00e9ny cukork\u00e1k ropog\u00f3sak maradjanak \u00e9s soha ne legyenek ragad\u00f3sak. <\/li>\n\n\n\n<li>Tiszta \u00e9dess\u00e9g: A standard szachar\u00f3z \u00e9dess\u00e9g\u00e9nek k\u00f6r\u00fclbel\u00fcl 50%-\u00e1t biztos\u00edtja an\u00e9lk\u00fcl, hogy keser\u0171 vagy h\u0171s\u00edt\u0151 ut\u00f3\u00edzt hagyna.<\/li>\n\n\n\n<li>H\u0151\u00e1ll\u00f3s\u00e1g: K\u00f6nnyen ellen\u00e1ll a nagyon magas feldolgoz\u00e1si h\u0151m\u00e9rs\u00e9kleteknek karamelliz\u00e1l\u00f3d\u00e1s vagy tiszta feh\u00e9r sz\u00edn\u00e9nek elveszt\u00e9se n\u00e9lk\u00fcl.<\/li>\n\n\n\n<li>Eg\u00e9szs\u00e9g &amp; tiszta c\u00edmke: Tov\u00e1bb\u00e1 hivatalosan fogbar\u00e1tk\u00e9nt van elismerve, nagyon alacsony glik\u00e9mi\u00e1s indexszel rendelkezik, \u00e9s veg\u00e1n, halal \u00e9s k\u00f3ser tan\u00fas\u00edtv\u00e1nnyal b\u00edr.<\/li>\n<\/ul>\n\n<h2 class=\"wp-block-heading\" id=\"h-main-industry-applications\">F\u0151 ipari alkalmaz\u00e1sok<\/h2>\n\n<p>Az izomalt kiv\u00e1l\u00f3 text\u00far\u00e1t \u00e9s vizu\u00e1lis megjelen\u00e9st biztos\u00edt k\u00fcl\u00f6nb\u00f6z\u0151 ig\u00e9nyes piaci szektorokban. Ennek eredm\u00e9nyek\u00e9nt tov\u00e1bbra is els\u0151dleges v\u00e1laszt\u00e1s marad v\u00e1ltozatos B2B formul\u00e1khoz: <\/p>\n\n<ul class=\"wp-block-list\">\n<li>\u00c9dess\u00e9gipar: Az abszol\u00fat arany standard cukormentes kem\u00e9ny f\u0151z\u00f6tt cukork\u00e1khoz, nyal\u00f3k\u00e1khoz \u00e9s sima drazs\u00e9 bevonatokhoz.<\/li>\n\n\n\n<li>P\u00e9ks\u00e9g &amp; desszertek: A K+F csapatok strat\u00e9giailag haszn\u00e1lj\u00e1k a sz\u00fcks\u00e9ges t\u00e9rfogat \u00e9s text\u00fara biztos\u00edt\u00e1s\u00e1ra cukorcs\u00f6kkentett s\u00fctem\u00e9nyekben \u00e9s kekszekben. T\u00f6k\u00e9letesen p\u00e1rosul <a href=\"https:\/\/nutripartners.co\/hu\/product-supplier\/inulin\">oldhat\u00f3 rostokkal, mint az inulin<\/a>, teljes cukorhelyettes\u00edt\u0151 rendszerek l\u00e9trehoz\u00e1s\u00e1hoz. <\/li>\n\n\n\n<li>Sport- &amp; di\u00e9t\u00e1s t\u00e1pl\u00e1lkoz\u00e1s: A gy\u00e1rt\u00f3k er\u0151sen t\u00e1maszkodnak r\u00e1 alacsony sz\u00e9nhidr\u00e1ttartalm\u00fa \u00e9s keto-bar\u00e1t energiaszeletek eset\u00e9ben, hat\u00e9konyan cs\u00f6kkentve a teljes kal\u00f3ria\u00e9rt\u00e9ket.<\/li>\n\n\n\n<li>Gy\u00f3gyszeripar: A rendk\u00edv\u00fcl tiszt\u00edtott min\u0151s\u00e9gek t\u00f6k\u00e9letesen m\u0171k\u00f6dnek pr\u00e9selhet\u0151 seg\u00e9danyagk\u00e9nt torokf\u00e1j\u00e1s elleni pasztill\u00e1kban \u00e9s r\u00e1ghat\u00f3 vitamintablett\u00e1kban.<\/li>\n<\/ul>\n\n<h2 class=\"wp-block-heading\" id=\"h-technical-description-isomalt-wholesale\">M\u0171szaki le\u00edr\u00e1s: Izomalt nagykereskedelem<\/h2>\n\n<p>K\u00e9miailag a gy\u00e1rt\u00f3k ezt az egyedi diszacharid-alkoholt (GPM \u00e9s GPS ekvimol\u00e1ris kever\u00e9k\u00e9t) k\u00e9tl\u00e9pcs\u0151s folyamattal szintetiz\u00e1lj\u00e1k. El\u0151sz\u00f6r enzimatikusan \u00e1talak\u00edtj\u00e1k a szachar\u00f3zt izomaltul\u00e1zz\u00e1. Ezut\u00e1n hidrog\u00e9nezik a v\u00e9gs\u0151 rendk\u00edv\u00fcl stabil poliol el\u0151\u00e1ll\u00edt\u00e1s\u00e1hoz.   <a href=\"https:\/\/efsa.onlinelibrary.wiley.com\/\">Olvassa el b\u0151vebben az E953 biztons\u00e1gi \u00e9rt\u00e9kel\u00e9seket.<\/a><\/p>\n\n<p>\u00c9lelmiszertechnol\u00f3gusok sz\u00e1m\u00e1ra els\u0151dleges ipari el\u0151nye a k\u00e9miai inerts\u00e9g\u00e9ben rejlik. A standard cukrokkal vagy gl\u00fck\u00f3zszirupokkal ellent\u00e9tben az izomalt nem rendelkezik reduk\u00e1l\u00f3 csoportokkal. K\u00f6vetkez\u00e9sk\u00e9ppen teljesen ellen\u00e1ll a Maillard-reakci\u00f3nak. Ez azt jelenti, hogy nem barnul aminosavakkal hev\u00edtve, lehet\u0151v\u00e9 t\u00e9ve t\u00f6k\u00e9letesen tiszta vagy \u00e9l\u00e9nk sz\u00edn\u0171 formul\u00e1k fenntart\u00e1s\u00e1t. Tov\u00e1bb\u00e1 lassabban old\u00f3dik, mint a szachar\u00f3z, ami t\u00f6k\u00e9letesen szab\u00e1lyozza az \u00edzfelszabadul\u00e1st kem\u00e9ny cukork\u00e1kban.    <\/p>\n\n<h2 class=\"wp-block-heading\" id=\"h-packaging-amp-logistics\">Csomagol\u00e1s \u00e9s logisztika<\/h2>\n\n<p>Er\u0151sen optimaliz\u00e1lt logisztik\u00e1n kereszt\u00fcl biztos\u00edtjuk ell\u00e1t\u00e1si l\u00e1nc\u00e1t. Fontos, hogy minden sz\u00e1ll\u00edt\u00e1s integrit\u00e1s\u00e1t garant\u00e1ljuk, lehet\u0151v\u00e9 t\u00e9ve a nyersanyagk\u00f6lts\u00e9gek hat\u00e9kony kezel\u00e9s\u00e9t: <\/p>\n\n<ul class=\"wp-block-list\">\n<li>Csomagol\u00e1s: A term\u00e9ket biztons\u00e1gosan csomagoljuk robusztus 25 kg-os t\u00f6bbr\u00e9teg\u0171 pap\u00edrzs\u00e1kokba nedvess\u00e9g\u00e1ll\u00f3 PE bels\u0151 b\u00e9l\u00e9ssel. K\u00fcl\u00f6nb\u00f6z\u0151 r\u00e9szecskem\u00e9reteket (granul\u00e1tum vagy finom por) k\u00edn\u00e1lunk a kever\u0151tart\u00e1lyaihoz igaz\u00edtva. <\/li>\n\n\n\n<li>T\u00e1rol\u00e1s: Ezt a port szorosan z\u00e1rt tart\u00e1lyban, h\u0171v\u00f6s, sz\u00e1raz rakt\u00e1rban kell t\u00e1rolni. A megfelel\u0151 t\u00e1rol\u00e1s k\u00f6nnyen 36 h\u00f3napos eltarthat\u00f3s\u00e1got eredm\u00e9nyez. <\/li>\n\n\n\n<li>Forgalmaz\u00e1s: Raklapozott rendel\u00e9seket sz\u00e1ll\u00edtunk glob\u00e1lisan. Fontos, hogy nem ig\u00e9nyel h\u0151m\u00e9rs\u00e9klet-szab\u00e1lyozott sz\u00e1ll\u00edt\u00e1st, ami jelent\u0151sen optimaliz\u00e1lja sz\u00e1ll\u00edt\u00e1si k\u00f6lts\u00e9geit. <\/li>\n\n\n\n<li>Dokument\u00e1ci\u00f3: Azonnal biztos\u00edtjuk a COA-t, r\u00e9szecskem\u00e9ret-eloszl\u00e1si specifik\u00e1ci\u00f3kat \u00e9s formul\u00e1z\u00e1si mint\u00e1kat QA oszt\u00e1lya sz\u00e1m\u00e1ra k\u00e9r\u00e9sre.<\/li>\n<\/ul>\n\n<p><\/p>\n","protected":false},"excerpt":{"rendered":"<p>Megb\u00edzhat\u00f3 izomalt nagykereskedelmi besz\u00e1ll\u00edt\u00f3t keres? A Nutri Partners pr\u00e9mium min\u0151s\u00e9g\u0171 \u00f6mlesztett E953 poliolokat k\u00edn\u00e1l cukormentes \u00e9dess\u00e9gek, p\u00e9k\u00e1ruk \u00e9s t\u00e1pl\u00e1l\u00e9kkieg\u00e9sz\u00edt\u0151k sz\u00e1m\u00e1ra. <\/p>\n","protected":false},"featured_media":0,"template":"","product-category":[154,160],"class_list":["post-4879","product","type-product","status-publish","hentry","product-category-adalekanyagok","product-category-edesitoszerek"],"acf":[],"yoast_head":"<!-- This site is optimized with the Yoast SEO Premium plugin v25.0 (Yoast SEO v26.6) - https:\/\/yoast.com\/wordpress\/plugins\/seo\/ -->\n<title>Izomalt nagykereskedelmi besz\u00e1ll\u00edt\u00f3 | E953 cukorhelyettes\u00edt\u0151 | Nutri Partners<\/title>\n<meta name=\"description\" content=\"Megb\u00edzhat\u00f3 izomalt nagykereskedelmi besz\u00e1ll\u00edt\u00f3t keres? A Nutri Partners pr\u00e9mium min\u0151s\u00e9g\u0171 \u00f6mlesztett E953 poliolokat k\u00edn\u00e1l cukormentes \u00e9dess\u00e9gek, p\u00e9k\u00e1ruk \u00e9s t\u00e1pl\u00e1l\u00e9kkieg\u00e9sz\u00edt\u0151k sz\u00e1m\u00e1ra.\" \/>\n<meta name=\"robots\" content=\"index, follow, max-snippet:-1, max-image-preview:large, max-video-preview:-1\" \/>\n<link rel=\"canonical\" href=\"https:\/\/nutripartners.co\/hu\/product-supplier\/izomalt\" \/>\n<meta property=\"og:locale\" content=\"hu_HU\" \/>\n<meta property=\"og:type\" content=\"article\" \/>\n<meta property=\"og:title\" content=\"Izomalt\" \/>\n<meta property=\"og:description\" content=\"Megb\u00edzhat\u00f3 izomalt nagykereskedelmi besz\u00e1ll\u00edt\u00f3t keres? A Nutri Partners pr\u00e9mium min\u0151s\u00e9g\u0171 \u00f6mlesztett E953 poliolokat k\u00edn\u00e1l cukormentes \u00e9dess\u00e9gek, p\u00e9k\u00e1ruk \u00e9s t\u00e1pl\u00e1l\u00e9kkieg\u00e9sz\u00edt\u0151k sz\u00e1m\u00e1ra.\" \/>\n<meta property=\"og:url\" content=\"https:\/\/nutripartners.co\/hu\/product-supplier\/izomalt\" \/>\n<meta property=\"og:site_name\" content=\"Nutri Partners\" \/>\n<meta property=\"article:modified_time\" content=\"2026-03-24T13:20:58+00:00\" \/>\n<meta property=\"og:image\" content=\"https:\/\/nutripartners.co\/wp-content\/uploads\/2025\/03\/ogimage.webp\" \/>\n\t<meta property=\"og:image:width\" content=\"1200\" \/>\n\t<meta property=\"og:image:height\" content=\"600\" \/>\n\t<meta property=\"og:image:type\" content=\"image\/webp\" \/>\n<meta name=\"twitter:card\" content=\"summary_large_image\" \/>\n<meta name=\"twitter:label1\" content=\"Becs\u00fclt olvas\u00e1si id\u0151\" \/>\n\t<meta name=\"twitter:data1\" content=\"4 perc\" \/>\n<script type=\"application\/ld+json\" class=\"yoast-schema-graph\">{\"@context\":\"https:\/\/schema.org\",\"@graph\":[{\"@type\":\"WebPage\",\"@id\":\"https:\/\/nutripartners.co\/hu\/product-supplier\/izomalt\",\"url\":\"https:\/\/nutripartners.co\/hu\/product-supplier\/izomalt\",\"name\":\"Izomalt nagykereskedelmi besz\u00e1ll\u00edt\u00f3 | E953 cukorhelyettes\u00edt\u0151 | Nutri Partners\",\"isPartOf\":{\"@id\":\"https:\/\/nutripartners.co\/hu#website\"},\"datePublished\":\"2026-03-23T12:47:40+00:00\",\"dateModified\":\"2026-03-24T13:20:58+00:00\",\"description\":\"Megb\u00edzhat\u00f3 izomalt nagykereskedelmi besz\u00e1ll\u00edt\u00f3t keres? A Nutri Partners pr\u00e9mium min\u0151s\u00e9g\u0171 \u00f6mlesztett E953 poliolokat k\u00edn\u00e1l cukormentes \u00e9dess\u00e9gek, p\u00e9k\u00e1ruk \u00e9s t\u00e1pl\u00e1l\u00e9kkieg\u00e9sz\u00edt\u0151k sz\u00e1m\u00e1ra.\",\"breadcrumb\":{\"@id\":\"https:\/\/nutripartners.co\/hu\/product-supplier\/izomalt#breadcrumb\"},\"inLanguage\":\"hu\",\"potentialAction\":[{\"@type\":\"ReadAction\",\"target\":[\"https:\/\/nutripartners.co\/hu\/product-supplier\/izomalt\"]}]},{\"@type\":\"BreadcrumbList\",\"@id\":\"https:\/\/nutripartners.co\/hu\/product-supplier\/izomalt#breadcrumb\",\"itemListElement\":[{\"@type\":\"ListItem\",\"position\":1,\"name\":\"Home\",\"item\":\"https:\/\/nutripartners.co\/hu\"},{\"@type\":\"ListItem\",\"position\":2,\"name\":\"Products\",\"item\":\"https:\/\/nutripartners.co\/hu\/product-category\"},{\"@type\":\"ListItem\",\"position\":3,\"name\":\"Izomalt\"}]},{\"@type\":\"WebSite\",\"@id\":\"https:\/\/nutripartners.co\/hu#website\",\"url\":\"https:\/\/nutripartners.co\/hu\",\"name\":\"Nutri Partners\",\"description\":\"Raw materials distributor\",\"publisher\":{\"@id\":\"https:\/\/nutripartners.co\/hu#organization\"},\"potentialAction\":[{\"@type\":\"SearchAction\",\"target\":{\"@type\":\"EntryPoint\",\"urlTemplate\":\"https:\/\/nutripartners.co\/hu?s={search_term_string}\"},\"query-input\":{\"@type\":\"PropertyValueSpecification\",\"valueRequired\":true,\"valueName\":\"search_term_string\"}}],\"inLanguage\":\"hu\"},{\"@type\":\"Organization\",\"@id\":\"https:\/\/nutripartners.co\/hu#organization\",\"name\":\"Nutri Partners\",\"url\":\"https:\/\/nutripartners.co\/hu\",\"logo\":{\"@type\":\"ImageObject\",\"inLanguage\":\"hu\",\"@id\":\"https:\/\/nutripartners.co\/hu#\/schema\/logo\/image\/\",\"url\":\"https:\/\/nutripartners.co\/wp-content\/uploads\/2025\/03\/logo-light.svg\",\"contentUrl\":\"https:\/\/nutripartners.co\/wp-content\/uploads\/2025\/03\/logo-light.svg\",\"width\":1,\"height\":1,\"caption\":\"Nutri Partners\"},\"image\":{\"@id\":\"https:\/\/nutripartners.co\/hu#\/schema\/logo\/image\/\"},\"sameAs\":[\"https:\/\/www.instagram.com\/_nutripartners_\/\",\"https:\/\/www.linkedin.com\/company\/106882083\"]}]}<\/script>\n<!-- \/ Yoast SEO Premium plugin. -->","yoast_head_json":{"title":"Izomalt nagykereskedelmi besz\u00e1ll\u00edt\u00f3 | E953 cukorhelyettes\u00edt\u0151 | Nutri Partners","description":"Megb\u00edzhat\u00f3 izomalt nagykereskedelmi besz\u00e1ll\u00edt\u00f3t keres? A Nutri Partners pr\u00e9mium min\u0151s\u00e9g\u0171 \u00f6mlesztett E953 poliolokat k\u00edn\u00e1l cukormentes \u00e9dess\u00e9gek, p\u00e9k\u00e1ruk \u00e9s t\u00e1pl\u00e1l\u00e9kkieg\u00e9sz\u00edt\u0151k sz\u00e1m\u00e1ra.","robots":{"index":"index","follow":"follow","max-snippet":"max-snippet:-1","max-image-preview":"max-image-preview:large","max-video-preview":"max-video-preview:-1"},"canonical":"https:\/\/nutripartners.co\/hu\/product-supplier\/izomalt","og_locale":"hu_HU","og_type":"article","og_title":"Izomalt","og_description":"Megb\u00edzhat\u00f3 izomalt nagykereskedelmi besz\u00e1ll\u00edt\u00f3t keres? A Nutri Partners pr\u00e9mium min\u0151s\u00e9g\u0171 \u00f6mlesztett E953 poliolokat k\u00edn\u00e1l cukormentes \u00e9dess\u00e9gek, p\u00e9k\u00e1ruk \u00e9s t\u00e1pl\u00e1l\u00e9kkieg\u00e9sz\u00edt\u0151k sz\u00e1m\u00e1ra.","og_url":"https:\/\/nutripartners.co\/hu\/product-supplier\/izomalt","og_site_name":"Nutri Partners","article_modified_time":"2026-03-24T13:20:58+00:00","og_image":[{"width":1200,"height":600,"url":"https:\/\/nutripartners.co\/wp-content\/uploads\/2025\/03\/ogimage.webp","type":"image\/webp"}],"twitter_card":"summary_large_image","twitter_misc":{"Becs\u00fclt olvas\u00e1si id\u0151":"4 perc"},"schema":{"@context":"https:\/\/schema.org","@graph":[{"@type":"WebPage","@id":"https:\/\/nutripartners.co\/hu\/product-supplier\/izomalt","url":"https:\/\/nutripartners.co\/hu\/product-supplier\/izomalt","name":"Izomalt nagykereskedelmi besz\u00e1ll\u00edt\u00f3 | E953 cukorhelyettes\u00edt\u0151 | Nutri Partners","isPartOf":{"@id":"https:\/\/nutripartners.co\/hu#website"},"datePublished":"2026-03-23T12:47:40+00:00","dateModified":"2026-03-24T13:20:58+00:00","description":"Megb\u00edzhat\u00f3 izomalt nagykereskedelmi besz\u00e1ll\u00edt\u00f3t keres? A Nutri Partners pr\u00e9mium min\u0151s\u00e9g\u0171 \u00f6mlesztett E953 poliolokat k\u00edn\u00e1l cukormentes \u00e9dess\u00e9gek, p\u00e9k\u00e1ruk \u00e9s t\u00e1pl\u00e1l\u00e9kkieg\u00e9sz\u00edt\u0151k sz\u00e1m\u00e1ra.","breadcrumb":{"@id":"https:\/\/nutripartners.co\/hu\/product-supplier\/izomalt#breadcrumb"},"inLanguage":"hu","potentialAction":[{"@type":"ReadAction","target":["https:\/\/nutripartners.co\/hu\/product-supplier\/izomalt"]}]},{"@type":"BreadcrumbList","@id":"https:\/\/nutripartners.co\/hu\/product-supplier\/izomalt#breadcrumb","itemListElement":[{"@type":"ListItem","position":1,"name":"Home","item":"https:\/\/nutripartners.co\/hu"},{"@type":"ListItem","position":2,"name":"Products","item":"https:\/\/nutripartners.co\/hu\/product-category"},{"@type":"ListItem","position":3,"name":"Izomalt"}]},{"@type":"WebSite","@id":"https:\/\/nutripartners.co\/hu#website","url":"https:\/\/nutripartners.co\/hu","name":"Nutri Partners","description":"Raw materials distributor","publisher":{"@id":"https:\/\/nutripartners.co\/hu#organization"},"potentialAction":[{"@type":"SearchAction","target":{"@type":"EntryPoint","urlTemplate":"https:\/\/nutripartners.co\/hu?s={search_term_string}"},"query-input":{"@type":"PropertyValueSpecification","valueRequired":true,"valueName":"search_term_string"}}],"inLanguage":"hu"},{"@type":"Organization","@id":"https:\/\/nutripartners.co\/hu#organization","name":"Nutri Partners","url":"https:\/\/nutripartners.co\/hu","logo":{"@type":"ImageObject","inLanguage":"hu","@id":"https:\/\/nutripartners.co\/hu#\/schema\/logo\/image\/","url":"https:\/\/nutripartners.co\/wp-content\/uploads\/2025\/03\/logo-light.svg","contentUrl":"https:\/\/nutripartners.co\/wp-content\/uploads\/2025\/03\/logo-light.svg","width":1,"height":1,"caption":"Nutri Partners"},"image":{"@id":"https:\/\/nutripartners.co\/hu#\/schema\/logo\/image\/"},"sameAs":["https:\/\/www.instagram.com\/_nutripartners_\/","https:\/\/www.linkedin.com\/company\/106882083"]}]}},"_links":{"self":[{"href":"https:\/\/nutripartners.co\/hu\/wp-json\/wp\/v2\/product\/4879","targetHints":{"allow":["GET"]}}],"collection":[{"href":"https:\/\/nutripartners.co\/hu\/wp-json\/wp\/v2\/product"}],"about":[{"href":"https:\/\/nutripartners.co\/hu\/wp-json\/wp\/v2\/types\/product"}],"wp:attachment":[{"href":"https:\/\/nutripartners.co\/hu\/wp-json\/wp\/v2\/media?parent=4879"}],"wp:term":[{"taxonomy":"product-category","embeddable":true,"href":"https:\/\/nutripartners.co\/hu\/wp-json\/wp\/v2\/product-category?post=4879"}],"curies":[{"name":"wp","href":"https:\/\/api.w.org\/{rel}","templated":true}]}}