{"id":4908,"date":"2026-03-24T13:32:57","date_gmt":"2026-03-24T12:32:57","guid":{"rendered":"https:\/\/nutripartners.co\/product-supplier\/bio-eritrit"},"modified":"2026-03-24T14:35:36","modified_gmt":"2026-03-24T13:35:36","slug":"bio-eritrit","status":"publish","type":"product","link":"https:\/\/nutripartners.co\/hu\/product-supplier\/bio-eritrit","title":{"rendered":"Bio eritrit"},"content":{"rendered":"\n<p>A Nutri Partners pr\u00e9mium min\u0151s\u00e9g\u0171 bio eritritet sz\u00e1ll\u00edt nagykereskedelmi mennyis\u00e9gben a glob\u00e1lis \u00e9lelmiszer- \u00e9s italgy\u00e1rt\u00f3knak. Ennek eredm\u00e9nyek\u00e9nt rendk\u00edv\u00fcl funkcion\u00e1lis, teljesen nulla kal\u00f3riatartalm\u00fa \u00f6mlesztett \u00e9des\u00edt\u0151szert biztos\u00edtunk, amely kiz\u00e1r\u00f3lag min\u0151s\u00edtett \u00f6kol\u00f3giai gazd\u00e1lkod\u00e1sb\u00f3l sz\u00e1rmazik. Az ipar\u00e1g vezet\u0151i sz\u00e9les k\u00f6rben alkalmazz\u00e1k ezt a term\u00e9szetesen el\u0151fordul\u00f3 cukoralkoholt a kal\u00f3ri\u00e1k dr\u00e1mai cs\u00f6kkent\u00e9s\u00e9re, a cukortartalom hib\u00e1tlan cs\u00f6kkent\u00e9s\u00e9re \u00e9s a szigor\u00fa tiszta c\u00edmke integrit\u00e1s\u00e1nak t\u00f6k\u00e9letes fenntart\u00e1s\u00e1ra a fejlett B2B formul\u00e1ci\u00f3kban.  <\/p>\n\n<h2 class=\"wp-block-heading\" id=\"h-key-features-of-our-bulk-organic-sweetener\">\u00d6mlesztett bio \u00e9des\u00edt\u0151szereink f\u0151bb jellemz\u0151i<\/h2>\n\n<p>A megfelel\u0151 min\u0151s\u00edtett \u00e9des\u00edt\u0151szer kiv\u00e1laszt\u00e1sa k\u00f6zvetlen\u00fcl emeli term\u00e9ke pr\u00e9mium piaci poz\u00edci\u00f3j\u00e1t. Ez\u00e9rt \u00f6mlesztett bio eritrit\u00fcnk sz\u00e1mos kritikus formul\u00e1ci\u00f3s el\u0151nnyel j\u00e1r: <\/p>\n\n<ul class=\"wp-block-list\">\n<li>Nulla kal\u00f3ria \u00e9s nulla GI: Sz\u00f3 szerint nulla kal\u00f3ri\u00e1t tartalmaz, \u00e9s abszol\u00fat nem gener\u00e1l glik\u00e9mi\u00e1s v\u00e1laszt, \u00edgy a keto \u00e9s diab\u00e9teszbar\u00e1t di\u00e9t\u00e1k v\u00e9gs\u0151 \u00f6sszetev\u0151je.<\/li>\n\n\n\n<li>Min\u0151s\u00edtett bio tisztas\u00e1g: Szigor\u00faan GMO-mentes, \u00f6kol\u00f3giailag termesztett n\u00f6v\u00e9nyi szubsztr\u00e1tokb\u00f3l szerezz\u00fck be. Tov\u00e1bb\u00e1 teljesen mentes a szintetikus n\u00f6v\u00e9nyv\u00e9d\u0151 szerekt\u0151l \u00e9s a mesters\u00e9ges k\u00e9miai feldolgoz\u00e1st\u00f3l. <\/li>\n\n\n\n<li>Kiv\u00e1l\u00f3 em\u00e9szt\u00e9si tolerancia: M\u00e1s poliolokkal ellent\u00e9tben gyorsan felsz\u00edv\u00f3dik a v\u00e9konyb\u00e9lben. Ennek eredm\u00e9nyek\u00e9nt drasztikusan minimaliz\u00e1lja a cukoralkoholokhoz gyakran t\u00e1rsul\u00f3 puffad\u00e1st vagy hashajt\u00f3 hat\u00e1st. <\/li>\n\n\n\n<li>Jellegzetes \u00e9rz\u00e9kszervi profil: K\u00f6r\u00fclbel\u00fcl 70%-ban \u00e9desebb, mint a standard szachar\u00f3z, mik\u00f6zben rendk\u00edv\u00fcl friss\u00edt\u0151, term\u00e9szetes h\u0171s\u00edt\u0151 \u00e9rz\u00e9st biztos\u00edt a sz\u00e1jban.<\/li>\n<\/ul>\n\n<h2 class=\"wp-block-heading\" id=\"h-main-industry-applications\">F\u0151bb ipari alkalmaz\u00e1sok<\/h2>\n\n<p>A bio eritrit kiv\u00e1l\u00f3 text\u00far\u00e1t \u00e9s pr\u00e9mium \u00e9trendi \u00e1ll\u00edt\u00e1sokat biztos\u00edt sz\u00e1mos ig\u00e9nyes piaci szektorban. Ennek eredm\u00e9nyek\u00e9nt tov\u00e1bbra is az egyik legjobb v\u00e1laszt\u00e1s a k\u00fcl\u00f6nb\u00f6z\u0151 B2B formul\u00e1ci\u00f3khoz: <\/p>\n\n<ul class=\"wp-block-list\">\n<li>Keto p\u00e9k\u00e1ruk \u00e9s desszertek: A K+F csapatok strat\u00e9giailag haszn\u00e1lj\u00e1k a cukor fizikai t\u00f6meg\u00e9nek \u00e9s text\u00far\u00e1j\u00e1nak t\u00f6k\u00e9letes reproduk\u00e1l\u00e1s\u00e1ra alacsony sz\u00e9nhidr\u00e1ttartalm\u00fa s\u00fctem\u00e9nyekben \u00e9s kekszekben. Kiv\u00e1l\u00f3an p\u00e1ros\u00edthat\u00f3 oldhat\u00f3 rostokkal, mint az <a href=\"https:\/\/nutripartners.co\/hu\/product-supplier\/inulin\">inulin<\/a>, hogy kik\u00fcsz\u00f6b\u00f6lje h\u0171s\u00edt\u0151 hat\u00e1s\u00e1t. <\/li>\n\n\n\n<li>Pr\u00e9mium italok: A gy\u00e1rt\u00f3k nagym\u00e9rt\u00e9kben t\u00e1maszkodnak r\u00e1 a hib\u00e1tlanul tiszta, cukormentes RTD (Ready-To-Drink) te\u00e1k, sportvizek \u00e9s funkcion\u00e1lis energiaitalok l\u00e9trehoz\u00e1s\u00e1ban.<\/li>\n\n\n\n<li>\u00c9dess\u00e9gek \u00e9s csokol\u00e1d\u00e9: Fantasztikus szerkezeti alapot biztos\u00edt a cukormentes, bio \u00e9tcsokol\u00e1d\u00e9khoz, sima olvad\u00e1st \u00e9s ropog\u00f3s t\u00f6r\u00e9st eredm\u00e9nyezve.<\/li>\n\n\n\n<li>Sportt\u00e1pl\u00e1lkoz\u00e1s: Z\u00f6kken\u0151mentesen elfedi a nagy koncentr\u00e1ci\u00f3j\u00fa n\u00f6v\u00e9nyi feh\u00e9rj\u00e9k \u00e9s aminosavak keser\u0171 mell\u00e9k\u00edzeit an\u00e9lk\u00fcl, hogy felesleges sz\u00e9nhidr\u00e1tokat adna hozz\u00e1.<\/li>\n<\/ul>\n\n<h2 class=\"wp-block-heading\" id=\"h-technical-description-organic-erythritol-wholesale\">M\u0171szaki le\u00edr\u00e1s: Bio eritrit nagykereskedelem<\/h2>\n\n<p>K\u00e9miailag a gy\u00e1rt\u00f3k ezt az egyed\u00fcl\u00e1ll\u00f3 n\u00e9gy sz\u00e9natomos poliolt (C4H10O4) teljesen term\u00e9szetes, nagyl\u00e9pt\u00e9k\u0171 ferment\u00e1ci\u00f3s elj\u00e1r\u00e1ssal \u00e1ll\u00edtj\u00e1k el\u0151. Pontosabban, specifikus \u00e9leszt\u0151t\u00f6rzsek (p\u00e9ld\u00e1ul Moniliella pollinis) ferment\u00e1lj\u00e1k a min\u0151s\u00edtett bio kukoric\u00e1b\u00f3l vagy b\u00faz\u00e1b\u00f3l sz\u00e1rmaz\u00f3 bio gl\u00fck\u00f3zt. Az \u00edgy kapott levet gondosan sz\u0171rik \u00e9s krist\u00e1lyos\u00edtj\u00e1k, \u00edgy nagy tisztas\u00e1g\u00fa, feh\u00e9r szemcs\u00e9s port kapnak. <a href=\"https:\/\/www.fda.gov\/\">Tov\u00e1bbi inform\u00e1ci\u00f3 az eritrit FDA GRAS st\u00e1tusz\u00e1r\u00f3l<\/a>.  <\/p>\n\n<p>Az \u00e9lelmiszer-technol\u00f3gusok sz\u00e1m\u00e1ra els\u0151dleges ipari el\u0151nye figyelemre m\u00e9lt\u00f3 h\u0151stabilit\u00e1s\u00e1ban \u00e9s nem higroszk\u00f3pos jelleg\u00e9ben rejlik. Mivel nem tartalmaz reakt\u00edv aldehidcsoportokat, teljesen ellen\u00e1ll a Maillard-reakci\u00f3nak. K\u00f6vetkez\u00e9sk\u00e9ppen magas s\u00fct\u00e9si h\u0151m\u00e9rs\u00e9kleten sem barnul meg, sem nem karamelliz\u00e1l\u00f3dik. Ezenk\u00edv\u00fcl nagyon magas negat\u00edv old\u00e1sh\u0151vel rendelkezik. Amikor a krist\u00e1lyok felold\u00f3dnak a ny\u00e1lban, fizikai h\u0151t vonnak el a sz\u00e1jb\u00f3l, l\u00e9trehozva jellegzetes endoterm \u201eh\u0171s\u00edt\u0151\u201d hat\u00e1sukat.    <\/p>\n\n<h2 class=\"wp-block-heading\" id=\"h-packaging-amp-logistics\">Csomagol\u00e1s \u00e9s logisztika<\/h2>\n\n<p>Magasan optimaliz\u00e1lt logisztik\u00e1val biztos\u00edtjuk az ell\u00e1t\u00e1si l\u00e1nc\u00e1t. Fontos, hogy garant\u00e1ljuk minden sz\u00e1ll\u00edt\u00e1s min\u0151s\u00edtett integrit\u00e1s\u00e1t, lehet\u0151v\u00e9 t\u00e9ve a pr\u00e9mium alapanyagk\u00f6lts\u00e9gek hat\u00e9kony kezel\u00e9s\u00e9t: <\/p>\n\n<ul class=\"wp-block-list\">\n<li>Csomagol\u00e1s: A term\u00e9ket biztons\u00e1gosan, robusztus 25 kg-os t\u00f6bbr\u00e9teg\u0171 pap\u00edrzs\u00e1kokban, nedvess\u00e9g\u00e1ll\u00f3 PE bels\u0151 b\u00e9l\u00e9ssel csomagoljuk. K\u00fcl\u00f6nb\u00f6z\u0151 szemcsem\u00e9reteket (granul\u00e1lt vagy ultrafinom por) k\u00edn\u00e1lunk, hogy megfeleljenek az \u00d6n kever\u0151berendez\u00e9s\u00e9nek. <\/li>\n\n\n\n<li>T\u00e1rol\u00e1s: A xilitollal vagy maltitollal ellent\u00e9tben ez a por rendk\u00edv\u00fcl nem higroszk\u00f3pos. H\u0171v\u00f6s, sz\u00e1raz rakt\u00e1rban kell t\u00e1rolni, ahol k\u00f6nnyed\u00e9n biztos\u00edt 36 h\u00f3napos eltarthat\u00f3s\u00e1got s\u00falyos csom\u00f3sod\u00e1s n\u00e9lk\u00fcl. <\/li>\n\n\n\n<li>Disztrib\u00faci\u00f3: Palett\u00e1zott megrendel\u00e9seket sz\u00e1ll\u00edtunk vil\u00e1gszerte. Fontos, hogy a standard sz\u00e1raz kont\u00e9nerek elegend\u0151ek, ami jelent\u0151sen optimaliz\u00e1lja a sz\u00e1ll\u00edt\u00e1si k\u00f6lts\u00e9geit. <\/li>\n\n\n\n<li>Dokument\u00e1ci\u00f3: K\u00e9r\u00e9sre azonnal biztos\u00edtjuk a COA-t, az organikus tan\u00fas\u00edtv\u00e1nyokat (EU\/USDA) \u00e9s a formul\u00e1ci\u00f3s mint\u00e1kat az \u00d6n min\u0151s\u00e9gbiztos\u00edt\u00e1si\/megfelel\u0151s\u00e9gi oszt\u00e1lya sz\u00e1m\u00e1ra.<\/li>\n<\/ul>\n","protected":false},"excerpt":{"rendered":"<p>Megb\u00edzhat\u00f3 bio eritrit nagykereskedelmi besz\u00e1ll\u00edt\u00f3t keres? A Nutri Partners pr\u00e9mium min\u0151s\u00e9g\u0171, \u00f6mlesztett, min\u0151s\u00edtett bio \u00e9des\u00edt\u0151szereket k\u00edn\u00e1l keto p\u00e9k\u00e1rukhoz \u00e9s italokhoz. <\/p>\n","protected":false},"featured_media":0,"template":"","product-category":[154,160],"class_list":["post-4908","product","type-product","status-publish","hentry","product-category-adalekanyagok","product-category-edesitoszerek"],"acf":[],"yoast_head":"<!-- This site is optimized with the Yoast SEO Premium plugin v25.0 (Yoast SEO v26.6) - https:\/\/yoast.com\/wordpress\/plugins\/seo\/ -->\n<title>Bio eritrit nagykereskedelem | Nulla kal\u00f3ria | Nutri Partners<\/title>\n<meta name=\"description\" content=\"Megb\u00edzhat\u00f3 bio eritrit nagykereskedelmi besz\u00e1ll\u00edt\u00f3t keres? A Nutri Partners pr\u00e9mium min\u0151s\u00e9g\u0171, \u00f6mlesztett, min\u0151s\u00edtett bio \u00e9des\u00edt\u0151szereket k\u00edn\u00e1l keto p\u00e9k\u00e1rukhoz \u00e9s italokhoz.\" \/>\n<meta name=\"robots\" content=\"index, follow, max-snippet:-1, max-image-preview:large, max-video-preview:-1\" \/>\n<link rel=\"canonical\" href=\"https:\/\/nutripartners.co\/hu\/product-supplier\/bio-eritrit\" \/>\n<meta property=\"og:locale\" content=\"hu_HU\" \/>\n<meta property=\"og:type\" content=\"article\" \/>\n<meta property=\"og:title\" content=\"Bio eritrit\" \/>\n<meta property=\"og:description\" content=\"Megb\u00edzhat\u00f3 bio eritrit nagykereskedelmi besz\u00e1ll\u00edt\u00f3t keres? A Nutri Partners pr\u00e9mium min\u0151s\u00e9g\u0171, \u00f6mlesztett, min\u0151s\u00edtett bio \u00e9des\u00edt\u0151szereket k\u00edn\u00e1l keto p\u00e9k\u00e1rukhoz \u00e9s italokhoz.\" \/>\n<meta property=\"og:url\" content=\"https:\/\/nutripartners.co\/hu\/product-supplier\/bio-eritrit\" \/>\n<meta property=\"og:site_name\" content=\"Nutri Partners\" \/>\n<meta property=\"article:modified_time\" content=\"2026-03-24T13:35:36+00:00\" \/>\n<meta property=\"og:image\" content=\"https:\/\/nutripartners.co\/wp-content\/uploads\/2025\/03\/ogimage.webp\" \/>\n\t<meta property=\"og:image:width\" content=\"1200\" \/>\n\t<meta property=\"og:image:height\" content=\"600\" \/>\n\t<meta property=\"og:image:type\" content=\"image\/webp\" \/>\n<meta name=\"twitter:card\" content=\"summary_large_image\" \/>\n<meta name=\"twitter:label1\" content=\"Becs\u00fclt olvas\u00e1si id\u0151\" \/>\n\t<meta name=\"twitter:data1\" content=\"5 perc\" \/>\n<script type=\"application\/ld+json\" class=\"yoast-schema-graph\">{\"@context\":\"https:\/\/schema.org\",\"@graph\":[{\"@type\":\"WebPage\",\"@id\":\"https:\/\/nutripartners.co\/hu\/product-supplier\/bio-eritrit\",\"url\":\"https:\/\/nutripartners.co\/hu\/product-supplier\/bio-eritrit\",\"name\":\"Bio eritrit nagykereskedelem | Nulla kal\u00f3ria | Nutri Partners\",\"isPartOf\":{\"@id\":\"https:\/\/nutripartners.co\/hu#website\"},\"datePublished\":\"2026-03-24T12:32:57+00:00\",\"dateModified\":\"2026-03-24T13:35:36+00:00\",\"description\":\"Megb\u00edzhat\u00f3 bio eritrit nagykereskedelmi besz\u00e1ll\u00edt\u00f3t keres? A Nutri Partners pr\u00e9mium min\u0151s\u00e9g\u0171, \u00f6mlesztett, min\u0151s\u00edtett bio \u00e9des\u00edt\u0151szereket k\u00edn\u00e1l keto p\u00e9k\u00e1rukhoz \u00e9s italokhoz.\",\"breadcrumb\":{\"@id\":\"https:\/\/nutripartners.co\/hu\/product-supplier\/bio-eritrit#breadcrumb\"},\"inLanguage\":\"hu\",\"potentialAction\":[{\"@type\":\"ReadAction\",\"target\":[\"https:\/\/nutripartners.co\/hu\/product-supplier\/bio-eritrit\"]}]},{\"@type\":\"BreadcrumbList\",\"@id\":\"https:\/\/nutripartners.co\/hu\/product-supplier\/bio-eritrit#breadcrumb\",\"itemListElement\":[{\"@type\":\"ListItem\",\"position\":1,\"name\":\"Home\",\"item\":\"https:\/\/nutripartners.co\/hu\"},{\"@type\":\"ListItem\",\"position\":2,\"name\":\"Products\",\"item\":\"https:\/\/nutripartners.co\/hu\/product-category\"},{\"@type\":\"ListItem\",\"position\":3,\"name\":\"Bio eritrit\"}]},{\"@type\":\"WebSite\",\"@id\":\"https:\/\/nutripartners.co\/hu#website\",\"url\":\"https:\/\/nutripartners.co\/hu\",\"name\":\"Nutri Partners\",\"description\":\"Raw materials distributor\",\"publisher\":{\"@id\":\"https:\/\/nutripartners.co\/hu#organization\"},\"potentialAction\":[{\"@type\":\"SearchAction\",\"target\":{\"@type\":\"EntryPoint\",\"urlTemplate\":\"https:\/\/nutripartners.co\/hu?s={search_term_string}\"},\"query-input\":{\"@type\":\"PropertyValueSpecification\",\"valueRequired\":true,\"valueName\":\"search_term_string\"}}],\"inLanguage\":\"hu\"},{\"@type\":\"Organization\",\"@id\":\"https:\/\/nutripartners.co\/hu#organization\",\"name\":\"Nutri Partners\",\"url\":\"https:\/\/nutripartners.co\/hu\",\"logo\":{\"@type\":\"ImageObject\",\"inLanguage\":\"hu\",\"@id\":\"https:\/\/nutripartners.co\/hu#\/schema\/logo\/image\/\",\"url\":\"https:\/\/nutripartners.co\/wp-content\/uploads\/2025\/03\/logo-light.svg\",\"contentUrl\":\"https:\/\/nutripartners.co\/wp-content\/uploads\/2025\/03\/logo-light.svg\",\"width\":1,\"height\":1,\"caption\":\"Nutri Partners\"},\"image\":{\"@id\":\"https:\/\/nutripartners.co\/hu#\/schema\/logo\/image\/\"},\"sameAs\":[\"https:\/\/www.instagram.com\/_nutripartners_\/\",\"https:\/\/www.linkedin.com\/company\/106882083\"]}]}<\/script>\n<!-- \/ Yoast SEO Premium plugin. -->","yoast_head_json":{"title":"Bio eritrit nagykereskedelem | Nulla kal\u00f3ria | Nutri Partners","description":"Megb\u00edzhat\u00f3 bio eritrit nagykereskedelmi besz\u00e1ll\u00edt\u00f3t keres? A Nutri Partners pr\u00e9mium min\u0151s\u00e9g\u0171, \u00f6mlesztett, min\u0151s\u00edtett bio \u00e9des\u00edt\u0151szereket k\u00edn\u00e1l keto p\u00e9k\u00e1rukhoz \u00e9s italokhoz.","robots":{"index":"index","follow":"follow","max-snippet":"max-snippet:-1","max-image-preview":"max-image-preview:large","max-video-preview":"max-video-preview:-1"},"canonical":"https:\/\/nutripartners.co\/hu\/product-supplier\/bio-eritrit","og_locale":"hu_HU","og_type":"article","og_title":"Bio eritrit","og_description":"Megb\u00edzhat\u00f3 bio eritrit nagykereskedelmi besz\u00e1ll\u00edt\u00f3t keres? A Nutri Partners pr\u00e9mium min\u0151s\u00e9g\u0171, \u00f6mlesztett, min\u0151s\u00edtett bio \u00e9des\u00edt\u0151szereket k\u00edn\u00e1l keto p\u00e9k\u00e1rukhoz \u00e9s italokhoz.","og_url":"https:\/\/nutripartners.co\/hu\/product-supplier\/bio-eritrit","og_site_name":"Nutri Partners","article_modified_time":"2026-03-24T13:35:36+00:00","og_image":[{"width":1200,"height":600,"url":"https:\/\/nutripartners.co\/wp-content\/uploads\/2025\/03\/ogimage.webp","type":"image\/webp"}],"twitter_card":"summary_large_image","twitter_misc":{"Becs\u00fclt olvas\u00e1si id\u0151":"5 perc"},"schema":{"@context":"https:\/\/schema.org","@graph":[{"@type":"WebPage","@id":"https:\/\/nutripartners.co\/hu\/product-supplier\/bio-eritrit","url":"https:\/\/nutripartners.co\/hu\/product-supplier\/bio-eritrit","name":"Bio eritrit nagykereskedelem | Nulla kal\u00f3ria | Nutri Partners","isPartOf":{"@id":"https:\/\/nutripartners.co\/hu#website"},"datePublished":"2026-03-24T12:32:57+00:00","dateModified":"2026-03-24T13:35:36+00:00","description":"Megb\u00edzhat\u00f3 bio eritrit nagykereskedelmi besz\u00e1ll\u00edt\u00f3t keres? A Nutri Partners pr\u00e9mium min\u0151s\u00e9g\u0171, \u00f6mlesztett, min\u0151s\u00edtett bio \u00e9des\u00edt\u0151szereket k\u00edn\u00e1l keto p\u00e9k\u00e1rukhoz \u00e9s italokhoz.","breadcrumb":{"@id":"https:\/\/nutripartners.co\/hu\/product-supplier\/bio-eritrit#breadcrumb"},"inLanguage":"hu","potentialAction":[{"@type":"ReadAction","target":["https:\/\/nutripartners.co\/hu\/product-supplier\/bio-eritrit"]}]},{"@type":"BreadcrumbList","@id":"https:\/\/nutripartners.co\/hu\/product-supplier\/bio-eritrit#breadcrumb","itemListElement":[{"@type":"ListItem","position":1,"name":"Home","item":"https:\/\/nutripartners.co\/hu"},{"@type":"ListItem","position":2,"name":"Products","item":"https:\/\/nutripartners.co\/hu\/product-category"},{"@type":"ListItem","position":3,"name":"Bio eritrit"}]},{"@type":"WebSite","@id":"https:\/\/nutripartners.co\/hu#website","url":"https:\/\/nutripartners.co\/hu","name":"Nutri Partners","description":"Raw materials distributor","publisher":{"@id":"https:\/\/nutripartners.co\/hu#organization"},"potentialAction":[{"@type":"SearchAction","target":{"@type":"EntryPoint","urlTemplate":"https:\/\/nutripartners.co\/hu?s={search_term_string}"},"query-input":{"@type":"PropertyValueSpecification","valueRequired":true,"valueName":"search_term_string"}}],"inLanguage":"hu"},{"@type":"Organization","@id":"https:\/\/nutripartners.co\/hu#organization","name":"Nutri Partners","url":"https:\/\/nutripartners.co\/hu","logo":{"@type":"ImageObject","inLanguage":"hu","@id":"https:\/\/nutripartners.co\/hu#\/schema\/logo\/image\/","url":"https:\/\/nutripartners.co\/wp-content\/uploads\/2025\/03\/logo-light.svg","contentUrl":"https:\/\/nutripartners.co\/wp-content\/uploads\/2025\/03\/logo-light.svg","width":1,"height":1,"caption":"Nutri Partners"},"image":{"@id":"https:\/\/nutripartners.co\/hu#\/schema\/logo\/image\/"},"sameAs":["https:\/\/www.instagram.com\/_nutripartners_\/","https:\/\/www.linkedin.com\/company\/106882083"]}]}},"_links":{"self":[{"href":"https:\/\/nutripartners.co\/hu\/wp-json\/wp\/v2\/product\/4908","targetHints":{"allow":["GET"]}}],"collection":[{"href":"https:\/\/nutripartners.co\/hu\/wp-json\/wp\/v2\/product"}],"about":[{"href":"https:\/\/nutripartners.co\/hu\/wp-json\/wp\/v2\/types\/product"}],"wp:attachment":[{"href":"https:\/\/nutripartners.co\/hu\/wp-json\/wp\/v2\/media?parent=4908"}],"wp:term":[{"taxonomy":"product-category","embeddable":true,"href":"https:\/\/nutripartners.co\/hu\/wp-json\/wp\/v2\/product-category?post=4908"}],"curies":[{"name":"wp","href":"https:\/\/api.w.org\/{rel}","templated":true}]}}