{"id":4932,"date":"2026-03-23T12:48:57","date_gmt":"2026-03-23T11:48:57","guid":{"rendered":"https:\/\/nutripartners.co\/product-supplier\/kazein"},"modified":"2026-03-24T14:43:27","modified_gmt":"2026-03-24T13:43:27","slug":"kazein","status":"publish","type":"product","link":"https:\/\/nutripartners.co\/hu\/product-supplier\/kazein","title":{"rendered":"Kazein"},"content":{"rendered":"\n<p>A Nutri Partners pr\u00e9mium min\u0151s\u00e9g\u0171 kazeint sz\u00e1ll\u00edt nagykereskedelmi mennyis\u00e9gben glob\u00e1lis \u00e9lelmiszer- \u00e9s t\u00e1pl\u00e1lkoz\u00e1si gy\u00e1rt\u00f3knak. Ennek eredm\u00e9nyek\u00e9nt rendk\u00edv\u00fcl funkcion\u00e1lis, lassan em\u00e9szthet\u0151 tejfeh\u00e9rj\u00e9t biztos\u00edtunk. Az ipar\u00e1g vezet\u0151i sz\u00e9les k\u00f6rben alkalmazz\u00e1k ezt a nagy tisztas\u00e1g\u00fa tejipari \u00f6sszetev\u0151t a sajtanal\u00f3gok kiv\u00e9teles text\u00far\u00e1j\u00e1nak kialak\u00edt\u00e1s\u00e1hoz \u00e9s a fejlett sportt\u00e1pl\u00e1lkoz\u00e1si kever\u00e9kek formul\u00e1z\u00e1s\u00e1hoz.  <\/p>\n\n<h2 class=\"wp-block-heading\" id=\"h-key-features-of-our-bulk-milk-protein\">\u00d6mlesztett tejfeh\u00e9rj\u00e9nk f\u0151bb jellemz\u0151i<\/h2>\n\n<p>A megfelel\u0151 feh\u00e9rjefrakci\u00f3 kiv\u00e1laszt\u00e1sa k\u00f6zvetlen\u00fcl befoly\u00e1solja term\u00e9ke teljes\u00edtm\u00e9ny\u00e9t. Ez\u00e9rt \u00f6mlesztett kazein\u00fcnk sz\u00e1mos kritikus formul\u00e1z\u00e1si el\u0151nnyel j\u00e1r: <\/p>\n\n<ul class=\"wp-block-list\">\n<li>Magas feh\u00e9rjetartalom: Sz\u00e1razanyag-tartalomra vet\u00edtve folyamatosan t\u00f6bb mint 90% tiszta feh\u00e9rj\u00e9t biztos\u00edt.<\/li>\n\n\n\n<li>Funkcion\u00e1lis v\u00e1ltozatok: Savas kazeint (ide\u00e1lis t\u00e1pl\u00e1lkoz\u00e1si d\u00fas\u00edt\u00e1shoz) \u00e9s olt\u00f3s kazeint (az olvad\u00e1s \u00e9s ny\u00fal\u00e1s aranystandardja) egyar\u00e1nt sz\u00e1ll\u00edtunk.<\/li>\n\n\n\n<li>Lass\u00fa felsz\u00edv\u00f3d\u00e1s\u00fa em\u00e9szt\u00e9s: Az egyedi micell\u00e1ris szerkezet lassan em\u00e9szt\u0151dik a gyomorban, \u00f3r\u00e1kon kereszt\u00fcl tart\u00f3san felszabad\u00edtva az esszenci\u00e1lis aminosavakat.<\/li>\n\n\n\n<li>Mikrobiol\u00f3giai biztons\u00e1g: Az extrakci\u00f3 el\u0151tt szigor\u00faan paszt\u00f6riz\u00e1ljuk a nyers sov\u00e1ny tejet. Ez abszol\u00fat \u00e9lelmiszerbiztons\u00e1got \u00e9s teljes k\u00f3rokoz\u00f3-elimin\u00e1ci\u00f3t garant\u00e1l. <\/li>\n<\/ul>\n\n<h2 class=\"wp-block-heading\" id=\"h-main-industry-applications\">F\u0151bb ipari alkalmaz\u00e1sok<\/h2>\n\n<p>A kazein kiv\u00e1l\u00f3 text\u00far\u00e1t \u00e9s t\u00e1pl\u00e1lkoz\u00e1si s\u0171r\u0171s\u00e9get biztos\u00edt sz\u00e1mos ig\u00e9nyes piaci szektorban. Ennek eredm\u00e9nyek\u00e9nt tov\u00e1bbra is az egyik legkedveltebb v\u00e1laszt\u00e1s a k\u00fcl\u00f6nb\u00f6z\u0151 B2B formul\u00e1khoz: <\/p>\n\n<ul class=\"wp-block-list\">\n<li>Feldolgozott &amp; Anal\u00f3g sajt: Az olt\u00f3s kazein szigor\u00faan elengedhetetlen az anal\u00f3g pizza sajtok el\u0151\u00e1ll\u00edt\u00e1s\u00e1hoz. Pontosan azt az olvad\u00e1st, ny\u00fal\u00e1st \u00e9s r\u00e1g\u00f3ss\u00e1got biztos\u00edtja, amit a fogyaszt\u00f3k elv\u00e1rnak. <\/li>\n\n\n\n<li>Sportt\u00e1pl\u00e1lkoz\u00e1s: A gy\u00e1rt\u00f3k nagym\u00e9rt\u00e9kben t\u00e1maszkodnak r\u00e1 az \u201e\u00e9jszakai\u201d regener\u00e1l\u00f3 porokhoz. Mivel sokkal lassabban em\u00e9szt\u0151dik, mint az <a href=\"https:\/\/nutripartners.co\/hu\/product-supplier\/tojasfeherje-albumin\">toj\u00e1sfeh\u00e9rje<\/a>, megakad\u00e1lyozza az izomleboml\u00e1st alv\u00e1s k\u00f6zben. <\/li>\n\n\n\n<li>P\u00e9k\u00e1ruk &amp; \u00c9dess\u00e9gek: Rendk\u00edv\u00fcl hat\u00e9kony v\u00edzk\u00f6t\u0151 \u00e9s emulge\u00e1l\u00f3szerk\u00e9nt m\u0171k\u00f6dik, jelent\u0151sen jav\u00edtva a feh\u00e9rj\u00e9vel d\u00fas\u00edtott p\u00e9k\u00e1ruk morzsaszerkezet\u00e9t.<\/li>\n\n\n\n<li>Tejterm\u00e9kek: A K+F csapatok strat\u00e9giailag haszn\u00e1lj\u00e1k a joghurtok \u00e9s tejdesszertek stabiliz\u00e1l\u00e1s\u00e1ra, teljesen megakad\u00e1lyozva a sziner\u00e9zist (sav\u00f3lev\u00e1l\u00e1st) a hossz\u00fa t\u00e1v\u00fa t\u00e1rol\u00e1s sor\u00e1n.<\/li>\n<\/ul>\n\n<h2 class=\"wp-block-heading\" id=\"h-technical-description-casein-wholesale\">M\u0171szaki le\u00edr\u00e1s: Kazein nagykereskedelem<\/h2>\n\n<p>K\u00e9miailag a gy\u00e1rt\u00f3k ezt a l\u00e9tfontoss\u00e1g\u00fa feh\u00e9rj\u00e9t friss sov\u00e1ny tejb\u0151l vonj\u00e1k ki. Savas kazein el\u0151\u00e1ll\u00edt\u00e1s\u00e1hoz a technol\u00f3gusok a tej pH-\u00e9rt\u00e9k\u00e9t 4,6-ra cs\u00f6kkentik, ami a feh\u00e9rje kicsap\u00f3d\u00e1s\u00e1t okozza. Alternat\u00edv megold\u00e1sk\u00e9nt specifikus enzimek hozz\u00e1ad\u00e1s\u00e1val olt\u00f3s kazein keletkezik, amely meg\u0151rzi a kulcsfontoss\u00e1g\u00fa kalciumstrukt\u00far\u00e1t. <a href=\"https:\/\/en.wikipedia.org\/wiki\/Casein\">Tudjon meg t\u00f6bbet a kazein szerkezet\u00e9r\u0151l<\/a>.  <\/p>\n\n<p>Az \u00e9lelmiszer-technol\u00f3gusok sz\u00e1m\u00e1ra els\u0151dleges ipari el\u0151nye a figyelemre m\u00e9lt\u00f3 hozama \u00e9s stabilit\u00e1sa. Pontosabban, 1 kg sz\u00e1r\u00edtott porunk k\u00f6r\u00fclbel\u00fcl 35 liter friss sov\u00e1ny tejnek megfelel\u0151 feh\u00e9rj\u00e9t tartalmaz. A gyorsan roml\u00f3 foly\u00e9kony tejjel ellent\u00e9tben ez a sz\u00e1r\u00edtott por teljesen ellen\u00e1ll a mikrobi\u00e1lis n\u00f6veked\u00e9snek. Azonban a tiszta kazein term\u00e9szetesen v\u00edzben oldhatatlan marad. Ha a formul\u00e1ja azonnali oldhat\u00f3s\u00e1got ig\u00e9nyel, semleges\u00edtenie kell l\u00faggal, vagy kifejezetten k\u00e9rnie kell a rendk\u00edv\u00fcl oldhat\u00f3 kazein\u00e1t v\u00e1ltozatainkat.    <\/p>\n\n<h2 class=\"wp-block-heading\" id=\"h-packaging-amp-logistics\">Csomagol\u00e1s \u00e9s logisztika<\/h2>\n\n<p>Ell\u00e1t\u00e1si l\u00e1nc\u00e1t rendk\u00edv\u00fcl optimaliz\u00e1lt logisztik\u00e1val biztos\u00edtjuk. Fontos, hogy minden sz\u00e1ll\u00edt\u00e1s integrit\u00e1s\u00e1t garant\u00e1ljuk, lehet\u0151v\u00e9 t\u00e9ve az alapanyagk\u00f6lts\u00e9gek hat\u00e9kony kezel\u00e9s\u00e9t: <\/p>\n\n<ul class=\"wp-block-list\">\n<li>Csomagol\u00e1s: A term\u00e9ket biztons\u00e1gosan, robusztus 25 kg-os t\u00f6bbr\u00e9teg\u0171 pap\u00edrzs\u00e1kokban, nedvess\u00e9g\u00e1ll\u00f3 PE bels\u0151 b\u00e9l\u00e9ssel csomagoljuk.<\/li>\n\n\n\n<li>T\u00e1rol\u00e1s: Ezt a port szorosan lez\u00e1rt ed\u00e9nyben, h\u0171v\u00f6s, sz\u00e1raz rakt\u00e1rban kell t\u00e1rolni. A megfelel\u0151 t\u00e1rol\u00e1s k\u00f6nnyed\u00e9n 24 h\u00f3napos eltarthat\u00f3s\u00e1got biztos\u00edt, jelent\u0151sen t\u00falsz\u00e1rnyalva a friss tej\u00e9t. <\/li>\n\n\n\n<li>Disztrib\u00faci\u00f3: Palett\u00e1zott megrendel\u00e9seket sz\u00e1ll\u00edtunk vil\u00e1gszerte. Fontos, hogy nem ig\u00e9nyel h\u0151m\u00e9rs\u00e9klet-szab\u00e1lyozott sz\u00e1ll\u00edt\u00e1st, ami jelent\u0151sen optimaliz\u00e1lja fuvark\u00f6lts\u00e9geit. <\/li>\n\n\n\n<li>Dokument\u00e1ci\u00f3: K\u00e9r\u00e9sre azonnal biztos\u00edtjuk a COA-t, a t\u00e1pl\u00e1lkoz\u00e1si specifik\u00e1ci\u00f3s lapokat \u00e9s a formul\u00e1ci\u00f3s mint\u00e1kat a min\u0151s\u00e9gbiztos\u00edt\u00e1si oszt\u00e1lya sz\u00e1m\u00e1ra.<\/li>\n<\/ul>\n\n<p><\/p>\n","protected":false},"excerpt":{"rendered":"<p>Megb\u00edzhat\u00f3 kazein nagykereskedelmi besz\u00e1ll\u00edt\u00f3t keres? A Nutri Partners pr\u00e9mium min\u0151s\u00e9g\u0171 \u00f6mlesztett tejfeh\u00e9rj\u00e9ket k\u00edn\u00e1l sportt\u00e1pl\u00e1lkoz\u00e1shoz, tejterm\u00e9kekhez \u00e9s sajtanal\u00f3gokhoz. <\/p>\n","protected":false},"featured_media":0,"template":"","product-category":[157,151],"class_list":["post-4932","product","type-product","status-publish","hentry","product-category-tejporok","product-category-tejtermekek"],"acf":[],"yoast_head":"<!-- This site is optimized with the Yoast SEO Premium plugin v25.0 (Yoast SEO v26.6) - https:\/\/yoast.com\/wordpress\/plugins\/seo\/ -->\n<title>Kazein nagykereskedelmi besz\u00e1ll\u00edt\u00f3 | Savas &amp; Olt\u00f3s | Nutri Partners<\/title>\n<meta name=\"description\" content=\"Megb\u00edzhat\u00f3 kazein nagykereskedelmi besz\u00e1ll\u00edt\u00f3t keres? A Nutri Partners pr\u00e9mium min\u0151s\u00e9g\u0171 \u00f6mlesztett tejfeh\u00e9rj\u00e9ket k\u00edn\u00e1l sportt\u00e1pl\u00e1lkoz\u00e1shoz, tejterm\u00e9kekhez \u00e9s sajtanal\u00f3gokhoz.\" \/>\n<meta name=\"robots\" content=\"index, follow, max-snippet:-1, max-image-preview:large, max-video-preview:-1\" \/>\n<link rel=\"canonical\" href=\"https:\/\/nutripartners.co\/hu\/product-supplier\/kazein\" \/>\n<meta property=\"og:locale\" content=\"hu_HU\" \/>\n<meta property=\"og:type\" content=\"article\" \/>\n<meta property=\"og:title\" content=\"Kazein\" \/>\n<meta property=\"og:description\" content=\"Megb\u00edzhat\u00f3 kazein nagykereskedelmi besz\u00e1ll\u00edt\u00f3t keres? A Nutri Partners pr\u00e9mium min\u0151s\u00e9g\u0171 \u00f6mlesztett tejfeh\u00e9rj\u00e9ket k\u00edn\u00e1l sportt\u00e1pl\u00e1lkoz\u00e1shoz, tejterm\u00e9kekhez \u00e9s sajtanal\u00f3gokhoz.\" \/>\n<meta property=\"og:url\" content=\"https:\/\/nutripartners.co\/hu\/product-supplier\/kazein\" \/>\n<meta property=\"og:site_name\" content=\"Nutri Partners\" \/>\n<meta property=\"article:modified_time\" content=\"2026-03-24T13:43:27+00:00\" \/>\n<meta property=\"og:image\" content=\"https:\/\/nutripartners.co\/wp-content\/uploads\/2025\/03\/ogimage.webp\" \/>\n\t<meta property=\"og:image:width\" content=\"1200\" \/>\n\t<meta property=\"og:image:height\" content=\"600\" \/>\n\t<meta property=\"og:image:type\" content=\"image\/webp\" \/>\n<meta name=\"twitter:card\" content=\"summary_large_image\" \/>\n<meta name=\"twitter:label1\" content=\"Becs\u00fclt olvas\u00e1si id\u0151\" \/>\n\t<meta name=\"twitter:data1\" content=\"4 perc\" \/>\n<script type=\"application\/ld+json\" class=\"yoast-schema-graph\">{\"@context\":\"https:\/\/schema.org\",\"@graph\":[{\"@type\":\"WebPage\",\"@id\":\"https:\/\/nutripartners.co\/hu\/product-supplier\/kazein\",\"url\":\"https:\/\/nutripartners.co\/hu\/product-supplier\/kazein\",\"name\":\"Kazein nagykereskedelmi besz\u00e1ll\u00edt\u00f3 | Savas & Olt\u00f3s | Nutri Partners\",\"isPartOf\":{\"@id\":\"https:\/\/nutripartners.co\/hu#website\"},\"datePublished\":\"2026-03-23T11:48:57+00:00\",\"dateModified\":\"2026-03-24T13:43:27+00:00\",\"description\":\"Megb\u00edzhat\u00f3 kazein nagykereskedelmi besz\u00e1ll\u00edt\u00f3t keres? A Nutri Partners pr\u00e9mium min\u0151s\u00e9g\u0171 \u00f6mlesztett tejfeh\u00e9rj\u00e9ket k\u00edn\u00e1l sportt\u00e1pl\u00e1lkoz\u00e1shoz, tejterm\u00e9kekhez \u00e9s sajtanal\u00f3gokhoz.\",\"breadcrumb\":{\"@id\":\"https:\/\/nutripartners.co\/hu\/product-supplier\/kazein#breadcrumb\"},\"inLanguage\":\"hu\",\"potentialAction\":[{\"@type\":\"ReadAction\",\"target\":[\"https:\/\/nutripartners.co\/hu\/product-supplier\/kazein\"]}]},{\"@type\":\"BreadcrumbList\",\"@id\":\"https:\/\/nutripartners.co\/hu\/product-supplier\/kazein#breadcrumb\",\"itemListElement\":[{\"@type\":\"ListItem\",\"position\":1,\"name\":\"Home\",\"item\":\"https:\/\/nutripartners.co\/hu\"},{\"@type\":\"ListItem\",\"position\":2,\"name\":\"Products\",\"item\":\"https:\/\/nutripartners.co\/hu\/product-category\"},{\"@type\":\"ListItem\",\"position\":3,\"name\":\"Kazein\"}]},{\"@type\":\"WebSite\",\"@id\":\"https:\/\/nutripartners.co\/hu#website\",\"url\":\"https:\/\/nutripartners.co\/hu\",\"name\":\"Nutri Partners\",\"description\":\"Raw materials distributor\",\"publisher\":{\"@id\":\"https:\/\/nutripartners.co\/hu#organization\"},\"potentialAction\":[{\"@type\":\"SearchAction\",\"target\":{\"@type\":\"EntryPoint\",\"urlTemplate\":\"https:\/\/nutripartners.co\/hu?s={search_term_string}\"},\"query-input\":{\"@type\":\"PropertyValueSpecification\",\"valueRequired\":true,\"valueName\":\"search_term_string\"}}],\"inLanguage\":\"hu\"},{\"@type\":\"Organization\",\"@id\":\"https:\/\/nutripartners.co\/hu#organization\",\"name\":\"Nutri Partners\",\"url\":\"https:\/\/nutripartners.co\/hu\",\"logo\":{\"@type\":\"ImageObject\",\"inLanguage\":\"hu\",\"@id\":\"https:\/\/nutripartners.co\/hu#\/schema\/logo\/image\/\",\"url\":\"https:\/\/nutripartners.co\/wp-content\/uploads\/2025\/03\/logo-light.svg\",\"contentUrl\":\"https:\/\/nutripartners.co\/wp-content\/uploads\/2025\/03\/logo-light.svg\",\"width\":1,\"height\":1,\"caption\":\"Nutri Partners\"},\"image\":{\"@id\":\"https:\/\/nutripartners.co\/hu#\/schema\/logo\/image\/\"},\"sameAs\":[\"https:\/\/www.instagram.com\/_nutripartners_\/\",\"https:\/\/www.linkedin.com\/company\/106882083\"]}]}<\/script>\n<!-- \/ Yoast SEO Premium plugin. -->","yoast_head_json":{"title":"Kazein nagykereskedelmi besz\u00e1ll\u00edt\u00f3 | Savas & Olt\u00f3s | Nutri Partners","description":"Megb\u00edzhat\u00f3 kazein nagykereskedelmi besz\u00e1ll\u00edt\u00f3t keres? A Nutri Partners pr\u00e9mium min\u0151s\u00e9g\u0171 \u00f6mlesztett tejfeh\u00e9rj\u00e9ket k\u00edn\u00e1l sportt\u00e1pl\u00e1lkoz\u00e1shoz, tejterm\u00e9kekhez \u00e9s sajtanal\u00f3gokhoz.","robots":{"index":"index","follow":"follow","max-snippet":"max-snippet:-1","max-image-preview":"max-image-preview:large","max-video-preview":"max-video-preview:-1"},"canonical":"https:\/\/nutripartners.co\/hu\/product-supplier\/kazein","og_locale":"hu_HU","og_type":"article","og_title":"Kazein","og_description":"Megb\u00edzhat\u00f3 kazein nagykereskedelmi besz\u00e1ll\u00edt\u00f3t keres? A Nutri Partners pr\u00e9mium min\u0151s\u00e9g\u0171 \u00f6mlesztett tejfeh\u00e9rj\u00e9ket k\u00edn\u00e1l sportt\u00e1pl\u00e1lkoz\u00e1shoz, tejterm\u00e9kekhez \u00e9s sajtanal\u00f3gokhoz.","og_url":"https:\/\/nutripartners.co\/hu\/product-supplier\/kazein","og_site_name":"Nutri Partners","article_modified_time":"2026-03-24T13:43:27+00:00","og_image":[{"width":1200,"height":600,"url":"https:\/\/nutripartners.co\/wp-content\/uploads\/2025\/03\/ogimage.webp","type":"image\/webp"}],"twitter_card":"summary_large_image","twitter_misc":{"Becs\u00fclt olvas\u00e1si id\u0151":"4 perc"},"schema":{"@context":"https:\/\/schema.org","@graph":[{"@type":"WebPage","@id":"https:\/\/nutripartners.co\/hu\/product-supplier\/kazein","url":"https:\/\/nutripartners.co\/hu\/product-supplier\/kazein","name":"Kazein nagykereskedelmi besz\u00e1ll\u00edt\u00f3 | Savas & Olt\u00f3s | Nutri Partners","isPartOf":{"@id":"https:\/\/nutripartners.co\/hu#website"},"datePublished":"2026-03-23T11:48:57+00:00","dateModified":"2026-03-24T13:43:27+00:00","description":"Megb\u00edzhat\u00f3 kazein nagykereskedelmi besz\u00e1ll\u00edt\u00f3t keres? A Nutri Partners pr\u00e9mium min\u0151s\u00e9g\u0171 \u00f6mlesztett tejfeh\u00e9rj\u00e9ket k\u00edn\u00e1l sportt\u00e1pl\u00e1lkoz\u00e1shoz, tejterm\u00e9kekhez \u00e9s sajtanal\u00f3gokhoz.","breadcrumb":{"@id":"https:\/\/nutripartners.co\/hu\/product-supplier\/kazein#breadcrumb"},"inLanguage":"hu","potentialAction":[{"@type":"ReadAction","target":["https:\/\/nutripartners.co\/hu\/product-supplier\/kazein"]}]},{"@type":"BreadcrumbList","@id":"https:\/\/nutripartners.co\/hu\/product-supplier\/kazein#breadcrumb","itemListElement":[{"@type":"ListItem","position":1,"name":"Home","item":"https:\/\/nutripartners.co\/hu"},{"@type":"ListItem","position":2,"name":"Products","item":"https:\/\/nutripartners.co\/hu\/product-category"},{"@type":"ListItem","position":3,"name":"Kazein"}]},{"@type":"WebSite","@id":"https:\/\/nutripartners.co\/hu#website","url":"https:\/\/nutripartners.co\/hu","name":"Nutri Partners","description":"Raw materials distributor","publisher":{"@id":"https:\/\/nutripartners.co\/hu#organization"},"potentialAction":[{"@type":"SearchAction","target":{"@type":"EntryPoint","urlTemplate":"https:\/\/nutripartners.co\/hu?s={search_term_string}"},"query-input":{"@type":"PropertyValueSpecification","valueRequired":true,"valueName":"search_term_string"}}],"inLanguage":"hu"},{"@type":"Organization","@id":"https:\/\/nutripartners.co\/hu#organization","name":"Nutri Partners","url":"https:\/\/nutripartners.co\/hu","logo":{"@type":"ImageObject","inLanguage":"hu","@id":"https:\/\/nutripartners.co\/hu#\/schema\/logo\/image\/","url":"https:\/\/nutripartners.co\/wp-content\/uploads\/2025\/03\/logo-light.svg","contentUrl":"https:\/\/nutripartners.co\/wp-content\/uploads\/2025\/03\/logo-light.svg","width":1,"height":1,"caption":"Nutri Partners"},"image":{"@id":"https:\/\/nutripartners.co\/hu#\/schema\/logo\/image\/"},"sameAs":["https:\/\/www.instagram.com\/_nutripartners_\/","https:\/\/www.linkedin.com\/company\/106882083"]}]}},"_links":{"self":[{"href":"https:\/\/nutripartners.co\/hu\/wp-json\/wp\/v2\/product\/4932","targetHints":{"allow":["GET"]}}],"collection":[{"href":"https:\/\/nutripartners.co\/hu\/wp-json\/wp\/v2\/product"}],"about":[{"href":"https:\/\/nutripartners.co\/hu\/wp-json\/wp\/v2\/types\/product"}],"wp:attachment":[{"href":"https:\/\/nutripartners.co\/hu\/wp-json\/wp\/v2\/media?parent=4932"}],"wp:term":[{"taxonomy":"product-category","embeddable":true,"href":"https:\/\/nutripartners.co\/hu\/wp-json\/wp\/v2\/product-category?post=4932"}],"curies":[{"name":"wp","href":"https:\/\/api.w.org\/{rel}","templated":true}]}}