{"id":5074,"date":"2026-04-23T09:09:04","date_gmt":"2026-04-23T07:09:04","guid":{"rendered":"https:\/\/nutripartners.co\/product-supplier\/maca-kivonat"},"modified":"2026-04-23T09:15:34","modified_gmt":"2026-04-23T07:15:34","slug":"maca-kivonat","status":"publish","type":"product","link":"https:\/\/nutripartners.co\/hu\/product-supplier\/maca-kivonat","title":{"rendered":"Maca kivonat"},"content":{"rendered":"\n<p>A Nutri Partners nagy tisztas\u00e1g\u00fa maca kivonatot sz\u00e1ll\u00edt nagykerben glob\u00e1lis sportt\u00e1pl\u00e1lkoz\u00e1si \u00e9s wellness gy\u00e1rt\u00f3knak. K\u00f6vetkez\u00e9sk\u00e9ppen rendk\u00edv\u00fcl er\u0151teljes, koffeinmentes botanikai adaptog\u00e9nt biztos\u00edtunk, amely az ellen\u00e1ll\u00f3 Lepidium meyenii gy\u00f6k\u00e9rb\u0151l sz\u00e1rmazik. Az ipar\u00e1gi vezet\u0151k sz\u00e9les k\u00f6rben haszn\u00e1lj\u00e1k ezt a pr\u00e9mium andoki szuper\u00e9lelmiszert a fizikai \u00e1ll\u00f3k\u00e9pess\u00e9g akt\u00edv n\u00f6vel\u00e9s\u00e9re, hormon\u00e1lis profilok kiegyens\u00falyoz\u00e1s\u00e1ra \u00e9s fejlett stimul\u00e1ns-mentes edz\u00e9s el\u0151tti kever\u00e9kek formul\u00e1z\u00e1s\u00e1ra.  \n\n<\/p>\n\n<h2 class=\"wp-block-heading\" id=\"h-key-features-of-our-bulk-botanical-adaptogen\">\u00d6mlesztett botanikai adaptog\u00e9n\u00fcnk f\u0151bb jellemz\u0151i<\/h2>\n\n<p>\n\nA tudom\u00e1nyosan feldolgozott botanikai kivonat kiv\u00e1laszt\u00e1sa k\u00f6zvetlen\u00fcl meghat\u00e1rozza a fogyaszt\u00f3i toleranci\u00e1t \u00e9s a klinikai hat\u00e9konys\u00e1got. Ez\u00e9rt \u00f6mlesztett maca kivonatunk sz\u00e1mos kritikus formul\u00e1ci\u00f3s el\u0151nyt ny\u00fajt: \n\n<\/p>\n\n<ul class=\"wp-block-list\">\n<li><strong>Fejlett zselatiniz\u00e1l\u00e1s:<\/strong> Szigor\u00faan zselatiniz\u00e1lt kivonatokat sz\u00e1ll\u00edtunk. Ez a l\u00e9tfontoss\u00e1g\u00fa h\u0151kezel\u00e9si folyamat lebontja a kem\u00e9ny kem\u00e9ny\u00edt\u0151ket, garant\u00e1lva a kiv\u00e1l\u00f3 em\u00e9szt\u00e9st \u00e9s a hatalmas t\u00e1panyag-biohasznosul\u00e1st. <\/li>\n\n\n\n<li><strong>Koffeinmentes energia:<\/strong> Teljesen megker\u00fcli a k\u00f6zponti idegrendszert. Ennek eredm\u00e9nyek\u00e9nt tart\u00f3s cellul\u00e1ris energi\u00e1t biztos\u00edt az er\u0151s stimul\u00e1nsokhoz kapcsol\u00f3d\u00f3 s\u00falyos \u00f6sszeoml\u00e1sok n\u00e9lk\u00fcl. <\/li>\n\n\n\n<li><strong>Kiv\u00e9teles old\u00e9konys\u00e1g:<\/strong> A rendk\u00edv\u00fcl finom\u00edtott por k\u00f6nnyen old\u00f3dik vizes oldatokban, \u00edgy t\u00f6k\u00e9letesen alkalmas RTD (Ready-To-Drink) funkcion\u00e1lis italokhoz.<\/li>\n\n\n\n<li><strong>Tiszta c\u00edmke st\u00e1tusz:<\/strong> Tov\u00e1bb\u00e1 fenntarthat\u00f3an betakar\u00edtott, nem GMO, 100%-ban n\u00f6v\u00e9nyi alap\u00fa, veg\u00e1n, halal \u00e9s k\u00f3ser tan\u00fas\u00edtv\u00e1nnyal rendelkezik.<\/li>\n<\/ul>\n\n<h2 class=\"wp-block-heading\" id=\"h-main-industry-applications\">F\u0151 ipari alkalmaz\u00e1sok<\/h2>\n\n<p>\n\nA maca kivonat abszol\u00fat pr\u00e9mium pozicion\u00e1l\u00e1st biztos\u00edt k\u00fcl\u00f6nb\u00f6z\u0151 ig\u00e9nyes piaci szektorokban. Ennek eredm\u00e9nyek\u00e9nt tov\u00e1bbra is a legjobb v\u00e1laszt\u00e1s marad v\u00e1ltozatos B2B formul\u00e1ci\u00f3khoz: \n\n<\/p>\n\n<ul class=\"wp-block-list\">\n<li><strong>Sportt\u00e1pl\u00e1lkoz\u00e1s:<\/strong> A K+F csapatok strat\u00e9giailag haszn\u00e1lj\u00e1k er\u0151teljes, stimul\u00e1ns-mentes edz\u00e9s el\u0151tti porok l\u00e9trehoz\u00e1s\u00e1ra, amelyek akt\u00edvan n\u00f6velik az \u00e1ll\u00f3k\u00e9pess\u00e9get kardiovaszkul\u00e1ris stressz okoz\u00e1sa n\u00e9lk\u00fcl.<\/li>\n\n\n\n<li><strong>N\u0151i \u00e9s f\u00e9rfi eg\u00e9szs\u00e9g:<\/strong> A gy\u00e1rt\u00f3k er\u0151sen t\u00e1maszkodnak r\u00e1, mint alapvet\u0151 akt\u00edv \u00f6sszetev\u0151re term\u00e9szetes hormonegyens\u00falyoz\u00f3 \u00e9s vitalit\u00e1s kapszul\u00e1kban.<\/li>\n\n\n\n<li><strong>Funkcion\u00e1lis italok:<\/strong> Z\u00f6kken\u0151mentesen er\u0151s\u00edti a term\u00e9szetes energiaitalokat. Kiv\u00e1l\u00f3an p\u00e1rosul <a href=\"https:\/\/nutripartners.co\/hu\/termekkategoria\/novenyi-alapu\/novenyi-kivonatok\">m\u00e1s n\u00f6v\u00e9nyi kivonatokkal<\/a> \u00e1tfog\u00f3 adaptog\u00e9n profilok l\u00e9trehoz\u00e1s\u00e1hoz. <\/li>\n\n\n\n<li><strong>Eg\u00e9szs\u00e9ges nassol\u00e1s:<\/strong> Kiv\u00e1l\u00f3 funkcion\u00e1lis kieg\u00e9sz\u00edt\u0151k\u00e9nt szolg\u00e1l pr\u00e9mium energiaszeletekhez \u00e9s tiszta c\u00edmk\u00e9s granol\u00e1khoz.<\/li>\n<\/ul>\n\n<h2 class=\"wp-block-heading\" id=\"h-technical-description-maca-extract-wholesale\">M\u0171szaki le\u00edr\u00e1s: Maca kivonat nagyker<\/h2>\n\n<p>\n\nTechnol\u00f3giailag a gy\u00e1rt\u00f3k ezt a pr\u00e9mium vegy\u00fcletet szigor\u00faan ellen\u0151rz\u00f6tt hidroetanolos extrakci\u00f3s \u00e9s zselatiniz\u00e1l\u00e1si folyamattal \u00e1ll\u00edtj\u00e1k el\u0151. Gondosan betakar\u00edtj\u00e1k az \u00e9rett Lepidium meyenii gy\u00f6kereket nagy magass\u00e1g\u00fa k\u00f6rnyezetb\u0151l. Ezut\u00e1n prec\u00edz h\u0151t \u00e9s nyom\u00e1st (extrud\u00e1l\u00e1st) alkalmaznak a s\u0171r\u0171 kem\u00e9ny\u00edt\u0151 m\u00e1trixok felszak\u00edt\u00e1s\u00e1ra, jelent\u0151sen koncentr\u00e1lva az akt\u00edv macaeneket \u00e9s macamidokat.   <a href=\"https:\/\/www.ncbi.nlm.nih.gov\/pmc\/articles\/PMC3184420\/\" target=\"_blank\" rel=\"noopener noreferrer\">B\u0151vebben a Lepidium meyenii farmakol\u00f3gi\u00e1j\u00e1r\u00f3l<\/a>\n\n\u00c9lelmiszertechnol\u00f3gusok sz\u00e1m\u00e1ra els\u0151dleges ipari el\u0151nye a drasztikusan jav\u00edtott old\u00e9konys\u00e1gban \u00e9s em\u00e9szt\u00e9si profilban rejlik a standard nyers gy\u00f6k\u00e9rporhoz k\u00e9pest. Mivel a zselatiniz\u00e1l\u00e1si folyamat elt\u00e1vol\u00edtja az em\u00e9szthetetlen kem\u00e9ny\u00edt\u0151t, az eredm\u00e9ny\u00fcl kapott kivonat rendk\u00edv\u00fcl stabil a standard gy\u00e1rt\u00e1si h\u0151 alatt. Term\u00e9szetesen \u00e9des, enyh\u00e9n f\u00f6ldes \u00e9s mal\u00e1t\u00e1s \u00edzprofilt k\u00f6lcs\u00f6n\u00f6z, amely z\u00f6kken\u0151mentesen kieg\u00e9sz\u00edti a csokol\u00e1d\u00e9, van\u00edlia \u00e9s k\u00e1v\u00e9 alap\u00fa italm\u00e1trixokat.  \n\n<\/p>\n\n<h2 class=\"wp-block-heading\" id=\"h-packaging-amp-logistics\">Csomagol\u00e1s \u00e9s logisztika<\/h2>\n\n<p>\n\nOptimaliz\u00e1lt logisztik\u00e1val biztos\u00edtjuk ell\u00e1t\u00e1si l\u00e1nc\u00e1t. Fontos, hogy garant\u00e1ljuk minden sz\u00e1ll\u00edt\u00e1s botanikai integrit\u00e1s\u00e1t, lehet\u0151v\u00e9 t\u00e9ve a pr\u00e9mium nyersanyagk\u00f6lts\u00e9gek hat\u00e9kony kezel\u00e9s\u00e9t: \n\n<\/p>\n\n<ul class=\"wp-block-list\">\n<li><strong>Csomagol\u00e1s:<\/strong> A term\u00e9ket biztons\u00e1gosan csomagoljuk robusztus 25 kg-os sz\u00e1ldobozokba dupla nedvess\u00e9g\u00e1ll\u00f3 PE bels\u0151 b\u00e9l\u00e9ssel.<\/li>\n\n\n\n<li><strong>T\u00e1rol\u00e1s:<\/strong> Ezt az enyh\u00e9n higroszk\u00f3pos botanikai port szorosan z\u00e1rt ed\u00e9nyben, h\u0171v\u00f6s, sz\u00e1raz \u00e9s s\u00f6t\u00e9t rakt\u00e1rban kell t\u00e1rolni. A megfelel\u0151 t\u00e1rol\u00e1s k\u00f6nnyen 24 h\u00f3napos eltarthat\u00f3s\u00e1got eredm\u00e9nyez. <\/li>\n\n\n\n<li><strong>Forgalmaz\u00e1s:<\/strong> Raklapozott rendel\u00e9seket sz\u00e1ll\u00edtunk glob\u00e1lisan. Fontos, hogy standard sz\u00e1raz kont\u00e9nerek elegend\u0151ek, ami jelent\u0151sen optimaliz\u00e1lja fuvark\u00f6lts\u00e9geit. <\/li>\n\n\n\n<li><strong>Dokument\u00e1ci\u00f3:<\/strong> K\u00e9r\u00e9sre azonnal biztos\u00edtjuk a COA-t, botanikai sz\u00e1rmaz\u00e1si nyilatkozatokat, neh\u00e9zf\u00e9m-vizsg\u00e1latokat \u00e9s formul\u00e1ci\u00f3s mint\u00e1kat QA oszt\u00e1lya sz\u00e1m\u00e1ra.<\/li>\n<\/ul>\n","protected":false},"excerpt":{"rendered":"<p>Pr\u00e9mium standardiz\u00e1lt maca kivonat nagyker fejlett energia- \u00e9s vitalit\u00e1s-formul\u00e1ci\u00f3khoz. Er\u0151teljes, koffeinmentes botanikai adaptog\u00e9n, t\u00f6k\u00e9letesen optimaliz\u00e1lva sportt\u00e1pl\u00e1lkoz\u00e1si \u00e9s hormonegyens\u00faly-t\u00e1mogat\u00f3 kieg\u00e9sz\u00edt\u0151kh\u00f6z. <\/p>\n","protected":false},"featured_media":0,"template":"","product-category":[148,149],"class_list":["post-5074","product","type-product","status-publish","hentry","product-category-novenyi-alapu","product-category-novenyi-kivonatok"],"acf":[],"yoast_head":"<!-- This site is optimized with the Yoast SEO Premium plugin v25.0 (Yoast SEO v26.6) - https:\/\/yoast.com\/wordpress\/plugins\/seo\/ -->\n<title>Maca kivonat nagyker | Botanikai adaptog\u00e9n | Nutri Partners<\/title>\n<meta name=\"description\" content=\"Megb\u00edzhat\u00f3 maca kivonat nagykereskedelmi besz\u00e1ll\u00edt\u00f3t keres? A Nutri Partners pr\u00e9mium zselatiniz\u00e1lt maca alapanyagot k\u00edn\u00e1l sportt\u00e1pl\u00e1lkoz\u00e1si \u00e9s vitalit\u00e1s kieg\u00e9sz\u00edt\u0151kh\u00f6z.\" \/>\n<meta name=\"robots\" content=\"index, follow, max-snippet:-1, max-image-preview:large, max-video-preview:-1\" \/>\n<link rel=\"canonical\" href=\"https:\/\/nutripartners.co\/hu\/product-supplier\/maca-kivonat\" \/>\n<meta property=\"og:locale\" content=\"hu_HU\" \/>\n<meta property=\"og:type\" content=\"article\" \/>\n<meta property=\"og:title\" content=\"Maca kivonat\" \/>\n<meta property=\"og:description\" content=\"Megb\u00edzhat\u00f3 maca kivonat nagykereskedelmi besz\u00e1ll\u00edt\u00f3t keres? A Nutri Partners pr\u00e9mium zselatiniz\u00e1lt maca alapanyagot k\u00edn\u00e1l sportt\u00e1pl\u00e1lkoz\u00e1si \u00e9s vitalit\u00e1s kieg\u00e9sz\u00edt\u0151kh\u00f6z.\" \/>\n<meta property=\"og:url\" content=\"https:\/\/nutripartners.co\/hu\/product-supplier\/maca-kivonat\" \/>\n<meta property=\"og:site_name\" content=\"Nutri Partners\" \/>\n<meta property=\"article:modified_time\" content=\"2026-04-23T07:15:34+00:00\" \/>\n<meta property=\"og:image\" content=\"https:\/\/nutripartners.co\/wp-content\/uploads\/2025\/03\/ogimage.webp\" \/>\n\t<meta property=\"og:image:width\" content=\"1200\" \/>\n\t<meta property=\"og:image:height\" content=\"600\" \/>\n\t<meta property=\"og:image:type\" content=\"image\/webp\" \/>\n<meta name=\"twitter:card\" content=\"summary_large_image\" \/>\n<meta name=\"twitter:label1\" content=\"Becs\u00fclt olvas\u00e1si id\u0151\" \/>\n\t<meta name=\"twitter:data1\" content=\"4 perc\" \/>\n<script type=\"application\/ld+json\" class=\"yoast-schema-graph\">{\"@context\":\"https:\/\/schema.org\",\"@graph\":[{\"@type\":\"WebPage\",\"@id\":\"https:\/\/nutripartners.co\/hu\/product-supplier\/maca-kivonat\",\"url\":\"https:\/\/nutripartners.co\/hu\/product-supplier\/maca-kivonat\",\"name\":\"Maca kivonat nagyker | Botanikai adaptog\u00e9n | Nutri Partners\",\"isPartOf\":{\"@id\":\"https:\/\/nutripartners.co\/hu#website\"},\"datePublished\":\"2026-04-23T07:09:04+00:00\",\"dateModified\":\"2026-04-23T07:15:34+00:00\",\"description\":\"Megb\u00edzhat\u00f3 maca kivonat nagykereskedelmi besz\u00e1ll\u00edt\u00f3t keres? A Nutri Partners pr\u00e9mium zselatiniz\u00e1lt maca alapanyagot k\u00edn\u00e1l sportt\u00e1pl\u00e1lkoz\u00e1si \u00e9s vitalit\u00e1s kieg\u00e9sz\u00edt\u0151kh\u00f6z.\",\"breadcrumb\":{\"@id\":\"https:\/\/nutripartners.co\/hu\/product-supplier\/maca-kivonat#breadcrumb\"},\"inLanguage\":\"hu\",\"potentialAction\":[{\"@type\":\"ReadAction\",\"target\":[\"https:\/\/nutripartners.co\/hu\/product-supplier\/maca-kivonat\"]}]},{\"@type\":\"BreadcrumbList\",\"@id\":\"https:\/\/nutripartners.co\/hu\/product-supplier\/maca-kivonat#breadcrumb\",\"itemListElement\":[{\"@type\":\"ListItem\",\"position\":1,\"name\":\"Home\",\"item\":\"https:\/\/nutripartners.co\/hu\"},{\"@type\":\"ListItem\",\"position\":2,\"name\":\"Products\",\"item\":\"https:\/\/nutripartners.co\/hu\/product-category\"},{\"@type\":\"ListItem\",\"position\":3,\"name\":\"Maca kivonat\"}]},{\"@type\":\"WebSite\",\"@id\":\"https:\/\/nutripartners.co\/hu#website\",\"url\":\"https:\/\/nutripartners.co\/hu\",\"name\":\"Nutri Partners\",\"description\":\"Raw materials distributor\",\"publisher\":{\"@id\":\"https:\/\/nutripartners.co\/hu#organization\"},\"potentialAction\":[{\"@type\":\"SearchAction\",\"target\":{\"@type\":\"EntryPoint\",\"urlTemplate\":\"https:\/\/nutripartners.co\/hu?s={search_term_string}\"},\"query-input\":{\"@type\":\"PropertyValueSpecification\",\"valueRequired\":true,\"valueName\":\"search_term_string\"}}],\"inLanguage\":\"hu\"},{\"@type\":\"Organization\",\"@id\":\"https:\/\/nutripartners.co\/hu#organization\",\"name\":\"Nutri Partners\",\"url\":\"https:\/\/nutripartners.co\/hu\",\"logo\":{\"@type\":\"ImageObject\",\"inLanguage\":\"hu\",\"@id\":\"https:\/\/nutripartners.co\/hu#\/schema\/logo\/image\/\",\"url\":\"https:\/\/nutripartners.co\/wp-content\/uploads\/2025\/03\/logo-light.svg\",\"contentUrl\":\"https:\/\/nutripartners.co\/wp-content\/uploads\/2025\/03\/logo-light.svg\",\"width\":1,\"height\":1,\"caption\":\"Nutri Partners\"},\"image\":{\"@id\":\"https:\/\/nutripartners.co\/hu#\/schema\/logo\/image\/\"},\"sameAs\":[\"https:\/\/www.instagram.com\/_nutripartners_\/\",\"https:\/\/www.linkedin.com\/company\/106882083\"]}]}<\/script>\n<!-- \/ Yoast SEO Premium plugin. -->","yoast_head_json":{"title":"Maca kivonat nagyker | Botanikai adaptog\u00e9n | Nutri Partners","description":"Megb\u00edzhat\u00f3 maca kivonat nagykereskedelmi besz\u00e1ll\u00edt\u00f3t keres? A Nutri Partners pr\u00e9mium zselatiniz\u00e1lt maca alapanyagot k\u00edn\u00e1l sportt\u00e1pl\u00e1lkoz\u00e1si \u00e9s vitalit\u00e1s kieg\u00e9sz\u00edt\u0151kh\u00f6z.","robots":{"index":"index","follow":"follow","max-snippet":"max-snippet:-1","max-image-preview":"max-image-preview:large","max-video-preview":"max-video-preview:-1"},"canonical":"https:\/\/nutripartners.co\/hu\/product-supplier\/maca-kivonat","og_locale":"hu_HU","og_type":"article","og_title":"Maca kivonat","og_description":"Megb\u00edzhat\u00f3 maca kivonat nagykereskedelmi besz\u00e1ll\u00edt\u00f3t keres? A Nutri Partners pr\u00e9mium zselatiniz\u00e1lt maca alapanyagot k\u00edn\u00e1l sportt\u00e1pl\u00e1lkoz\u00e1si \u00e9s vitalit\u00e1s kieg\u00e9sz\u00edt\u0151kh\u00f6z.","og_url":"https:\/\/nutripartners.co\/hu\/product-supplier\/maca-kivonat","og_site_name":"Nutri Partners","article_modified_time":"2026-04-23T07:15:34+00:00","og_image":[{"width":1200,"height":600,"url":"https:\/\/nutripartners.co\/wp-content\/uploads\/2025\/03\/ogimage.webp","type":"image\/webp"}],"twitter_card":"summary_large_image","twitter_misc":{"Becs\u00fclt olvas\u00e1si id\u0151":"4 perc"},"schema":{"@context":"https:\/\/schema.org","@graph":[{"@type":"WebPage","@id":"https:\/\/nutripartners.co\/hu\/product-supplier\/maca-kivonat","url":"https:\/\/nutripartners.co\/hu\/product-supplier\/maca-kivonat","name":"Maca kivonat nagyker | Botanikai adaptog\u00e9n | Nutri Partners","isPartOf":{"@id":"https:\/\/nutripartners.co\/hu#website"},"datePublished":"2026-04-23T07:09:04+00:00","dateModified":"2026-04-23T07:15:34+00:00","description":"Megb\u00edzhat\u00f3 maca kivonat nagykereskedelmi besz\u00e1ll\u00edt\u00f3t keres? A Nutri Partners pr\u00e9mium zselatiniz\u00e1lt maca alapanyagot k\u00edn\u00e1l sportt\u00e1pl\u00e1lkoz\u00e1si \u00e9s vitalit\u00e1s kieg\u00e9sz\u00edt\u0151kh\u00f6z.","breadcrumb":{"@id":"https:\/\/nutripartners.co\/hu\/product-supplier\/maca-kivonat#breadcrumb"},"inLanguage":"hu","potentialAction":[{"@type":"ReadAction","target":["https:\/\/nutripartners.co\/hu\/product-supplier\/maca-kivonat"]}]},{"@type":"BreadcrumbList","@id":"https:\/\/nutripartners.co\/hu\/product-supplier\/maca-kivonat#breadcrumb","itemListElement":[{"@type":"ListItem","position":1,"name":"Home","item":"https:\/\/nutripartners.co\/hu"},{"@type":"ListItem","position":2,"name":"Products","item":"https:\/\/nutripartners.co\/hu\/product-category"},{"@type":"ListItem","position":3,"name":"Maca kivonat"}]},{"@type":"WebSite","@id":"https:\/\/nutripartners.co\/hu#website","url":"https:\/\/nutripartners.co\/hu","name":"Nutri Partners","description":"Raw materials distributor","publisher":{"@id":"https:\/\/nutripartners.co\/hu#organization"},"potentialAction":[{"@type":"SearchAction","target":{"@type":"EntryPoint","urlTemplate":"https:\/\/nutripartners.co\/hu?s={search_term_string}"},"query-input":{"@type":"PropertyValueSpecification","valueRequired":true,"valueName":"search_term_string"}}],"inLanguage":"hu"},{"@type":"Organization","@id":"https:\/\/nutripartners.co\/hu#organization","name":"Nutri Partners","url":"https:\/\/nutripartners.co\/hu","logo":{"@type":"ImageObject","inLanguage":"hu","@id":"https:\/\/nutripartners.co\/hu#\/schema\/logo\/image\/","url":"https:\/\/nutripartners.co\/wp-content\/uploads\/2025\/03\/logo-light.svg","contentUrl":"https:\/\/nutripartners.co\/wp-content\/uploads\/2025\/03\/logo-light.svg","width":1,"height":1,"caption":"Nutri Partners"},"image":{"@id":"https:\/\/nutripartners.co\/hu#\/schema\/logo\/image\/"},"sameAs":["https:\/\/www.instagram.com\/_nutripartners_\/","https:\/\/www.linkedin.com\/company\/106882083"]}]}},"_links":{"self":[{"href":"https:\/\/nutripartners.co\/hu\/wp-json\/wp\/v2\/product\/5074","targetHints":{"allow":["GET"]}}],"collection":[{"href":"https:\/\/nutripartners.co\/hu\/wp-json\/wp\/v2\/product"}],"about":[{"href":"https:\/\/nutripartners.co\/hu\/wp-json\/wp\/v2\/types\/product"}],"wp:attachment":[{"href":"https:\/\/nutripartners.co\/hu\/wp-json\/wp\/v2\/media?parent=5074"}],"wp:term":[{"taxonomy":"product-category","embeddable":true,"href":"https:\/\/nutripartners.co\/hu\/wp-json\/wp\/v2\/product-category?post=5074"}],"curies":[{"name":"wp","href":"https:\/\/api.w.org\/{rel}","templated":true}]}}