{"id":5078,"date":"2026-04-23T09:04:49","date_gmt":"2026-04-23T07:04:49","guid":{"rendered":"https:\/\/nutripartners.co\/product-supplier\/zold-tea-kivonat"},"modified":"2026-04-23T09:18:19","modified_gmt":"2026-04-23T07:18:19","slug":"zold-tea-kivonat","status":"publish","type":"product","link":"https:\/\/nutripartners.co\/hu\/product-supplier\/zold-tea-kivonat","title":{"rendered":"Z\u00f6ld Tea Kivonat"},"content":{"rendered":"\n<p>A Nutri Partners nagy tisztas\u00e1g\u00fa z\u00f6ld tea kivonatot sz\u00e1ll\u00edt nagykereskedelmi mennyis\u00e9gben glob\u00e1lis sportt\u00e1pl\u00e1lkoz\u00e1si, \u00e9trend-kieg\u00e9sz\u00edt\u0151 \u00e9s italgy\u00e1rt\u00f3knak. Ennek megfelel\u0151en rendk\u00edv\u00fcl hat\u00e9kony, tudom\u00e1nyosan valid\u00e1lt botanikai antioxid\u00e1nst biztos\u00edtunk, amely erjesztetlen Camellia sinensis levelekb\u0151l sz\u00e1rmazik. Az ipar\u00e1g vezet\u0151 szerepl\u0151i sz\u00e9les k\u00f6rben alkalmazz\u00e1k ezt a pr\u00e9mium, katechinben gazdag kivonatot a termogenezis akt\u00edv stimul\u00e1l\u00e1s\u00e1ra, az eg\u00e9szs\u00e9ges s\u00falykontroll t\u00e1mogat\u00e1s\u00e1ra \u00e9s a fejlett \u201etiszta energia\u201d term\u00e9kcsal\u00e1dok formul\u00e1l\u00e1s\u00e1ra.  <\/p>\n\n<h2 class=\"wp-block-heading\" id=\"h-key-features-of-our-bulk-botanical-extract\">\u00d6mlesztett botanikai kivonatunk f\u0151bb jellemz\u0151i<\/h2>\n\n<p>A szigor\u00faan standardiz\u00e1lt \u00e9s biztons\u00e1gosan extrah\u00e1lt botanikai kiv\u00e1laszt\u00e1sa k\u00f6zvetlen\u00fcl meghat\u00e1rozza v\u00e9gterm\u00e9k\u00e9nek klinikai hat\u00e9konys\u00e1g\u00e1t \u00e9s szab\u00e1lyoz\u00e1si megfelel\u0151s\u00e9g\u00e9t. Ez\u00e9rt \u00f6mlesztett z\u00f6ld tea kivonatunk sz\u00e1mos kritikus formul\u00e1ci\u00f3s el\u0151nyt ny\u00fajt: <\/p>\n\n<ul class=\"wp-block-list\">\n<li>Pontos EGCG-standardiz\u00e1l\u00e1s: Kivonatainkat szigor\u00faan standardiz\u00e1ljuk az \u00f6sszes polifenol, katekinek \u00e9s kifejezetten az EGCG (Epigallokatechin-gall\u00e1t) pontos sz\u00e1zal\u00e9k\u00e1ra, garant\u00e1lva az abszol\u00fat t\u00e9tel-t\u00e9telek k\u00f6z\u00f6tti konzisztenci\u00e1t.<\/li>\n\n\n\n<li>Kontroll\u00e1lt koffeinprofilok: K\u00edn\u00e1lunk mind term\u00e9szetesen koffeines v\u00e1ltozatokat energiakever\u00e9kekhez, mind er\u0151sen koffeinmentes\u00edtett min\u0151s\u00e9geket \u00e9jszakai zs\u00edr\u00e9get\u0151 formul\u00e1khoz.<\/li>\n\n\n\n<li>Tiszta extrakci\u00f3s protokoll: Szigor\u00faan biztons\u00e1gos, hidroetanolos (v\u00edz \u00e9s etanol) extrakci\u00f3s m\u00f3dszereket alkalmazunk, teljesen elker\u00fclve az olcs\u00f3bb versenyt\u00e1rsak \u00e1ltal haszn\u00e1lt durva, m\u00e9rgez\u0151 k\u00e9miai old\u00f3szereket.<\/li>\n\n\n\n<li>Tiszta c\u00edmke st\u00e1tusz: Tov\u00e1bb\u00e1 teljesen GMO-mentes, 100%-ban n\u00f6v\u00e9nyi alap\u00fa, veg\u00e1n, halal \u00e9s k\u00f3ser tan\u00fas\u00edtv\u00e1nnyal rendelkezik.<\/li>\n<\/ul>\n\n<h2 class=\"wp-block-heading\" id=\"h-main-industry-applications\">F\u0151 ipari alkalmaz\u00e1sok<\/h2>\n\n<p>A z\u00f6ld tea kivonat abszol\u00fat pr\u00e9mium pozicion\u00e1l\u00e1st biztos\u00edt k\u00fcl\u00f6nb\u00f6z\u0151 ig\u00e9nyes piaci szektorokban. Ennek eredm\u00e9nyek\u00e9nt tov\u00e1bbra is a legjobb v\u00e1laszt\u00e1s marad v\u00e1ltozatos B2B formul\u00e1khoz: <\/p>\n\n<ul class=\"wp-block-list\">\n<li>Tests\u00falykezel\u00e9s \u00e9s termogenikumok: A K+F csapatok strat\u00e9giailag haszn\u00e1lj\u00e1k alapvet\u0151 akt\u00edv \u00f6sszetev\u0151k\u00e9nt pr\u00e9mium zs\u00edr\u00e9get\u0151kben. T\u00f6k\u00e9letesen szinergiz\u00e1l olyan aminosavakkal, mint az <a href=\"https:\/\/nutripartners.co\/hu\/product-supplier\/l-alanin\">L-alanin<\/a>, hogy maximaliz\u00e1lja a sejtes anyagcser\u00e9t. <\/li>\n\n\n\n<li>Tiszta energia RTD-k: A gy\u00e1rt\u00f3k er\u0151sen t\u00e1maszkodnak r\u00e1 modern energiaitalok formul\u00e1l\u00e1s\u00e1hoz, tart\u00f3s ment\u00e1lis \u00e9bers\u00e9get biztos\u00edtva a szintetikus koffeinnel t\u00e1rs\u00edtott s\u00falyos fiziol\u00f3giai \u00f6sszeoml\u00e1s n\u00e9lk\u00fcl.<\/li>\n\n\n\n<li>Nootropikumok &amp; kognit\u00edv t\u00e1mogat\u00e1s: Mivel term\u00e9szetesen tartalmaz L-theanint, el\u0151seg\u00edti a \u201enyugodt f\u00f3kusz\u201d \u00e1llapot\u00e1t, amely rendk\u00edv\u00fcl k\u00edv\u00e1natos a pr\u00e9mium agyeg\u00e9szs\u00e9g\u00fcgyi kapszul\u00e1kban.<\/li>\n\n\n\n<li>Nutrikozmetikumok: Hatalmas szabadgy\u00f6k-gy\u0171jt\u0151k\u00e9nt szolg\u00e1l, akt\u00edvan v\u00e9dve a b\u0151r rugalmass\u00e1g\u00e1t az UV-induk\u00e1lt oxidat\u00edv stresszt\u0151l sz\u00e9ps\u00e9gkieg\u00e9sz\u00edt\u0151kben.<\/li>\n<\/ul>\n\n<h2 class=\"wp-block-heading\" id=\"h-technical-description-green-tea-extract-wholesale\">M\u0171szaki le\u00edr\u00e1s: Z\u00f6ld tea kivonat nagykereskedelem<\/h2>\n\n<p>Technol\u00f3giailag a gy\u00e1rt\u00f3k ezt a pr\u00e9mium vegy\u00fcletet frissen betakar\u00edtott Camellia sinensis levelek gyors g\u0151z\u00f6l\u00e9s\u00e9vel vagy serpeny\u0151ben val\u00f3 pir\u00edt\u00e1s\u00e1val \u00e1ll\u00edtj\u00e1k el\u0151. Ez az azonnali h\u0151sokk v\u00e9glegesen inaktiv\u00e1lja a polifenol-oxid\u00e1z enzimet, teljesen megakad\u00e1lyozva a ferment\u00e1ci\u00f3t \u00e9s t\u00f6k\u00e9letesen meg\u0151rizve a finom z\u00f6ld katekineket. Ezut\u00e1n a levelek prec\u00edz hidroetanolos extrakci\u00f3nak vetik al\u00e1, \u00e9s a kapott folyad\u00e9kot gondosan porlasztva sz\u00e1r\u00edtj\u00e1k finom, rendk\u00edv\u00fcl stabil, vil\u00e1gosbarn\u00e1t\u00f3l z\u00f6ldesig terjed\u0151 porr\u00e1.   <a href=\"https:\/\/www.efsa.europa.eu\/\">Olvassa el b\u0151vebben az EFSA ir\u00e1nyelveit a z\u00f6ld tea katekinekr\u0151l.<\/a><\/p>\n\n<p>\u00c9lelmiszertechnol\u00f3gusok sz\u00e1m\u00e1ra els\u0151dleges ipari el\u0151nye a m\u00e9lyrehat\u00f3 metabolikus hat\u00e1smechanizmus\u00e1ban rejlik. Azonban a formul\u00e1l\u00f3k jelent\u0151s \u00e9rz\u00e9kszervi kih\u00edv\u00e1sokkal szembes\u00fclnek. Mivel az akt\u00edv tanninok \u00e9s katekinek rendk\u00edv\u00fcl fanyar, term\u00e9szetesen keser\u0171 \u00edzprofillal rendelkeznek, a technol\u00f3gusoknak akt\u00edvan er\u0151teljes maszkol\u00f3 szereket kell alkalmazniuk nagy d\u00f3zis\u00fa foly\u00e9kony alkalmaz\u00e1sok tervez\u00e9sekor. Tov\u00e1bb\u00e1, ha tiszta funkcion\u00e1lis vizeket formul\u00e1l, kifejezetten k\u00e9rnie kell er\u0151sen v\u00edzold\u00e9kony min\u0151s\u00e9geinket, hogy elker\u00fclje a nemk\u00edv\u00e1natos zavaross\u00e1got \u00e9s \u00fcled\u00e9kk\u00e9pz\u0151d\u00e9st a v\u00e9gs\u0151 palackban.   <\/p>\n\n<h2 class=\"wp-block-heading\" id=\"h-packaging-amp-logistics\">Csomagol\u00e1s \u00e9s logisztika<\/h2>\n\n<p>Er\u0151sen optimaliz\u00e1lt logisztik\u00e1n kereszt\u00fcl biztos\u00edtjuk ell\u00e1t\u00e1si l\u00e1nc\u00e1t. Fontos, hogy minden sz\u00e1ll\u00edtm\u00e1ny botanikai \u00e9s szab\u00e1lyoz\u00e1si integrit\u00e1s\u00e1t garant\u00e1ljuk, lehet\u0151v\u00e9 t\u00e9ve a pr\u00e9mium nyersanyagk\u00f6lts\u00e9gek hat\u00e9kony kezel\u00e9s\u00e9t: <\/p>\n\n<ul class=\"wp-block-list\">\n<li>Csomagol\u00e1s: A term\u00e9ket biztons\u00e1gosan csomagoljuk robusztus 25 kg-os sz\u00e1lashord\u00f3kba vagy t\u00f6bbr\u00e9teg\u0171 kartonokba dupla nedvess\u00e9g\u00e1ll\u00f3 PE bels\u0151 b\u00e9l\u00e9sekkel.<\/li>\n\n\n\n<li>T\u00e1rol\u00e1s: Ezt a higroszk\u00f3pos \u00e9s f\u00e9ny\u00e9rz\u00e9keny botanikai port szorosan z\u00e1rt ed\u00e9nyben, h\u0171v\u00f6s, sz\u00e1raz \u00e9s s\u00f6t\u00e9t rakt\u00e1rban kell t\u00e1rolnia. A megfelel\u0151 t\u00e1rol\u00e1s k\u00f6nnyen 24-36 h\u00f3napos eltarthat\u00f3s\u00e1got eredm\u00e9nyez. <\/li>\n\n\n\n<li>Forgalmaz\u00e1s: Raklapozott rendel\u00e9seket sz\u00e1ll\u00edtunk glob\u00e1lisan. Fontos, hogy szabv\u00e1nyos sz\u00e1raz kont\u00e9nerek elegend\u0151ek, ami jelent\u0151sen optimaliz\u00e1lja sz\u00e1ll\u00edt\u00e1si k\u00f6lts\u00e9geit. <\/li>\n\n\n\n<li>Dokument\u00e1ci\u00f3: Azonnal biztos\u00edtjuk a COA-t, pontos EGCG\/koffein standardiz\u00e1l\u00e1si specifik\u00e1ci\u00f3kat (HPLC-vel), neh\u00e9zf\u00e9m-vizsg\u00e1latot \u00e9s formul\u00e1ci\u00f3s mint\u00e1kat QA oszt\u00e1lya sz\u00e1m\u00e1ra.<\/li>\n<\/ul>\n\n<p><\/p>\n","protected":false},"excerpt":{"rendered":"<p>Pr\u00e9mium standardiz\u00e1lt z\u00f6ld tea kivonat nagykereskedelem fejlett anyagcsere- \u00e9s energiaformul\u00e1khoz. Rendk\u00edv\u00fcl er\u0151s, EGCG-ben gazdag botanikai, szigor\u00faan optimaliz\u00e1lva biztons\u00e1gos, tiszta c\u00edmk\u00e9s B2B gy\u00e1rt\u00e1shoz. <\/p>\n","protected":false},"featured_media":0,"template":"","product-category":[148,149],"class_list":["post-5078","product","type-product","status-publish","hentry","product-category-novenyi-alapu","product-category-novenyi-kivonatok"],"acf":[],"yoast_head":"<!-- This site is optimized with the Yoast SEO Premium plugin v25.0 (Yoast SEO v26.6) - https:\/\/yoast.com\/wordpress\/plugins\/seo\/ -->\n<title>Z\u00f6ld Tea Kivonat Nagykereskedelem | EGCG | Nutri Partners<\/title>\n<meta name=\"description\" content=\"Megb\u00edzhat\u00f3 z\u00f6ld tea kivonat nagykereskedelmi besz\u00e1ll\u00edt\u00f3t keres? A Nutri Partners pr\u00e9mium \u00f6mlesztett standardiz\u00e1lt EGCG botanikai kivonatokat k\u00edn\u00e1l az anyagcsere \u00e9s energia t\u00e1mogat\u00e1s\u00e1ra.\" \/>\n<meta name=\"robots\" content=\"index, follow, max-snippet:-1, max-image-preview:large, max-video-preview:-1\" \/>\n<link rel=\"canonical\" href=\"https:\/\/nutripartners.co\/hu\/product-supplier\/zold-tea-kivonat\" \/>\n<meta property=\"og:locale\" content=\"hu_HU\" \/>\n<meta property=\"og:type\" content=\"article\" \/>\n<meta property=\"og:title\" content=\"Z\u00f6ld Tea Kivonat\" \/>\n<meta property=\"og:description\" content=\"Megb\u00edzhat\u00f3 z\u00f6ld tea kivonat nagykereskedelmi besz\u00e1ll\u00edt\u00f3t keres? A Nutri Partners pr\u00e9mium \u00f6mlesztett standardiz\u00e1lt EGCG botanikai kivonatokat k\u00edn\u00e1l az anyagcsere \u00e9s energia t\u00e1mogat\u00e1s\u00e1ra.\" \/>\n<meta property=\"og:url\" content=\"https:\/\/nutripartners.co\/hu\/product-supplier\/zold-tea-kivonat\" \/>\n<meta property=\"og:site_name\" content=\"Nutri Partners\" \/>\n<meta property=\"article:modified_time\" content=\"2026-04-23T07:18:19+00:00\" \/>\n<meta property=\"og:image\" content=\"https:\/\/nutripartners.co\/wp-content\/uploads\/2025\/03\/ogimage.webp\" \/>\n\t<meta property=\"og:image:width\" content=\"1200\" \/>\n\t<meta property=\"og:image:height\" content=\"600\" \/>\n\t<meta property=\"og:image:type\" content=\"image\/webp\" \/>\n<meta name=\"twitter:card\" content=\"summary_large_image\" \/>\n<meta name=\"twitter:label1\" content=\"Becs\u00fclt olvas\u00e1si id\u0151\" \/>\n\t<meta name=\"twitter:data1\" content=\"5 perc\" \/>\n<script type=\"application\/ld+json\" class=\"yoast-schema-graph\">{\"@context\":\"https:\/\/schema.org\",\"@graph\":[{\"@type\":\"WebPage\",\"@id\":\"https:\/\/nutripartners.co\/hu\/product-supplier\/zold-tea-kivonat\",\"url\":\"https:\/\/nutripartners.co\/hu\/product-supplier\/zold-tea-kivonat\",\"name\":\"Z\u00f6ld Tea Kivonat Nagykereskedelem | EGCG | Nutri Partners\",\"isPartOf\":{\"@id\":\"https:\/\/nutripartners.co\/hu#website\"},\"datePublished\":\"2026-04-23T07:04:49+00:00\",\"dateModified\":\"2026-04-23T07:18:19+00:00\",\"description\":\"Megb\u00edzhat\u00f3 z\u00f6ld tea kivonat nagykereskedelmi besz\u00e1ll\u00edt\u00f3t keres? A Nutri Partners pr\u00e9mium \u00f6mlesztett standardiz\u00e1lt EGCG botanikai kivonatokat k\u00edn\u00e1l az anyagcsere \u00e9s energia t\u00e1mogat\u00e1s\u00e1ra.\",\"breadcrumb\":{\"@id\":\"https:\/\/nutripartners.co\/hu\/product-supplier\/zold-tea-kivonat#breadcrumb\"},\"inLanguage\":\"hu\",\"potentialAction\":[{\"@type\":\"ReadAction\",\"target\":[\"https:\/\/nutripartners.co\/hu\/product-supplier\/zold-tea-kivonat\"]}]},{\"@type\":\"BreadcrumbList\",\"@id\":\"https:\/\/nutripartners.co\/hu\/product-supplier\/zold-tea-kivonat#breadcrumb\",\"itemListElement\":[{\"@type\":\"ListItem\",\"position\":1,\"name\":\"Home\",\"item\":\"https:\/\/nutripartners.co\/hu\"},{\"@type\":\"ListItem\",\"position\":2,\"name\":\"Products\",\"item\":\"https:\/\/nutripartners.co\/hu\/product-category\"},{\"@type\":\"ListItem\",\"position\":3,\"name\":\"Z\u00f6ld Tea Kivonat\"}]},{\"@type\":\"WebSite\",\"@id\":\"https:\/\/nutripartners.co\/hu#website\",\"url\":\"https:\/\/nutripartners.co\/hu\",\"name\":\"Nutri Partners\",\"description\":\"Raw materials distributor\",\"publisher\":{\"@id\":\"https:\/\/nutripartners.co\/hu#organization\"},\"potentialAction\":[{\"@type\":\"SearchAction\",\"target\":{\"@type\":\"EntryPoint\",\"urlTemplate\":\"https:\/\/nutripartners.co\/hu?s={search_term_string}\"},\"query-input\":{\"@type\":\"PropertyValueSpecification\",\"valueRequired\":true,\"valueName\":\"search_term_string\"}}],\"inLanguage\":\"hu\"},{\"@type\":\"Organization\",\"@id\":\"https:\/\/nutripartners.co\/hu#organization\",\"name\":\"Nutri Partners\",\"url\":\"https:\/\/nutripartners.co\/hu\",\"logo\":{\"@type\":\"ImageObject\",\"inLanguage\":\"hu\",\"@id\":\"https:\/\/nutripartners.co\/hu#\/schema\/logo\/image\/\",\"url\":\"https:\/\/nutripartners.co\/wp-content\/uploads\/2025\/03\/logo-light.svg\",\"contentUrl\":\"https:\/\/nutripartners.co\/wp-content\/uploads\/2025\/03\/logo-light.svg\",\"width\":1,\"height\":1,\"caption\":\"Nutri Partners\"},\"image\":{\"@id\":\"https:\/\/nutripartners.co\/hu#\/schema\/logo\/image\/\"},\"sameAs\":[\"https:\/\/www.instagram.com\/_nutripartners_\/\",\"https:\/\/www.linkedin.com\/company\/106882083\"]}]}<\/script>\n<!-- \/ Yoast SEO Premium plugin. -->","yoast_head_json":{"title":"Z\u00f6ld Tea Kivonat Nagykereskedelem | EGCG | Nutri Partners","description":"Megb\u00edzhat\u00f3 z\u00f6ld tea kivonat nagykereskedelmi besz\u00e1ll\u00edt\u00f3t keres? A Nutri Partners pr\u00e9mium \u00f6mlesztett standardiz\u00e1lt EGCG botanikai kivonatokat k\u00edn\u00e1l az anyagcsere \u00e9s energia t\u00e1mogat\u00e1s\u00e1ra.","robots":{"index":"index","follow":"follow","max-snippet":"max-snippet:-1","max-image-preview":"max-image-preview:large","max-video-preview":"max-video-preview:-1"},"canonical":"https:\/\/nutripartners.co\/hu\/product-supplier\/zold-tea-kivonat","og_locale":"hu_HU","og_type":"article","og_title":"Z\u00f6ld Tea Kivonat","og_description":"Megb\u00edzhat\u00f3 z\u00f6ld tea kivonat nagykereskedelmi besz\u00e1ll\u00edt\u00f3t keres? A Nutri Partners pr\u00e9mium \u00f6mlesztett standardiz\u00e1lt EGCG botanikai kivonatokat k\u00edn\u00e1l az anyagcsere \u00e9s energia t\u00e1mogat\u00e1s\u00e1ra.","og_url":"https:\/\/nutripartners.co\/hu\/product-supplier\/zold-tea-kivonat","og_site_name":"Nutri Partners","article_modified_time":"2026-04-23T07:18:19+00:00","og_image":[{"width":1200,"height":600,"url":"https:\/\/nutripartners.co\/wp-content\/uploads\/2025\/03\/ogimage.webp","type":"image\/webp"}],"twitter_card":"summary_large_image","twitter_misc":{"Becs\u00fclt olvas\u00e1si id\u0151":"5 perc"},"schema":{"@context":"https:\/\/schema.org","@graph":[{"@type":"WebPage","@id":"https:\/\/nutripartners.co\/hu\/product-supplier\/zold-tea-kivonat","url":"https:\/\/nutripartners.co\/hu\/product-supplier\/zold-tea-kivonat","name":"Z\u00f6ld Tea Kivonat Nagykereskedelem | EGCG | Nutri Partners","isPartOf":{"@id":"https:\/\/nutripartners.co\/hu#website"},"datePublished":"2026-04-23T07:04:49+00:00","dateModified":"2026-04-23T07:18:19+00:00","description":"Megb\u00edzhat\u00f3 z\u00f6ld tea kivonat nagykereskedelmi besz\u00e1ll\u00edt\u00f3t keres? A Nutri Partners pr\u00e9mium \u00f6mlesztett standardiz\u00e1lt EGCG botanikai kivonatokat k\u00edn\u00e1l az anyagcsere \u00e9s energia t\u00e1mogat\u00e1s\u00e1ra.","breadcrumb":{"@id":"https:\/\/nutripartners.co\/hu\/product-supplier\/zold-tea-kivonat#breadcrumb"},"inLanguage":"hu","potentialAction":[{"@type":"ReadAction","target":["https:\/\/nutripartners.co\/hu\/product-supplier\/zold-tea-kivonat"]}]},{"@type":"BreadcrumbList","@id":"https:\/\/nutripartners.co\/hu\/product-supplier\/zold-tea-kivonat#breadcrumb","itemListElement":[{"@type":"ListItem","position":1,"name":"Home","item":"https:\/\/nutripartners.co\/hu"},{"@type":"ListItem","position":2,"name":"Products","item":"https:\/\/nutripartners.co\/hu\/product-category"},{"@type":"ListItem","position":3,"name":"Z\u00f6ld Tea Kivonat"}]},{"@type":"WebSite","@id":"https:\/\/nutripartners.co\/hu#website","url":"https:\/\/nutripartners.co\/hu","name":"Nutri Partners","description":"Raw materials distributor","publisher":{"@id":"https:\/\/nutripartners.co\/hu#organization"},"potentialAction":[{"@type":"SearchAction","target":{"@type":"EntryPoint","urlTemplate":"https:\/\/nutripartners.co\/hu?s={search_term_string}"},"query-input":{"@type":"PropertyValueSpecification","valueRequired":true,"valueName":"search_term_string"}}],"inLanguage":"hu"},{"@type":"Organization","@id":"https:\/\/nutripartners.co\/hu#organization","name":"Nutri Partners","url":"https:\/\/nutripartners.co\/hu","logo":{"@type":"ImageObject","inLanguage":"hu","@id":"https:\/\/nutripartners.co\/hu#\/schema\/logo\/image\/","url":"https:\/\/nutripartners.co\/wp-content\/uploads\/2025\/03\/logo-light.svg","contentUrl":"https:\/\/nutripartners.co\/wp-content\/uploads\/2025\/03\/logo-light.svg","width":1,"height":1,"caption":"Nutri Partners"},"image":{"@id":"https:\/\/nutripartners.co\/hu#\/schema\/logo\/image\/"},"sameAs":["https:\/\/www.instagram.com\/_nutripartners_\/","https:\/\/www.linkedin.com\/company\/106882083"]}]}},"_links":{"self":[{"href":"https:\/\/nutripartners.co\/hu\/wp-json\/wp\/v2\/product\/5078","targetHints":{"allow":["GET"]}}],"collection":[{"href":"https:\/\/nutripartners.co\/hu\/wp-json\/wp\/v2\/product"}],"about":[{"href":"https:\/\/nutripartners.co\/hu\/wp-json\/wp\/v2\/types\/product"}],"wp:attachment":[{"href":"https:\/\/nutripartners.co\/hu\/wp-json\/wp\/v2\/media?parent=5078"}],"wp:term":[{"taxonomy":"product-category","embeddable":true,"href":"https:\/\/nutripartners.co\/hu\/wp-json\/wp\/v2\/product-category?post=5078"}],"curies":[{"name":"wp","href":"https:\/\/api.w.org\/{rel}","templated":true}]}}