{"id":5087,"date":"2026-04-23T09:07:12","date_gmt":"2026-04-23T07:07:12","guid":{"rendered":"https:\/\/nutripartners.co\/product-supplier\/ginseng-kivonat"},"modified":"2026-04-23T09:22:16","modified_gmt":"2026-04-23T07:22:16","slug":"ginseng-kivonat","status":"publish","type":"product","link":"https:\/\/nutripartners.co\/hu\/product-supplier\/ginseng-kivonat","title":{"rendered":"Ginseng kivonat"},"content":{"rendered":"\n<p>A Nutri Partners nagy tisztas\u00e1g\u00fa Ginseng kivonatot sz\u00e1ll\u00edt nagykereskedelemben glob\u00e1lis nutraceutikai \u00e9s funkcion\u00e1lis italgy\u00e1rt\u00f3knak. K\u00f6vetkez\u00e9sk\u00e9ppen a Panax ginseng gy\u00f6k\u00e9rb\u0151l sz\u00e1rmaz\u00f3 v\u00e9gs\u0151, tudom\u00e1nyosan valid\u00e1lt botanikai adaptog\u00e9nt biztos\u00edtjuk. Az ipar\u00e1gi vezet\u0151k sz\u00e9les k\u00f6rben haszn\u00e1lj\u00e1k ezt az elit, ginzenozidban gazdag \u00f6sszetev\u0151t a kognit\u00edv f\u00f3kusz akt\u00edv jav\u00edt\u00e1s\u00e1ra, a m\u00e9ly fizikai f\u00e1radts\u00e1g lek\u00fczd\u00e9s\u00e9re \u00e9s rendk\u00edv\u00fcl hat\u00e9kony immunrendszer-t\u00e1mogat\u00f3 m\u00e1trixok formul\u00e1l\u00e1s\u00e1ra.  \n\n<\/p>\n\n<h2 class=\"wp-block-heading\" id=\"h-key-features-of-our-bulk-botanical-extract\">\u00d6mlesztett botanikai kivonatunk f\u0151bb jellemz\u0151i<\/h2>\n\n<p>\n\nA szigor\u00faan standardiz\u00e1lt botanikai kiv\u00e1laszt\u00e1sa teljesen meghat\u00e1rozza pr\u00e9mium c\u00edmke\u00e1ll\u00edt\u00e1sainak siker\u00e9t. Ez\u00e9rt \u00f6mlesztett Ginseng kivonatunk sz\u00e1mos kritikus formul\u00e1ci\u00f3s el\u0151nyt ny\u00fajt: \n\n<\/p>\n\n<ul class=\"wp-block-list\">\n<li><strong>Prec\u00edz standardiz\u00e1l\u00e1s:<\/strong> Kivonatainkat szigor\u00faan standardiz\u00e1ljuk az akt\u00edv ginzenozidok pontos sz\u00e1zal\u00e9k\u00e1ra (pl. 5%, 10% vagy 80%), garant\u00e1lva az abszol\u00fat t\u00e9tel-t\u00e9teles klinikai konzisztenci\u00e1t.<\/li>\n\n\n\n<li><strong>Pr\u00e9mium gy\u00f6k\u00e9r beszerz\u00e9s:<\/strong> \u00c9rett gy\u00f6kereket haszn\u00e1lunk (jellemz\u0151en 4-6 \u00e9ves kor\u00faakat) a bioakt\u00edv fitokemik\u00e1li\u00e1k maxim\u00e1lis koncentr\u00e1ci\u00f3j\u00e1nak biztos\u00edt\u00e1sa \u00e9rdek\u00e9ben.<\/li>\n\n\n\n<li><strong>Kiv\u00e9teles oldhat\u00f3s\u00e1g:<\/strong> A rendk\u00edv\u00fcl finom\u00edtott, porlasztva sz\u00e1r\u00edtott por z\u00f6kken\u0151mentesen old\u00f3dik vizes oldatokban, \u00edgy szigor\u00faan ide\u00e1lis tiszta energia shotokhoz.<\/li>\n\n\n\n<li><strong>Tiszta c\u00edmke st\u00e1tusz:<\/strong> Tov\u00e1bb\u00e1 teljesen GMO-mentes, 100%-ban n\u00f6v\u00e9nyi alap\u00fa, veg\u00e1n, halal \u00e9s k\u00f3ser tan\u00fas\u00edtv\u00e1nnyal rendelkezik.<\/li>\n<\/ul>\n\n<h2 class=\"wp-block-heading\" id=\"h-main-industry-applications\">F\u0151 ipari alkalmaz\u00e1sok<\/h2>\n\n<p>\n\nA Ginseng kivonat abszol\u00fat pr\u00e9mium pozicion\u00e1l\u00e1st biztos\u00edt k\u00fcl\u00f6nb\u00f6z\u0151 ig\u00e9nyes piaci szektorokban. Ennek eredm\u00e9nyek\u00e9nt tov\u00e1bbra is a legjobb v\u00e1laszt\u00e1s marad a v\u00e1ltozatos B2B formul\u00e1ci\u00f3khoz: \n\n<\/p>\n\n<ul class=\"wp-block-list\">\n<li><strong>Energiaitalok \u00e9s RTD-k:<\/strong> A K+F csapatok strat\u00e9giailag haszn\u00e1lj\u00e1k alapvet\u0151 botanikaik\u00e9nt pr\u00e9mium energiaitalokban, tart\u00f3s vitalit\u00e1st biztos\u00edtva ideges remeg\u00e9s n\u00e9lk\u00fcl.<\/li>\n\n\n\n<li><strong>Nootropikumok \u00e9s kognit\u00edv t\u00e1mogat\u00e1s:<\/strong> A gy\u00e1rt\u00f3k nagym\u00e9rt\u00e9kben t\u00e1maszkodnak r\u00e1 fejlett agyi eg\u00e9szs\u00e9g kapszul\u00e1k formul\u00e1l\u00e1s\u00e1hoz, akt\u00edvan t\u00e1mogatva a mem\u00f3ria meg\u0151rz\u00e9s\u00e9t \u00e9s az intenz\u00edv f\u00f3kuszt.<\/li>\n\n\n\n<li><strong>Immunit\u00e1s \u00e9s akt\u00edv \u00f6reged\u00e9s:<\/strong> Er\u0151teljes immunmodul\u00e1tork\u00e9nt szolg\u00e1l a hossz\u00fa \u00e9lettartam kieg\u00e9sz\u00edt\u0151kben. T\u00f6k\u00e9letesen p\u00e1rosul a <a href=\"https:\/\/nutripartners.co\/hu\/product-supplier\/natrium-aszkorbat\">C-vitaminnal, mint a n\u00e1trium-aszkorb\u00e1t<\/a> az \u00e1tfog\u00f3 immunv\u00e9delemhez. <\/li>\n\n\n\n<li><strong>Sportt\u00e1pl\u00e1lkoz\u00e1s:<\/strong> Z\u00f6kken\u0151mentesen integr\u00e1l\u00f3dik az \u00e1ll\u00f3k\u00e9pess\u00e9g formul\u00e1kba, hogy drasztikusan jav\u00edtsa a sejtes oxig\u00e9nfelhaszn\u00e1l\u00e1st intenz\u00edv atl\u00e9tikai teljes\u00edtm\u00e9ny sor\u00e1n.<\/li>\n<\/ul>\n\n<h2 class=\"wp-block-heading\" id=\"h-technical-description-ginseng-extract-wholesale\">M\u0171szaki le\u00edr\u00e1s: Ginseng kivonat nagyker<\/h2>\n\n<p>\n\nTechnol\u00f3giailag a gy\u00e1rt\u00f3k ezt a pr\u00e9mium vegy\u00fcletet szigor\u00faan ellen\u0151rz\u00f6tt, t\u00f6bbl\u00e9pcs\u0151s hidroetanolos extrakci\u00f3s elj\u00e1r\u00e1ssal \u00e1ll\u00edtj\u00e1k el\u0151. Gondosan betakar\u00edtj\u00e1k az \u00e9rett Panax ginseng gy\u00f6kereket, finoman sz\u00e1r\u00edtj\u00e1k, \u00e9s pontosan kivonj\u00e1k a bioakt\u00edv ginzenozid m\u00e1trixot (bele\u00e9rtve a kulcsfontoss\u00e1g\u00fa Rb1 \u00e9s Rg1 frakci\u00f3kat). A kapott koncentr\u00e1lt folyad\u00e9kot gondosan porlasztva sz\u00e1r\u00edtj\u00e1k finom, rendk\u00edv\u00fcl stabil, vil\u00e1goss\u00e1rg\u00e1t\u00f3l barn\u00e1ig terjed\u0151 porr\u00e1.   <a href=\"https:\/\/www.ncbi.nlm.nih.gov\/pmc\/articles\/PMC3659612\/\" target=\"_blank\" rel=\"noopener noreferrer\">Olvassa el a Panax Ginseng klinikai vizsg\u00e1latair\u00f3l<\/a>\n\n\u00c9lelmiszertechnol\u00f3gusok sz\u00e1m\u00e1ra els\u0151dleges ipari el\u0151nye a m\u00e9lyrehat\u00f3 h\u0151stabilit\u00e1s\u00e1ban rejlik. Mivel az akt\u00edv ginzenozidok rendk\u00edv\u00fcl ellen\u00e1ll\u00f3ak, a technol\u00f3gusok biztons\u00e1gosan vethetik al\u00e1 a kivonatot magas h\u0151m\u00e9rs\u00e9klet\u0171 paszt\u00f6riz\u00e1l\u00e1snak vagy UHT elj\u00e1r\u00e1soknak a klinikai hat\u00e9konys\u00e1g roml\u00e1sa n\u00e9lk\u00fcl. Azonban mivel a tiszta ginzenozidok term\u00e9szetesen keser\u0171, gy\u00f3gy\u00e1szati \u00edzprofillal rendelkeznek, a formul\u00e1l\u00f3knak akt\u00edvan robusztus \u00edzmaszk\u00edroz\u00f3 rendszereket kell alkalmazniuk (mint citrus vagy bogy\u00f3s profilok) nagy d\u00f3zis\u00fa foly\u00e9kony alkalmaz\u00e1sok tervez\u00e9sekor.  \n\n<\/p>\n\n<h2 class=\"wp-block-heading\" id=\"h-packaging-amp-logistics\">Csomagol\u00e1s \u00e9s logisztika<\/h2>\n\n<p>\n\nOptimaliz\u00e1lt logisztik\u00e1val biztos\u00edtjuk ell\u00e1t\u00e1si l\u00e1nc\u00e1t. Fontos, hogy garant\u00e1ljuk minden sz\u00e1ll\u00edt\u00e1s botanikai integrit\u00e1s\u00e1t, lehet\u0151v\u00e9 t\u00e9ve a pr\u00e9mium nyersanyagk\u00f6lts\u00e9gek hat\u00e9kony kezel\u00e9s\u00e9t: \n\n<\/p>\n\n<ul class=\"wp-block-list\">\n<li><strong>Csomagol\u00e1s:<\/strong> A term\u00e9ket biztons\u00e1gosan csomagoljuk robusztus 25 kg-os sz\u00e1ldobozokba dupla nedvess\u00e9g\u00e1ll\u00f3 PE bels\u0151 b\u00e9l\u00e9ssel.<\/li>\n\n\n\n<li><strong>T\u00e1rol\u00e1s:<\/strong> Ezt a higroszk\u00f3pos botanikai port szorosan z\u00e1rt ed\u00e9nyben, h\u0171v\u00f6s, sz\u00e1raz \u00e9s s\u00f6t\u00e9t rakt\u00e1rban kell t\u00e1rolni. A megfelel\u0151 t\u00e1rol\u00e1s k\u00f6nnyen 24-36 h\u00f3napos eltarthat\u00f3s\u00e1got eredm\u00e9nyez. <\/li>\n\n\n\n<li><strong>Forgalmaz\u00e1s:<\/strong> Raklapozott rendel\u00e9seket sz\u00e1ll\u00edtunk glob\u00e1lisan. Fontos, hogy standard sz\u00e1raz kont\u00e9nerek elegend\u0151ek, ami jelent\u0151sen optimaliz\u00e1lja fuvark\u00f6lts\u00e9geit. <\/li>\n\n\n\n<li><strong>Dokument\u00e1ci\u00f3:<\/strong> Azonnal biztos\u00edtjuk a COA-t, ginzenozid standardiz\u00e1l\u00e1si specifik\u00e1ci\u00f3kat (HPLC-n kereszt\u00fcl), neh\u00e9zf\u00e9m-tesztel\u00e9st \u00e9s formul\u00e1ci\u00f3s mint\u00e1kat a min\u0151s\u00e9gbiztos\u00edt\u00e1si oszt\u00e1lya sz\u00e1m\u00e1ra.<\/li>\n<\/ul>\n","protected":false},"excerpt":{"rendered":"<p>Pr\u00e9mium standardiz\u00e1lt Ginseng kivonat nagyker fejlett kognit\u00edv \u00e9s fizikai vitalit\u00e1shoz. Er\u0151teljes, ginzenozidban gazdag adaptog\u00e9n, szigor\u00faan optimaliz\u00e1lva nootropikumokhoz \u00e9s pr\u00e9mium funkcion\u00e1lis italokhoz. <\/p>\n","protected":false},"featured_media":0,"template":"","product-category":[148,149],"class_list":["post-5087","product","type-product","status-publish","hentry","product-category-novenyi-alapu","product-category-novenyi-kivonatok"],"acf":[],"yoast_head":"<!-- This site is optimized with the Yoast SEO Premium plugin v25.0 (Yoast SEO v26.6) - https:\/\/yoast.com\/wordpress\/plugins\/seo\/ -->\n<title>Ginseng kivonat nagyker | Panax Ginseng | Nutri Partners<\/title>\n<meta name=\"description\" content=\"Megb\u00edzhat\u00f3 Ginseng kivonat nagykereskedelmi besz\u00e1ll\u00edt\u00f3t keres? A Nutri Partners pr\u00e9mium min\u0151s\u00e9g\u0171, \u00f6mlesztett, standardiz\u00e1lt Panax Ginsenget k\u00edn\u00e1l nootropikumokhoz \u00e9s energiaitalokhoz.\" \/>\n<meta name=\"robots\" content=\"index, follow, max-snippet:-1, max-image-preview:large, max-video-preview:-1\" \/>\n<link rel=\"canonical\" href=\"https:\/\/nutripartners.co\/hu\/product-supplier\/ginseng-kivonat\" \/>\n<meta property=\"og:locale\" content=\"hu_HU\" \/>\n<meta property=\"og:type\" content=\"article\" \/>\n<meta property=\"og:title\" content=\"Ginseng kivonat\" \/>\n<meta property=\"og:description\" content=\"Megb\u00edzhat\u00f3 Ginseng kivonat nagykereskedelmi besz\u00e1ll\u00edt\u00f3t keres? A Nutri Partners pr\u00e9mium min\u0151s\u00e9g\u0171, \u00f6mlesztett, standardiz\u00e1lt Panax Ginsenget k\u00edn\u00e1l nootropikumokhoz \u00e9s energiaitalokhoz.\" \/>\n<meta property=\"og:url\" content=\"https:\/\/nutripartners.co\/hu\/product-supplier\/ginseng-kivonat\" \/>\n<meta property=\"og:site_name\" content=\"Nutri Partners\" \/>\n<meta property=\"article:modified_time\" content=\"2026-04-23T07:22:16+00:00\" \/>\n<meta property=\"og:image\" content=\"https:\/\/nutripartners.co\/wp-content\/uploads\/2025\/03\/ogimage.webp\" \/>\n\t<meta property=\"og:image:width\" content=\"1200\" \/>\n\t<meta property=\"og:image:height\" content=\"600\" \/>\n\t<meta property=\"og:image:type\" content=\"image\/webp\" \/>\n<meta name=\"twitter:card\" content=\"summary_large_image\" \/>\n<meta name=\"twitter:label1\" content=\"Becs\u00fclt olvas\u00e1si id\u0151\" \/>\n\t<meta name=\"twitter:data1\" content=\"4 perc\" \/>\n<script type=\"application\/ld+json\" class=\"yoast-schema-graph\">{\"@context\":\"https:\/\/schema.org\",\"@graph\":[{\"@type\":\"WebPage\",\"@id\":\"https:\/\/nutripartners.co\/hu\/product-supplier\/ginseng-kivonat\",\"url\":\"https:\/\/nutripartners.co\/hu\/product-supplier\/ginseng-kivonat\",\"name\":\"Ginseng kivonat nagyker | Panax Ginseng | Nutri Partners\",\"isPartOf\":{\"@id\":\"https:\/\/nutripartners.co\/hu#website\"},\"datePublished\":\"2026-04-23T07:07:12+00:00\",\"dateModified\":\"2026-04-23T07:22:16+00:00\",\"description\":\"Megb\u00edzhat\u00f3 Ginseng kivonat nagykereskedelmi besz\u00e1ll\u00edt\u00f3t keres? A Nutri Partners pr\u00e9mium min\u0151s\u00e9g\u0171, \u00f6mlesztett, standardiz\u00e1lt Panax Ginsenget k\u00edn\u00e1l nootropikumokhoz \u00e9s energiaitalokhoz.\",\"breadcrumb\":{\"@id\":\"https:\/\/nutripartners.co\/hu\/product-supplier\/ginseng-kivonat#breadcrumb\"},\"inLanguage\":\"hu\",\"potentialAction\":[{\"@type\":\"ReadAction\",\"target\":[\"https:\/\/nutripartners.co\/hu\/product-supplier\/ginseng-kivonat\"]}]},{\"@type\":\"BreadcrumbList\",\"@id\":\"https:\/\/nutripartners.co\/hu\/product-supplier\/ginseng-kivonat#breadcrumb\",\"itemListElement\":[{\"@type\":\"ListItem\",\"position\":1,\"name\":\"Home\",\"item\":\"https:\/\/nutripartners.co\/hu\"},{\"@type\":\"ListItem\",\"position\":2,\"name\":\"Products\",\"item\":\"https:\/\/nutripartners.co\/hu\/product-category\"},{\"@type\":\"ListItem\",\"position\":3,\"name\":\"Ginseng kivonat\"}]},{\"@type\":\"WebSite\",\"@id\":\"https:\/\/nutripartners.co\/hu#website\",\"url\":\"https:\/\/nutripartners.co\/hu\",\"name\":\"Nutri Partners\",\"description\":\"Raw materials distributor\",\"publisher\":{\"@id\":\"https:\/\/nutripartners.co\/hu#organization\"},\"potentialAction\":[{\"@type\":\"SearchAction\",\"target\":{\"@type\":\"EntryPoint\",\"urlTemplate\":\"https:\/\/nutripartners.co\/hu?s={search_term_string}\"},\"query-input\":{\"@type\":\"PropertyValueSpecification\",\"valueRequired\":true,\"valueName\":\"search_term_string\"}}],\"inLanguage\":\"hu\"},{\"@type\":\"Organization\",\"@id\":\"https:\/\/nutripartners.co\/hu#organization\",\"name\":\"Nutri Partners\",\"url\":\"https:\/\/nutripartners.co\/hu\",\"logo\":{\"@type\":\"ImageObject\",\"inLanguage\":\"hu\",\"@id\":\"https:\/\/nutripartners.co\/hu#\/schema\/logo\/image\/\",\"url\":\"https:\/\/nutripartners.co\/wp-content\/uploads\/2025\/03\/logo-light.svg\",\"contentUrl\":\"https:\/\/nutripartners.co\/wp-content\/uploads\/2025\/03\/logo-light.svg\",\"width\":1,\"height\":1,\"caption\":\"Nutri Partners\"},\"image\":{\"@id\":\"https:\/\/nutripartners.co\/hu#\/schema\/logo\/image\/\"},\"sameAs\":[\"https:\/\/www.instagram.com\/_nutripartners_\/\",\"https:\/\/www.linkedin.com\/company\/106882083\"]}]}<\/script>\n<!-- \/ Yoast SEO Premium plugin. -->","yoast_head_json":{"title":"Ginseng kivonat nagyker | Panax Ginseng | Nutri Partners","description":"Megb\u00edzhat\u00f3 Ginseng kivonat nagykereskedelmi besz\u00e1ll\u00edt\u00f3t keres? A Nutri Partners pr\u00e9mium min\u0151s\u00e9g\u0171, \u00f6mlesztett, standardiz\u00e1lt Panax Ginsenget k\u00edn\u00e1l nootropikumokhoz \u00e9s energiaitalokhoz.","robots":{"index":"index","follow":"follow","max-snippet":"max-snippet:-1","max-image-preview":"max-image-preview:large","max-video-preview":"max-video-preview:-1"},"canonical":"https:\/\/nutripartners.co\/hu\/product-supplier\/ginseng-kivonat","og_locale":"hu_HU","og_type":"article","og_title":"Ginseng kivonat","og_description":"Megb\u00edzhat\u00f3 Ginseng kivonat nagykereskedelmi besz\u00e1ll\u00edt\u00f3t keres? A Nutri Partners pr\u00e9mium min\u0151s\u00e9g\u0171, \u00f6mlesztett, standardiz\u00e1lt Panax Ginsenget k\u00edn\u00e1l nootropikumokhoz \u00e9s energiaitalokhoz.","og_url":"https:\/\/nutripartners.co\/hu\/product-supplier\/ginseng-kivonat","og_site_name":"Nutri Partners","article_modified_time":"2026-04-23T07:22:16+00:00","og_image":[{"width":1200,"height":600,"url":"https:\/\/nutripartners.co\/wp-content\/uploads\/2025\/03\/ogimage.webp","type":"image\/webp"}],"twitter_card":"summary_large_image","twitter_misc":{"Becs\u00fclt olvas\u00e1si id\u0151":"4 perc"},"schema":{"@context":"https:\/\/schema.org","@graph":[{"@type":"WebPage","@id":"https:\/\/nutripartners.co\/hu\/product-supplier\/ginseng-kivonat","url":"https:\/\/nutripartners.co\/hu\/product-supplier\/ginseng-kivonat","name":"Ginseng kivonat nagyker | Panax Ginseng | Nutri Partners","isPartOf":{"@id":"https:\/\/nutripartners.co\/hu#website"},"datePublished":"2026-04-23T07:07:12+00:00","dateModified":"2026-04-23T07:22:16+00:00","description":"Megb\u00edzhat\u00f3 Ginseng kivonat nagykereskedelmi besz\u00e1ll\u00edt\u00f3t keres? A Nutri Partners pr\u00e9mium min\u0151s\u00e9g\u0171, \u00f6mlesztett, standardiz\u00e1lt Panax Ginsenget k\u00edn\u00e1l nootropikumokhoz \u00e9s energiaitalokhoz.","breadcrumb":{"@id":"https:\/\/nutripartners.co\/hu\/product-supplier\/ginseng-kivonat#breadcrumb"},"inLanguage":"hu","potentialAction":[{"@type":"ReadAction","target":["https:\/\/nutripartners.co\/hu\/product-supplier\/ginseng-kivonat"]}]},{"@type":"BreadcrumbList","@id":"https:\/\/nutripartners.co\/hu\/product-supplier\/ginseng-kivonat#breadcrumb","itemListElement":[{"@type":"ListItem","position":1,"name":"Home","item":"https:\/\/nutripartners.co\/hu"},{"@type":"ListItem","position":2,"name":"Products","item":"https:\/\/nutripartners.co\/hu\/product-category"},{"@type":"ListItem","position":3,"name":"Ginseng kivonat"}]},{"@type":"WebSite","@id":"https:\/\/nutripartners.co\/hu#website","url":"https:\/\/nutripartners.co\/hu","name":"Nutri Partners","description":"Raw materials distributor","publisher":{"@id":"https:\/\/nutripartners.co\/hu#organization"},"potentialAction":[{"@type":"SearchAction","target":{"@type":"EntryPoint","urlTemplate":"https:\/\/nutripartners.co\/hu?s={search_term_string}"},"query-input":{"@type":"PropertyValueSpecification","valueRequired":true,"valueName":"search_term_string"}}],"inLanguage":"hu"},{"@type":"Organization","@id":"https:\/\/nutripartners.co\/hu#organization","name":"Nutri Partners","url":"https:\/\/nutripartners.co\/hu","logo":{"@type":"ImageObject","inLanguage":"hu","@id":"https:\/\/nutripartners.co\/hu#\/schema\/logo\/image\/","url":"https:\/\/nutripartners.co\/wp-content\/uploads\/2025\/03\/logo-light.svg","contentUrl":"https:\/\/nutripartners.co\/wp-content\/uploads\/2025\/03\/logo-light.svg","width":1,"height":1,"caption":"Nutri Partners"},"image":{"@id":"https:\/\/nutripartners.co\/hu#\/schema\/logo\/image\/"},"sameAs":["https:\/\/www.instagram.com\/_nutripartners_\/","https:\/\/www.linkedin.com\/company\/106882083"]}]}},"_links":{"self":[{"href":"https:\/\/nutripartners.co\/hu\/wp-json\/wp\/v2\/product\/5087","targetHints":{"allow":["GET"]}}],"collection":[{"href":"https:\/\/nutripartners.co\/hu\/wp-json\/wp\/v2\/product"}],"about":[{"href":"https:\/\/nutripartners.co\/hu\/wp-json\/wp\/v2\/types\/product"}],"wp:attachment":[{"href":"https:\/\/nutripartners.co\/hu\/wp-json\/wp\/v2\/media?parent=5087"}],"wp:term":[{"taxonomy":"product-category","embeddable":true,"href":"https:\/\/nutripartners.co\/hu\/wp-json\/wp\/v2\/product-category?post=5087"}],"curies":[{"name":"wp","href":"https:\/\/api.w.org\/{rel}","templated":true}]}}