{"id":1083,"date":"2025-03-11T14:48:56","date_gmt":"2025-03-11T13:48:56","guid":{"rendered":"https:\/\/nutripartners.co\/product\/reishi\/"},"modified":"2026-01-23T10:05:13","modified_gmt":"2026-01-23T09:05:13","slug":"reishi","status":"publish","type":"product","link":"https:\/\/nutripartners.co\/it\/product-supplier\/reishi","title":{"rendered":"Reishi"},"content":{"rendered":"\n<h2 class=\"wp-block-heading\" id=\"h-product-description\">Descrizione del prodotto<\/h2>\n\n<p>Il Reishi \u00e8 un estratto derivato da una pianta nota per le sue propriet\u00e0 salutari. La materia prima \u00e8 disponibile in varie standardizzazioni e forme (polvere, estratto secco, liquido) ed \u00e8 destinata all&#8217;industria degli integratori alimentari, cosmetica e farmaceutica. <\/p>\n\n<h2 class=\"wp-block-heading\" id=\"h-key-features\">Caratteristiche principali<\/h2>\n\n<ul class=\"wp-block-list\">\n<li>Standardizzati per i principi attivi (ad esempio, polifenoli, saponine)<\/li>\n\n\n\n<li>Conforme ai regolamenti dell \u201cUE e dell\u201d EFSA<\/li>\n\n\n\n<li>NON OGM, senza glutine, vegano<\/li>\n\n\n\n<li>Confezione: 1-25 kg<\/li>\n<\/ul>\n\n<h2 class=\"wp-block-heading\" id=\"h-applications\">Applicazioni<\/h2>\n\n<ul class=\"wp-block-list\">\n<li>Integratori alimentari (capsule, compresse, polveri)<\/li>\n\n\n\n<li>Prodotti naturali e dermocosmetici<\/li>\n\n\n\n<li>Alimenti funzionali e nutraceutici<\/li>\n\n\n\n<li>Prodotti che supportano l&#8217;immunit\u00e0, la concentrazione, la digestione, ecc.<\/li>\n<\/ul>\n","protected":false},"excerpt":{"rendered":"<p>Reishi sfuso da NutriPartners &#8211; un fornitore europeo di estratti di piante naturali da utilizzare in integratori, cosmetici e applicazioni funzionali.<\/p>\n","protected":false},"featured_media":0,"template":"","product-category":[81,82],"class_list":["post-1083","product","type-product","status-publish","hentry","product-category-a-base-vegetale","product-category-estratti-di-piante"],"acf":[],"yoast_head":"<!-- This site is optimized with the Yoast SEO Premium plugin v25.0 (Yoast SEO v26.6) - https:\/\/yoast.com\/wordpress\/plugins\/seo\/ -->\n<title>Reishi - Nutri Partners<\/title>\n<meta name=\"description\" content=\"Reishi sfuso da NutriPartners - un fornitore europeo di estratti di piante naturali da utilizzare in integratori, cosmetici e applicazioni funzionali.\" \/>\n<meta name=\"robots\" content=\"index, follow, max-snippet:-1, max-image-preview:large, max-video-preview:-1\" \/>\n<link rel=\"canonical\" href=\"https:\/\/nutripartners.co\/it\/product-supplier\/reishi\" \/>\n<meta property=\"og:locale\" content=\"it_IT\" \/>\n<meta property=\"og:type\" content=\"article\" \/>\n<meta property=\"og:title\" content=\"Reishi\" \/>\n<meta property=\"og:description\" content=\"Reishi sfuso da NutriPartners - un fornitore europeo di estratti di piante naturali da utilizzare in integratori, cosmetici e applicazioni funzionali.\" \/>\n<meta property=\"og:url\" content=\"https:\/\/nutripartners.co\/it\/product-supplier\/reishi\" \/>\n<meta property=\"og:site_name\" content=\"Nutri Partners\" \/>\n<meta property=\"article:modified_time\" content=\"2026-01-23T09:05:13+00:00\" \/>\n<meta property=\"og:image\" content=\"https:\/\/nutripartners.co\/wp-content\/uploads\/2025\/03\/ogimage.webp\" \/>\n\t<meta property=\"og:image:width\" content=\"1200\" \/>\n\t<meta property=\"og:image:height\" content=\"600\" \/>\n\t<meta property=\"og:image:type\" content=\"image\/webp\" \/>\n<meta name=\"twitter:card\" content=\"summary_large_image\" \/>\n<script type=\"application\/ld+json\" class=\"yoast-schema-graph\">{\"@context\":\"https:\/\/schema.org\",\"@graph\":[{\"@type\":\"WebPage\",\"@id\":\"https:\/\/nutripartners.co\/it\/product-supplier\/reishi\",\"url\":\"https:\/\/nutripartners.co\/it\/product-supplier\/reishi\",\"name\":\"Reishi - Nutri Partners\",\"isPartOf\":{\"@id\":\"https:\/\/nutripartners.co\/it#website\"},\"datePublished\":\"2025-03-11T13:48:56+00:00\",\"dateModified\":\"2026-01-23T09:05:13+00:00\",\"description\":\"Reishi sfuso da NutriPartners - un fornitore europeo di estratti di piante naturali da utilizzare in integratori, cosmetici e applicazioni funzionali.\",\"breadcrumb\":{\"@id\":\"https:\/\/nutripartners.co\/it\/product-supplier\/reishi#breadcrumb\"},\"inLanguage\":\"it-IT\",\"potentialAction\":[{\"@type\":\"ReadAction\",\"target\":[\"https:\/\/nutripartners.co\/it\/product-supplier\/reishi\"]}]},{\"@type\":\"BreadcrumbList\",\"@id\":\"https:\/\/nutripartners.co\/it\/product-supplier\/reishi#breadcrumb\",\"itemListElement\":[{\"@type\":\"ListItem\",\"position\":1,\"name\":\"Casa\",\"item\":\"https:\/\/nutripartners.co\/it\"},{\"@type\":\"ListItem\",\"position\":2,\"name\":\"Prodotti\",\"item\":\"https:\/\/nutripartners.co\/it\/product-category\"},{\"@type\":\"ListItem\",\"position\":3,\"name\":\"A base vegetale\",\"item\":\"https:\/\/nutripartners.co\/it\/categoria-prodotto\/a-base-vegetale\"},{\"@type\":\"ListItem\",\"position\":4,\"name\":\"Reishi\"}]},{\"@type\":\"WebSite\",\"@id\":\"https:\/\/nutripartners.co\/it#website\",\"url\":\"https:\/\/nutripartners.co\/it\",\"name\":\"Nutri Partners\",\"description\":\"Raw materials distributor\",\"publisher\":{\"@id\":\"https:\/\/nutripartners.co\/it#organization\"},\"potentialAction\":[{\"@type\":\"SearchAction\",\"target\":{\"@type\":\"EntryPoint\",\"urlTemplate\":\"https:\/\/nutripartners.co\/it?s={search_term_string}\"},\"query-input\":{\"@type\":\"PropertyValueSpecification\",\"valueRequired\":true,\"valueName\":\"search_term_string\"}}],\"inLanguage\":\"it-IT\"},{\"@type\":\"Organization\",\"@id\":\"https:\/\/nutripartners.co\/it#organization\",\"name\":\"Nutri Partners\",\"url\":\"https:\/\/nutripartners.co\/it\",\"logo\":{\"@type\":\"ImageObject\",\"inLanguage\":\"it-IT\",\"@id\":\"https:\/\/nutripartners.co\/it#\/schema\/logo\/image\/\",\"url\":\"https:\/\/nutripartners.co\/wp-content\/uploads\/2025\/03\/logo-light.svg\",\"contentUrl\":\"https:\/\/nutripartners.co\/wp-content\/uploads\/2025\/03\/logo-light.svg\",\"width\":1,\"height\":1,\"caption\":\"Nutri Partners\"},\"image\":{\"@id\":\"https:\/\/nutripartners.co\/it#\/schema\/logo\/image\/\"},\"sameAs\":[\"https:\/\/www.instagram.com\/_nutripartners_\/\",\"https:\/\/www.linkedin.com\/company\/106882083\"]}]}<\/script>\n<!-- \/ Yoast SEO Premium plugin. -->","yoast_head_json":{"title":"Reishi - Nutri Partners","description":"Reishi sfuso da NutriPartners - un fornitore europeo di estratti di piante naturali da utilizzare in integratori, cosmetici e applicazioni funzionali.","robots":{"index":"index","follow":"follow","max-snippet":"max-snippet:-1","max-image-preview":"max-image-preview:large","max-video-preview":"max-video-preview:-1"},"canonical":"https:\/\/nutripartners.co\/it\/product-supplier\/reishi","og_locale":"it_IT","og_type":"article","og_title":"Reishi","og_description":"Reishi sfuso da NutriPartners - un fornitore europeo di estratti di piante naturali da utilizzare in integratori, cosmetici e applicazioni funzionali.","og_url":"https:\/\/nutripartners.co\/it\/product-supplier\/reishi","og_site_name":"Nutri Partners","article_modified_time":"2026-01-23T09:05:13+00:00","og_image":[{"width":1200,"height":600,"url":"https:\/\/nutripartners.co\/wp-content\/uploads\/2025\/03\/ogimage.webp","type":"image\/webp"}],"twitter_card":"summary_large_image","schema":{"@context":"https:\/\/schema.org","@graph":[{"@type":"WebPage","@id":"https:\/\/nutripartners.co\/it\/product-supplier\/reishi","url":"https:\/\/nutripartners.co\/it\/product-supplier\/reishi","name":"Reishi - Nutri Partners","isPartOf":{"@id":"https:\/\/nutripartners.co\/it#website"},"datePublished":"2025-03-11T13:48:56+00:00","dateModified":"2026-01-23T09:05:13+00:00","description":"Reishi sfuso da NutriPartners - un fornitore europeo di estratti di piante naturali da utilizzare in integratori, cosmetici e applicazioni funzionali.","breadcrumb":{"@id":"https:\/\/nutripartners.co\/it\/product-supplier\/reishi#breadcrumb"},"inLanguage":"it-IT","potentialAction":[{"@type":"ReadAction","target":["https:\/\/nutripartners.co\/it\/product-supplier\/reishi"]}]},{"@type":"BreadcrumbList","@id":"https:\/\/nutripartners.co\/it\/product-supplier\/reishi#breadcrumb","itemListElement":[{"@type":"ListItem","position":1,"name":"Casa","item":"https:\/\/nutripartners.co\/it"},{"@type":"ListItem","position":2,"name":"Prodotti","item":"https:\/\/nutripartners.co\/it\/product-category"},{"@type":"ListItem","position":3,"name":"A base vegetale","item":"https:\/\/nutripartners.co\/it\/categoria-prodotto\/a-base-vegetale"},{"@type":"ListItem","position":4,"name":"Reishi"}]},{"@type":"WebSite","@id":"https:\/\/nutripartners.co\/it#website","url":"https:\/\/nutripartners.co\/it","name":"Nutri Partners","description":"Raw materials distributor","publisher":{"@id":"https:\/\/nutripartners.co\/it#organization"},"potentialAction":[{"@type":"SearchAction","target":{"@type":"EntryPoint","urlTemplate":"https:\/\/nutripartners.co\/it?s={search_term_string}"},"query-input":{"@type":"PropertyValueSpecification","valueRequired":true,"valueName":"search_term_string"}}],"inLanguage":"it-IT"},{"@type":"Organization","@id":"https:\/\/nutripartners.co\/it#organization","name":"Nutri Partners","url":"https:\/\/nutripartners.co\/it","logo":{"@type":"ImageObject","inLanguage":"it-IT","@id":"https:\/\/nutripartners.co\/it#\/schema\/logo\/image\/","url":"https:\/\/nutripartners.co\/wp-content\/uploads\/2025\/03\/logo-light.svg","contentUrl":"https:\/\/nutripartners.co\/wp-content\/uploads\/2025\/03\/logo-light.svg","width":1,"height":1,"caption":"Nutri Partners"},"image":{"@id":"https:\/\/nutripartners.co\/it#\/schema\/logo\/image\/"},"sameAs":["https:\/\/www.instagram.com\/_nutripartners_\/","https:\/\/www.linkedin.com\/company\/106882083"]}]}},"_links":{"self":[{"href":"https:\/\/nutripartners.co\/it\/wp-json\/wp\/v2\/product\/1083","targetHints":{"allow":["GET"]}}],"collection":[{"href":"https:\/\/nutripartners.co\/it\/wp-json\/wp\/v2\/product"}],"about":[{"href":"https:\/\/nutripartners.co\/it\/wp-json\/wp\/v2\/types\/product"}],"wp:attachment":[{"href":"https:\/\/nutripartners.co\/it\/wp-json\/wp\/v2\/media?parent=1083"}],"wp:term":[{"taxonomy":"product-category","embeddable":true,"href":"https:\/\/nutripartners.co\/it\/wp-json\/wp\/v2\/product-category?post=1083"}],"curies":[{"name":"wp","href":"https:\/\/api.w.org\/{rel}","templated":true}]}}