{"id":808,"date":"2025-03-11T14:48:45","date_gmt":"2025-03-11T13:48:45","guid":{"rendered":"https:\/\/nutripartners.co\/product\/concentrato-di-proteine-del-siero-di-latte-80-istantaneo\/"},"modified":"2026-01-23T10:05:19","modified_gmt":"2026-01-23T09:05:19","slug":"concentrato-di-proteine-del-siero-di-latte-80-istantaneo","status":"publish","type":"product","link":"https:\/\/nutripartners.co\/it\/product-supplier\/concentrato-di-proteine-del-siero-di-latte-80-istantaneo","title":{"rendered":"Concentrato di proteine del siero di latte 80% istantaneo"},"content":{"rendered":"\n<h2 class=\"wp-block-heading\" id=\"h-product-description\">Descrizione del prodotto<\/h2>\n\n<p>Il Concentrato di Proteine del Siero di Latte 80% Istantaneo \u00e8 una proteina in polvere istanziata di alta qualit\u00e0 progettata per alimenti funzionali, integratori e nutrizione sportiva. Offre un contenuto proteico e una solubilit\u00e0 personalizzabili. <\/p>\n\n<h2 class=\"wp-block-heading\" id=\"h-key-features\">Caratteristiche principali<\/h2>\n\n<ul class=\"wp-block-list\">\n<li>Contenuto di proteine: varia a seconda del prodotto (35-90%)<\/li>\n\n\n\n<li>Forma: polvere standard o istantanea<\/li>\n\n\n\n<li>Gusto neutro, elevata biodisponibilit\u00e0<\/li>\n\n\n\n<li>Confezione: sacchi da 20-25 kg<\/li>\n<\/ul>\n\n<h2 class=\"wp-block-heading\">Applicazioni<\/h2>\n\n<ul class=\"wp-block-list\">\n<li>Frullati di proteine e integratori<\/li>\n\n\n\n<li>Alimenti ad alto contenuto proteico (barrette, yogurt, bevande)<\/li>\n\n\n\n<li>Prodotti per atleti, bambini e anziani<\/li>\n\n\n\n<li>Prodotti da forno e dietetici arricchiti di proteine<\/li>\n<\/ul>\n","protected":false},"excerpt":{"rendered":"<p>Le proteine del siero del latte concentrate all&#8217;80% sono disponibili all&#8217;ingrosso da NutriPartners, un fornitore europeo di ingredienti caseari per l&#8217;industria alimentare, dietetica e sportiva.<\/p>\n","protected":false},"featured_media":0,"template":"","product-category":[90,91],"class_list":["post-808","product","type-product","status-publish","hentry","product-category-latticini","product-category-polveri-di-siero-di-latte"],"acf":[],"yoast_head":"<!-- This site is optimized with the Yoast SEO Premium plugin v25.0 (Yoast SEO v26.6) - https:\/\/yoast.com\/wordpress\/plugins\/seo\/ -->\n<title>Concentrato di proteine del siero di latte 80% istantaneo - Nutri Partners<\/title>\n<meta name=\"description\" content=\"Le proteine del siero del latte concentrate all&#039;80% sono disponibili all&#039;ingrosso da NutriPartners, un fornitore europeo di ingredienti caseari per l&#039;industria alimentare, dietetica e sportiva.\" \/>\n<meta name=\"robots\" content=\"index, follow, max-snippet:-1, max-image-preview:large, max-video-preview:-1\" \/>\n<link rel=\"canonical\" href=\"https:\/\/nutripartners.co\/it\/product-supplier\/concentrato-di-proteine-del-siero-di-latte-80-istantaneo\" \/>\n<meta property=\"og:locale\" content=\"it_IT\" \/>\n<meta property=\"og:type\" content=\"article\" \/>\n<meta property=\"og:title\" content=\"Concentrato di proteine del siero di latte 80% istantaneo\" \/>\n<meta property=\"og:description\" content=\"Le proteine del siero del latte concentrate all&#039;80% sono disponibili all&#039;ingrosso da NutriPartners, un fornitore europeo di ingredienti caseari per l&#039;industria alimentare, dietetica e sportiva.\" \/>\n<meta property=\"og:url\" content=\"https:\/\/nutripartners.co\/it\/product-supplier\/concentrato-di-proteine-del-siero-di-latte-80-istantaneo\" \/>\n<meta property=\"og:site_name\" content=\"Nutri Partners\" \/>\n<meta property=\"article:modified_time\" content=\"2026-01-23T09:05:19+00:00\" \/>\n<meta property=\"og:image\" content=\"https:\/\/nutripartners.co\/wp-content\/uploads\/2025\/03\/ogimage.webp\" \/>\n\t<meta property=\"og:image:width\" content=\"1200\" \/>\n\t<meta property=\"og:image:height\" content=\"600\" \/>\n\t<meta property=\"og:image:type\" content=\"image\/webp\" \/>\n<meta name=\"twitter:card\" content=\"summary_large_image\" \/>\n<script type=\"application\/ld+json\" class=\"yoast-schema-graph\">{\"@context\":\"https:\/\/schema.org\",\"@graph\":[{\"@type\":\"WebPage\",\"@id\":\"https:\/\/nutripartners.co\/it\/product-supplier\/concentrato-di-proteine-del-siero-di-latte-80-istantaneo\",\"url\":\"https:\/\/nutripartners.co\/it\/product-supplier\/concentrato-di-proteine-del-siero-di-latte-80-istantaneo\",\"name\":\"Concentrato di proteine del siero di latte 80% istantaneo - Nutri Partners\",\"isPartOf\":{\"@id\":\"https:\/\/nutripartners.co\/it#website\"},\"datePublished\":\"2025-03-11T13:48:45+00:00\",\"dateModified\":\"2026-01-23T09:05:19+00:00\",\"description\":\"Le proteine del siero del latte concentrate all'80% sono disponibili all'ingrosso da NutriPartners, un fornitore europeo di ingredienti caseari per l'industria alimentare, dietetica e sportiva.\",\"breadcrumb\":{\"@id\":\"https:\/\/nutripartners.co\/it\/product-supplier\/concentrato-di-proteine-del-siero-di-latte-80-istantaneo#breadcrumb\"},\"inLanguage\":\"it-IT\",\"potentialAction\":[{\"@type\":\"ReadAction\",\"target\":[\"https:\/\/nutripartners.co\/it\/product-supplier\/concentrato-di-proteine-del-siero-di-latte-80-istantaneo\"]}]},{\"@type\":\"BreadcrumbList\",\"@id\":\"https:\/\/nutripartners.co\/it\/product-supplier\/concentrato-di-proteine-del-siero-di-latte-80-istantaneo#breadcrumb\",\"itemListElement\":[{\"@type\":\"ListItem\",\"position\":1,\"name\":\"Casa\",\"item\":\"https:\/\/nutripartners.co\/it\"},{\"@type\":\"ListItem\",\"position\":2,\"name\":\"Prodotti\",\"item\":\"https:\/\/nutripartners.co\/it\/product-category\"},{\"@type\":\"ListItem\",\"position\":3,\"name\":\"Latticini\",\"item\":\"https:\/\/nutripartners.co\/it\/categoria-prodotto\/latticini\"},{\"@type\":\"ListItem\",\"position\":4,\"name\":\"Polveri di siero di latte\",\"item\":\"https:\/\/nutripartners.co\/it\/categoria-prodotto\/latticini\/polveri-di-siero-di-latte\"},{\"@type\":\"ListItem\",\"position\":5,\"name\":\"Concentrato di proteine del siero di latte 80% istantaneo\"}]},{\"@type\":\"WebSite\",\"@id\":\"https:\/\/nutripartners.co\/it#website\",\"url\":\"https:\/\/nutripartners.co\/it\",\"name\":\"Nutri Partners\",\"description\":\"Raw materials distributor\",\"publisher\":{\"@id\":\"https:\/\/nutripartners.co\/it#organization\"},\"potentialAction\":[{\"@type\":\"SearchAction\",\"target\":{\"@type\":\"EntryPoint\",\"urlTemplate\":\"https:\/\/nutripartners.co\/it?s={search_term_string}\"},\"query-input\":{\"@type\":\"PropertyValueSpecification\",\"valueRequired\":true,\"valueName\":\"search_term_string\"}}],\"inLanguage\":\"it-IT\"},{\"@type\":\"Organization\",\"@id\":\"https:\/\/nutripartners.co\/it#organization\",\"name\":\"Nutri Partners\",\"url\":\"https:\/\/nutripartners.co\/it\",\"logo\":{\"@type\":\"ImageObject\",\"inLanguage\":\"it-IT\",\"@id\":\"https:\/\/nutripartners.co\/it#\/schema\/logo\/image\/\",\"url\":\"https:\/\/nutripartners.co\/wp-content\/uploads\/2025\/03\/logo-light.svg\",\"contentUrl\":\"https:\/\/nutripartners.co\/wp-content\/uploads\/2025\/03\/logo-light.svg\",\"width\":1,\"height\":1,\"caption\":\"Nutri Partners\"},\"image\":{\"@id\":\"https:\/\/nutripartners.co\/it#\/schema\/logo\/image\/\"},\"sameAs\":[\"https:\/\/www.instagram.com\/_nutripartners_\/\",\"https:\/\/www.linkedin.com\/company\/106882083\"]}]}<\/script>\n<!-- \/ Yoast SEO Premium plugin. -->","yoast_head_json":{"title":"Concentrato di proteine del siero di latte 80% istantaneo - Nutri Partners","description":"Le proteine del siero del latte concentrate all'80% sono disponibili all'ingrosso da NutriPartners, un fornitore europeo di ingredienti caseari per l'industria alimentare, dietetica e sportiva.","robots":{"index":"index","follow":"follow","max-snippet":"max-snippet:-1","max-image-preview":"max-image-preview:large","max-video-preview":"max-video-preview:-1"},"canonical":"https:\/\/nutripartners.co\/it\/product-supplier\/concentrato-di-proteine-del-siero-di-latte-80-istantaneo","og_locale":"it_IT","og_type":"article","og_title":"Concentrato di proteine del siero di latte 80% istantaneo","og_description":"Le proteine del siero del latte concentrate all'80% sono disponibili all'ingrosso da NutriPartners, un fornitore europeo di ingredienti caseari per l'industria alimentare, dietetica e sportiva.","og_url":"https:\/\/nutripartners.co\/it\/product-supplier\/concentrato-di-proteine-del-siero-di-latte-80-istantaneo","og_site_name":"Nutri Partners","article_modified_time":"2026-01-23T09:05:19+00:00","og_image":[{"width":1200,"height":600,"url":"https:\/\/nutripartners.co\/wp-content\/uploads\/2025\/03\/ogimage.webp","type":"image\/webp"}],"twitter_card":"summary_large_image","schema":{"@context":"https:\/\/schema.org","@graph":[{"@type":"WebPage","@id":"https:\/\/nutripartners.co\/it\/product-supplier\/concentrato-di-proteine-del-siero-di-latte-80-istantaneo","url":"https:\/\/nutripartners.co\/it\/product-supplier\/concentrato-di-proteine-del-siero-di-latte-80-istantaneo","name":"Concentrato di proteine del siero di latte 80% istantaneo - Nutri Partners","isPartOf":{"@id":"https:\/\/nutripartners.co\/it#website"},"datePublished":"2025-03-11T13:48:45+00:00","dateModified":"2026-01-23T09:05:19+00:00","description":"Le proteine del siero del latte concentrate all'80% sono disponibili all'ingrosso da NutriPartners, un fornitore europeo di ingredienti caseari per l'industria alimentare, dietetica e sportiva.","breadcrumb":{"@id":"https:\/\/nutripartners.co\/it\/product-supplier\/concentrato-di-proteine-del-siero-di-latte-80-istantaneo#breadcrumb"},"inLanguage":"it-IT","potentialAction":[{"@type":"ReadAction","target":["https:\/\/nutripartners.co\/it\/product-supplier\/concentrato-di-proteine-del-siero-di-latte-80-istantaneo"]}]},{"@type":"BreadcrumbList","@id":"https:\/\/nutripartners.co\/it\/product-supplier\/concentrato-di-proteine-del-siero-di-latte-80-istantaneo#breadcrumb","itemListElement":[{"@type":"ListItem","position":1,"name":"Casa","item":"https:\/\/nutripartners.co\/it"},{"@type":"ListItem","position":2,"name":"Prodotti","item":"https:\/\/nutripartners.co\/it\/product-category"},{"@type":"ListItem","position":3,"name":"Latticini","item":"https:\/\/nutripartners.co\/it\/categoria-prodotto\/latticini"},{"@type":"ListItem","position":4,"name":"Polveri di siero di latte","item":"https:\/\/nutripartners.co\/it\/categoria-prodotto\/latticini\/polveri-di-siero-di-latte"},{"@type":"ListItem","position":5,"name":"Concentrato di proteine del siero di latte 80% istantaneo"}]},{"@type":"WebSite","@id":"https:\/\/nutripartners.co\/it#website","url":"https:\/\/nutripartners.co\/it","name":"Nutri Partners","description":"Raw materials distributor","publisher":{"@id":"https:\/\/nutripartners.co\/it#organization"},"potentialAction":[{"@type":"SearchAction","target":{"@type":"EntryPoint","urlTemplate":"https:\/\/nutripartners.co\/it?s={search_term_string}"},"query-input":{"@type":"PropertyValueSpecification","valueRequired":true,"valueName":"search_term_string"}}],"inLanguage":"it-IT"},{"@type":"Organization","@id":"https:\/\/nutripartners.co\/it#organization","name":"Nutri Partners","url":"https:\/\/nutripartners.co\/it","logo":{"@type":"ImageObject","inLanguage":"it-IT","@id":"https:\/\/nutripartners.co\/it#\/schema\/logo\/image\/","url":"https:\/\/nutripartners.co\/wp-content\/uploads\/2025\/03\/logo-light.svg","contentUrl":"https:\/\/nutripartners.co\/wp-content\/uploads\/2025\/03\/logo-light.svg","width":1,"height":1,"caption":"Nutri Partners"},"image":{"@id":"https:\/\/nutripartners.co\/it#\/schema\/logo\/image\/"},"sameAs":["https:\/\/www.instagram.com\/_nutripartners_\/","https:\/\/www.linkedin.com\/company\/106882083"]}]}},"_links":{"self":[{"href":"https:\/\/nutripartners.co\/it\/wp-json\/wp\/v2\/product\/808","targetHints":{"allow":["GET"]}}],"collection":[{"href":"https:\/\/nutripartners.co\/it\/wp-json\/wp\/v2\/product"}],"about":[{"href":"https:\/\/nutripartners.co\/it\/wp-json\/wp\/v2\/types\/product"}],"wp:attachment":[{"href":"https:\/\/nutripartners.co\/it\/wp-json\/wp\/v2\/media?parent=808"}],"wp:term":[{"taxonomy":"product-category","embeddable":true,"href":"https:\/\/nutripartners.co\/it\/wp-json\/wp\/v2\/product-category?post=808"}],"curies":[{"name":"wp","href":"https:\/\/api.w.org\/{rel}","templated":true}]}}