{"id":930,"date":"2025-03-11T14:48:43","date_gmt":"2025-03-11T14:48:43","guid":{"rendered":"https:\/\/nutripartners.co\/product\/eritritolo\/"},"modified":"2025-05-28T12:45:49","modified_gmt":"2025-05-28T12:45:49","slug":"eritritolo","status":"publish","type":"product","link":"https:\/\/nutripartners.co\/it\/product-supplier\/eritritolo","title":{"rendered":"Eritritolo"},"content":{"rendered":"\n<h2 class=\"wp-block-heading\" id=\"h-product-description\">Descrizione del prodotto<\/h2>\n\n<p>L&#8217;eritritolo \u00e8 un dolcificante funzionale utilizzato come alternativa allo zucchero. \u00c8 perfetto per i prodotti ipocalorici e senza zucchero, nonch\u00e9 per le diete keto e le formulazioni adatte ai diabetici. Prodotto disponibile presso il nostro magazzino in Polonia.  <\/p>\n\n<h2 class=\"wp-block-heading\" id=\"h-key-features\">Caratteristiche principali<\/h2>\n\n<ul class=\"wp-block-list\">\n<li>Potere dolcificante: circa il 70% dello zucchero <\/li>\n\n\n\n<li>Forme disponibili: polvere, cristallino<\/li>\n\n\n\n<li>Basso indice glicemico \/ zero calorie (a seconda della versione)<\/li>\n\n\n\n<li>Confezione: sacchi da 20-25 kg<\/li>\n<\/ul>\n\n<h2 class=\"wp-block-heading\" id=\"h-applications\">Applicazioni<\/h2>\n\n<ul class=\"wp-block-list\">\n<li>Prodotti senza zucchero e keto<\/li>\n\n\n\n<li>Alimenti funzionali<\/li>\n\n\n\n<li>Prodotti per diabetici<\/li>\n\n\n\n<li>Bevande, prodotti da forno, dolciumi, gomme da masticare<\/li>\n<\/ul>\n","protected":false},"excerpt":{"rendered":"<p>L \u201ceritritolo \u00e8 disponibile all\u201d ingrosso da NutriPartners, un fornitore europeo di moderni agenti dolcificanti per applicazioni alimentari e dietetiche.<\/p>\n","protected":false},"featured_media":0,"template":"","product-category":[99,110],"class_list":["post-930","product","type-product","status-publish","hentry","product-category-additivi","product-category-dolcificanti"],"acf":[],"yoast_head":"<!-- This site is optimized with the Yoast SEO Premium plugin v25.0 (Yoast SEO v26.6) - https:\/\/yoast.com\/wordpress\/plugins\/seo\/ -->\n<title>Eritritolo - Nutri Partners<\/title>\n<meta name=\"description\" content=\"L \u201ceritritolo \u00e8 disponibile all\u201d ingrosso da NutriPartners, un fornitore europeo di moderni agenti dolcificanti per applicazioni alimentari e dietetiche.\" \/>\n<meta name=\"robots\" content=\"index, follow, max-snippet:-1, max-image-preview:large, max-video-preview:-1\" \/>\n<link rel=\"canonical\" href=\"https:\/\/nutripartners.co\/it\/product-supplier\/eritritolo\" \/>\n<meta property=\"og:locale\" content=\"it_IT\" \/>\n<meta property=\"og:type\" content=\"article\" \/>\n<meta property=\"og:title\" content=\"Eritritolo\" \/>\n<meta property=\"og:description\" content=\"L \u201ceritritolo \u00e8 disponibile all\u201d ingrosso da NutriPartners, un fornitore europeo di moderni agenti dolcificanti per applicazioni alimentari e dietetiche.\" \/>\n<meta property=\"og:url\" content=\"https:\/\/nutripartners.co\/it\/product-supplier\/eritritolo\" \/>\n<meta property=\"og:site_name\" content=\"Nutri Partners\" \/>\n<meta property=\"article:modified_time\" content=\"2025-05-28T12:45:49+00:00\" \/>\n<meta property=\"og:image\" content=\"https:\/\/nutripartners.co\/wp-content\/uploads\/2025\/03\/ogimage.webp\" \/>\n\t<meta property=\"og:image:width\" content=\"1200\" \/>\n\t<meta property=\"og:image:height\" content=\"600\" \/>\n\t<meta property=\"og:image:type\" content=\"image\/webp\" \/>\n<meta name=\"twitter:card\" content=\"summary_large_image\" \/>\n<script type=\"application\/ld+json\" class=\"yoast-schema-graph\">{\"@context\":\"https:\/\/schema.org\",\"@graph\":[{\"@type\":\"WebPage\",\"@id\":\"https:\/\/nutripartners.co\/it\/product-supplier\/eritritolo\",\"url\":\"https:\/\/nutripartners.co\/it\/product-supplier\/eritritolo\",\"name\":\"Eritritolo - Nutri Partners\",\"isPartOf\":{\"@id\":\"https:\/\/nutripartners.co\/it#website\"},\"datePublished\":\"2025-03-11T14:48:43+00:00\",\"dateModified\":\"2025-05-28T12:45:49+00:00\",\"description\":\"L \u201ceritritolo \u00e8 disponibile all\u201d ingrosso da NutriPartners, un fornitore europeo di moderni agenti dolcificanti per applicazioni alimentari e dietetiche.\",\"breadcrumb\":{\"@id\":\"https:\/\/nutripartners.co\/it\/product-supplier\/eritritolo#breadcrumb\"},\"inLanguage\":\"it-IT\",\"potentialAction\":[{\"@type\":\"ReadAction\",\"target\":[\"https:\/\/nutripartners.co\/it\/product-supplier\/eritritolo\"]}]},{\"@type\":\"BreadcrumbList\",\"@id\":\"https:\/\/nutripartners.co\/it\/product-supplier\/eritritolo#breadcrumb\",\"itemListElement\":[{\"@type\":\"ListItem\",\"position\":1,\"name\":\"Casa\",\"item\":\"https:\/\/nutripartners.co\/it\"},{\"@type\":\"ListItem\",\"position\":2,\"name\":\"Prodotti\",\"item\":\"https:\/\/nutripartners.co\/it\/product-category\"},{\"@type\":\"ListItem\",\"position\":3,\"name\":\"Additivi\",\"item\":\"https:\/\/nutripartners.co\/it\/categoria-prodotto\/additivi\"},{\"@type\":\"ListItem\",\"position\":4,\"name\":\"Dolcificanti\",\"item\":\"https:\/\/nutripartners.co\/it\/categoria-prodotto\/additivi\/dolcificanti\"},{\"@type\":\"ListItem\",\"position\":5,\"name\":\"Eritritolo\"}]},{\"@type\":\"WebSite\",\"@id\":\"https:\/\/nutripartners.co\/it#website\",\"url\":\"https:\/\/nutripartners.co\/it\",\"name\":\"Nutri Partners\",\"description\":\"Raw materials distributor\",\"publisher\":{\"@id\":\"https:\/\/nutripartners.co\/it#organization\"},\"potentialAction\":[{\"@type\":\"SearchAction\",\"target\":{\"@type\":\"EntryPoint\",\"urlTemplate\":\"https:\/\/nutripartners.co\/it?s={search_term_string}\"},\"query-input\":{\"@type\":\"PropertyValueSpecification\",\"valueRequired\":true,\"valueName\":\"search_term_string\"}}],\"inLanguage\":\"it-IT\"},{\"@type\":\"Organization\",\"@id\":\"https:\/\/nutripartners.co\/it#organization\",\"name\":\"Nutri Partners\",\"url\":\"https:\/\/nutripartners.co\/it\",\"logo\":{\"@type\":\"ImageObject\",\"inLanguage\":\"it-IT\",\"@id\":\"https:\/\/nutripartners.co\/it#\/schema\/logo\/image\/\",\"url\":\"https:\/\/nutripartners.co\/wp-content\/uploads\/2025\/03\/logo-light.svg\",\"contentUrl\":\"https:\/\/nutripartners.co\/wp-content\/uploads\/2025\/03\/logo-light.svg\",\"width\":1,\"height\":1,\"caption\":\"Nutri Partners\"},\"image\":{\"@id\":\"https:\/\/nutripartners.co\/it#\/schema\/logo\/image\/\"},\"sameAs\":[\"https:\/\/www.instagram.com\/_nutripartners_\/\",\"https:\/\/www.linkedin.com\/company\/106882083\"]}]}<\/script>\n<!-- \/ Yoast SEO Premium plugin. -->","yoast_head_json":{"title":"Eritritolo - Nutri Partners","description":"L \u201ceritritolo \u00e8 disponibile all\u201d ingrosso da NutriPartners, un fornitore europeo di moderni agenti dolcificanti per applicazioni alimentari e dietetiche.","robots":{"index":"index","follow":"follow","max-snippet":"max-snippet:-1","max-image-preview":"max-image-preview:large","max-video-preview":"max-video-preview:-1"},"canonical":"https:\/\/nutripartners.co\/it\/product-supplier\/eritritolo","og_locale":"it_IT","og_type":"article","og_title":"Eritritolo","og_description":"L \u201ceritritolo \u00e8 disponibile all\u201d ingrosso da NutriPartners, un fornitore europeo di moderni agenti dolcificanti per applicazioni alimentari e dietetiche.","og_url":"https:\/\/nutripartners.co\/it\/product-supplier\/eritritolo","og_site_name":"Nutri Partners","article_modified_time":"2025-05-28T12:45:49+00:00","og_image":[{"width":1200,"height":600,"url":"https:\/\/nutripartners.co\/wp-content\/uploads\/2025\/03\/ogimage.webp","type":"image\/webp"}],"twitter_card":"summary_large_image","schema":{"@context":"https:\/\/schema.org","@graph":[{"@type":"WebPage","@id":"https:\/\/nutripartners.co\/it\/product-supplier\/eritritolo","url":"https:\/\/nutripartners.co\/it\/product-supplier\/eritritolo","name":"Eritritolo - Nutri Partners","isPartOf":{"@id":"https:\/\/nutripartners.co\/it#website"},"datePublished":"2025-03-11T14:48:43+00:00","dateModified":"2025-05-28T12:45:49+00:00","description":"L \u201ceritritolo \u00e8 disponibile all\u201d ingrosso da NutriPartners, un fornitore europeo di moderni agenti dolcificanti per applicazioni alimentari e dietetiche.","breadcrumb":{"@id":"https:\/\/nutripartners.co\/it\/product-supplier\/eritritolo#breadcrumb"},"inLanguage":"it-IT","potentialAction":[{"@type":"ReadAction","target":["https:\/\/nutripartners.co\/it\/product-supplier\/eritritolo"]}]},{"@type":"BreadcrumbList","@id":"https:\/\/nutripartners.co\/it\/product-supplier\/eritritolo#breadcrumb","itemListElement":[{"@type":"ListItem","position":1,"name":"Casa","item":"https:\/\/nutripartners.co\/it"},{"@type":"ListItem","position":2,"name":"Prodotti","item":"https:\/\/nutripartners.co\/it\/product-category"},{"@type":"ListItem","position":3,"name":"Additivi","item":"https:\/\/nutripartners.co\/it\/categoria-prodotto\/additivi"},{"@type":"ListItem","position":4,"name":"Dolcificanti","item":"https:\/\/nutripartners.co\/it\/categoria-prodotto\/additivi\/dolcificanti"},{"@type":"ListItem","position":5,"name":"Eritritolo"}]},{"@type":"WebSite","@id":"https:\/\/nutripartners.co\/it#website","url":"https:\/\/nutripartners.co\/it","name":"Nutri Partners","description":"Raw materials distributor","publisher":{"@id":"https:\/\/nutripartners.co\/it#organization"},"potentialAction":[{"@type":"SearchAction","target":{"@type":"EntryPoint","urlTemplate":"https:\/\/nutripartners.co\/it?s={search_term_string}"},"query-input":{"@type":"PropertyValueSpecification","valueRequired":true,"valueName":"search_term_string"}}],"inLanguage":"it-IT"},{"@type":"Organization","@id":"https:\/\/nutripartners.co\/it#organization","name":"Nutri Partners","url":"https:\/\/nutripartners.co\/it","logo":{"@type":"ImageObject","inLanguage":"it-IT","@id":"https:\/\/nutripartners.co\/it#\/schema\/logo\/image\/","url":"https:\/\/nutripartners.co\/wp-content\/uploads\/2025\/03\/logo-light.svg","contentUrl":"https:\/\/nutripartners.co\/wp-content\/uploads\/2025\/03\/logo-light.svg","width":1,"height":1,"caption":"Nutri Partners"},"image":{"@id":"https:\/\/nutripartners.co\/it#\/schema\/logo\/image\/"},"sameAs":["https:\/\/www.instagram.com\/_nutripartners_\/","https:\/\/www.linkedin.com\/company\/106882083"]}]}},"_links":{"self":[{"href":"https:\/\/nutripartners.co\/it\/wp-json\/wp\/v2\/product\/930","targetHints":{"allow":["GET"]}}],"collection":[{"href":"https:\/\/nutripartners.co\/it\/wp-json\/wp\/v2\/product"}],"about":[{"href":"https:\/\/nutripartners.co\/it\/wp-json\/wp\/v2\/types\/product"}],"wp:attachment":[{"href":"https:\/\/nutripartners.co\/it\/wp-json\/wp\/v2\/media?parent=930"}],"wp:term":[{"taxonomy":"product-category","embeddable":true,"href":"https:\/\/nutripartners.co\/it\/wp-json\/wp\/v2\/product-category?post=930"}],"curies":[{"name":"wp","href":"https:\/\/api.w.org\/{rel}","templated":true}]}}