{"id":2010,"date":"2025-03-11T14:48:43","date_gmt":"2025-03-11T13:48:43","guid":{"rendered":"https:\/\/nutripartners.co\/product-supplier\/colagen-marin"},"modified":"2025-07-31T09:27:15","modified_gmt":"2025-07-31T07:27:15","slug":"colagen-marin","status":"publish","type":"product","link":"https:\/\/nutripartners.co\/ro\/product-supplier\/colagen-marin","title":{"rendered":"Colagen marin"},"content":{"rendered":"\n<h2 class=\"wp-block-heading\" id=\"h-product-description\"><strong>Descrierea produsului<\/strong><\/h2>\n\n<p>Colagenul marin este un colagen hidrolizat de origine animal\u0103 oferit sub forma unei pulberi foarte solubile. Acesta este utilizat pe scar\u0103 larg\u0103 \u00een suplimente alimentare, alimente func\u021bionale, precum \u0219i \u00een aplica\u021bii cosmetice \u0219i farmaceutice. <\/p>\n\n<h2 class=\"wp-block-heading\" id=\"h-key-features\"><strong>Caracteristici principale<\/strong><\/h2>\n\n<ul class=\"wp-block-list\">\n<li>Biodisponibilitate \u0219i solubilitate ridicate<\/li>\n\n\n\n<li>Puritate \u2265 90%<\/li>\n\n\n\n<li>Gust \u0219i miros neutru<\/li>\n\n\n\n<li>Ambalare: saci de 10-20 kg<\/li>\n<\/ul>\n\n<h2 class=\"wp-block-heading\" id=\"h-applications\"><strong>Aplica\u021bii<\/strong><\/h2>\n\n<ul class=\"wp-block-list\">\n<li>Suplimente alimentare (sprijin pentru articula\u021bii, piele \u0219i p\u0103r)<\/li>\n\n\n\n<li>Alimente func\u021bionale (batoane, b\u0103uturi proteice)<\/li>\n\n\n\n<li>Cosmetice \u0219i nutraceutice<\/li>\n\n\n\n<li>Produse medicale (de exemplu, suturi dizolvabile, implanturi)<\/li>\n<\/ul>\n","protected":false},"excerpt":{"rendered":"<p>Colagen marin disponibil \u00een vrac de la NutriPartners &#8211; un distribuitor european de colagen func\u021bional de \u00eenalt\u0103 calitate pentru industria alimentar\u0103 \u0219i cosmetic\u0103.<\/p>\n","protected":false},"featured_media":0,"template":"","product-category":[171,174],"class_list":["post-2010","product","type-product","status-publish","hentry","product-category-aditivi","product-category-colagen"],"acf":[],"yoast_head":"<!-- This site is optimized with the Yoast SEO Premium plugin v25.0 (Yoast SEO v26.6) - https:\/\/yoast.com\/wordpress\/plugins\/seo\/ -->\n<title>Colagen marin - Nutri Partners<\/title>\n<meta name=\"description\" content=\"Colagen marin disponibil \u00een vrac de la NutriPartners - un distribuitor european de colagen func\u021bional de \u00eenalt\u0103 calitate pentru industria alimentar\u0103 \u0219i cosmetic\u0103.\" \/>\n<meta name=\"robots\" content=\"index, follow, max-snippet:-1, max-image-preview:large, max-video-preview:-1\" \/>\n<link rel=\"canonical\" href=\"https:\/\/nutripartners.co\/ro\/product-supplier\/colagen-marin\" \/>\n<meta property=\"og:locale\" content=\"ro_RO\" \/>\n<meta property=\"og:type\" content=\"article\" \/>\n<meta property=\"og:title\" content=\"Colagen marin\" \/>\n<meta property=\"og:description\" content=\"Colagen marin disponibil \u00een vrac de la NutriPartners - un distribuitor european de colagen func\u021bional de \u00eenalt\u0103 calitate pentru industria alimentar\u0103 \u0219i cosmetic\u0103.\" \/>\n<meta property=\"og:url\" content=\"https:\/\/nutripartners.co\/ro\/product-supplier\/colagen-marin\" \/>\n<meta property=\"og:site_name\" content=\"Nutri Partners\" \/>\n<meta property=\"article:modified_time\" content=\"2025-07-31T07:27:15+00:00\" \/>\n<meta property=\"og:image\" content=\"https:\/\/nutripartners.co\/wp-content\/uploads\/2025\/03\/ogimage.webp\" \/>\n\t<meta property=\"og:image:width\" content=\"1200\" \/>\n\t<meta property=\"og:image:height\" content=\"600\" \/>\n\t<meta property=\"og:image:type\" content=\"image\/webp\" \/>\n<meta name=\"twitter:card\" content=\"summary_large_image\" \/>\n<script type=\"application\/ld+json\" class=\"yoast-schema-graph\">{\"@context\":\"https:\/\/schema.org\",\"@graph\":[{\"@type\":\"WebPage\",\"@id\":\"https:\/\/nutripartners.co\/ro\/product-supplier\/colagen-marin\",\"url\":\"https:\/\/nutripartners.co\/ro\/product-supplier\/colagen-marin\",\"name\":\"Colagen marin - Nutri Partners\",\"isPartOf\":{\"@id\":\"https:\/\/nutripartners.co\/ro#website\"},\"datePublished\":\"2025-03-11T13:48:43+00:00\",\"dateModified\":\"2025-07-31T07:27:15+00:00\",\"description\":\"Colagen marin disponibil \u00een vrac de la NutriPartners - un distribuitor european de colagen func\u021bional de \u00eenalt\u0103 calitate pentru industria alimentar\u0103 \u0219i cosmetic\u0103.\",\"breadcrumb\":{\"@id\":\"https:\/\/nutripartners.co\/ro\/product-supplier\/colagen-marin#breadcrumb\"},\"inLanguage\":\"ro-RO\",\"potentialAction\":[{\"@type\":\"ReadAction\",\"target\":[\"https:\/\/nutripartners.co\/ro\/product-supplier\/colagen-marin\"]}]},{\"@type\":\"BreadcrumbList\",\"@id\":\"https:\/\/nutripartners.co\/ro\/product-supplier\/colagen-marin#breadcrumb\",\"itemListElement\":[{\"@type\":\"ListItem\",\"position\":1,\"name\":\"Home\",\"item\":\"https:\/\/nutripartners.co\/ro\"},{\"@type\":\"ListItem\",\"position\":2,\"name\":\"Products\",\"item\":\"https:\/\/nutripartners.co\/ro\/product-category\"},{\"@type\":\"ListItem\",\"position\":3,\"name\":\"Aditivi\",\"item\":\"https:\/\/nutripartners.co\/ro\/categorie-produs\/aditivi\"},{\"@type\":\"ListItem\",\"position\":4,\"name\":\"Colagenuri\",\"item\":\"https:\/\/nutripartners.co\/ro\/categorie-produs\/aditivi\/colagen\"},{\"@type\":\"ListItem\",\"position\":5,\"name\":\"Colagen marin\"}]},{\"@type\":\"WebSite\",\"@id\":\"https:\/\/nutripartners.co\/ro#website\",\"url\":\"https:\/\/nutripartners.co\/ro\",\"name\":\"Nutri Partners\",\"description\":\"Raw materials distributor\",\"publisher\":{\"@id\":\"https:\/\/nutripartners.co\/ro#organization\"},\"potentialAction\":[{\"@type\":\"SearchAction\",\"target\":{\"@type\":\"EntryPoint\",\"urlTemplate\":\"https:\/\/nutripartners.co\/ro?s={search_term_string}\"},\"query-input\":{\"@type\":\"PropertyValueSpecification\",\"valueRequired\":true,\"valueName\":\"search_term_string\"}}],\"inLanguage\":\"ro-RO\"},{\"@type\":\"Organization\",\"@id\":\"https:\/\/nutripartners.co\/ro#organization\",\"name\":\"Nutri Partners\",\"url\":\"https:\/\/nutripartners.co\/ro\",\"logo\":{\"@type\":\"ImageObject\",\"inLanguage\":\"ro-RO\",\"@id\":\"https:\/\/nutripartners.co\/ro#\/schema\/logo\/image\/\",\"url\":\"https:\/\/nutripartners.co\/wp-content\/uploads\/2025\/03\/logo-light.svg\",\"contentUrl\":\"https:\/\/nutripartners.co\/wp-content\/uploads\/2025\/03\/logo-light.svg\",\"width\":1,\"height\":1,\"caption\":\"Nutri Partners\"},\"image\":{\"@id\":\"https:\/\/nutripartners.co\/ro#\/schema\/logo\/image\/\"},\"sameAs\":[\"https:\/\/www.instagram.com\/_nutripartners_\/\",\"https:\/\/www.linkedin.com\/company\/106882083\"]}]}<\/script>\n<!-- \/ Yoast SEO Premium plugin. -->","yoast_head_json":{"title":"Colagen marin - Nutri Partners","description":"Colagen marin disponibil \u00een vrac de la NutriPartners - un distribuitor european de colagen func\u021bional de \u00eenalt\u0103 calitate pentru industria alimentar\u0103 \u0219i cosmetic\u0103.","robots":{"index":"index","follow":"follow","max-snippet":"max-snippet:-1","max-image-preview":"max-image-preview:large","max-video-preview":"max-video-preview:-1"},"canonical":"https:\/\/nutripartners.co\/ro\/product-supplier\/colagen-marin","og_locale":"ro_RO","og_type":"article","og_title":"Colagen marin","og_description":"Colagen marin disponibil \u00een vrac de la NutriPartners - un distribuitor european de colagen func\u021bional de \u00eenalt\u0103 calitate pentru industria alimentar\u0103 \u0219i cosmetic\u0103.","og_url":"https:\/\/nutripartners.co\/ro\/product-supplier\/colagen-marin","og_site_name":"Nutri Partners","article_modified_time":"2025-07-31T07:27:15+00:00","og_image":[{"width":1200,"height":600,"url":"https:\/\/nutripartners.co\/wp-content\/uploads\/2025\/03\/ogimage.webp","type":"image\/webp"}],"twitter_card":"summary_large_image","schema":{"@context":"https:\/\/schema.org","@graph":[{"@type":"WebPage","@id":"https:\/\/nutripartners.co\/ro\/product-supplier\/colagen-marin","url":"https:\/\/nutripartners.co\/ro\/product-supplier\/colagen-marin","name":"Colagen marin - Nutri Partners","isPartOf":{"@id":"https:\/\/nutripartners.co\/ro#website"},"datePublished":"2025-03-11T13:48:43+00:00","dateModified":"2025-07-31T07:27:15+00:00","description":"Colagen marin disponibil \u00een vrac de la NutriPartners - un distribuitor european de colagen func\u021bional de \u00eenalt\u0103 calitate pentru industria alimentar\u0103 \u0219i cosmetic\u0103.","breadcrumb":{"@id":"https:\/\/nutripartners.co\/ro\/product-supplier\/colagen-marin#breadcrumb"},"inLanguage":"ro-RO","potentialAction":[{"@type":"ReadAction","target":["https:\/\/nutripartners.co\/ro\/product-supplier\/colagen-marin"]}]},{"@type":"BreadcrumbList","@id":"https:\/\/nutripartners.co\/ro\/product-supplier\/colagen-marin#breadcrumb","itemListElement":[{"@type":"ListItem","position":1,"name":"Home","item":"https:\/\/nutripartners.co\/ro"},{"@type":"ListItem","position":2,"name":"Products","item":"https:\/\/nutripartners.co\/ro\/product-category"},{"@type":"ListItem","position":3,"name":"Aditivi","item":"https:\/\/nutripartners.co\/ro\/categorie-produs\/aditivi"},{"@type":"ListItem","position":4,"name":"Colagenuri","item":"https:\/\/nutripartners.co\/ro\/categorie-produs\/aditivi\/colagen"},{"@type":"ListItem","position":5,"name":"Colagen marin"}]},{"@type":"WebSite","@id":"https:\/\/nutripartners.co\/ro#website","url":"https:\/\/nutripartners.co\/ro","name":"Nutri Partners","description":"Raw materials distributor","publisher":{"@id":"https:\/\/nutripartners.co\/ro#organization"},"potentialAction":[{"@type":"SearchAction","target":{"@type":"EntryPoint","urlTemplate":"https:\/\/nutripartners.co\/ro?s={search_term_string}"},"query-input":{"@type":"PropertyValueSpecification","valueRequired":true,"valueName":"search_term_string"}}],"inLanguage":"ro-RO"},{"@type":"Organization","@id":"https:\/\/nutripartners.co\/ro#organization","name":"Nutri Partners","url":"https:\/\/nutripartners.co\/ro","logo":{"@type":"ImageObject","inLanguage":"ro-RO","@id":"https:\/\/nutripartners.co\/ro#\/schema\/logo\/image\/","url":"https:\/\/nutripartners.co\/wp-content\/uploads\/2025\/03\/logo-light.svg","contentUrl":"https:\/\/nutripartners.co\/wp-content\/uploads\/2025\/03\/logo-light.svg","width":1,"height":1,"caption":"Nutri Partners"},"image":{"@id":"https:\/\/nutripartners.co\/ro#\/schema\/logo\/image\/"},"sameAs":["https:\/\/www.instagram.com\/_nutripartners_\/","https:\/\/www.linkedin.com\/company\/106882083"]}]}},"_links":{"self":[{"href":"https:\/\/nutripartners.co\/ro\/wp-json\/wp\/v2\/product\/2010","targetHints":{"allow":["GET"]}}],"collection":[{"href":"https:\/\/nutripartners.co\/ro\/wp-json\/wp\/v2\/product"}],"about":[{"href":"https:\/\/nutripartners.co\/ro\/wp-json\/wp\/v2\/types\/product"}],"wp:attachment":[{"href":"https:\/\/nutripartners.co\/ro\/wp-json\/wp\/v2\/media?parent=2010"}],"wp:term":[{"taxonomy":"product-category","embeddable":true,"href":"https:\/\/nutripartners.co\/ro\/wp-json\/wp\/v2\/product-category?post=2010"}],"curies":[{"name":"wp","href":"https:\/\/api.w.org\/{rel}","templated":true}]}}