{"id":2039,"date":"2025-03-11T14:48:43","date_gmt":"2025-03-11T13:48:43","guid":{"rendered":"https:\/\/nutripartners.co\/product-supplier\/cofeina"},"modified":"2025-07-31T09:27:38","modified_gmt":"2025-07-31T07:27:38","slug":"cofeina","status":"publish","type":"product","link":"https:\/\/nutripartners.co\/ro\/product-supplier\/cofeina","title":{"rendered":"Cofeina"},"content":{"rendered":"\n<h2 class=\"wp-block-heading\" id=\"h-product-description\">Descrierea produsului<\/h2>\n\n<p>Cafeina este un aditiv func\u021bional utilizat \u00een produc\u021bia de alimente, produse farmaceutice \u0219i suplimente. La NutriPartners, furniz\u0103m cafein\u0103 de \u00eenalt\u0103 puritate \u00een conformitate cu standardele UE, disponibil\u0103 at\u00e2t \u00een variante de calitate alimentar\u0103, c\u00e2t \u0219i \u00een variante de calitate industrial\u0103. <\/p>\n\n<h2 class=\"wp-block-heading\" id=\"h-key-features\">Caracteristici principale<\/h2>\n\n<ul class=\"wp-block-list\">\n<li>Puritate: \u226599%<\/li>\n\n\n\n<li>Forma: Pulbere sau granule<\/li>\n\n\n\n<li>Certific\u0103ri: ISO, HACCP, COA, MSDS<\/li>\n\n\n\n<li>Ambalare: saci de 25 kg sau ambalaje personalizate la cerere<\/li>\n<\/ul>\n\n<h2 class=\"wp-block-heading\" id=\"h-applications\">Aplica\u021bii<\/h2>\n\n<ul class=\"wp-block-list\">\n<li>Industria alimentar\u0103 \u0219i a b\u0103uturilor<\/li>\n\n\n\n<li>Suplimente nutritive<\/li>\n\n\n\n<li>Produse farmaceutice<\/li>\n\n\n\n<li>Cosmetice \u0219i \u00eengrijire personal\u0103<\/li>\n\n\n\n<li>Sectoare tehnice \u0219i chimice<\/li>\n<\/ul>\n","protected":false},"excerpt":{"rendered":"<p>Cump\u0103ra\u021bi cofein\u0103 vrac de la NutriPartners &#8211; un distribuitor european de aditivi func\u021bionali pentru industria alimentar\u0103, farmaceutic\u0103 \u0219i a suplimentelor alimentare.<\/p>\n","protected":false},"featured_media":0,"template":"","product-category":[171,176],"class_list":["post-2039","product","type-product","status-publish","hentry","product-category-aditivi","product-category-antioxidanti"],"acf":[],"yoast_head":"<!-- This site is optimized with the Yoast SEO Premium plugin v25.0 (Yoast SEO v26.6) - https:\/\/yoast.com\/wordpress\/plugins\/seo\/ -->\n<title>Cofeina - Nutri Partners<\/title>\n<meta name=\"description\" content=\"Cump\u0103ra\u021bi cofein\u0103 vrac de la NutriPartners - un distribuitor european de aditivi func\u021bionali pentru industria alimentar\u0103, farmaceutic\u0103 \u0219i a suplimentelor alimentare.\" \/>\n<meta name=\"robots\" content=\"index, follow, max-snippet:-1, max-image-preview:large, max-video-preview:-1\" \/>\n<link rel=\"canonical\" href=\"https:\/\/nutripartners.co\/ro\/product-supplier\/cofeina\" \/>\n<meta property=\"og:locale\" content=\"ro_RO\" \/>\n<meta property=\"og:type\" content=\"article\" \/>\n<meta property=\"og:title\" content=\"Cofeina\" \/>\n<meta property=\"og:description\" content=\"Cump\u0103ra\u021bi cofein\u0103 vrac de la NutriPartners - un distribuitor european de aditivi func\u021bionali pentru industria alimentar\u0103, farmaceutic\u0103 \u0219i a suplimentelor alimentare.\" \/>\n<meta property=\"og:url\" content=\"https:\/\/nutripartners.co\/ro\/product-supplier\/cofeina\" \/>\n<meta property=\"og:site_name\" content=\"Nutri Partners\" \/>\n<meta property=\"article:modified_time\" content=\"2025-07-31T07:27:38+00:00\" \/>\n<meta property=\"og:image\" content=\"https:\/\/nutripartners.co\/wp-content\/uploads\/2025\/03\/ogimage.webp\" \/>\n\t<meta property=\"og:image:width\" content=\"1200\" \/>\n\t<meta property=\"og:image:height\" content=\"600\" \/>\n\t<meta property=\"og:image:type\" content=\"image\/webp\" \/>\n<meta name=\"twitter:card\" content=\"summary_large_image\" \/>\n<script type=\"application\/ld+json\" class=\"yoast-schema-graph\">{\"@context\":\"https:\/\/schema.org\",\"@graph\":[{\"@type\":\"WebPage\",\"@id\":\"https:\/\/nutripartners.co\/ro\/product-supplier\/cofeina\",\"url\":\"https:\/\/nutripartners.co\/ro\/product-supplier\/cofeina\",\"name\":\"Cofeina - Nutri Partners\",\"isPartOf\":{\"@id\":\"https:\/\/nutripartners.co\/ro#website\"},\"datePublished\":\"2025-03-11T13:48:43+00:00\",\"dateModified\":\"2025-07-31T07:27:38+00:00\",\"description\":\"Cump\u0103ra\u021bi cofein\u0103 vrac de la NutriPartners - un distribuitor european de aditivi func\u021bionali pentru industria alimentar\u0103, farmaceutic\u0103 \u0219i a suplimentelor alimentare.\",\"breadcrumb\":{\"@id\":\"https:\/\/nutripartners.co\/ro\/product-supplier\/cofeina#breadcrumb\"},\"inLanguage\":\"ro-RO\",\"potentialAction\":[{\"@type\":\"ReadAction\",\"target\":[\"https:\/\/nutripartners.co\/ro\/product-supplier\/cofeina\"]}]},{\"@type\":\"BreadcrumbList\",\"@id\":\"https:\/\/nutripartners.co\/ro\/product-supplier\/cofeina#breadcrumb\",\"itemListElement\":[{\"@type\":\"ListItem\",\"position\":1,\"name\":\"Home\",\"item\":\"https:\/\/nutripartners.co\/ro\"},{\"@type\":\"ListItem\",\"position\":2,\"name\":\"Products\",\"item\":\"https:\/\/nutripartners.co\/ro\/product-category\"},{\"@type\":\"ListItem\",\"position\":3,\"name\":\"Aditivi\",\"item\":\"https:\/\/nutripartners.co\/ro\/categorie-produs\/aditivi\"},{\"@type\":\"ListItem\",\"position\":4,\"name\":\"Antioxidan\u021bi\",\"item\":\"https:\/\/nutripartners.co\/ro\/categorie-produs\/aditivi\/antioxidanti\"},{\"@type\":\"ListItem\",\"position\":5,\"name\":\"Cofeina\"}]},{\"@type\":\"WebSite\",\"@id\":\"https:\/\/nutripartners.co\/ro#website\",\"url\":\"https:\/\/nutripartners.co\/ro\",\"name\":\"Nutri Partners\",\"description\":\"Raw materials distributor\",\"publisher\":{\"@id\":\"https:\/\/nutripartners.co\/ro#organization\"},\"potentialAction\":[{\"@type\":\"SearchAction\",\"target\":{\"@type\":\"EntryPoint\",\"urlTemplate\":\"https:\/\/nutripartners.co\/ro?s={search_term_string}\"},\"query-input\":{\"@type\":\"PropertyValueSpecification\",\"valueRequired\":true,\"valueName\":\"search_term_string\"}}],\"inLanguage\":\"ro-RO\"},{\"@type\":\"Organization\",\"@id\":\"https:\/\/nutripartners.co\/ro#organization\",\"name\":\"Nutri Partners\",\"url\":\"https:\/\/nutripartners.co\/ro\",\"logo\":{\"@type\":\"ImageObject\",\"inLanguage\":\"ro-RO\",\"@id\":\"https:\/\/nutripartners.co\/ro#\/schema\/logo\/image\/\",\"url\":\"https:\/\/nutripartners.co\/wp-content\/uploads\/2025\/03\/logo-light.svg\",\"contentUrl\":\"https:\/\/nutripartners.co\/wp-content\/uploads\/2025\/03\/logo-light.svg\",\"width\":1,\"height\":1,\"caption\":\"Nutri Partners\"},\"image\":{\"@id\":\"https:\/\/nutripartners.co\/ro#\/schema\/logo\/image\/\"},\"sameAs\":[\"https:\/\/www.instagram.com\/_nutripartners_\/\",\"https:\/\/www.linkedin.com\/company\/106882083\"]}]}<\/script>\n<!-- \/ Yoast SEO Premium plugin. -->","yoast_head_json":{"title":"Cofeina - Nutri Partners","description":"Cump\u0103ra\u021bi cofein\u0103 vrac de la NutriPartners - un distribuitor european de aditivi func\u021bionali pentru industria alimentar\u0103, farmaceutic\u0103 \u0219i a suplimentelor alimentare.","robots":{"index":"index","follow":"follow","max-snippet":"max-snippet:-1","max-image-preview":"max-image-preview:large","max-video-preview":"max-video-preview:-1"},"canonical":"https:\/\/nutripartners.co\/ro\/product-supplier\/cofeina","og_locale":"ro_RO","og_type":"article","og_title":"Cofeina","og_description":"Cump\u0103ra\u021bi cofein\u0103 vrac de la NutriPartners - un distribuitor european de aditivi func\u021bionali pentru industria alimentar\u0103, farmaceutic\u0103 \u0219i a suplimentelor alimentare.","og_url":"https:\/\/nutripartners.co\/ro\/product-supplier\/cofeina","og_site_name":"Nutri Partners","article_modified_time":"2025-07-31T07:27:38+00:00","og_image":[{"width":1200,"height":600,"url":"https:\/\/nutripartners.co\/wp-content\/uploads\/2025\/03\/ogimage.webp","type":"image\/webp"}],"twitter_card":"summary_large_image","schema":{"@context":"https:\/\/schema.org","@graph":[{"@type":"WebPage","@id":"https:\/\/nutripartners.co\/ro\/product-supplier\/cofeina","url":"https:\/\/nutripartners.co\/ro\/product-supplier\/cofeina","name":"Cofeina - Nutri Partners","isPartOf":{"@id":"https:\/\/nutripartners.co\/ro#website"},"datePublished":"2025-03-11T13:48:43+00:00","dateModified":"2025-07-31T07:27:38+00:00","description":"Cump\u0103ra\u021bi cofein\u0103 vrac de la NutriPartners - un distribuitor european de aditivi func\u021bionali pentru industria alimentar\u0103, farmaceutic\u0103 \u0219i a suplimentelor alimentare.","breadcrumb":{"@id":"https:\/\/nutripartners.co\/ro\/product-supplier\/cofeina#breadcrumb"},"inLanguage":"ro-RO","potentialAction":[{"@type":"ReadAction","target":["https:\/\/nutripartners.co\/ro\/product-supplier\/cofeina"]}]},{"@type":"BreadcrumbList","@id":"https:\/\/nutripartners.co\/ro\/product-supplier\/cofeina#breadcrumb","itemListElement":[{"@type":"ListItem","position":1,"name":"Home","item":"https:\/\/nutripartners.co\/ro"},{"@type":"ListItem","position":2,"name":"Products","item":"https:\/\/nutripartners.co\/ro\/product-category"},{"@type":"ListItem","position":3,"name":"Aditivi","item":"https:\/\/nutripartners.co\/ro\/categorie-produs\/aditivi"},{"@type":"ListItem","position":4,"name":"Antioxidan\u021bi","item":"https:\/\/nutripartners.co\/ro\/categorie-produs\/aditivi\/antioxidanti"},{"@type":"ListItem","position":5,"name":"Cofeina"}]},{"@type":"WebSite","@id":"https:\/\/nutripartners.co\/ro#website","url":"https:\/\/nutripartners.co\/ro","name":"Nutri Partners","description":"Raw materials distributor","publisher":{"@id":"https:\/\/nutripartners.co\/ro#organization"},"potentialAction":[{"@type":"SearchAction","target":{"@type":"EntryPoint","urlTemplate":"https:\/\/nutripartners.co\/ro?s={search_term_string}"},"query-input":{"@type":"PropertyValueSpecification","valueRequired":true,"valueName":"search_term_string"}}],"inLanguage":"ro-RO"},{"@type":"Organization","@id":"https:\/\/nutripartners.co\/ro#organization","name":"Nutri Partners","url":"https:\/\/nutripartners.co\/ro","logo":{"@type":"ImageObject","inLanguage":"ro-RO","@id":"https:\/\/nutripartners.co\/ro#\/schema\/logo\/image\/","url":"https:\/\/nutripartners.co\/wp-content\/uploads\/2025\/03\/logo-light.svg","contentUrl":"https:\/\/nutripartners.co\/wp-content\/uploads\/2025\/03\/logo-light.svg","width":1,"height":1,"caption":"Nutri Partners"},"image":{"@id":"https:\/\/nutripartners.co\/ro#\/schema\/logo\/image\/"},"sameAs":["https:\/\/www.instagram.com\/_nutripartners_\/","https:\/\/www.linkedin.com\/company\/106882083"]}]}},"_links":{"self":[{"href":"https:\/\/nutripartners.co\/ro\/wp-json\/wp\/v2\/product\/2039","targetHints":{"allow":["GET"]}}],"collection":[{"href":"https:\/\/nutripartners.co\/ro\/wp-json\/wp\/v2\/product"}],"about":[{"href":"https:\/\/nutripartners.co\/ro\/wp-json\/wp\/v2\/types\/product"}],"wp:attachment":[{"href":"https:\/\/nutripartners.co\/ro\/wp-json\/wp\/v2\/media?parent=2039"}],"wp:term":[{"taxonomy":"product-category","embeddable":true,"href":"https:\/\/nutripartners.co\/ro\/wp-json\/wp\/v2\/product-category?post=2039"}],"curies":[{"name":"wp","href":"https:\/\/api.w.org\/{rel}","templated":true}]}}