{"id":2047,"date":"2025-03-11T14:48:44","date_gmt":"2025-03-11T13:48:44","guid":{"rendered":"https:\/\/nutripartners.co\/product-supplier\/capsule-moi"},"modified":"2026-01-23T10:07:10","modified_gmt":"2026-01-23T09:07:10","slug":"capsule-moi","status":"publish","type":"product","link":"https:\/\/nutripartners.co\/ro\/product-supplier\/capsule-moi","title":{"rendered":"capsule moi"},"content":{"rendered":"\n<h2 class=\"wp-block-heading\" id=\"h-product-description\">Descrierea produsului<\/h2>\n\n<p>Capsulele moi sunt materii prime func\u021bionale de \u00eenalt\u0103 calitate utilizate \u00een suplimente alimentare, alimente pentru scopuri medicale speciale \u0219i produse farmaceutice. Oferite \u00een diferite forme \u0219i concentra\u021bii, fiecare lot este sus\u021binut de o documenta\u021bie complet\u0103. <\/p>\n\n<h2 class=\"wp-block-heading\" id=\"h-key-features\">Caracteristici principale<\/h2>\n\n<ul class=\"wp-block-list\">\n<li>Calitate farmaceutic\u0103 sau alimentar\u0103<\/li>\n\n\n\n<li>Puritate: \u2265 98%<\/li>\n\n\n\n<li>Stabilitate verificat\u0103 prin certificare<\/li>\n\n\n\n<li>Ambalare \u00een vrac: 10-25 kg (\u00een func\u021bie de produs)<\/li>\n<\/ul>\n\n<h2 class=\"wp-block-heading\" id=\"h-applications\">Aplica\u021bii<\/h2>\n\n<ul class=\"wp-block-list\">\n<li>Produc\u021bia de capsule, tablete, plicule\u021be \u0219i lichide<\/li>\n\n\n\n<li>Suplimente alimentare pentru diferite grupe de v\u00e2rst\u0103<\/li>\n\n\n\n<li>Produse farmaceutice OTC \u0219i nutraceutice<\/li>\n\n\n\n<li>Produse nutri\u021bionale func\u021bionale \u0219i medicale<\/li>\n<\/ul>\n","protected":false},"excerpt":{"rendered":"<p>Softgels disponibile \u00een vrac de la NutriPartners &#8211; un furnizor de \u00eencredere de ingrediente func\u021bionale \u0219i nutraceutice pentru industria farmaceutic\u0103, suplimente \u0219i nutri\u021bional\u0103.<\/p>\n","protected":false},"featured_media":0,"template":"","product-category":[171,172],"class_list":["post-2047","product","type-product","status-publish","hentry","product-category-aditivi","product-category-altele"],"acf":[],"yoast_head":"<!-- This site is optimized with the Yoast SEO Premium plugin v25.0 (Yoast SEO v26.6) - https:\/\/yoast.com\/wordpress\/plugins\/seo\/ -->\n<title>capsule moi - Materie prim\u0103 specializat\u0103 | Nutri Partners<\/title>\n<meta name=\"description\" content=\"Softgels disponibile \u00een vrac de la NutriPartners - un furnizor de \u00eencredere de ingrediente func\u021bionale \u0219i nutraceutice pentru industria farmaceutic\u0103, suplimente \u0219i nutri\u021bional\u0103.\" \/>\n<meta name=\"robots\" content=\"index, follow, max-snippet:-1, max-image-preview:large, max-video-preview:-1\" \/>\n<link rel=\"canonical\" href=\"https:\/\/nutripartners.co\/ro\/product-supplier\/capsule-moi\" \/>\n<meta property=\"og:locale\" content=\"ro_RO\" \/>\n<meta property=\"og:type\" content=\"article\" \/>\n<meta property=\"og:title\" content=\"capsule moi\" \/>\n<meta property=\"og:description\" content=\"Softgels disponibile \u00een vrac de la NutriPartners - un furnizor de \u00eencredere de ingrediente func\u021bionale \u0219i nutraceutice pentru industria farmaceutic\u0103, suplimente \u0219i nutri\u021bional\u0103.\" \/>\n<meta property=\"og:url\" content=\"https:\/\/nutripartners.co\/ro\/product-supplier\/capsule-moi\" \/>\n<meta property=\"og:site_name\" content=\"Nutri Partners\" \/>\n<meta property=\"article:modified_time\" content=\"2026-01-23T09:07:10+00:00\" \/>\n<meta property=\"og:image\" content=\"https:\/\/nutripartners.co\/wp-content\/uploads\/2025\/03\/ogimage.webp\" \/>\n\t<meta property=\"og:image:width\" content=\"1200\" \/>\n\t<meta property=\"og:image:height\" content=\"600\" \/>\n\t<meta property=\"og:image:type\" content=\"image\/webp\" \/>\n<meta name=\"twitter:card\" content=\"summary_large_image\" \/>\n<script type=\"application\/ld+json\" class=\"yoast-schema-graph\">{\"@context\":\"https:\/\/schema.org\",\"@graph\":[{\"@type\":\"WebPage\",\"@id\":\"https:\/\/nutripartners.co\/ro\/product-supplier\/capsule-moi\",\"url\":\"https:\/\/nutripartners.co\/ro\/product-supplier\/capsule-moi\",\"name\":\"capsule moi - Materie prim\u0103 specializat\u0103 | Nutri Partners\",\"isPartOf\":{\"@id\":\"https:\/\/nutripartners.co\/ro#website\"},\"datePublished\":\"2025-03-11T13:48:44+00:00\",\"dateModified\":\"2026-01-23T09:07:10+00:00\",\"description\":\"Softgels disponibile \u00een vrac de la NutriPartners - un furnizor de \u00eencredere de ingrediente func\u021bionale \u0219i nutraceutice pentru industria farmaceutic\u0103, suplimente \u0219i nutri\u021bional\u0103.\",\"breadcrumb\":{\"@id\":\"https:\/\/nutripartners.co\/ro\/product-supplier\/capsule-moi#breadcrumb\"},\"inLanguage\":\"ro-RO\",\"potentialAction\":[{\"@type\":\"ReadAction\",\"target\":[\"https:\/\/nutripartners.co\/ro\/product-supplier\/capsule-moi\"]}]},{\"@type\":\"BreadcrumbList\",\"@id\":\"https:\/\/nutripartners.co\/ro\/product-supplier\/capsule-moi#breadcrumb\",\"itemListElement\":[{\"@type\":\"ListItem\",\"position\":1,\"name\":\"Home\",\"item\":\"https:\/\/nutripartners.co\/ro\"},{\"@type\":\"ListItem\",\"position\":2,\"name\":\"Products\",\"item\":\"https:\/\/nutripartners.co\/ro\/product-category\"},{\"@type\":\"ListItem\",\"position\":3,\"name\":\"Aditivi\",\"item\":\"https:\/\/nutripartners.co\/ro\/categorie-produs\/aditivi\"},{\"@type\":\"ListItem\",\"position\":4,\"name\":\"Altele\",\"item\":\"https:\/\/nutripartners.co\/ro\/categorie-produs\/aditivi\/altele\"},{\"@type\":\"ListItem\",\"position\":5,\"name\":\"capsule moi\"}]},{\"@type\":\"WebSite\",\"@id\":\"https:\/\/nutripartners.co\/ro#website\",\"url\":\"https:\/\/nutripartners.co\/ro\",\"name\":\"Nutri Partners\",\"description\":\"Raw materials distributor\",\"publisher\":{\"@id\":\"https:\/\/nutripartners.co\/ro#organization\"},\"potentialAction\":[{\"@type\":\"SearchAction\",\"target\":{\"@type\":\"EntryPoint\",\"urlTemplate\":\"https:\/\/nutripartners.co\/ro?s={search_term_string}\"},\"query-input\":{\"@type\":\"PropertyValueSpecification\",\"valueRequired\":true,\"valueName\":\"search_term_string\"}}],\"inLanguage\":\"ro-RO\"},{\"@type\":\"Organization\",\"@id\":\"https:\/\/nutripartners.co\/ro#organization\",\"name\":\"Nutri Partners\",\"url\":\"https:\/\/nutripartners.co\/ro\",\"logo\":{\"@type\":\"ImageObject\",\"inLanguage\":\"ro-RO\",\"@id\":\"https:\/\/nutripartners.co\/ro#\/schema\/logo\/image\/\",\"url\":\"https:\/\/nutripartners.co\/wp-content\/uploads\/2025\/03\/logo-light.svg\",\"contentUrl\":\"https:\/\/nutripartners.co\/wp-content\/uploads\/2025\/03\/logo-light.svg\",\"width\":1,\"height\":1,\"caption\":\"Nutri Partners\"},\"image\":{\"@id\":\"https:\/\/nutripartners.co\/ro#\/schema\/logo\/image\/\"},\"sameAs\":[\"https:\/\/www.instagram.com\/_nutripartners_\/\",\"https:\/\/www.linkedin.com\/company\/106882083\"]}]}<\/script>\n<!-- \/ Yoast SEO Premium plugin. -->","yoast_head_json":{"title":"capsule moi - Materie prim\u0103 specializat\u0103 | Nutri Partners","description":"Softgels disponibile \u00een vrac de la NutriPartners - un furnizor de \u00eencredere de ingrediente func\u021bionale \u0219i nutraceutice pentru industria farmaceutic\u0103, suplimente \u0219i nutri\u021bional\u0103.","robots":{"index":"index","follow":"follow","max-snippet":"max-snippet:-1","max-image-preview":"max-image-preview:large","max-video-preview":"max-video-preview:-1"},"canonical":"https:\/\/nutripartners.co\/ro\/product-supplier\/capsule-moi","og_locale":"ro_RO","og_type":"article","og_title":"capsule moi","og_description":"Softgels disponibile \u00een vrac de la NutriPartners - un furnizor de \u00eencredere de ingrediente func\u021bionale \u0219i nutraceutice pentru industria farmaceutic\u0103, suplimente \u0219i nutri\u021bional\u0103.","og_url":"https:\/\/nutripartners.co\/ro\/product-supplier\/capsule-moi","og_site_name":"Nutri Partners","article_modified_time":"2026-01-23T09:07:10+00:00","og_image":[{"width":1200,"height":600,"url":"https:\/\/nutripartners.co\/wp-content\/uploads\/2025\/03\/ogimage.webp","type":"image\/webp"}],"twitter_card":"summary_large_image","schema":{"@context":"https:\/\/schema.org","@graph":[{"@type":"WebPage","@id":"https:\/\/nutripartners.co\/ro\/product-supplier\/capsule-moi","url":"https:\/\/nutripartners.co\/ro\/product-supplier\/capsule-moi","name":"capsule moi - Materie prim\u0103 specializat\u0103 | Nutri Partners","isPartOf":{"@id":"https:\/\/nutripartners.co\/ro#website"},"datePublished":"2025-03-11T13:48:44+00:00","dateModified":"2026-01-23T09:07:10+00:00","description":"Softgels disponibile \u00een vrac de la NutriPartners - un furnizor de \u00eencredere de ingrediente func\u021bionale \u0219i nutraceutice pentru industria farmaceutic\u0103, suplimente \u0219i nutri\u021bional\u0103.","breadcrumb":{"@id":"https:\/\/nutripartners.co\/ro\/product-supplier\/capsule-moi#breadcrumb"},"inLanguage":"ro-RO","potentialAction":[{"@type":"ReadAction","target":["https:\/\/nutripartners.co\/ro\/product-supplier\/capsule-moi"]}]},{"@type":"BreadcrumbList","@id":"https:\/\/nutripartners.co\/ro\/product-supplier\/capsule-moi#breadcrumb","itemListElement":[{"@type":"ListItem","position":1,"name":"Home","item":"https:\/\/nutripartners.co\/ro"},{"@type":"ListItem","position":2,"name":"Products","item":"https:\/\/nutripartners.co\/ro\/product-category"},{"@type":"ListItem","position":3,"name":"Aditivi","item":"https:\/\/nutripartners.co\/ro\/categorie-produs\/aditivi"},{"@type":"ListItem","position":4,"name":"Altele","item":"https:\/\/nutripartners.co\/ro\/categorie-produs\/aditivi\/altele"},{"@type":"ListItem","position":5,"name":"capsule moi"}]},{"@type":"WebSite","@id":"https:\/\/nutripartners.co\/ro#website","url":"https:\/\/nutripartners.co\/ro","name":"Nutri Partners","description":"Raw materials distributor","publisher":{"@id":"https:\/\/nutripartners.co\/ro#organization"},"potentialAction":[{"@type":"SearchAction","target":{"@type":"EntryPoint","urlTemplate":"https:\/\/nutripartners.co\/ro?s={search_term_string}"},"query-input":{"@type":"PropertyValueSpecification","valueRequired":true,"valueName":"search_term_string"}}],"inLanguage":"ro-RO"},{"@type":"Organization","@id":"https:\/\/nutripartners.co\/ro#organization","name":"Nutri Partners","url":"https:\/\/nutripartners.co\/ro","logo":{"@type":"ImageObject","inLanguage":"ro-RO","@id":"https:\/\/nutripartners.co\/ro#\/schema\/logo\/image\/","url":"https:\/\/nutripartners.co\/wp-content\/uploads\/2025\/03\/logo-light.svg","contentUrl":"https:\/\/nutripartners.co\/wp-content\/uploads\/2025\/03\/logo-light.svg","width":1,"height":1,"caption":"Nutri Partners"},"image":{"@id":"https:\/\/nutripartners.co\/ro#\/schema\/logo\/image\/"},"sameAs":["https:\/\/www.instagram.com\/_nutripartners_\/","https:\/\/www.linkedin.com\/company\/106882083"]}]}},"_links":{"self":[{"href":"https:\/\/nutripartners.co\/ro\/wp-json\/wp\/v2\/product\/2047","targetHints":{"allow":["GET"]}}],"collection":[{"href":"https:\/\/nutripartners.co\/ro\/wp-json\/wp\/v2\/product"}],"about":[{"href":"https:\/\/nutripartners.co\/ro\/wp-json\/wp\/v2\/types\/product"}],"wp:attachment":[{"href":"https:\/\/nutripartners.co\/ro\/wp-json\/wp\/v2\/media?parent=2047"}],"wp:term":[{"taxonomy":"product-category","embeddable":true,"href":"https:\/\/nutripartners.co\/ro\/wp-json\/wp\/v2\/product-category?post=2047"}],"curies":[{"name":"wp","href":"https:\/\/api.w.org\/{rel}","templated":true}]}}