{"id":2065,"date":"2025-03-11T14:48:56","date_gmt":"2025-03-11T13:48:56","guid":{"rendered":"https:\/\/nutripartners.co\/product-supplier\/proteina-de-mazare"},"modified":"2026-01-23T10:07:25","modified_gmt":"2026-01-23T09:07:25","slug":"proteina-de-mazare","status":"publish","type":"product","link":"https:\/\/nutripartners.co\/ro\/product-supplier\/proteina-de-mazare","title":{"rendered":"Protein\u0103 de maz\u0103re"},"content":{"rendered":"\n<h2 class=\"wp-block-heading\" id=\"h-product-description\">Descrierea produsului<\/h2>\n\n<p>Proteina de maz\u0103re este un concentrat de proteine vegetale de \u00eenalt\u0103 calitate, ideal pentru utilizarea \u00een produse f\u0103r\u0103 lapte, vegane, bogate \u00een proteine \u0219i func\u021bionale. Furniz\u0103m materia prim\u0103 sub form\u0103 de pulbere, standardizat\u0103 pentru con\u021binutul de proteine. <\/p>\n\n<h2 class=\"wp-block-heading\" id=\"h-key-features\">Caracteristici principale<\/h2>\n\n<ul class=\"wp-block-list\">\n<li>Con\u021binut de proteine: \u2265 70-85% (\u00een func\u021bie de produs)<\/li>\n\n\n\n<li>Vegan, non-GMO, f\u0103r\u0103 gluten<\/li>\n\n\n\n<li>Gust neutru \u0219i solubilitate ridicat\u0103<\/li>\n\n\n\n<li>Ambalare: saci de 20-25 kg<\/li>\n<\/ul>\n\n<h2 class=\"wp-block-heading\" id=\"h-applications\">Aplica\u021bii<\/h2>\n\n<ul class=\"wp-block-list\">\n<li>Pulberi proteice \u0219i suplimente sportive<\/li>\n\n\n\n<li>Batoane proteice, shake-uri, b\u0103uturi RTD<\/li>\n\n\n\n<li>Alimente vegane \u0219i func\u021bionale<\/li>\n\n\n\n<li>Produse de patiserie, paste f\u0103inoase, produse instant<\/li>\n<\/ul>\n","protected":false},"excerpt":{"rendered":"<p>Protein\u0103 de maz\u0103re cu ridicata de la NutriPartners &#8211; un furnizor european de proteine naturale pe baz\u0103 de plante pentru industria alimentar\u0103, dietetic\u0103 \u0219i de nutri\u021bie sportiv\u0103<\/p>\n","protected":false},"featured_media":0,"template":"","product-category":[179,182],"class_list":["post-2065","product","type-product","status-publish","hentry","product-category-pe-baza-de-plante","product-category-proteine-ro"],"acf":[],"yoast_head":"<!-- This site is optimized with the Yoast SEO Premium plugin v25.0 (Yoast SEO v26.6) - https:\/\/yoast.com\/wordpress\/plugins\/seo\/ -->\n<title>Protein\u0103 de maz\u0103re - Nutri Partners<\/title>\n<meta name=\"description\" content=\"Protein\u0103 de maz\u0103re cu ridicata de la NutriPartners - un furnizor european de proteine naturale pe baz\u0103 de plante pentru industria alimentar\u0103, dietetic\u0103 \u0219i de nutri\u021bie sportiv\u0103\" \/>\n<meta name=\"robots\" content=\"index, follow, max-snippet:-1, max-image-preview:large, max-video-preview:-1\" \/>\n<link rel=\"canonical\" href=\"https:\/\/nutripartners.co\/ro\/product-supplier\/proteina-de-mazare\" \/>\n<meta property=\"og:locale\" content=\"ro_RO\" \/>\n<meta property=\"og:type\" content=\"article\" \/>\n<meta property=\"og:title\" content=\"Protein\u0103 de maz\u0103re\" \/>\n<meta property=\"og:description\" content=\"Protein\u0103 de maz\u0103re cu ridicata de la NutriPartners - un furnizor european de proteine naturale pe baz\u0103 de plante pentru industria alimentar\u0103, dietetic\u0103 \u0219i de nutri\u021bie sportiv\u0103\" \/>\n<meta property=\"og:url\" content=\"https:\/\/nutripartners.co\/ro\/product-supplier\/proteina-de-mazare\" \/>\n<meta property=\"og:site_name\" content=\"Nutri Partners\" \/>\n<meta property=\"article:modified_time\" content=\"2026-01-23T09:07:25+00:00\" \/>\n<meta property=\"og:image\" content=\"https:\/\/nutripartners.co\/wp-content\/uploads\/2025\/03\/ogimage.webp\" \/>\n\t<meta property=\"og:image:width\" content=\"1200\" \/>\n\t<meta property=\"og:image:height\" content=\"600\" \/>\n\t<meta property=\"og:image:type\" content=\"image\/webp\" \/>\n<meta name=\"twitter:card\" content=\"summary_large_image\" \/>\n<script type=\"application\/ld+json\" class=\"yoast-schema-graph\">{\"@context\":\"https:\/\/schema.org\",\"@graph\":[{\"@type\":\"WebPage\",\"@id\":\"https:\/\/nutripartners.co\/ro\/product-supplier\/proteina-de-mazare\",\"url\":\"https:\/\/nutripartners.co\/ro\/product-supplier\/proteina-de-mazare\",\"name\":\"Protein\u0103 de maz\u0103re - Nutri Partners\",\"isPartOf\":{\"@id\":\"https:\/\/nutripartners.co\/ro#website\"},\"datePublished\":\"2025-03-11T13:48:56+00:00\",\"dateModified\":\"2026-01-23T09:07:25+00:00\",\"description\":\"Protein\u0103 de maz\u0103re cu ridicata de la NutriPartners - un furnizor european de proteine naturale pe baz\u0103 de plante pentru industria alimentar\u0103, dietetic\u0103 \u0219i de nutri\u021bie sportiv\u0103\",\"breadcrumb\":{\"@id\":\"https:\/\/nutripartners.co\/ro\/product-supplier\/proteina-de-mazare#breadcrumb\"},\"inLanguage\":\"ro-RO\",\"potentialAction\":[{\"@type\":\"ReadAction\",\"target\":[\"https:\/\/nutripartners.co\/ro\/product-supplier\/proteina-de-mazare\"]}]},{\"@type\":\"BreadcrumbList\",\"@id\":\"https:\/\/nutripartners.co\/ro\/product-supplier\/proteina-de-mazare#breadcrumb\",\"itemListElement\":[{\"@type\":\"ListItem\",\"position\":1,\"name\":\"Home\",\"item\":\"https:\/\/nutripartners.co\/ro\"},{\"@type\":\"ListItem\",\"position\":2,\"name\":\"Products\",\"item\":\"https:\/\/nutripartners.co\/ro\/product-category\"},{\"@type\":\"ListItem\",\"position\":3,\"name\":\"Pe baz\u0103 de plante\",\"item\":\"https:\/\/nutripartners.co\/ro\/categorie-produs\/pe-baza-de-plante\"},{\"@type\":\"ListItem\",\"position\":4,\"name\":\"Proteine\",\"item\":\"https:\/\/nutripartners.co\/ro\/categorie-produs\/pe-baza-de-plante\/proteine-ro\"},{\"@type\":\"ListItem\",\"position\":5,\"name\":\"Protein\u0103 de maz\u0103re\"}]},{\"@type\":\"WebSite\",\"@id\":\"https:\/\/nutripartners.co\/ro#website\",\"url\":\"https:\/\/nutripartners.co\/ro\",\"name\":\"Nutri Partners\",\"description\":\"Raw materials distributor\",\"publisher\":{\"@id\":\"https:\/\/nutripartners.co\/ro#organization\"},\"potentialAction\":[{\"@type\":\"SearchAction\",\"target\":{\"@type\":\"EntryPoint\",\"urlTemplate\":\"https:\/\/nutripartners.co\/ro?s={search_term_string}\"},\"query-input\":{\"@type\":\"PropertyValueSpecification\",\"valueRequired\":true,\"valueName\":\"search_term_string\"}}],\"inLanguage\":\"ro-RO\"},{\"@type\":\"Organization\",\"@id\":\"https:\/\/nutripartners.co\/ro#organization\",\"name\":\"Nutri Partners\",\"url\":\"https:\/\/nutripartners.co\/ro\",\"logo\":{\"@type\":\"ImageObject\",\"inLanguage\":\"ro-RO\",\"@id\":\"https:\/\/nutripartners.co\/ro#\/schema\/logo\/image\/\",\"url\":\"https:\/\/nutripartners.co\/wp-content\/uploads\/2025\/03\/logo-light.svg\",\"contentUrl\":\"https:\/\/nutripartners.co\/wp-content\/uploads\/2025\/03\/logo-light.svg\",\"width\":1,\"height\":1,\"caption\":\"Nutri Partners\"},\"image\":{\"@id\":\"https:\/\/nutripartners.co\/ro#\/schema\/logo\/image\/\"},\"sameAs\":[\"https:\/\/www.instagram.com\/_nutripartners_\/\",\"https:\/\/www.linkedin.com\/company\/106882083\"]}]}<\/script>\n<!-- \/ Yoast SEO Premium plugin. -->","yoast_head_json":{"title":"Protein\u0103 de maz\u0103re - Nutri Partners","description":"Protein\u0103 de maz\u0103re cu ridicata de la NutriPartners - un furnizor european de proteine naturale pe baz\u0103 de plante pentru industria alimentar\u0103, dietetic\u0103 \u0219i de nutri\u021bie sportiv\u0103","robots":{"index":"index","follow":"follow","max-snippet":"max-snippet:-1","max-image-preview":"max-image-preview:large","max-video-preview":"max-video-preview:-1"},"canonical":"https:\/\/nutripartners.co\/ro\/product-supplier\/proteina-de-mazare","og_locale":"ro_RO","og_type":"article","og_title":"Protein\u0103 de maz\u0103re","og_description":"Protein\u0103 de maz\u0103re cu ridicata de la NutriPartners - un furnizor european de proteine naturale pe baz\u0103 de plante pentru industria alimentar\u0103, dietetic\u0103 \u0219i de nutri\u021bie sportiv\u0103","og_url":"https:\/\/nutripartners.co\/ro\/product-supplier\/proteina-de-mazare","og_site_name":"Nutri Partners","article_modified_time":"2026-01-23T09:07:25+00:00","og_image":[{"width":1200,"height":600,"url":"https:\/\/nutripartners.co\/wp-content\/uploads\/2025\/03\/ogimage.webp","type":"image\/webp"}],"twitter_card":"summary_large_image","schema":{"@context":"https:\/\/schema.org","@graph":[{"@type":"WebPage","@id":"https:\/\/nutripartners.co\/ro\/product-supplier\/proteina-de-mazare","url":"https:\/\/nutripartners.co\/ro\/product-supplier\/proteina-de-mazare","name":"Protein\u0103 de maz\u0103re - Nutri Partners","isPartOf":{"@id":"https:\/\/nutripartners.co\/ro#website"},"datePublished":"2025-03-11T13:48:56+00:00","dateModified":"2026-01-23T09:07:25+00:00","description":"Protein\u0103 de maz\u0103re cu ridicata de la NutriPartners - un furnizor european de proteine naturale pe baz\u0103 de plante pentru industria alimentar\u0103, dietetic\u0103 \u0219i de nutri\u021bie sportiv\u0103","breadcrumb":{"@id":"https:\/\/nutripartners.co\/ro\/product-supplier\/proteina-de-mazare#breadcrumb"},"inLanguage":"ro-RO","potentialAction":[{"@type":"ReadAction","target":["https:\/\/nutripartners.co\/ro\/product-supplier\/proteina-de-mazare"]}]},{"@type":"BreadcrumbList","@id":"https:\/\/nutripartners.co\/ro\/product-supplier\/proteina-de-mazare#breadcrumb","itemListElement":[{"@type":"ListItem","position":1,"name":"Home","item":"https:\/\/nutripartners.co\/ro"},{"@type":"ListItem","position":2,"name":"Products","item":"https:\/\/nutripartners.co\/ro\/product-category"},{"@type":"ListItem","position":3,"name":"Pe baz\u0103 de plante","item":"https:\/\/nutripartners.co\/ro\/categorie-produs\/pe-baza-de-plante"},{"@type":"ListItem","position":4,"name":"Proteine","item":"https:\/\/nutripartners.co\/ro\/categorie-produs\/pe-baza-de-plante\/proteine-ro"},{"@type":"ListItem","position":5,"name":"Protein\u0103 de maz\u0103re"}]},{"@type":"WebSite","@id":"https:\/\/nutripartners.co\/ro#website","url":"https:\/\/nutripartners.co\/ro","name":"Nutri Partners","description":"Raw materials distributor","publisher":{"@id":"https:\/\/nutripartners.co\/ro#organization"},"potentialAction":[{"@type":"SearchAction","target":{"@type":"EntryPoint","urlTemplate":"https:\/\/nutripartners.co\/ro?s={search_term_string}"},"query-input":{"@type":"PropertyValueSpecification","valueRequired":true,"valueName":"search_term_string"}}],"inLanguage":"ro-RO"},{"@type":"Organization","@id":"https:\/\/nutripartners.co\/ro#organization","name":"Nutri Partners","url":"https:\/\/nutripartners.co\/ro","logo":{"@type":"ImageObject","inLanguage":"ro-RO","@id":"https:\/\/nutripartners.co\/ro#\/schema\/logo\/image\/","url":"https:\/\/nutripartners.co\/wp-content\/uploads\/2025\/03\/logo-light.svg","contentUrl":"https:\/\/nutripartners.co\/wp-content\/uploads\/2025\/03\/logo-light.svg","width":1,"height":1,"caption":"Nutri Partners"},"image":{"@id":"https:\/\/nutripartners.co\/ro#\/schema\/logo\/image\/"},"sameAs":["https:\/\/www.instagram.com\/_nutripartners_\/","https:\/\/www.linkedin.com\/company\/106882083"]}]}},"_links":{"self":[{"href":"https:\/\/nutripartners.co\/ro\/wp-json\/wp\/v2\/product\/2065","targetHints":{"allow":["GET"]}}],"collection":[{"href":"https:\/\/nutripartners.co\/ro\/wp-json\/wp\/v2\/product"}],"about":[{"href":"https:\/\/nutripartners.co\/ro\/wp-json\/wp\/v2\/types\/product"}],"wp:attachment":[{"href":"https:\/\/nutripartners.co\/ro\/wp-json\/wp\/v2\/media?parent=2065"}],"wp:term":[{"taxonomy":"product-category","embeddable":true,"href":"https:\/\/nutripartners.co\/ro\/wp-json\/wp\/v2\/product-category?post=2065"}],"curies":[{"name":"wp","href":"https:\/\/api.w.org\/{rel}","templated":true}]}}