{"id":2072,"date":"2025-03-11T14:48:45","date_gmt":"2025-03-11T13:48:45","guid":{"rendered":"https:\/\/nutripartners.co\/product-supplier\/proteina-izolata-din-zer"},"modified":"2026-01-23T10:06:47","modified_gmt":"2026-01-23T09:06:47","slug":"proteina-izolata-din-zer","status":"publish","type":"product","link":"https:\/\/nutripartners.co\/ro\/product-supplier\/proteina-izolata-din-zer","title":{"rendered":"Protein\u0103 izolat\u0103 din zer"},"content":{"rendered":"\n<h2 class=\"wp-block-heading\" id=\"h-product-description\">Descrierea produsului<\/h2>\n\n<p>Izolatul de proteine din zer este o pudr\u0103 din lapte de \u00eenalt\u0103 calitate conceput\u0103 pentru produc\u021bia de alimente func\u021bionale, suplimente alimentare \u0219i nutri\u021bie sportiv\u0103. Oferim materii prime cu con\u021binut de proteine \u0219i niveluri de solubilitate diferite, adaptate diferitelor aplica\u021bii. <\/p>\n\n<h2 class=\"wp-block-heading\" id=\"h-key-features\">Caracteristici principale<\/h2>\n\n<ul class=\"wp-block-list\">\n<li>Con\u021binutul de proteine: variaz\u0103 \u00een func\u021bie de produs (35-90%)<\/li>\n\n\n\n<li>Forma: pulbere (standard sau instant)<\/li>\n\n\n\n<li>Gust neutru, biodisponibilitate ridicat\u0103<\/li>\n\n\n\n<li>Ambalare: saci de 20-25 kg<\/li>\n<\/ul>\n\n<h2 class=\"wp-block-heading\" id=\"h-applications\">Aplica\u021bii<\/h2>\n\n<ul class=\"wp-block-list\">\n<li>Pulberi \u0219i shake-uri proteice<\/li>\n\n\n\n<li>Alimente bogate \u00een proteine (batoane, iaurturi, b\u0103uturi)<\/li>\n\n\n\n<li>Produse pentru sportivi, copii \u0219i v\u00e2rstnici<\/li>\n\n\n\n<li>Produse de panifica\u021bie \u0219i dietetice \u00eembog\u0103\u021bite cu proteine<\/li>\n<\/ul>\n","protected":false},"excerpt":{"rendered":"<p>Whey Protein Isolate disponibil pentru v\u00e2nzare cu ridicata de la NutriPartners &#8211; un furnizor european de ingrediente pe baz\u0103 de lapte pentru industria alimentar\u0103, nutri\u021bional\u0103 \u0219i sportiv\u0103.<\/p>\n","protected":false},"featured_media":0,"template":"","product-category":[184,186],"class_list":["post-2072","product","type-product","status-publish","hentry","product-category-lactate","product-category-pudre-de-zer"],"acf":[],"yoast_head":"<!-- This site is optimized with the Yoast SEO Premium plugin v25.0 (Yoast SEO v26.6) - https:\/\/yoast.com\/wordpress\/plugins\/seo\/ -->\n<title>Protein\u0103 izolat\u0103 din zer - Nutri Partners<\/title>\n<meta name=\"description\" content=\"Whey Protein Isolate disponibil pentru v\u00e2nzare cu ridicata de la NutriPartners - un furnizor european de ingrediente pe baz\u0103 de lapte pentru industria alimentar\u0103, nutri\u021bional\u0103 \u0219i sportiv\u0103.\" \/>\n<meta name=\"robots\" content=\"index, follow, max-snippet:-1, max-image-preview:large, max-video-preview:-1\" \/>\n<link rel=\"canonical\" href=\"https:\/\/nutripartners.co\/ro\/product-supplier\/proteina-izolata-din-zer\" \/>\n<meta property=\"og:locale\" content=\"ro_RO\" \/>\n<meta property=\"og:type\" content=\"article\" \/>\n<meta property=\"og:title\" content=\"Protein\u0103 izolat\u0103 din zer\" \/>\n<meta property=\"og:description\" content=\"Whey Protein Isolate disponibil pentru v\u00e2nzare cu ridicata de la NutriPartners - un furnizor european de ingrediente pe baz\u0103 de lapte pentru industria alimentar\u0103, nutri\u021bional\u0103 \u0219i sportiv\u0103.\" \/>\n<meta property=\"og:url\" content=\"https:\/\/nutripartners.co\/ro\/product-supplier\/proteina-izolata-din-zer\" \/>\n<meta property=\"og:site_name\" content=\"Nutri Partners\" \/>\n<meta property=\"article:modified_time\" content=\"2026-01-23T09:06:47+00:00\" \/>\n<meta property=\"og:image\" content=\"https:\/\/nutripartners.co\/wp-content\/uploads\/2025\/03\/ogimage.webp\" \/>\n\t<meta property=\"og:image:width\" content=\"1200\" \/>\n\t<meta property=\"og:image:height\" content=\"600\" \/>\n\t<meta property=\"og:image:type\" content=\"image\/webp\" \/>\n<meta name=\"twitter:card\" content=\"summary_large_image\" \/>\n<meta name=\"twitter:label1\" content=\"Timp estimat pentru citire\" \/>\n\t<meta name=\"twitter:data1\" content=\"1 minut\" \/>\n<script type=\"application\/ld+json\" class=\"yoast-schema-graph\">{\"@context\":\"https:\/\/schema.org\",\"@graph\":[{\"@type\":\"WebPage\",\"@id\":\"https:\/\/nutripartners.co\/ro\/product-supplier\/proteina-izolata-din-zer\",\"url\":\"https:\/\/nutripartners.co\/ro\/product-supplier\/proteina-izolata-din-zer\",\"name\":\"Protein\u0103 izolat\u0103 din zer - Nutri Partners\",\"isPartOf\":{\"@id\":\"https:\/\/nutripartners.co\/ro#website\"},\"datePublished\":\"2025-03-11T13:48:45+00:00\",\"dateModified\":\"2026-01-23T09:06:47+00:00\",\"description\":\"Whey Protein Isolate disponibil pentru v\u00e2nzare cu ridicata de la NutriPartners - un furnizor european de ingrediente pe baz\u0103 de lapte pentru industria alimentar\u0103, nutri\u021bional\u0103 \u0219i sportiv\u0103.\",\"breadcrumb\":{\"@id\":\"https:\/\/nutripartners.co\/ro\/product-supplier\/proteina-izolata-din-zer#breadcrumb\"},\"inLanguage\":\"ro-RO\",\"potentialAction\":[{\"@type\":\"ReadAction\",\"target\":[\"https:\/\/nutripartners.co\/ro\/product-supplier\/proteina-izolata-din-zer\"]}]},{\"@type\":\"BreadcrumbList\",\"@id\":\"https:\/\/nutripartners.co\/ro\/product-supplier\/proteina-izolata-din-zer#breadcrumb\",\"itemListElement\":[{\"@type\":\"ListItem\",\"position\":1,\"name\":\"Home\",\"item\":\"https:\/\/nutripartners.co\/ro\"},{\"@type\":\"ListItem\",\"position\":2,\"name\":\"Products\",\"item\":\"https:\/\/nutripartners.co\/ro\/product-category\"},{\"@type\":\"ListItem\",\"position\":3,\"name\":\"Lactate\",\"item\":\"https:\/\/nutripartners.co\/ro\/categorie-produs\/lactate\"},{\"@type\":\"ListItem\",\"position\":4,\"name\":\"Pudre de zer\",\"item\":\"https:\/\/nutripartners.co\/ro\/categorie-produs\/lactate\/pudre-de-zer\"},{\"@type\":\"ListItem\",\"position\":5,\"name\":\"Protein\u0103 izolat\u0103 din zer\"}]},{\"@type\":\"WebSite\",\"@id\":\"https:\/\/nutripartners.co\/ro#website\",\"url\":\"https:\/\/nutripartners.co\/ro\",\"name\":\"Nutri Partners\",\"description\":\"Raw materials distributor\",\"publisher\":{\"@id\":\"https:\/\/nutripartners.co\/ro#organization\"},\"potentialAction\":[{\"@type\":\"SearchAction\",\"target\":{\"@type\":\"EntryPoint\",\"urlTemplate\":\"https:\/\/nutripartners.co\/ro?s={search_term_string}\"},\"query-input\":{\"@type\":\"PropertyValueSpecification\",\"valueRequired\":true,\"valueName\":\"search_term_string\"}}],\"inLanguage\":\"ro-RO\"},{\"@type\":\"Organization\",\"@id\":\"https:\/\/nutripartners.co\/ro#organization\",\"name\":\"Nutri Partners\",\"url\":\"https:\/\/nutripartners.co\/ro\",\"logo\":{\"@type\":\"ImageObject\",\"inLanguage\":\"ro-RO\",\"@id\":\"https:\/\/nutripartners.co\/ro#\/schema\/logo\/image\/\",\"url\":\"https:\/\/nutripartners.co\/wp-content\/uploads\/2025\/03\/logo-light.svg\",\"contentUrl\":\"https:\/\/nutripartners.co\/wp-content\/uploads\/2025\/03\/logo-light.svg\",\"width\":1,\"height\":1,\"caption\":\"Nutri Partners\"},\"image\":{\"@id\":\"https:\/\/nutripartners.co\/ro#\/schema\/logo\/image\/\"},\"sameAs\":[\"https:\/\/www.instagram.com\/_nutripartners_\/\",\"https:\/\/www.linkedin.com\/company\/106882083\"]}]}<\/script>\n<!-- \/ Yoast SEO Premium plugin. -->","yoast_head_json":{"title":"Protein\u0103 izolat\u0103 din zer - Nutri Partners","description":"Whey Protein Isolate disponibil pentru v\u00e2nzare cu ridicata de la NutriPartners - un furnizor european de ingrediente pe baz\u0103 de lapte pentru industria alimentar\u0103, nutri\u021bional\u0103 \u0219i sportiv\u0103.","robots":{"index":"index","follow":"follow","max-snippet":"max-snippet:-1","max-image-preview":"max-image-preview:large","max-video-preview":"max-video-preview:-1"},"canonical":"https:\/\/nutripartners.co\/ro\/product-supplier\/proteina-izolata-din-zer","og_locale":"ro_RO","og_type":"article","og_title":"Protein\u0103 izolat\u0103 din zer","og_description":"Whey Protein Isolate disponibil pentru v\u00e2nzare cu ridicata de la NutriPartners - un furnizor european de ingrediente pe baz\u0103 de lapte pentru industria alimentar\u0103, nutri\u021bional\u0103 \u0219i sportiv\u0103.","og_url":"https:\/\/nutripartners.co\/ro\/product-supplier\/proteina-izolata-din-zer","og_site_name":"Nutri Partners","article_modified_time":"2026-01-23T09:06:47+00:00","og_image":[{"width":1200,"height":600,"url":"https:\/\/nutripartners.co\/wp-content\/uploads\/2025\/03\/ogimage.webp","type":"image\/webp"}],"twitter_card":"summary_large_image","twitter_misc":{"Timp estimat pentru citire":"1 minut"},"schema":{"@context":"https:\/\/schema.org","@graph":[{"@type":"WebPage","@id":"https:\/\/nutripartners.co\/ro\/product-supplier\/proteina-izolata-din-zer","url":"https:\/\/nutripartners.co\/ro\/product-supplier\/proteina-izolata-din-zer","name":"Protein\u0103 izolat\u0103 din zer - Nutri Partners","isPartOf":{"@id":"https:\/\/nutripartners.co\/ro#website"},"datePublished":"2025-03-11T13:48:45+00:00","dateModified":"2026-01-23T09:06:47+00:00","description":"Whey Protein Isolate disponibil pentru v\u00e2nzare cu ridicata de la NutriPartners - un furnizor european de ingrediente pe baz\u0103 de lapte pentru industria alimentar\u0103, nutri\u021bional\u0103 \u0219i sportiv\u0103.","breadcrumb":{"@id":"https:\/\/nutripartners.co\/ro\/product-supplier\/proteina-izolata-din-zer#breadcrumb"},"inLanguage":"ro-RO","potentialAction":[{"@type":"ReadAction","target":["https:\/\/nutripartners.co\/ro\/product-supplier\/proteina-izolata-din-zer"]}]},{"@type":"BreadcrumbList","@id":"https:\/\/nutripartners.co\/ro\/product-supplier\/proteina-izolata-din-zer#breadcrumb","itemListElement":[{"@type":"ListItem","position":1,"name":"Home","item":"https:\/\/nutripartners.co\/ro"},{"@type":"ListItem","position":2,"name":"Products","item":"https:\/\/nutripartners.co\/ro\/product-category"},{"@type":"ListItem","position":3,"name":"Lactate","item":"https:\/\/nutripartners.co\/ro\/categorie-produs\/lactate"},{"@type":"ListItem","position":4,"name":"Pudre de zer","item":"https:\/\/nutripartners.co\/ro\/categorie-produs\/lactate\/pudre-de-zer"},{"@type":"ListItem","position":5,"name":"Protein\u0103 izolat\u0103 din zer"}]},{"@type":"WebSite","@id":"https:\/\/nutripartners.co\/ro#website","url":"https:\/\/nutripartners.co\/ro","name":"Nutri Partners","description":"Raw materials distributor","publisher":{"@id":"https:\/\/nutripartners.co\/ro#organization"},"potentialAction":[{"@type":"SearchAction","target":{"@type":"EntryPoint","urlTemplate":"https:\/\/nutripartners.co\/ro?s={search_term_string}"},"query-input":{"@type":"PropertyValueSpecification","valueRequired":true,"valueName":"search_term_string"}}],"inLanguage":"ro-RO"},{"@type":"Organization","@id":"https:\/\/nutripartners.co\/ro#organization","name":"Nutri Partners","url":"https:\/\/nutripartners.co\/ro","logo":{"@type":"ImageObject","inLanguage":"ro-RO","@id":"https:\/\/nutripartners.co\/ro#\/schema\/logo\/image\/","url":"https:\/\/nutripartners.co\/wp-content\/uploads\/2025\/03\/logo-light.svg","contentUrl":"https:\/\/nutripartners.co\/wp-content\/uploads\/2025\/03\/logo-light.svg","width":1,"height":1,"caption":"Nutri Partners"},"image":{"@id":"https:\/\/nutripartners.co\/ro#\/schema\/logo\/image\/"},"sameAs":["https:\/\/www.instagram.com\/_nutripartners_\/","https:\/\/www.linkedin.com\/company\/106882083"]}]}},"_links":{"self":[{"href":"https:\/\/nutripartners.co\/ro\/wp-json\/wp\/v2\/product\/2072","targetHints":{"allow":["GET"]}}],"collection":[{"href":"https:\/\/nutripartners.co\/ro\/wp-json\/wp\/v2\/product"}],"about":[{"href":"https:\/\/nutripartners.co\/ro\/wp-json\/wp\/v2\/types\/product"}],"wp:attachment":[{"href":"https:\/\/nutripartners.co\/ro\/wp-json\/wp\/v2\/media?parent=2072"}],"wp:term":[{"taxonomy":"product-category","embeddable":true,"href":"https:\/\/nutripartners.co\/ro\/wp-json\/wp\/v2\/product-category?post=2072"}],"curies":[{"name":"wp","href":"https:\/\/api.w.org\/{rel}","templated":true}]}}