{"id":2103,"date":"2025-03-11T14:48:45","date_gmt":"2025-03-11T13:48:45","guid":{"rendered":"https:\/\/nutripartners.co\/product-supplier\/acerola"},"modified":"2026-01-23T10:06:58","modified_gmt":"2026-01-23T09:06:58","slug":"acerola","status":"publish","type":"product","link":"https:\/\/nutripartners.co\/ro\/product-supplier\/acerola","title":{"rendered":"Acerola"},"content":{"rendered":"\n<h2 class=\"wp-block-heading\" id=\"h-product-description\">Descrierea produsului<\/h2>\n\n<p>Acerola este un extract pe baz\u0103 de plante cunoscut pentru propriet\u0103\u021bile sale de promovare a s\u0103n\u0103t\u0103\u021bii. Disponibil \u00een diferite standardiz\u0103ri \u0219i forme (pulbere, extract uscat, lichid), potrivit pentru industria suplimentelor, cosmetic\u0103 \u0219i farmaceutic\u0103. <\/p>\n\n<h2 class=\"wp-block-heading\" id=\"h-key-features\">Caracteristici principale<\/h2>\n\n<ul class=\"wp-block-list\">\n<li>Standardizate pentru ingrediente active (de exemplu, polifenoli, saponine)<\/li>\n\n\n\n<li>\u00cen conformitate cu reglement\u0103rile UE \u0219i EFSA<\/li>\n\n\n\n<li>NON-GMO, f\u0103r\u0103 gluten, vegan<\/li>\n\n\n\n<li>Ambalare: 1-25 kg<\/li>\n<\/ul>\n\n<h2 class=\"wp-block-heading\" id=\"h-applications\">Aplica\u021bii<\/h2>\n\n<ul class=\"wp-block-list\">\n<li>Suplimente alimentare (capsule, tablete, pulberi)<\/li>\n\n\n\n<li>Produse naturale \u0219i dermocosmetice<\/li>\n\n\n\n<li>Alimente func\u021bionale \u0219i nutraceutice<\/li>\n\n\n\n<li>Produse care sus\u021bin imunitatea, concentrarea, digestia etc.<\/li>\n<\/ul>\n","protected":false},"excerpt":{"rendered":"<p>Comer\u021b cu ridicata cu Acerola de la NutriPartners &#8211; un furnizor european de extracte naturale de plante pentru suplimente, cosmetice \u0219i aplica\u021bii func\u021bionale.<\/p>\n","protected":false},"featured_media":0,"template":"","product-category":[181,179],"class_list":["post-2103","product","type-product","status-publish","hentry","product-category-extracte-de-plante-ro","product-category-pe-baza-de-plante"],"acf":[],"yoast_head":"<!-- This site is optimized with the Yoast SEO Premium plugin v25.0 (Yoast SEO v26.6) - https:\/\/yoast.com\/wordpress\/plugins\/seo\/ -->\n<title>Acerola - Furnizor extract de plante | Nutri Partners<\/title>\n<meta name=\"description\" content=\"Comer\u021b cu ridicata cu Acerola de la NutriPartners - un furnizor european de extracte naturale de plante pentru suplimente, cosmetice \u0219i aplica\u021bii func\u021bionale.\" \/>\n<meta name=\"robots\" content=\"index, follow, max-snippet:-1, max-image-preview:large, max-video-preview:-1\" \/>\n<link rel=\"canonical\" href=\"https:\/\/nutripartners.co\/ro\/product-supplier\/acerola\" \/>\n<meta property=\"og:locale\" content=\"ro_RO\" \/>\n<meta property=\"og:type\" content=\"article\" \/>\n<meta property=\"og:title\" content=\"Acerola\" \/>\n<meta property=\"og:description\" content=\"Comer\u021b cu ridicata cu Acerola de la NutriPartners - un furnizor european de extracte naturale de plante pentru suplimente, cosmetice \u0219i aplica\u021bii func\u021bionale.\" \/>\n<meta property=\"og:url\" content=\"https:\/\/nutripartners.co\/ro\/product-supplier\/acerola\" \/>\n<meta property=\"og:site_name\" content=\"Nutri Partners\" \/>\n<meta property=\"article:modified_time\" content=\"2026-01-23T09:06:58+00:00\" \/>\n<meta property=\"og:image\" content=\"https:\/\/nutripartners.co\/wp-content\/uploads\/2025\/03\/ogimage.webp\" \/>\n\t<meta property=\"og:image:width\" content=\"1200\" \/>\n\t<meta property=\"og:image:height\" content=\"600\" \/>\n\t<meta property=\"og:image:type\" content=\"image\/webp\" \/>\n<meta name=\"twitter:card\" content=\"summary_large_image\" \/>\n<script type=\"application\/ld+json\" class=\"yoast-schema-graph\">{\"@context\":\"https:\/\/schema.org\",\"@graph\":[{\"@type\":\"WebPage\",\"@id\":\"https:\/\/nutripartners.co\/ro\/product-supplier\/acerola\",\"url\":\"https:\/\/nutripartners.co\/ro\/product-supplier\/acerola\",\"name\":\"Acerola - Furnizor extract de plante | Nutri Partners\",\"isPartOf\":{\"@id\":\"https:\/\/nutripartners.co\/ro#website\"},\"datePublished\":\"2025-03-11T13:48:45+00:00\",\"dateModified\":\"2026-01-23T09:06:58+00:00\",\"description\":\"Comer\u021b cu ridicata cu Acerola de la NutriPartners - un furnizor european de extracte naturale de plante pentru suplimente, cosmetice \u0219i aplica\u021bii func\u021bionale.\",\"breadcrumb\":{\"@id\":\"https:\/\/nutripartners.co\/ro\/product-supplier\/acerola#breadcrumb\"},\"inLanguage\":\"ro-RO\",\"potentialAction\":[{\"@type\":\"ReadAction\",\"target\":[\"https:\/\/nutripartners.co\/ro\/product-supplier\/acerola\"]}]},{\"@type\":\"BreadcrumbList\",\"@id\":\"https:\/\/nutripartners.co\/ro\/product-supplier\/acerola#breadcrumb\",\"itemListElement\":[{\"@type\":\"ListItem\",\"position\":1,\"name\":\"Home\",\"item\":\"https:\/\/nutripartners.co\/ro\"},{\"@type\":\"ListItem\",\"position\":2,\"name\":\"Products\",\"item\":\"https:\/\/nutripartners.co\/ro\/product-category\"},{\"@type\":\"ListItem\",\"position\":3,\"name\":\"Pe baz\u0103 de plante\",\"item\":\"https:\/\/nutripartners.co\/ro\/categorie-produs\/pe-baza-de-plante\"},{\"@type\":\"ListItem\",\"position\":4,\"name\":\"Extracte de plante\",\"item\":\"https:\/\/nutripartners.co\/ro\/categorie-produs\/pe-baza-de-plante\/extracte-de-plante-ro\"},{\"@type\":\"ListItem\",\"position\":5,\"name\":\"Acerola\"}]},{\"@type\":\"WebSite\",\"@id\":\"https:\/\/nutripartners.co\/ro#website\",\"url\":\"https:\/\/nutripartners.co\/ro\",\"name\":\"Nutri Partners\",\"description\":\"Raw materials distributor\",\"publisher\":{\"@id\":\"https:\/\/nutripartners.co\/ro#organization\"},\"potentialAction\":[{\"@type\":\"SearchAction\",\"target\":{\"@type\":\"EntryPoint\",\"urlTemplate\":\"https:\/\/nutripartners.co\/ro?s={search_term_string}\"},\"query-input\":{\"@type\":\"PropertyValueSpecification\",\"valueRequired\":true,\"valueName\":\"search_term_string\"}}],\"inLanguage\":\"ro-RO\"},{\"@type\":\"Organization\",\"@id\":\"https:\/\/nutripartners.co\/ro#organization\",\"name\":\"Nutri Partners\",\"url\":\"https:\/\/nutripartners.co\/ro\",\"logo\":{\"@type\":\"ImageObject\",\"inLanguage\":\"ro-RO\",\"@id\":\"https:\/\/nutripartners.co\/ro#\/schema\/logo\/image\/\",\"url\":\"https:\/\/nutripartners.co\/wp-content\/uploads\/2025\/03\/logo-light.svg\",\"contentUrl\":\"https:\/\/nutripartners.co\/wp-content\/uploads\/2025\/03\/logo-light.svg\",\"width\":1,\"height\":1,\"caption\":\"Nutri Partners\"},\"image\":{\"@id\":\"https:\/\/nutripartners.co\/ro#\/schema\/logo\/image\/\"},\"sameAs\":[\"https:\/\/www.instagram.com\/_nutripartners_\/\",\"https:\/\/www.linkedin.com\/company\/106882083\"]}]}<\/script>\n<!-- \/ Yoast SEO Premium plugin. -->","yoast_head_json":{"title":"Acerola - Furnizor extract de plante | Nutri Partners","description":"Comer\u021b cu ridicata cu Acerola de la NutriPartners - un furnizor european de extracte naturale de plante pentru suplimente, cosmetice \u0219i aplica\u021bii func\u021bionale.","robots":{"index":"index","follow":"follow","max-snippet":"max-snippet:-1","max-image-preview":"max-image-preview:large","max-video-preview":"max-video-preview:-1"},"canonical":"https:\/\/nutripartners.co\/ro\/product-supplier\/acerola","og_locale":"ro_RO","og_type":"article","og_title":"Acerola","og_description":"Comer\u021b cu ridicata cu Acerola de la NutriPartners - un furnizor european de extracte naturale de plante pentru suplimente, cosmetice \u0219i aplica\u021bii func\u021bionale.","og_url":"https:\/\/nutripartners.co\/ro\/product-supplier\/acerola","og_site_name":"Nutri Partners","article_modified_time":"2026-01-23T09:06:58+00:00","og_image":[{"width":1200,"height":600,"url":"https:\/\/nutripartners.co\/wp-content\/uploads\/2025\/03\/ogimage.webp","type":"image\/webp"}],"twitter_card":"summary_large_image","schema":{"@context":"https:\/\/schema.org","@graph":[{"@type":"WebPage","@id":"https:\/\/nutripartners.co\/ro\/product-supplier\/acerola","url":"https:\/\/nutripartners.co\/ro\/product-supplier\/acerola","name":"Acerola - Furnizor extract de plante | Nutri Partners","isPartOf":{"@id":"https:\/\/nutripartners.co\/ro#website"},"datePublished":"2025-03-11T13:48:45+00:00","dateModified":"2026-01-23T09:06:58+00:00","description":"Comer\u021b cu ridicata cu Acerola de la NutriPartners - un furnizor european de extracte naturale de plante pentru suplimente, cosmetice \u0219i aplica\u021bii func\u021bionale.","breadcrumb":{"@id":"https:\/\/nutripartners.co\/ro\/product-supplier\/acerola#breadcrumb"},"inLanguage":"ro-RO","potentialAction":[{"@type":"ReadAction","target":["https:\/\/nutripartners.co\/ro\/product-supplier\/acerola"]}]},{"@type":"BreadcrumbList","@id":"https:\/\/nutripartners.co\/ro\/product-supplier\/acerola#breadcrumb","itemListElement":[{"@type":"ListItem","position":1,"name":"Home","item":"https:\/\/nutripartners.co\/ro"},{"@type":"ListItem","position":2,"name":"Products","item":"https:\/\/nutripartners.co\/ro\/product-category"},{"@type":"ListItem","position":3,"name":"Pe baz\u0103 de plante","item":"https:\/\/nutripartners.co\/ro\/categorie-produs\/pe-baza-de-plante"},{"@type":"ListItem","position":4,"name":"Extracte de plante","item":"https:\/\/nutripartners.co\/ro\/categorie-produs\/pe-baza-de-plante\/extracte-de-plante-ro"},{"@type":"ListItem","position":5,"name":"Acerola"}]},{"@type":"WebSite","@id":"https:\/\/nutripartners.co\/ro#website","url":"https:\/\/nutripartners.co\/ro","name":"Nutri Partners","description":"Raw materials distributor","publisher":{"@id":"https:\/\/nutripartners.co\/ro#organization"},"potentialAction":[{"@type":"SearchAction","target":{"@type":"EntryPoint","urlTemplate":"https:\/\/nutripartners.co\/ro?s={search_term_string}"},"query-input":{"@type":"PropertyValueSpecification","valueRequired":true,"valueName":"search_term_string"}}],"inLanguage":"ro-RO"},{"@type":"Organization","@id":"https:\/\/nutripartners.co\/ro#organization","name":"Nutri Partners","url":"https:\/\/nutripartners.co\/ro","logo":{"@type":"ImageObject","inLanguage":"ro-RO","@id":"https:\/\/nutripartners.co\/ro#\/schema\/logo\/image\/","url":"https:\/\/nutripartners.co\/wp-content\/uploads\/2025\/03\/logo-light.svg","contentUrl":"https:\/\/nutripartners.co\/wp-content\/uploads\/2025\/03\/logo-light.svg","width":1,"height":1,"caption":"Nutri Partners"},"image":{"@id":"https:\/\/nutripartners.co\/ro#\/schema\/logo\/image\/"},"sameAs":["https:\/\/www.instagram.com\/_nutripartners_\/","https:\/\/www.linkedin.com\/company\/106882083"]}]}},"_links":{"self":[{"href":"https:\/\/nutripartners.co\/ro\/wp-json\/wp\/v2\/product\/2103","targetHints":{"allow":["GET"]}}],"collection":[{"href":"https:\/\/nutripartners.co\/ro\/wp-json\/wp\/v2\/product"}],"about":[{"href":"https:\/\/nutripartners.co\/ro\/wp-json\/wp\/v2\/types\/product"}],"wp:attachment":[{"href":"https:\/\/nutripartners.co\/ro\/wp-json\/wp\/v2\/media?parent=2103"}],"wp:term":[{"taxonomy":"product-category","embeddable":true,"href":"https:\/\/nutripartners.co\/ro\/wp-json\/wp\/v2\/product-category?post=2103"}],"curies":[{"name":"wp","href":"https:\/\/api.w.org\/{rel}","templated":true}]}}