{"id":2201,"date":"2024-04-14T15:18:07","date_gmt":"2024-04-14T13:18:07","guid":{"rendered":"https:\/\/nutripartners.co\/pravilnik-o-zasebnosti"},"modified":"2026-03-10T14:52:30","modified_gmt":"2026-03-10T13:52:30","slug":"pravilnik-o-zasebnosti","status":"publish","type":"page","link":"https:\/\/nutripartners.co\/sl\/pravilnik-o-zasebnosti","title":{"rendered":"Pravilnik o zasebnosti"},"content":{"rendered":"\n<p><strong>NUTRI PARTNERS Sp. z o.o. s sede\u017eem v Rzesz\u00f3wu <\/strong><\/p>\n\n<p>Spodaj navedeni dokumenti predstavljajo izpolnitev obveznosti obve\u0161\u010danja iz 13. in 14. \u010dlena Uredbe (EU) 2016\/679 Evropskega parlamenta in Sveta z dne 27. aprila 2016 o varstvu posameznikov pri obdelavi osebnih podatkov in o prostem pretoku takih podatkov ter o razveljavitvi Direktive 95\/46\/ES (Splo\u0161na uredba o varstvu podatkov) ter upo\u0161tevajo tudi Uredbo (EU) 2025\/2518 Evropskega parlamenta in Sveta z dne 26. novembra 2025 o dolo\u010ditvi dodatnih postopkovnih pravil v zvezi z uveljavljanjem Uredbe (EU) 2016\/679 (v nadaljevanju: GDPR), kot tudi dolo\u010dbe nacionalne zakonodaje, in sicer Zakona z dne 18. julija 2002 o zagotavljanju storitev z elektronskimi sredstvi in Zakona z dne 12. julija 2024 \u2013 Zakon o elektronskih komunikacijah. <\/p>\n\n<p>Dokument Politika pi\u0161kotkov vsebuje informacije o pi\u0161kotkih, ki se uporabljajo na na\u0161ih spletnih straneh <\/p>\n\n<ol start=\"1\" class=\"wp-block-list\">\n<li>Informacije o obdelavi osebnih podatkov pogodbenikov, zaposlenih in sodelavcev <\/li>\n<\/ol>\n\n<ol start=\"2\" class=\"wp-block-list\">\n<li>Informacije o obdelavi osebnih podatkov kandidatov za zaposlitev <\/li>\n<\/ol>\n\n<ol start=\"3\" class=\"wp-block-list\">\n<li>Informacije o obdelavi osebnih podatkov posameznikov, ki nas kontaktirajo po telefonu, prek spletne strani, dru\u017ebenih omre\u017eij, ter tistih, ki so naro\u010deni na novice <\/li>\n<\/ol>\n\n<ol start=\"4\" class=\"wp-block-list\">\n<li>Informacije o obdelavi osebnih podatkov posameznikov, prisotnih v prostorih objektov, ki so zajeti z video nadzorom <\/li>\n<\/ol>\n\n<ol start=\"5\" class=\"wp-block-list\">\n<li>Politika pi\u0161kotkov <\/li>\n<\/ol>\n\n<p>Zgoraj navedeni dokumenti so lahko predmet sprememb. Spremembe bodo objavljene z objavo nove razli\u010dice dokumenta na tej spletni strani. Datum posodobitve bo vklju\u010den v vsebino ustreznega dokumenta. <\/p>\n","protected":false},"excerpt":{"rendered":"<p>NUTRI PARTNERS Sp. z o.o. s sede\u017eem v Rzesz\u00f3wu Spodaj navedeni dokumenti predstavljajo izpolnitev obveznosti obve\u0161\u010danja iz 13. in 14. \u010dlena Uredbe (EU) 2016\/679 Evropskega parlamenta in Sveta z dne 27. aprila 2016 o varstvu posameznikov pri obdelavi osebnih podatkov in o prostem pretoku takih podatkov ter o razveljavitvi Direktive 95\/46\/ES (Splo\u0161na uredba o varstvu [&hellip;]<\/p>\n","protected":false},"author":1,"featured_media":0,"parent":0,"menu_order":0,"comment_status":"closed","ping_status":"open","template":"cms.php","meta":{"_acf_changed":false,"content-type":"","footnotes":""},"class_list":["post-2201","page","type-page","status-publish","hentry"],"acf":[],"yoast_head":"<!-- This site is optimized with the Yoast SEO Premium plugin v25.0 (Yoast SEO v26.6) - https:\/\/yoast.com\/wordpress\/plugins\/seo\/ -->\n<title>Pravilnik o zasebnosti - Nutri Partners<\/title>\n<meta name=\"robots\" content=\"noindex, nofollow\" \/>\n<meta property=\"og:locale\" content=\"sl_SI\" \/>\n<meta property=\"og:type\" content=\"article\" \/>\n<meta property=\"og:title\" content=\"Pravilnik o zasebnosti\" \/>\n<meta property=\"og:description\" content=\"NUTRI PARTNERS Sp. z o.o. s sede\u017eem v Rzesz\u00f3wu Spodaj navedeni dokumenti predstavljajo izpolnitev obveznosti obve\u0161\u010danja iz 13. in 14. \u010dlena Uredbe (EU) 2016\/679 Evropskega parlamenta in Sveta z dne 27. aprila 2016 o varstvu posameznikov pri obdelavi osebnih podatkov in o prostem pretoku takih podatkov ter o razveljavitvi Direktive 95\/46\/ES (Splo\u0161na uredba o varstvu [&hellip;]\" \/>\n<meta property=\"og:url\" content=\"https:\/\/nutripartners.co\/sl\/pravilnik-o-zasebnosti\" \/>\n<meta property=\"og:site_name\" content=\"Nutri Partners\" \/>\n<meta property=\"article:modified_time\" content=\"2026-03-10T13:52:30+00:00\" \/>\n<meta property=\"og:image\" content=\"https:\/\/nutripartners.co\/wp-content\/uploads\/2025\/03\/ogimage.webp\" \/>\n\t<meta property=\"og:image:width\" content=\"1200\" \/>\n\t<meta property=\"og:image:height\" content=\"600\" \/>\n\t<meta property=\"og:image:type\" content=\"image\/webp\" \/>\n<meta name=\"twitter:card\" content=\"summary_large_image\" \/>\n<meta name=\"twitter:label1\" content=\"Est. reading time\" \/>\n\t<meta name=\"twitter:data1\" content=\"1 minuta\" \/>\n<script type=\"application\/ld+json\" class=\"yoast-schema-graph\">{\"@context\":\"https:\/\/schema.org\",\"@graph\":[{\"@type\":\"WebPage\",\"@id\":\"https:\/\/nutripartners.co\/sl\/pravilnik-o-zasebnosti\",\"url\":\"https:\/\/nutripartners.co\/sl\/pravilnik-o-zasebnosti\",\"name\":\"Pravilnik o zasebnosti - Nutri Partners\",\"isPartOf\":{\"@id\":\"https:\/\/nutripartners.co\/sl#website\"},\"datePublished\":\"2024-04-14T13:18:07+00:00\",\"dateModified\":\"2026-03-10T13:52:30+00:00\",\"breadcrumb\":{\"@id\":\"https:\/\/nutripartners.co\/sl\/pravilnik-o-zasebnosti#breadcrumb\"},\"inLanguage\":\"sl-SI\",\"potentialAction\":[{\"@type\":\"ReadAction\",\"target\":[\"https:\/\/nutripartners.co\/sl\/pravilnik-o-zasebnosti\"]}]},{\"@type\":\"BreadcrumbList\",\"@id\":\"https:\/\/nutripartners.co\/sl\/pravilnik-o-zasebnosti#breadcrumb\",\"itemListElement\":[{\"@type\":\"ListItem\",\"position\":1,\"name\":\"Home\",\"item\":\"https:\/\/nutripartners.co\/sl\"},{\"@type\":\"ListItem\",\"position\":2,\"name\":\"Pravilnik o zasebnosti\"}]},{\"@type\":\"WebSite\",\"@id\":\"https:\/\/nutripartners.co\/sl#website\",\"url\":\"https:\/\/nutripartners.co\/sl\",\"name\":\"Nutri Partners\",\"description\":\"Raw materials distributor\",\"publisher\":{\"@id\":\"https:\/\/nutripartners.co\/sl#organization\"},\"potentialAction\":[{\"@type\":\"SearchAction\",\"target\":{\"@type\":\"EntryPoint\",\"urlTemplate\":\"https:\/\/nutripartners.co\/sl?s={search_term_string}\"},\"query-input\":{\"@type\":\"PropertyValueSpecification\",\"valueRequired\":true,\"valueName\":\"search_term_string\"}}],\"inLanguage\":\"sl-SI\"},{\"@type\":\"Organization\",\"@id\":\"https:\/\/nutripartners.co\/sl#organization\",\"name\":\"Nutri Partners\",\"url\":\"https:\/\/nutripartners.co\/sl\",\"logo\":{\"@type\":\"ImageObject\",\"inLanguage\":\"sl-SI\",\"@id\":\"https:\/\/nutripartners.co\/sl#\/schema\/logo\/image\/\",\"url\":\"https:\/\/nutripartners.co\/wp-content\/uploads\/2025\/03\/logo-light.svg\",\"contentUrl\":\"https:\/\/nutripartners.co\/wp-content\/uploads\/2025\/03\/logo-light.svg\",\"width\":1,\"height\":1,\"caption\":\"Nutri Partners\"},\"image\":{\"@id\":\"https:\/\/nutripartners.co\/sl#\/schema\/logo\/image\/\"},\"sameAs\":[\"https:\/\/www.instagram.com\/_nutripartners_\/\",\"https:\/\/www.linkedin.com\/company\/106882083\"]}]}<\/script>\n<!-- \/ Yoast SEO Premium plugin. -->","yoast_head_json":{"title":"Pravilnik o zasebnosti - Nutri Partners","robots":{"index":"noindex","follow":"nofollow"},"og_locale":"sl_SI","og_type":"article","og_title":"Pravilnik o zasebnosti","og_description":"NUTRI PARTNERS Sp. z o.o. s sede\u017eem v Rzesz\u00f3wu Spodaj navedeni dokumenti predstavljajo izpolnitev obveznosti obve\u0161\u010danja iz 13. in 14. \u010dlena Uredbe (EU) 2016\/679 Evropskega parlamenta in Sveta z dne 27. aprila 2016 o varstvu posameznikov pri obdelavi osebnih podatkov in o prostem pretoku takih podatkov ter o razveljavitvi Direktive 95\/46\/ES (Splo\u0161na uredba o varstvu [&hellip;]","og_url":"https:\/\/nutripartners.co\/sl\/pravilnik-o-zasebnosti","og_site_name":"Nutri Partners","article_modified_time":"2026-03-10T13:52:30+00:00","og_image":[{"width":1200,"height":600,"url":"https:\/\/nutripartners.co\/wp-content\/uploads\/2025\/03\/ogimage.webp","type":"image\/webp"}],"twitter_card":"summary_large_image","twitter_misc":{"Est. reading time":"1 minuta"},"schema":{"@context":"https:\/\/schema.org","@graph":[{"@type":"WebPage","@id":"https:\/\/nutripartners.co\/sl\/pravilnik-o-zasebnosti","url":"https:\/\/nutripartners.co\/sl\/pravilnik-o-zasebnosti","name":"Pravilnik o zasebnosti - Nutri Partners","isPartOf":{"@id":"https:\/\/nutripartners.co\/sl#website"},"datePublished":"2024-04-14T13:18:07+00:00","dateModified":"2026-03-10T13:52:30+00:00","breadcrumb":{"@id":"https:\/\/nutripartners.co\/sl\/pravilnik-o-zasebnosti#breadcrumb"},"inLanguage":"sl-SI","potentialAction":[{"@type":"ReadAction","target":["https:\/\/nutripartners.co\/sl\/pravilnik-o-zasebnosti"]}]},{"@type":"BreadcrumbList","@id":"https:\/\/nutripartners.co\/sl\/pravilnik-o-zasebnosti#breadcrumb","itemListElement":[{"@type":"ListItem","position":1,"name":"Home","item":"https:\/\/nutripartners.co\/sl"},{"@type":"ListItem","position":2,"name":"Pravilnik o zasebnosti"}]},{"@type":"WebSite","@id":"https:\/\/nutripartners.co\/sl#website","url":"https:\/\/nutripartners.co\/sl","name":"Nutri Partners","description":"Raw materials distributor","publisher":{"@id":"https:\/\/nutripartners.co\/sl#organization"},"potentialAction":[{"@type":"SearchAction","target":{"@type":"EntryPoint","urlTemplate":"https:\/\/nutripartners.co\/sl?s={search_term_string}"},"query-input":{"@type":"PropertyValueSpecification","valueRequired":true,"valueName":"search_term_string"}}],"inLanguage":"sl-SI"},{"@type":"Organization","@id":"https:\/\/nutripartners.co\/sl#organization","name":"Nutri Partners","url":"https:\/\/nutripartners.co\/sl","logo":{"@type":"ImageObject","inLanguage":"sl-SI","@id":"https:\/\/nutripartners.co\/sl#\/schema\/logo\/image\/","url":"https:\/\/nutripartners.co\/wp-content\/uploads\/2025\/03\/logo-light.svg","contentUrl":"https:\/\/nutripartners.co\/wp-content\/uploads\/2025\/03\/logo-light.svg","width":1,"height":1,"caption":"Nutri Partners"},"image":{"@id":"https:\/\/nutripartners.co\/sl#\/schema\/logo\/image\/"},"sameAs":["https:\/\/www.instagram.com\/_nutripartners_\/","https:\/\/www.linkedin.com\/company\/106882083"]}]}},"_links":{"self":[{"href":"https:\/\/nutripartners.co\/sl\/wp-json\/wp\/v2\/pages\/2201","targetHints":{"allow":["GET"]}}],"collection":[{"href":"https:\/\/nutripartners.co\/sl\/wp-json\/wp\/v2\/pages"}],"about":[{"href":"https:\/\/nutripartners.co\/sl\/wp-json\/wp\/v2\/types\/page"}],"author":[{"embeddable":true,"href":"https:\/\/nutripartners.co\/sl\/wp-json\/wp\/v2\/users\/1"}],"replies":[{"embeddable":true,"href":"https:\/\/nutripartners.co\/sl\/wp-json\/wp\/v2\/comments?post=2201"}],"version-history":[{"count":2,"href":"https:\/\/nutripartners.co\/sl\/wp-json\/wp\/v2\/pages\/2201\/revisions"}],"predecessor-version":[{"id":4692,"href":"https:\/\/nutripartners.co\/sl\/wp-json\/wp\/v2\/pages\/2201\/revisions\/4692"}],"wp:attachment":[{"href":"https:\/\/nutripartners.co\/sl\/wp-json\/wp\/v2\/media?parent=2201"}],"curies":[{"name":"wp","href":"https:\/\/api.w.org\/{rel}","templated":true}]}}