{"id":2208,"date":"2025-02-10T14:56:40","date_gmt":"2025-02-10T13:56:40","guid":{"rendered":"https:\/\/nutripartners.co\/o-nas"},"modified":"2026-02-02T13:44:27","modified_gmt":"2026-02-02T12:44:27","slug":"o-nas","status":"publish","type":"page","link":"https:\/\/nutripartners.co\/sl\/o-nas","title":{"rendered":"O nas"},"content":{"rendered":"","protected":false},"excerpt":{"rendered":"","protected":false},"author":1,"featured_media":0,"parent":0,"menu_order":0,"comment_status":"closed","ping_status":"closed","template":"about.php","meta":{"_acf_changed":false,"content-type":"","footnotes":""},"class_list":["post-2208","page","type-page","status-publish","hentry"],"acf":[],"yoast_head":"<!-- This site is optimized with the Yoast SEO Premium plugin v25.0 (Yoast SEO v26.6) - https:\/\/yoast.com\/wordpress\/plugins\/seo\/ -->\n<title>O podjetju Nutri Partners \u2013 Globalni distributer in dobavitelj surovin<\/title>\n<meta name=\"description\" content=\"Nutri Partners je zaupanja vreden distributer visokokakovostnih surovin in \u017eivilskih sestavin s sede\u017eem na Poljskem. Povezujemo svetovne proizvajalce z evropskimi proizvajalci. Odkrijte na\u0161 portfelj!\" \/>\n<meta name=\"robots\" content=\"index, follow, max-snippet:-1, max-image-preview:large, max-video-preview:-1\" \/>\n<link rel=\"canonical\" href=\"https:\/\/nutripartners.co\/sl\/o-nas\" \/>\n<meta property=\"og:locale\" content=\"sl_SI\" \/>\n<meta property=\"og:type\" content=\"article\" \/>\n<meta property=\"og:title\" content=\"O nas\" \/>\n<meta property=\"og:description\" content=\"Nutri Partners je zaupanja vreden distributer visokokakovostnih surovin in \u017eivilskih sestavin s sede\u017eem na Poljskem. Povezujemo svetovne proizvajalce z evropskimi proizvajalci. Odkrijte na\u0161 portfelj!\" \/>\n<meta property=\"og:url\" content=\"https:\/\/nutripartners.co\/sl\/o-nas\" \/>\n<meta property=\"og:site_name\" content=\"Nutri Partners\" \/>\n<meta property=\"article:modified_time\" content=\"2026-02-02T12:44:27+00:00\" \/>\n<meta property=\"og:image\" content=\"https:\/\/nutripartners.co\/wp-content\/uploads\/2025\/03\/ogimage.webp\" \/>\n\t<meta property=\"og:image:width\" content=\"1200\" \/>\n\t<meta property=\"og:image:height\" content=\"600\" \/>\n\t<meta property=\"og:image:type\" content=\"image\/webp\" \/>\n<meta name=\"twitter:card\" content=\"summary_large_image\" \/>\n<meta name=\"twitter:label1\" content=\"Est. reading time\" \/>\n\t<meta name=\"twitter:data1\" content=\"3 minute\" \/>\n<script type=\"application\/ld+json\" class=\"yoast-schema-graph\">{\"@context\":\"https:\/\/schema.org\",\"@graph\":[{\"@type\":\"WebPage\",\"@id\":\"https:\/\/nutripartners.co\/sl\/o-nas\",\"url\":\"https:\/\/nutripartners.co\/sl\/o-nas\",\"name\":\"O podjetju Nutri Partners \u2013 Globalni distributer in dobavitelj surovin\",\"isPartOf\":{\"@id\":\"https:\/\/nutripartners.co\/sl#website\"},\"datePublished\":\"2025-02-10T13:56:40+00:00\",\"dateModified\":\"2026-02-02T12:44:27+00:00\",\"description\":\"Nutri Partners je zaupanja vreden distributer visokokakovostnih surovin in \u017eivilskih sestavin s sede\u017eem na Poljskem. Povezujemo svetovne proizvajalce z evropskimi proizvajalci. Odkrijte na\u0161 portfelj!\",\"breadcrumb\":{\"@id\":\"https:\/\/nutripartners.co\/sl\/o-nas#breadcrumb\"},\"inLanguage\":\"sl-SI\",\"potentialAction\":[{\"@type\":\"ReadAction\",\"target\":[\"https:\/\/nutripartners.co\/sl\/o-nas\"]}]},{\"@type\":\"BreadcrumbList\",\"@id\":\"https:\/\/nutripartners.co\/sl\/o-nas#breadcrumb\",\"itemListElement\":[{\"@type\":\"ListItem\",\"position\":1,\"name\":\"Home\",\"item\":\"https:\/\/nutripartners.co\/sl\"},{\"@type\":\"ListItem\",\"position\":2,\"name\":\"O nas\"}]},{\"@type\":\"WebSite\",\"@id\":\"https:\/\/nutripartners.co\/sl#website\",\"url\":\"https:\/\/nutripartners.co\/sl\",\"name\":\"Nutri Partners\",\"description\":\"Raw materials distributor\",\"publisher\":{\"@id\":\"https:\/\/nutripartners.co\/sl#organization\"},\"potentialAction\":[{\"@type\":\"SearchAction\",\"target\":{\"@type\":\"EntryPoint\",\"urlTemplate\":\"https:\/\/nutripartners.co\/sl?s={search_term_string}\"},\"query-input\":{\"@type\":\"PropertyValueSpecification\",\"valueRequired\":true,\"valueName\":\"search_term_string\"}}],\"inLanguage\":\"sl-SI\"},{\"@type\":\"Organization\",\"@id\":\"https:\/\/nutripartners.co\/sl#organization\",\"name\":\"Nutri Partners\",\"url\":\"https:\/\/nutripartners.co\/sl\",\"logo\":{\"@type\":\"ImageObject\",\"inLanguage\":\"sl-SI\",\"@id\":\"https:\/\/nutripartners.co\/sl#\/schema\/logo\/image\/\",\"url\":\"https:\/\/nutripartners.co\/wp-content\/uploads\/2025\/03\/logo-light.svg\",\"contentUrl\":\"https:\/\/nutripartners.co\/wp-content\/uploads\/2025\/03\/logo-light.svg\",\"width\":1,\"height\":1,\"caption\":\"Nutri Partners\"},\"image\":{\"@id\":\"https:\/\/nutripartners.co\/sl#\/schema\/logo\/image\/\"},\"sameAs\":[\"https:\/\/www.instagram.com\/_nutripartners_\/\",\"https:\/\/www.linkedin.com\/company\/106882083\"]}]}<\/script>\n<!-- \/ Yoast SEO Premium plugin. -->","yoast_head_json":{"title":"O podjetju Nutri Partners \u2013 Globalni distributer in dobavitelj surovin","description":"Nutri Partners je zaupanja vreden distributer visokokakovostnih surovin in \u017eivilskih sestavin s sede\u017eem na Poljskem. Povezujemo svetovne proizvajalce z evropskimi proizvajalci. Odkrijte na\u0161 portfelj!","robots":{"index":"index","follow":"follow","max-snippet":"max-snippet:-1","max-image-preview":"max-image-preview:large","max-video-preview":"max-video-preview:-1"},"canonical":"https:\/\/nutripartners.co\/sl\/o-nas","og_locale":"sl_SI","og_type":"article","og_title":"O nas","og_description":"Nutri Partners je zaupanja vreden distributer visokokakovostnih surovin in \u017eivilskih sestavin s sede\u017eem na Poljskem. Povezujemo svetovne proizvajalce z evropskimi proizvajalci. Odkrijte na\u0161 portfelj!","og_url":"https:\/\/nutripartners.co\/sl\/o-nas","og_site_name":"Nutri Partners","article_modified_time":"2026-02-02T12:44:27+00:00","og_image":[{"width":1200,"height":600,"url":"https:\/\/nutripartners.co\/wp-content\/uploads\/2025\/03\/ogimage.webp","type":"image\/webp"}],"twitter_card":"summary_large_image","twitter_misc":{"Est. reading time":"3 minute"},"schema":{"@context":"https:\/\/schema.org","@graph":[{"@type":"WebPage","@id":"https:\/\/nutripartners.co\/sl\/o-nas","url":"https:\/\/nutripartners.co\/sl\/o-nas","name":"O podjetju Nutri Partners \u2013 Globalni distributer in dobavitelj surovin","isPartOf":{"@id":"https:\/\/nutripartners.co\/sl#website"},"datePublished":"2025-02-10T13:56:40+00:00","dateModified":"2026-02-02T12:44:27+00:00","description":"Nutri Partners je zaupanja vreden distributer visokokakovostnih surovin in \u017eivilskih sestavin s sede\u017eem na Poljskem. Povezujemo svetovne proizvajalce z evropskimi proizvajalci. Odkrijte na\u0161 portfelj!","breadcrumb":{"@id":"https:\/\/nutripartners.co\/sl\/o-nas#breadcrumb"},"inLanguage":"sl-SI","potentialAction":[{"@type":"ReadAction","target":["https:\/\/nutripartners.co\/sl\/o-nas"]}]},{"@type":"BreadcrumbList","@id":"https:\/\/nutripartners.co\/sl\/o-nas#breadcrumb","itemListElement":[{"@type":"ListItem","position":1,"name":"Home","item":"https:\/\/nutripartners.co\/sl"},{"@type":"ListItem","position":2,"name":"O nas"}]},{"@type":"WebSite","@id":"https:\/\/nutripartners.co\/sl#website","url":"https:\/\/nutripartners.co\/sl","name":"Nutri Partners","description":"Raw materials distributor","publisher":{"@id":"https:\/\/nutripartners.co\/sl#organization"},"potentialAction":[{"@type":"SearchAction","target":{"@type":"EntryPoint","urlTemplate":"https:\/\/nutripartners.co\/sl?s={search_term_string}"},"query-input":{"@type":"PropertyValueSpecification","valueRequired":true,"valueName":"search_term_string"}}],"inLanguage":"sl-SI"},{"@type":"Organization","@id":"https:\/\/nutripartners.co\/sl#organization","name":"Nutri Partners","url":"https:\/\/nutripartners.co\/sl","logo":{"@type":"ImageObject","inLanguage":"sl-SI","@id":"https:\/\/nutripartners.co\/sl#\/schema\/logo\/image\/","url":"https:\/\/nutripartners.co\/wp-content\/uploads\/2025\/03\/logo-light.svg","contentUrl":"https:\/\/nutripartners.co\/wp-content\/uploads\/2025\/03\/logo-light.svg","width":1,"height":1,"caption":"Nutri Partners"},"image":{"@id":"https:\/\/nutripartners.co\/sl#\/schema\/logo\/image\/"},"sameAs":["https:\/\/www.instagram.com\/_nutripartners_\/","https:\/\/www.linkedin.com\/company\/106882083"]}]}},"_links":{"self":[{"href":"https:\/\/nutripartners.co\/sl\/wp-json\/wp\/v2\/pages\/2208","targetHints":{"allow":["GET"]}}],"collection":[{"href":"https:\/\/nutripartners.co\/sl\/wp-json\/wp\/v2\/pages"}],"about":[{"href":"https:\/\/nutripartners.co\/sl\/wp-json\/wp\/v2\/types\/page"}],"author":[{"embeddable":true,"href":"https:\/\/nutripartners.co\/sl\/wp-json\/wp\/v2\/users\/1"}],"replies":[{"embeddable":true,"href":"https:\/\/nutripartners.co\/sl\/wp-json\/wp\/v2\/comments?post=2208"}],"version-history":[{"count":3,"href":"https:\/\/nutripartners.co\/sl\/wp-json\/wp\/v2\/pages\/2208\/revisions"}],"predecessor-version":[{"id":4252,"href":"https:\/\/nutripartners.co\/sl\/wp-json\/wp\/v2\/pages\/2208\/revisions\/4252"}],"wp:attachment":[{"href":"https:\/\/nutripartners.co\/sl\/wp-json\/wp\/v2\/media?parent=2208"}],"curies":[{"name":"wp","href":"https:\/\/api.w.org\/{rel}","templated":true}]}}