{"id":2237,"date":"2025-03-11T14:48:46","date_gmt":"2025-03-11T13:48:46","guid":{"rendered":"https:\/\/nutripartners.co\/product-supplier\/izvlecek-mlecnega-badlja"},"modified":"2025-08-04T12:54:56","modified_gmt":"2025-08-04T10:54:56","slug":"izvlecek-mlecnega-badlja","status":"publish","type":"product","link":"https:\/\/nutripartners.co\/sl\/product-supplier\/izvlecek-mlecnega-badlja","title":{"rendered":"Izvle\u010dek mle\u010dnega badlja"},"content":{"rendered":"\n<h2 class=\"wp-block-heading\" id=\"h-product-description\">Opis izdelka<\/h2>\n\n<p>Izvle\u010dek pegastega badlja je pridobljen iz rastline, ki je znana po svojih zdravju koristnih lastnostih. Sestavina je na voljo v razli\u010dnih standardizacijah in oblikah (prah, suhi izvle\u010dek, teko\u010di izvle\u010dek) in je primerna za prehranska dopolnila, kozmeti\u010dno in farmacevtsko industrijo. <\/p>\n\n<h2 class=\"wp-block-heading\" id=\"h-key-features\">Klju\u010dne lastnosti<\/h2>\n\n<ul class=\"wp-block-list\">\n<li>Standardizirano za aktivne spojine (npr. polifenoli, saponini)<\/li>\n\n\n\n<li>V skladu s predpisi EU in EFSA<\/li>\n\n\n\n<li>NON-GMO, brez glutena, veganski izdelek<\/li>\n\n\n\n<li>Pakiranje: 1-25 kg<\/li>\n<\/ul>\n\n<h2 class=\"wp-block-heading\" id=\"h-applications\">Aplikacije<\/h2>\n\n<ul class=\"wp-block-list\">\n<li>Prehranska dopolnila (kapsule, tablete, pra\u0161ki)<\/li>\n\n\n\n<li>Naravna kozmetika in dermokozmetika<\/li>\n\n\n\n<li>Funkcionalna \u017eivila in nutracevtiki<\/li>\n\n\n\n<li>Izdelki, ki podpirajo odpornost, prebavo, spoznavanje itd.<\/li>\n<\/ul>\n","protected":false},"excerpt":{"rendered":"<p>Izvle\u010dek pegastega badlja v razsutem stanju od NutriPartners &#8211; evropskega dobavitelja naravnih rastlinskih izvle\u010dkov za prehranske, kozmeti\u010dne in funkcionalne namene.<\/p>\n","protected":false},"featured_media":0,"template":"","product-category":[195,196],"class_list":["post-2237","product","type-product","status-publish","hentry","product-category-rastlinska-osnova","product-category-rastlinski-izvlecki"],"acf":[],"yoast_head":"<!-- This site is optimized with the Yoast SEO Premium plugin v25.0 (Yoast SEO v26.6) - https:\/\/yoast.com\/wordpress\/plugins\/seo\/ -->\n<title>Izvle\u010dek mle\u010dnega badlja - Nutri Partners<\/title>\n<meta name=\"description\" content=\"Izvle\u010dek pegastega badlja v razsutem stanju od NutriPartners - evropskega dobavitelja naravnih rastlinskih izvle\u010dkov za prehranske, kozmeti\u010dne in funkcionalne namene.\" \/>\n<meta name=\"robots\" content=\"index, follow, max-snippet:-1, max-image-preview:large, max-video-preview:-1\" \/>\n<link rel=\"canonical\" href=\"https:\/\/nutripartners.co\/sl\/product-supplier\/izvlecek-mlecnega-badlja\" \/>\n<meta property=\"og:locale\" content=\"sl_SI\" \/>\n<meta property=\"og:type\" content=\"article\" \/>\n<meta property=\"og:title\" content=\"Izvle\u010dek mle\u010dnega badlja\" \/>\n<meta property=\"og:description\" content=\"Izvle\u010dek pegastega badlja v razsutem stanju od NutriPartners - evropskega dobavitelja naravnih rastlinskih izvle\u010dkov za prehranske, kozmeti\u010dne in funkcionalne namene.\" \/>\n<meta property=\"og:url\" content=\"https:\/\/nutripartners.co\/sl\/product-supplier\/izvlecek-mlecnega-badlja\" \/>\n<meta property=\"og:site_name\" content=\"Nutri Partners\" \/>\n<meta property=\"article:modified_time\" content=\"2025-08-04T10:54:56+00:00\" \/>\n<meta property=\"og:image\" content=\"https:\/\/nutripartners.co\/wp-content\/uploads\/2025\/03\/ogimage.webp\" \/>\n\t<meta property=\"og:image:width\" content=\"1200\" \/>\n\t<meta property=\"og:image:height\" content=\"600\" \/>\n\t<meta property=\"og:image:type\" content=\"image\/webp\" \/>\n<meta name=\"twitter:card\" content=\"summary_large_image\" \/>\n<script type=\"application\/ld+json\" class=\"yoast-schema-graph\">{\"@context\":\"https:\/\/schema.org\",\"@graph\":[{\"@type\":\"WebPage\",\"@id\":\"https:\/\/nutripartners.co\/sl\/product-supplier\/izvlecek-mlecnega-badlja\",\"url\":\"https:\/\/nutripartners.co\/sl\/product-supplier\/izvlecek-mlecnega-badlja\",\"name\":\"Izvle\u010dek mle\u010dnega badlja - Nutri Partners\",\"isPartOf\":{\"@id\":\"https:\/\/nutripartners.co\/sl#website\"},\"datePublished\":\"2025-03-11T13:48:46+00:00\",\"dateModified\":\"2025-08-04T10:54:56+00:00\",\"description\":\"Izvle\u010dek pegastega badlja v razsutem stanju od NutriPartners - evropskega dobavitelja naravnih rastlinskih izvle\u010dkov za prehranske, kozmeti\u010dne in funkcionalne namene.\",\"breadcrumb\":{\"@id\":\"https:\/\/nutripartners.co\/sl\/product-supplier\/izvlecek-mlecnega-badlja#breadcrumb\"},\"inLanguage\":\"sl-SI\",\"potentialAction\":[{\"@type\":\"ReadAction\",\"target\":[\"https:\/\/nutripartners.co\/sl\/product-supplier\/izvlecek-mlecnega-badlja\"]}]},{\"@type\":\"BreadcrumbList\",\"@id\":\"https:\/\/nutripartners.co\/sl\/product-supplier\/izvlecek-mlecnega-badlja#breadcrumb\",\"itemListElement\":[{\"@type\":\"ListItem\",\"position\":1,\"name\":\"Home\",\"item\":\"https:\/\/nutripartners.co\/sl\"},{\"@type\":\"ListItem\",\"position\":2,\"name\":\"Products\",\"item\":\"https:\/\/nutripartners.co\/sl\/product-category\"},{\"@type\":\"ListItem\",\"position\":3,\"name\":\"Rastlinska prehrana\",\"item\":\"https:\/\/nutripartners.co\/sl\/kategorija-izdelka\/rastlinska-osnova\"},{\"@type\":\"ListItem\",\"position\":4,\"name\":\"Rastlinski izvle\u010dki\",\"item\":\"https:\/\/nutripartners.co\/sl\/kategorija-izdelka\/rastlinska-osnova\/rastlinski-izvlecki\"},{\"@type\":\"ListItem\",\"position\":5,\"name\":\"Izvle\u010dek mle\u010dnega badlja\"}]},{\"@type\":\"WebSite\",\"@id\":\"https:\/\/nutripartners.co\/sl#website\",\"url\":\"https:\/\/nutripartners.co\/sl\",\"name\":\"Nutri Partners\",\"description\":\"Raw materials distributor\",\"publisher\":{\"@id\":\"https:\/\/nutripartners.co\/sl#organization\"},\"potentialAction\":[{\"@type\":\"SearchAction\",\"target\":{\"@type\":\"EntryPoint\",\"urlTemplate\":\"https:\/\/nutripartners.co\/sl?s={search_term_string}\"},\"query-input\":{\"@type\":\"PropertyValueSpecification\",\"valueRequired\":true,\"valueName\":\"search_term_string\"}}],\"inLanguage\":\"sl-SI\"},{\"@type\":\"Organization\",\"@id\":\"https:\/\/nutripartners.co\/sl#organization\",\"name\":\"Nutri Partners\",\"url\":\"https:\/\/nutripartners.co\/sl\",\"logo\":{\"@type\":\"ImageObject\",\"inLanguage\":\"sl-SI\",\"@id\":\"https:\/\/nutripartners.co\/sl#\/schema\/logo\/image\/\",\"url\":\"https:\/\/nutripartners.co\/wp-content\/uploads\/2025\/03\/logo-light.svg\",\"contentUrl\":\"https:\/\/nutripartners.co\/wp-content\/uploads\/2025\/03\/logo-light.svg\",\"width\":1,\"height\":1,\"caption\":\"Nutri Partners\"},\"image\":{\"@id\":\"https:\/\/nutripartners.co\/sl#\/schema\/logo\/image\/\"},\"sameAs\":[\"https:\/\/www.instagram.com\/_nutripartners_\/\",\"https:\/\/www.linkedin.com\/company\/106882083\"]}]}<\/script>\n<!-- \/ Yoast SEO Premium plugin. -->","yoast_head_json":{"title":"Izvle\u010dek mle\u010dnega badlja - Nutri Partners","description":"Izvle\u010dek pegastega badlja v razsutem stanju od NutriPartners - evropskega dobavitelja naravnih rastlinskih izvle\u010dkov za prehranske, kozmeti\u010dne in funkcionalne namene.","robots":{"index":"index","follow":"follow","max-snippet":"max-snippet:-1","max-image-preview":"max-image-preview:large","max-video-preview":"max-video-preview:-1"},"canonical":"https:\/\/nutripartners.co\/sl\/product-supplier\/izvlecek-mlecnega-badlja","og_locale":"sl_SI","og_type":"article","og_title":"Izvle\u010dek mle\u010dnega badlja","og_description":"Izvle\u010dek pegastega badlja v razsutem stanju od NutriPartners - evropskega dobavitelja naravnih rastlinskih izvle\u010dkov za prehranske, kozmeti\u010dne in funkcionalne namene.","og_url":"https:\/\/nutripartners.co\/sl\/product-supplier\/izvlecek-mlecnega-badlja","og_site_name":"Nutri Partners","article_modified_time":"2025-08-04T10:54:56+00:00","og_image":[{"width":1200,"height":600,"url":"https:\/\/nutripartners.co\/wp-content\/uploads\/2025\/03\/ogimage.webp","type":"image\/webp"}],"twitter_card":"summary_large_image","schema":{"@context":"https:\/\/schema.org","@graph":[{"@type":"WebPage","@id":"https:\/\/nutripartners.co\/sl\/product-supplier\/izvlecek-mlecnega-badlja","url":"https:\/\/nutripartners.co\/sl\/product-supplier\/izvlecek-mlecnega-badlja","name":"Izvle\u010dek mle\u010dnega badlja - Nutri Partners","isPartOf":{"@id":"https:\/\/nutripartners.co\/sl#website"},"datePublished":"2025-03-11T13:48:46+00:00","dateModified":"2025-08-04T10:54:56+00:00","description":"Izvle\u010dek pegastega badlja v razsutem stanju od NutriPartners - evropskega dobavitelja naravnih rastlinskih izvle\u010dkov za prehranske, kozmeti\u010dne in funkcionalne namene.","breadcrumb":{"@id":"https:\/\/nutripartners.co\/sl\/product-supplier\/izvlecek-mlecnega-badlja#breadcrumb"},"inLanguage":"sl-SI","potentialAction":[{"@type":"ReadAction","target":["https:\/\/nutripartners.co\/sl\/product-supplier\/izvlecek-mlecnega-badlja"]}]},{"@type":"BreadcrumbList","@id":"https:\/\/nutripartners.co\/sl\/product-supplier\/izvlecek-mlecnega-badlja#breadcrumb","itemListElement":[{"@type":"ListItem","position":1,"name":"Home","item":"https:\/\/nutripartners.co\/sl"},{"@type":"ListItem","position":2,"name":"Products","item":"https:\/\/nutripartners.co\/sl\/product-category"},{"@type":"ListItem","position":3,"name":"Rastlinska prehrana","item":"https:\/\/nutripartners.co\/sl\/kategorija-izdelka\/rastlinska-osnova"},{"@type":"ListItem","position":4,"name":"Rastlinski izvle\u010dki","item":"https:\/\/nutripartners.co\/sl\/kategorija-izdelka\/rastlinska-osnova\/rastlinski-izvlecki"},{"@type":"ListItem","position":5,"name":"Izvle\u010dek mle\u010dnega badlja"}]},{"@type":"WebSite","@id":"https:\/\/nutripartners.co\/sl#website","url":"https:\/\/nutripartners.co\/sl","name":"Nutri Partners","description":"Raw materials distributor","publisher":{"@id":"https:\/\/nutripartners.co\/sl#organization"},"potentialAction":[{"@type":"SearchAction","target":{"@type":"EntryPoint","urlTemplate":"https:\/\/nutripartners.co\/sl?s={search_term_string}"},"query-input":{"@type":"PropertyValueSpecification","valueRequired":true,"valueName":"search_term_string"}}],"inLanguage":"sl-SI"},{"@type":"Organization","@id":"https:\/\/nutripartners.co\/sl#organization","name":"Nutri Partners","url":"https:\/\/nutripartners.co\/sl","logo":{"@type":"ImageObject","inLanguage":"sl-SI","@id":"https:\/\/nutripartners.co\/sl#\/schema\/logo\/image\/","url":"https:\/\/nutripartners.co\/wp-content\/uploads\/2025\/03\/logo-light.svg","contentUrl":"https:\/\/nutripartners.co\/wp-content\/uploads\/2025\/03\/logo-light.svg","width":1,"height":1,"caption":"Nutri Partners"},"image":{"@id":"https:\/\/nutripartners.co\/sl#\/schema\/logo\/image\/"},"sameAs":["https:\/\/www.instagram.com\/_nutripartners_\/","https:\/\/www.linkedin.com\/company\/106882083"]}]}},"_links":{"self":[{"href":"https:\/\/nutripartners.co\/sl\/wp-json\/wp\/v2\/product\/2237","targetHints":{"allow":["GET"]}}],"collection":[{"href":"https:\/\/nutripartners.co\/sl\/wp-json\/wp\/v2\/product"}],"about":[{"href":"https:\/\/nutripartners.co\/sl\/wp-json\/wp\/v2\/types\/product"}],"wp:attachment":[{"href":"https:\/\/nutripartners.co\/sl\/wp-json\/wp\/v2\/media?parent=2237"}],"wp:term":[{"taxonomy":"product-category","embeddable":true,"href":"https:\/\/nutripartners.co\/sl\/wp-json\/wp\/v2\/product-category?post=2237"}],"curies":[{"name":"wp","href":"https:\/\/api.w.org\/{rel}","templated":true}]}}