{"id":2255,"date":"2025-03-11T14:48:43","date_gmt":"2025-03-11T13:48:43","guid":{"rendered":"https:\/\/nutripartners.co\/product-supplier\/eritritol"},"modified":"2025-08-04T12:57:32","modified_gmt":"2025-08-04T10:57:32","slug":"eritritol","status":"publish","type":"product","link":"https:\/\/nutripartners.co\/sl\/product-supplier\/eritritol","title":{"rendered":"Eritritol"},"content":{"rendered":"\n<h2 class=\"wp-block-heading\" id=\"h-product-description\">Opis izdelka<\/h2>\n\n<p>Eritritol je funkcionalno sladilo, ki se uporablja kot alternativa sladkorju. Odli\u010den je za nizkokalori\u010dne izdelke in izdelke brez sladkorja, pa tudi za keto diete in formulacije, prijazne do diabetikov. Izdelek je na voljo v na\u0161em skladi\u0161\u010du na Poljskem.  <\/p>\n\n<h2 class=\"wp-block-heading\" id=\"h-key-features\">Klju\u010dne lastnosti<\/h2>\n\n<ul class=\"wp-block-list\">\n<li>Sladilna mo\u010d: pribli\u017eno 70 % sladkorja <\/li>\n\n\n\n<li>Razpolo\u017eljive oblike: prah, kristalini\u010dna<\/li>\n\n\n\n<li>Nizek glikemi\u010dni indeks \/ ni\u010d kalorij (odvisno od razli\u010dice)<\/li>\n\n\n\n<li>Pakiranje: 20-25 kg vre\u010d<\/li>\n<\/ul>\n\n<h2 class=\"wp-block-heading\" id=\"h-applications\">Aplikacije<\/h2>\n\n<ul class=\"wp-block-list\">\n<li>Izdelki brez sladkorja in keto izdelki<\/li>\n\n\n\n<li>Funkcionalna \u017eivila<\/li>\n\n\n\n<li>Diabetikom prijazni izdelki<\/li>\n\n\n\n<li>Pija\u010de, pekovski izdelki, sla\u0161\u010dice, \u017eve\u010dilni gumi<\/li>\n<\/ul>\n","protected":false},"excerpt":{"rendered":"<p>Eritritol je na voljo v razsutem stanju pri dru\u017ebi NutriPartners &#8211; evropskem dobavitelju sodobnih sladil za uporabo v hrani in prehrani.<\/p>\n","protected":false},"featured_media":0,"template":"","product-category":[201,203],"class_list":["post-2255","product","type-product","status-publish","hentry","product-category-dodatki","product-category-sladila"],"acf":[],"yoast_head":"<!-- This site is optimized with the Yoast SEO Premium plugin v25.0 (Yoast SEO v26.6) - https:\/\/yoast.com\/wordpress\/plugins\/seo\/ -->\n<title>Eritritol - Nutri Partners<\/title>\n<meta name=\"description\" content=\"Eritritol je na voljo v razsutem stanju pri dru\u017ebi NutriPartners - evropskem dobavitelju sodobnih sladil za uporabo v hrani in prehrani.\" \/>\n<meta name=\"robots\" content=\"index, follow, max-snippet:-1, max-image-preview:large, max-video-preview:-1\" \/>\n<link rel=\"canonical\" href=\"https:\/\/nutripartners.co\/sl\/product-supplier\/eritritol\" \/>\n<meta property=\"og:locale\" content=\"sl_SI\" \/>\n<meta property=\"og:type\" content=\"article\" \/>\n<meta property=\"og:title\" content=\"Eritritol\" \/>\n<meta property=\"og:description\" content=\"Eritritol je na voljo v razsutem stanju pri dru\u017ebi NutriPartners - evropskem dobavitelju sodobnih sladil za uporabo v hrani in prehrani.\" \/>\n<meta property=\"og:url\" content=\"https:\/\/nutripartners.co\/sl\/product-supplier\/eritritol\" \/>\n<meta property=\"og:site_name\" content=\"Nutri Partners\" \/>\n<meta property=\"article:modified_time\" content=\"2025-08-04T10:57:32+00:00\" \/>\n<meta property=\"og:image\" content=\"https:\/\/nutripartners.co\/wp-content\/uploads\/2025\/03\/ogimage.webp\" \/>\n\t<meta property=\"og:image:width\" content=\"1200\" \/>\n\t<meta property=\"og:image:height\" content=\"600\" \/>\n\t<meta property=\"og:image:type\" content=\"image\/webp\" \/>\n<meta name=\"twitter:card\" content=\"summary_large_image\" \/>\n<script type=\"application\/ld+json\" class=\"yoast-schema-graph\">{\"@context\":\"https:\/\/schema.org\",\"@graph\":[{\"@type\":\"WebPage\",\"@id\":\"https:\/\/nutripartners.co\/sl\/product-supplier\/eritritol\",\"url\":\"https:\/\/nutripartners.co\/sl\/product-supplier\/eritritol\",\"name\":\"Eritritol - Nutri Partners\",\"isPartOf\":{\"@id\":\"https:\/\/nutripartners.co\/sl#website\"},\"datePublished\":\"2025-03-11T13:48:43+00:00\",\"dateModified\":\"2025-08-04T10:57:32+00:00\",\"description\":\"Eritritol je na voljo v razsutem stanju pri dru\u017ebi NutriPartners - evropskem dobavitelju sodobnih sladil za uporabo v hrani in prehrani.\",\"breadcrumb\":{\"@id\":\"https:\/\/nutripartners.co\/sl\/product-supplier\/eritritol#breadcrumb\"},\"inLanguage\":\"sl-SI\",\"potentialAction\":[{\"@type\":\"ReadAction\",\"target\":[\"https:\/\/nutripartners.co\/sl\/product-supplier\/eritritol\"]}]},{\"@type\":\"BreadcrumbList\",\"@id\":\"https:\/\/nutripartners.co\/sl\/product-supplier\/eritritol#breadcrumb\",\"itemListElement\":[{\"@type\":\"ListItem\",\"position\":1,\"name\":\"Home\",\"item\":\"https:\/\/nutripartners.co\/sl\"},{\"@type\":\"ListItem\",\"position\":2,\"name\":\"Products\",\"item\":\"https:\/\/nutripartners.co\/sl\/product-category\"},{\"@type\":\"ListItem\",\"position\":3,\"name\":\"Dodatki\",\"item\":\"https:\/\/nutripartners.co\/sl\/kategorija-izdelka\/dodatki\"},{\"@type\":\"ListItem\",\"position\":4,\"name\":\"Sladila\",\"item\":\"https:\/\/nutripartners.co\/sl\/kategorija-izdelka\/dodatki\/sladila\"},{\"@type\":\"ListItem\",\"position\":5,\"name\":\"Eritritol\"}]},{\"@type\":\"WebSite\",\"@id\":\"https:\/\/nutripartners.co\/sl#website\",\"url\":\"https:\/\/nutripartners.co\/sl\",\"name\":\"Nutri Partners\",\"description\":\"Raw materials distributor\",\"publisher\":{\"@id\":\"https:\/\/nutripartners.co\/sl#organization\"},\"potentialAction\":[{\"@type\":\"SearchAction\",\"target\":{\"@type\":\"EntryPoint\",\"urlTemplate\":\"https:\/\/nutripartners.co\/sl?s={search_term_string}\"},\"query-input\":{\"@type\":\"PropertyValueSpecification\",\"valueRequired\":true,\"valueName\":\"search_term_string\"}}],\"inLanguage\":\"sl-SI\"},{\"@type\":\"Organization\",\"@id\":\"https:\/\/nutripartners.co\/sl#organization\",\"name\":\"Nutri Partners\",\"url\":\"https:\/\/nutripartners.co\/sl\",\"logo\":{\"@type\":\"ImageObject\",\"inLanguage\":\"sl-SI\",\"@id\":\"https:\/\/nutripartners.co\/sl#\/schema\/logo\/image\/\",\"url\":\"https:\/\/nutripartners.co\/wp-content\/uploads\/2025\/03\/logo-light.svg\",\"contentUrl\":\"https:\/\/nutripartners.co\/wp-content\/uploads\/2025\/03\/logo-light.svg\",\"width\":1,\"height\":1,\"caption\":\"Nutri Partners\"},\"image\":{\"@id\":\"https:\/\/nutripartners.co\/sl#\/schema\/logo\/image\/\"},\"sameAs\":[\"https:\/\/www.instagram.com\/_nutripartners_\/\",\"https:\/\/www.linkedin.com\/company\/106882083\"]}]}<\/script>\n<!-- \/ Yoast SEO Premium plugin. -->","yoast_head_json":{"title":"Eritritol - Nutri Partners","description":"Eritritol je na voljo v razsutem stanju pri dru\u017ebi NutriPartners - evropskem dobavitelju sodobnih sladil za uporabo v hrani in prehrani.","robots":{"index":"index","follow":"follow","max-snippet":"max-snippet:-1","max-image-preview":"max-image-preview:large","max-video-preview":"max-video-preview:-1"},"canonical":"https:\/\/nutripartners.co\/sl\/product-supplier\/eritritol","og_locale":"sl_SI","og_type":"article","og_title":"Eritritol","og_description":"Eritritol je na voljo v razsutem stanju pri dru\u017ebi NutriPartners - evropskem dobavitelju sodobnih sladil za uporabo v hrani in prehrani.","og_url":"https:\/\/nutripartners.co\/sl\/product-supplier\/eritritol","og_site_name":"Nutri Partners","article_modified_time":"2025-08-04T10:57:32+00:00","og_image":[{"width":1200,"height":600,"url":"https:\/\/nutripartners.co\/wp-content\/uploads\/2025\/03\/ogimage.webp","type":"image\/webp"}],"twitter_card":"summary_large_image","schema":{"@context":"https:\/\/schema.org","@graph":[{"@type":"WebPage","@id":"https:\/\/nutripartners.co\/sl\/product-supplier\/eritritol","url":"https:\/\/nutripartners.co\/sl\/product-supplier\/eritritol","name":"Eritritol - Nutri Partners","isPartOf":{"@id":"https:\/\/nutripartners.co\/sl#website"},"datePublished":"2025-03-11T13:48:43+00:00","dateModified":"2025-08-04T10:57:32+00:00","description":"Eritritol je na voljo v razsutem stanju pri dru\u017ebi NutriPartners - evropskem dobavitelju sodobnih sladil za uporabo v hrani in prehrani.","breadcrumb":{"@id":"https:\/\/nutripartners.co\/sl\/product-supplier\/eritritol#breadcrumb"},"inLanguage":"sl-SI","potentialAction":[{"@type":"ReadAction","target":["https:\/\/nutripartners.co\/sl\/product-supplier\/eritritol"]}]},{"@type":"BreadcrumbList","@id":"https:\/\/nutripartners.co\/sl\/product-supplier\/eritritol#breadcrumb","itemListElement":[{"@type":"ListItem","position":1,"name":"Home","item":"https:\/\/nutripartners.co\/sl"},{"@type":"ListItem","position":2,"name":"Products","item":"https:\/\/nutripartners.co\/sl\/product-category"},{"@type":"ListItem","position":3,"name":"Dodatki","item":"https:\/\/nutripartners.co\/sl\/kategorija-izdelka\/dodatki"},{"@type":"ListItem","position":4,"name":"Sladila","item":"https:\/\/nutripartners.co\/sl\/kategorija-izdelka\/dodatki\/sladila"},{"@type":"ListItem","position":5,"name":"Eritritol"}]},{"@type":"WebSite","@id":"https:\/\/nutripartners.co\/sl#website","url":"https:\/\/nutripartners.co\/sl","name":"Nutri Partners","description":"Raw materials distributor","publisher":{"@id":"https:\/\/nutripartners.co\/sl#organization"},"potentialAction":[{"@type":"SearchAction","target":{"@type":"EntryPoint","urlTemplate":"https:\/\/nutripartners.co\/sl?s={search_term_string}"},"query-input":{"@type":"PropertyValueSpecification","valueRequired":true,"valueName":"search_term_string"}}],"inLanguage":"sl-SI"},{"@type":"Organization","@id":"https:\/\/nutripartners.co\/sl#organization","name":"Nutri Partners","url":"https:\/\/nutripartners.co\/sl","logo":{"@type":"ImageObject","inLanguage":"sl-SI","@id":"https:\/\/nutripartners.co\/sl#\/schema\/logo\/image\/","url":"https:\/\/nutripartners.co\/wp-content\/uploads\/2025\/03\/logo-light.svg","contentUrl":"https:\/\/nutripartners.co\/wp-content\/uploads\/2025\/03\/logo-light.svg","width":1,"height":1,"caption":"Nutri Partners"},"image":{"@id":"https:\/\/nutripartners.co\/sl#\/schema\/logo\/image\/"},"sameAs":["https:\/\/www.instagram.com\/_nutripartners_\/","https:\/\/www.linkedin.com\/company\/106882083"]}]}},"_links":{"self":[{"href":"https:\/\/nutripartners.co\/sl\/wp-json\/wp\/v2\/product\/2255","targetHints":{"allow":["GET"]}}],"collection":[{"href":"https:\/\/nutripartners.co\/sl\/wp-json\/wp\/v2\/product"}],"about":[{"href":"https:\/\/nutripartners.co\/sl\/wp-json\/wp\/v2\/types\/product"}],"wp:attachment":[{"href":"https:\/\/nutripartners.co\/sl\/wp-json\/wp\/v2\/media?parent=2255"}],"wp:term":[{"taxonomy":"product-category","embeddable":true,"href":"https:\/\/nutripartners.co\/sl\/wp-json\/wp\/v2\/product-category?post=2255"}],"curies":[{"name":"wp","href":"https:\/\/api.w.org\/{rel}","templated":true}]}}