{"id":2275,"date":"2025-03-11T14:48:44","date_gmt":"2025-03-11T13:48:44","guid":{"rendered":"https:\/\/nutripartners.co\/product-supplier\/koncentrat-mlecnih-beljakovin"},"modified":"2025-08-04T12:57:43","modified_gmt":"2025-08-04T10:57:43","slug":"koncentrat-mlecnih-beljakovin","status":"publish","type":"product","link":"https:\/\/nutripartners.co\/sl\/product-supplier\/koncentrat-mlecnih-beljakovin","title":{"rendered":"Koncentrat mle\u010dnih beljakovin"},"content":{"rendered":"\n<h2 class=\"wp-block-heading\" id=\"h-product-description\">Opis izdelka<\/h2>\n\n<p>Mle\u010dni beljakovinski koncentrat (MPC) je naravna mle\u010dna beljakovina s prilagodljivo vsebnostjo beljakovin (od 40 % do 85 %), ki vsebuje kazein in sirotko v njunem naravnem razmerju. Idealen je za obogatitev hranilne vrednosti funkcionalnih me\u0161anic, izdelkov, pripravljenih za pitje (RTD), plo\u0161\u010dic in \u017eivil na osnovi mleka. <\/p>\n\n<h2 class=\"wp-block-heading\" id=\"h-key-features\">Klju\u010dne lastnosti<\/h2>\n\n<ul class=\"wp-block-list\">\n<li>Vsebnost beljakovin: Vsebnost beljakovin: 40-85 % (v suhi snovi)<\/li>\n\n\n\n<li>Razpolo\u017eljivi razredi: MPC 70, MPC 80, MPC 85<\/li>\n\n\n\n<li>Uravnote\u017een beljakovinski profil kazeina in sirotke<\/li>\n\n\n\n<li>Nizka vsebnost laktoze<\/li>\n\n\n\n<li>Dobra topnost in emulgatorne lastnosti<\/li>\n\n\n\n<li>Certifikati: COA, MSDS, HACCP, Halal, ISO, HACCP<\/li>\n\n\n\n<li>Oblika: bel prah z nevtralnim okusom<\/li>\n<\/ul>\n\n<h2 class=\"wp-block-heading\" id=\"h-applications\">Aplikacije<\/h2>\n\n<ul class=\"wp-block-list\">\n<li>Izdelki, obogateni z beljakovinami (RTD, pra\u0161ki, plo\u0161\u010dice)<\/li>\n\n\n\n<li>Mle\u010dne me\u0161anice in nutracevti\u010dne formulacije<\/li>\n\n\n\n<li>Obogateni jogurti, sladoledi in sladice<\/li>\n\n\n\n<li>Klini\u010dna in dieteti\u010dna prehrana<\/li>\n\n\n\n<li>Instancirani prehrambeni sistemi in aplikacije za pekarstvo<\/li>\n<\/ul>\n","protected":false},"excerpt":{"rendered":"<p>Kupite mle\u010dni beljakovinski koncentrat (MPC) v razsutem stanju pri podjetju Nutri Partners &#8211; evropskem veletrgovcu z visokobeljakovinskimi mle\u010dnimi sestavinami za \u017eivilsko industrijo in industrijo prehranskih dopolnil.<\/p>\n","protected":false},"featured_media":0,"template":"","product-category":[197,207],"class_list":["post-2275","product","type-product","status-publish","hentry","product-category-mlecni-izdelki","product-category-mleko-v-prahu"],"acf":[],"yoast_head":"<!-- This site is optimized with the Yoast SEO Premium plugin v25.0 (Yoast SEO v26.6) - https:\/\/yoast.com\/wordpress\/plugins\/seo\/ -->\n<title>Koncentrat mle\u010dnih beljakovin - Nutri Partners<\/title>\n<meta name=\"description\" content=\"Kupite mle\u010dni beljakovinski koncentrat (MPC) v razsutem stanju pri podjetju Nutri Partners - evropskem veletrgovcu z visokobeljakovinskimi mle\u010dnimi sestavinami za \u017eivilsko industrijo in industrijo prehranskih dopolnil.\" \/>\n<meta name=\"robots\" content=\"index, follow, max-snippet:-1, max-image-preview:large, max-video-preview:-1\" \/>\n<link rel=\"canonical\" href=\"https:\/\/nutripartners.co\/sl\/product-supplier\/koncentrat-mlecnih-beljakovin\" \/>\n<meta property=\"og:locale\" content=\"sl_SI\" \/>\n<meta property=\"og:type\" content=\"article\" \/>\n<meta property=\"og:title\" content=\"Koncentrat mle\u010dnih beljakovin\" \/>\n<meta property=\"og:description\" content=\"Kupite mle\u010dni beljakovinski koncentrat (MPC) v razsutem stanju pri podjetju Nutri Partners - evropskem veletrgovcu z visokobeljakovinskimi mle\u010dnimi sestavinami za \u017eivilsko industrijo in industrijo prehranskih dopolnil.\" \/>\n<meta property=\"og:url\" content=\"https:\/\/nutripartners.co\/sl\/product-supplier\/koncentrat-mlecnih-beljakovin\" \/>\n<meta property=\"og:site_name\" content=\"Nutri Partners\" \/>\n<meta property=\"article:modified_time\" content=\"2025-08-04T10:57:43+00:00\" \/>\n<meta property=\"og:image\" content=\"https:\/\/nutripartners.co\/wp-content\/uploads\/2025\/03\/ogimage.webp\" \/>\n\t<meta property=\"og:image:width\" content=\"1200\" \/>\n\t<meta property=\"og:image:height\" content=\"600\" \/>\n\t<meta property=\"og:image:type\" content=\"image\/webp\" \/>\n<meta name=\"twitter:card\" content=\"summary_large_image\" \/>\n<meta name=\"twitter:label1\" content=\"Est. reading time\" \/>\n\t<meta name=\"twitter:data1\" content=\"1 minuta\" \/>\n<script type=\"application\/ld+json\" class=\"yoast-schema-graph\">{\"@context\":\"https:\/\/schema.org\",\"@graph\":[{\"@type\":\"WebPage\",\"@id\":\"https:\/\/nutripartners.co\/sl\/product-supplier\/koncentrat-mlecnih-beljakovin\",\"url\":\"https:\/\/nutripartners.co\/sl\/product-supplier\/koncentrat-mlecnih-beljakovin\",\"name\":\"Koncentrat mle\u010dnih beljakovin - Nutri Partners\",\"isPartOf\":{\"@id\":\"https:\/\/nutripartners.co\/sl#website\"},\"datePublished\":\"2025-03-11T13:48:44+00:00\",\"dateModified\":\"2025-08-04T10:57:43+00:00\",\"description\":\"Kupite mle\u010dni beljakovinski koncentrat (MPC) v razsutem stanju pri podjetju Nutri Partners - evropskem veletrgovcu z visokobeljakovinskimi mle\u010dnimi sestavinami za \u017eivilsko industrijo in industrijo prehranskih dopolnil.\",\"breadcrumb\":{\"@id\":\"https:\/\/nutripartners.co\/sl\/product-supplier\/koncentrat-mlecnih-beljakovin#breadcrumb\"},\"inLanguage\":\"sl-SI\",\"potentialAction\":[{\"@type\":\"ReadAction\",\"target\":[\"https:\/\/nutripartners.co\/sl\/product-supplier\/koncentrat-mlecnih-beljakovin\"]}]},{\"@type\":\"BreadcrumbList\",\"@id\":\"https:\/\/nutripartners.co\/sl\/product-supplier\/koncentrat-mlecnih-beljakovin#breadcrumb\",\"itemListElement\":[{\"@type\":\"ListItem\",\"position\":1,\"name\":\"Home\",\"item\":\"https:\/\/nutripartners.co\/sl\"},{\"@type\":\"ListItem\",\"position\":2,\"name\":\"Products\",\"item\":\"https:\/\/nutripartners.co\/sl\/product-category\"},{\"@type\":\"ListItem\",\"position\":3,\"name\":\"Mle\u010dni izdelki\",\"item\":\"https:\/\/nutripartners.co\/sl\/kategorija-izdelka\/mlecni-izdelki\"},{\"@type\":\"ListItem\",\"position\":4,\"name\":\"Mleko v prahu\",\"item\":\"https:\/\/nutripartners.co\/sl\/kategorija-izdelka\/mlecni-izdelki\/mleko-v-prahu\"},{\"@type\":\"ListItem\",\"position\":5,\"name\":\"Koncentrat mle\u010dnih beljakovin\"}]},{\"@type\":\"WebSite\",\"@id\":\"https:\/\/nutripartners.co\/sl#website\",\"url\":\"https:\/\/nutripartners.co\/sl\",\"name\":\"Nutri Partners\",\"description\":\"Raw materials distributor\",\"publisher\":{\"@id\":\"https:\/\/nutripartners.co\/sl#organization\"},\"potentialAction\":[{\"@type\":\"SearchAction\",\"target\":{\"@type\":\"EntryPoint\",\"urlTemplate\":\"https:\/\/nutripartners.co\/sl?s={search_term_string}\"},\"query-input\":{\"@type\":\"PropertyValueSpecification\",\"valueRequired\":true,\"valueName\":\"search_term_string\"}}],\"inLanguage\":\"sl-SI\"},{\"@type\":\"Organization\",\"@id\":\"https:\/\/nutripartners.co\/sl#organization\",\"name\":\"Nutri Partners\",\"url\":\"https:\/\/nutripartners.co\/sl\",\"logo\":{\"@type\":\"ImageObject\",\"inLanguage\":\"sl-SI\",\"@id\":\"https:\/\/nutripartners.co\/sl#\/schema\/logo\/image\/\",\"url\":\"https:\/\/nutripartners.co\/wp-content\/uploads\/2025\/03\/logo-light.svg\",\"contentUrl\":\"https:\/\/nutripartners.co\/wp-content\/uploads\/2025\/03\/logo-light.svg\",\"width\":1,\"height\":1,\"caption\":\"Nutri Partners\"},\"image\":{\"@id\":\"https:\/\/nutripartners.co\/sl#\/schema\/logo\/image\/\"},\"sameAs\":[\"https:\/\/www.instagram.com\/_nutripartners_\/\",\"https:\/\/www.linkedin.com\/company\/106882083\"]}]}<\/script>\n<!-- \/ Yoast SEO Premium plugin. -->","yoast_head_json":{"title":"Koncentrat mle\u010dnih beljakovin - Nutri Partners","description":"Kupite mle\u010dni beljakovinski koncentrat (MPC) v razsutem stanju pri podjetju Nutri Partners - evropskem veletrgovcu z visokobeljakovinskimi mle\u010dnimi sestavinami za \u017eivilsko industrijo in industrijo prehranskih dopolnil.","robots":{"index":"index","follow":"follow","max-snippet":"max-snippet:-1","max-image-preview":"max-image-preview:large","max-video-preview":"max-video-preview:-1"},"canonical":"https:\/\/nutripartners.co\/sl\/product-supplier\/koncentrat-mlecnih-beljakovin","og_locale":"sl_SI","og_type":"article","og_title":"Koncentrat mle\u010dnih beljakovin","og_description":"Kupite mle\u010dni beljakovinski koncentrat (MPC) v razsutem stanju pri podjetju Nutri Partners - evropskem veletrgovcu z visokobeljakovinskimi mle\u010dnimi sestavinami za \u017eivilsko industrijo in industrijo prehranskih dopolnil.","og_url":"https:\/\/nutripartners.co\/sl\/product-supplier\/koncentrat-mlecnih-beljakovin","og_site_name":"Nutri Partners","article_modified_time":"2025-08-04T10:57:43+00:00","og_image":[{"width":1200,"height":600,"url":"https:\/\/nutripartners.co\/wp-content\/uploads\/2025\/03\/ogimage.webp","type":"image\/webp"}],"twitter_card":"summary_large_image","twitter_misc":{"Est. reading time":"1 minuta"},"schema":{"@context":"https:\/\/schema.org","@graph":[{"@type":"WebPage","@id":"https:\/\/nutripartners.co\/sl\/product-supplier\/koncentrat-mlecnih-beljakovin","url":"https:\/\/nutripartners.co\/sl\/product-supplier\/koncentrat-mlecnih-beljakovin","name":"Koncentrat mle\u010dnih beljakovin - Nutri Partners","isPartOf":{"@id":"https:\/\/nutripartners.co\/sl#website"},"datePublished":"2025-03-11T13:48:44+00:00","dateModified":"2025-08-04T10:57:43+00:00","description":"Kupite mle\u010dni beljakovinski koncentrat (MPC) v razsutem stanju pri podjetju Nutri Partners - evropskem veletrgovcu z visokobeljakovinskimi mle\u010dnimi sestavinami za \u017eivilsko industrijo in industrijo prehranskih dopolnil.","breadcrumb":{"@id":"https:\/\/nutripartners.co\/sl\/product-supplier\/koncentrat-mlecnih-beljakovin#breadcrumb"},"inLanguage":"sl-SI","potentialAction":[{"@type":"ReadAction","target":["https:\/\/nutripartners.co\/sl\/product-supplier\/koncentrat-mlecnih-beljakovin"]}]},{"@type":"BreadcrumbList","@id":"https:\/\/nutripartners.co\/sl\/product-supplier\/koncentrat-mlecnih-beljakovin#breadcrumb","itemListElement":[{"@type":"ListItem","position":1,"name":"Home","item":"https:\/\/nutripartners.co\/sl"},{"@type":"ListItem","position":2,"name":"Products","item":"https:\/\/nutripartners.co\/sl\/product-category"},{"@type":"ListItem","position":3,"name":"Mle\u010dni izdelki","item":"https:\/\/nutripartners.co\/sl\/kategorija-izdelka\/mlecni-izdelki"},{"@type":"ListItem","position":4,"name":"Mleko v prahu","item":"https:\/\/nutripartners.co\/sl\/kategorija-izdelka\/mlecni-izdelki\/mleko-v-prahu"},{"@type":"ListItem","position":5,"name":"Koncentrat mle\u010dnih beljakovin"}]},{"@type":"WebSite","@id":"https:\/\/nutripartners.co\/sl#website","url":"https:\/\/nutripartners.co\/sl","name":"Nutri Partners","description":"Raw materials distributor","publisher":{"@id":"https:\/\/nutripartners.co\/sl#organization"},"potentialAction":[{"@type":"SearchAction","target":{"@type":"EntryPoint","urlTemplate":"https:\/\/nutripartners.co\/sl?s={search_term_string}"},"query-input":{"@type":"PropertyValueSpecification","valueRequired":true,"valueName":"search_term_string"}}],"inLanguage":"sl-SI"},{"@type":"Organization","@id":"https:\/\/nutripartners.co\/sl#organization","name":"Nutri Partners","url":"https:\/\/nutripartners.co\/sl","logo":{"@type":"ImageObject","inLanguage":"sl-SI","@id":"https:\/\/nutripartners.co\/sl#\/schema\/logo\/image\/","url":"https:\/\/nutripartners.co\/wp-content\/uploads\/2025\/03\/logo-light.svg","contentUrl":"https:\/\/nutripartners.co\/wp-content\/uploads\/2025\/03\/logo-light.svg","width":1,"height":1,"caption":"Nutri Partners"},"image":{"@id":"https:\/\/nutripartners.co\/sl#\/schema\/logo\/image\/"},"sameAs":["https:\/\/www.instagram.com\/_nutripartners_\/","https:\/\/www.linkedin.com\/company\/106882083"]}]}},"_links":{"self":[{"href":"https:\/\/nutripartners.co\/sl\/wp-json\/wp\/v2\/product\/2275","targetHints":{"allow":["GET"]}}],"collection":[{"href":"https:\/\/nutripartners.co\/sl\/wp-json\/wp\/v2\/product"}],"about":[{"href":"https:\/\/nutripartners.co\/sl\/wp-json\/wp\/v2\/types\/product"}],"wp:attachment":[{"href":"https:\/\/nutripartners.co\/sl\/wp-json\/wp\/v2\/media?parent=2275"}],"wp:term":[{"taxonomy":"product-category","embeddable":true,"href":"https:\/\/nutripartners.co\/sl\/wp-json\/wp\/v2\/product-category?post=2275"}],"curies":[{"name":"wp","href":"https:\/\/api.w.org\/{rel}","templated":true}]}}