{"id":2302,"date":"2025-03-11T14:48:45","date_gmt":"2025-03-11T13:48:45","guid":{"rendered":"https:\/\/nutripartners.co\/product-supplier\/brusnice"},"modified":"2025-08-04T12:57:59","modified_gmt":"2025-08-04T10:57:59","slug":"brusnice","status":"publish","type":"product","link":"https:\/\/nutripartners.co\/sl\/product-supplier\/brusnice","title":{"rendered":"Brusnice"},"content":{"rendered":"\n<h2 class=\"wp-block-heading\" id=\"h-product-description\">Opis izdelka<\/h2>\n\n<p>Izvle\u010dek brusnice je pridobljen iz rastline, ki je znana po svojih priznanih zdravju koristnih lastnostih. Surovina je na voljo v razli\u010dnih standardizacijah in oblikah (prah, suhi izvle\u010dek, teko\u010di izvle\u010dek) za uporabo v prehranskih dopolnilih, kozmeti\u010dni in farmacevtski industriji. <\/p>\n\n<h2 class=\"wp-block-heading\" id=\"h-key-features\">Klju\u010dne lastnosti<\/h2>\n\n<ul class=\"wp-block-list\">\n<li>Standardizirano za aktivne sestavine (npr. polifenoli, saponini)<\/li>\n\n\n\n<li>V skladu s predpisi EU in EFSA<\/li>\n\n\n\n<li>NON-GMO, brez glutena, veganski<\/li>\n\n\n\n<li>Mo\u017enosti pakiranja: 1-25 kg<\/li>\n<\/ul>\n\n<h2 class=\"wp-block-heading\" id=\"h-applications\">Aplikacije<\/h2>\n\n<ul class=\"wp-block-list\">\n<li>Prehranska dopolnila (kapsule, tablete, pra\u0161ki)<\/li>\n\n\n\n<li>Naravni in dermokozmeti\u010dni izdelki<\/li>\n\n\n\n<li>Funkcionalna \u017eivila in nutracevtiki<\/li>\n\n\n\n<li>Izdelki, ki podpirajo odpornost, osredoto\u010denost, prebavo itd.<\/li>\n<\/ul>\n","protected":false},"excerpt":{"rendered":"<p>Brusnice v razsutem stanju od NutriPartners &#8211; va\u0161ega evropskega dobavitelja naravnih rastlinskih izvle\u010dkov za uporabo v prehranskih dopolnilih, kozmetiki in funkcionalnih izdelkih.<\/p>\n","protected":false},"featured_media":0,"template":"","product-category":[195,196],"class_list":["post-2302","product","type-product","status-publish","hentry","product-category-rastlinska-osnova","product-category-rastlinski-izvlecki"],"acf":[],"yoast_head":"<!-- This site is optimized with the Yoast SEO Premium plugin v25.0 (Yoast SEO v26.6) - https:\/\/yoast.com\/wordpress\/plugins\/seo\/ -->\n<title>%Brusnice- Dobavitelj botani\u010dnega izvle\u010dka | %Nutri Partners<\/title>\n<meta name=\"description\" content=\"Brusnice v razsutem stanju od NutriPartners - va\u0161ega evropskega dobavitelja naravnih rastlinskih izvle\u010dkov za uporabo v prehranskih dopolnilih, kozmetiki in funkcionalnih izdelkih.\" \/>\n<meta name=\"robots\" content=\"index, follow, max-snippet:-1, max-image-preview:large, max-video-preview:-1\" \/>\n<link rel=\"canonical\" href=\"https:\/\/nutripartners.co\/sl\/product-supplier\/brusnice\" \/>\n<meta property=\"og:locale\" content=\"sl_SI\" \/>\n<meta property=\"og:type\" content=\"article\" \/>\n<meta property=\"og:title\" content=\"Brusnice\" \/>\n<meta property=\"og:description\" content=\"Brusnice v razsutem stanju od NutriPartners - va\u0161ega evropskega dobavitelja naravnih rastlinskih izvle\u010dkov za uporabo v prehranskih dopolnilih, kozmetiki in funkcionalnih izdelkih.\" \/>\n<meta property=\"og:url\" content=\"https:\/\/nutripartners.co\/sl\/product-supplier\/brusnice\" \/>\n<meta property=\"og:site_name\" content=\"Nutri Partners\" \/>\n<meta property=\"article:modified_time\" content=\"2025-08-04T10:57:59+00:00\" \/>\n<meta property=\"og:image\" content=\"https:\/\/nutripartners.co\/wp-content\/uploads\/2025\/03\/ogimage.webp\" \/>\n\t<meta property=\"og:image:width\" content=\"1200\" \/>\n\t<meta property=\"og:image:height\" content=\"600\" \/>\n\t<meta property=\"og:image:type\" content=\"image\/webp\" \/>\n<meta name=\"twitter:card\" content=\"summary_large_image\" \/>\n<script type=\"application\/ld+json\" class=\"yoast-schema-graph\">{\"@context\":\"https:\/\/schema.org\",\"@graph\":[{\"@type\":\"WebPage\",\"@id\":\"https:\/\/nutripartners.co\/sl\/product-supplier\/brusnice\",\"url\":\"https:\/\/nutripartners.co\/sl\/product-supplier\/brusnice\",\"name\":\"%Brusnice- Dobavitelj botani\u010dnega izvle\u010dka | %Nutri Partners\",\"isPartOf\":{\"@id\":\"https:\/\/nutripartners.co\/sl#website\"},\"datePublished\":\"2025-03-11T13:48:45+00:00\",\"dateModified\":\"2025-08-04T10:57:59+00:00\",\"description\":\"Brusnice v razsutem stanju od NutriPartners - va\u0161ega evropskega dobavitelja naravnih rastlinskih izvle\u010dkov za uporabo v prehranskih dopolnilih, kozmetiki in funkcionalnih izdelkih.\",\"breadcrumb\":{\"@id\":\"https:\/\/nutripartners.co\/sl\/product-supplier\/brusnice#breadcrumb\"},\"inLanguage\":\"sl-SI\",\"potentialAction\":[{\"@type\":\"ReadAction\",\"target\":[\"https:\/\/nutripartners.co\/sl\/product-supplier\/brusnice\"]}]},{\"@type\":\"BreadcrumbList\",\"@id\":\"https:\/\/nutripartners.co\/sl\/product-supplier\/brusnice#breadcrumb\",\"itemListElement\":[{\"@type\":\"ListItem\",\"position\":1,\"name\":\"Home\",\"item\":\"https:\/\/nutripartners.co\/sl\"},{\"@type\":\"ListItem\",\"position\":2,\"name\":\"Products\",\"item\":\"https:\/\/nutripartners.co\/sl\/product-category\"},{\"@type\":\"ListItem\",\"position\":3,\"name\":\"Rastlinska prehrana\",\"item\":\"https:\/\/nutripartners.co\/sl\/kategorija-izdelka\/rastlinska-osnova\"},{\"@type\":\"ListItem\",\"position\":4,\"name\":\"Rastlinski izvle\u010dki\",\"item\":\"https:\/\/nutripartners.co\/sl\/kategorija-izdelka\/rastlinska-osnova\/rastlinski-izvlecki\"},{\"@type\":\"ListItem\",\"position\":5,\"name\":\"Brusnice\"}]},{\"@type\":\"WebSite\",\"@id\":\"https:\/\/nutripartners.co\/sl#website\",\"url\":\"https:\/\/nutripartners.co\/sl\",\"name\":\"Nutri Partners\",\"description\":\"Raw materials distributor\",\"publisher\":{\"@id\":\"https:\/\/nutripartners.co\/sl#organization\"},\"potentialAction\":[{\"@type\":\"SearchAction\",\"target\":{\"@type\":\"EntryPoint\",\"urlTemplate\":\"https:\/\/nutripartners.co\/sl?s={search_term_string}\"},\"query-input\":{\"@type\":\"PropertyValueSpecification\",\"valueRequired\":true,\"valueName\":\"search_term_string\"}}],\"inLanguage\":\"sl-SI\"},{\"@type\":\"Organization\",\"@id\":\"https:\/\/nutripartners.co\/sl#organization\",\"name\":\"Nutri Partners\",\"url\":\"https:\/\/nutripartners.co\/sl\",\"logo\":{\"@type\":\"ImageObject\",\"inLanguage\":\"sl-SI\",\"@id\":\"https:\/\/nutripartners.co\/sl#\/schema\/logo\/image\/\",\"url\":\"https:\/\/nutripartners.co\/wp-content\/uploads\/2025\/03\/logo-light.svg\",\"contentUrl\":\"https:\/\/nutripartners.co\/wp-content\/uploads\/2025\/03\/logo-light.svg\",\"width\":1,\"height\":1,\"caption\":\"Nutri Partners\"},\"image\":{\"@id\":\"https:\/\/nutripartners.co\/sl#\/schema\/logo\/image\/\"},\"sameAs\":[\"https:\/\/www.instagram.com\/_nutripartners_\/\",\"https:\/\/www.linkedin.com\/company\/106882083\"]}]}<\/script>\n<!-- \/ Yoast SEO Premium plugin. -->","yoast_head_json":{"title":"%Brusnice- Dobavitelj botani\u010dnega izvle\u010dka | %Nutri Partners","description":"Brusnice v razsutem stanju od NutriPartners - va\u0161ega evropskega dobavitelja naravnih rastlinskih izvle\u010dkov za uporabo v prehranskih dopolnilih, kozmetiki in funkcionalnih izdelkih.","robots":{"index":"index","follow":"follow","max-snippet":"max-snippet:-1","max-image-preview":"max-image-preview:large","max-video-preview":"max-video-preview:-1"},"canonical":"https:\/\/nutripartners.co\/sl\/product-supplier\/brusnice","og_locale":"sl_SI","og_type":"article","og_title":"Brusnice","og_description":"Brusnice v razsutem stanju od NutriPartners - va\u0161ega evropskega dobavitelja naravnih rastlinskih izvle\u010dkov za uporabo v prehranskih dopolnilih, kozmetiki in funkcionalnih izdelkih.","og_url":"https:\/\/nutripartners.co\/sl\/product-supplier\/brusnice","og_site_name":"Nutri Partners","article_modified_time":"2025-08-04T10:57:59+00:00","og_image":[{"width":1200,"height":600,"url":"https:\/\/nutripartners.co\/wp-content\/uploads\/2025\/03\/ogimage.webp","type":"image\/webp"}],"twitter_card":"summary_large_image","schema":{"@context":"https:\/\/schema.org","@graph":[{"@type":"WebPage","@id":"https:\/\/nutripartners.co\/sl\/product-supplier\/brusnice","url":"https:\/\/nutripartners.co\/sl\/product-supplier\/brusnice","name":"%Brusnice- Dobavitelj botani\u010dnega izvle\u010dka | %Nutri Partners","isPartOf":{"@id":"https:\/\/nutripartners.co\/sl#website"},"datePublished":"2025-03-11T13:48:45+00:00","dateModified":"2025-08-04T10:57:59+00:00","description":"Brusnice v razsutem stanju od NutriPartners - va\u0161ega evropskega dobavitelja naravnih rastlinskih izvle\u010dkov za uporabo v prehranskih dopolnilih, kozmetiki in funkcionalnih izdelkih.","breadcrumb":{"@id":"https:\/\/nutripartners.co\/sl\/product-supplier\/brusnice#breadcrumb"},"inLanguage":"sl-SI","potentialAction":[{"@type":"ReadAction","target":["https:\/\/nutripartners.co\/sl\/product-supplier\/brusnice"]}]},{"@type":"BreadcrumbList","@id":"https:\/\/nutripartners.co\/sl\/product-supplier\/brusnice#breadcrumb","itemListElement":[{"@type":"ListItem","position":1,"name":"Home","item":"https:\/\/nutripartners.co\/sl"},{"@type":"ListItem","position":2,"name":"Products","item":"https:\/\/nutripartners.co\/sl\/product-category"},{"@type":"ListItem","position":3,"name":"Rastlinska prehrana","item":"https:\/\/nutripartners.co\/sl\/kategorija-izdelka\/rastlinska-osnova"},{"@type":"ListItem","position":4,"name":"Rastlinski izvle\u010dki","item":"https:\/\/nutripartners.co\/sl\/kategorija-izdelka\/rastlinska-osnova\/rastlinski-izvlecki"},{"@type":"ListItem","position":5,"name":"Brusnice"}]},{"@type":"WebSite","@id":"https:\/\/nutripartners.co\/sl#website","url":"https:\/\/nutripartners.co\/sl","name":"Nutri Partners","description":"Raw materials distributor","publisher":{"@id":"https:\/\/nutripartners.co\/sl#organization"},"potentialAction":[{"@type":"SearchAction","target":{"@type":"EntryPoint","urlTemplate":"https:\/\/nutripartners.co\/sl?s={search_term_string}"},"query-input":{"@type":"PropertyValueSpecification","valueRequired":true,"valueName":"search_term_string"}}],"inLanguage":"sl-SI"},{"@type":"Organization","@id":"https:\/\/nutripartners.co\/sl#organization","name":"Nutri Partners","url":"https:\/\/nutripartners.co\/sl","logo":{"@type":"ImageObject","inLanguage":"sl-SI","@id":"https:\/\/nutripartners.co\/sl#\/schema\/logo\/image\/","url":"https:\/\/nutripartners.co\/wp-content\/uploads\/2025\/03\/logo-light.svg","contentUrl":"https:\/\/nutripartners.co\/wp-content\/uploads\/2025\/03\/logo-light.svg","width":1,"height":1,"caption":"Nutri Partners"},"image":{"@id":"https:\/\/nutripartners.co\/sl#\/schema\/logo\/image\/"},"sameAs":["https:\/\/www.instagram.com\/_nutripartners_\/","https:\/\/www.linkedin.com\/company\/106882083"]}]}},"_links":{"self":[{"href":"https:\/\/nutripartners.co\/sl\/wp-json\/wp\/v2\/product\/2302","targetHints":{"allow":["GET"]}}],"collection":[{"href":"https:\/\/nutripartners.co\/sl\/wp-json\/wp\/v2\/product"}],"about":[{"href":"https:\/\/nutripartners.co\/sl\/wp-json\/wp\/v2\/types\/product"}],"wp:attachment":[{"href":"https:\/\/nutripartners.co\/sl\/wp-json\/wp\/v2\/media?parent=2302"}],"wp:term":[{"taxonomy":"product-category","embeddable":true,"href":"https:\/\/nutripartners.co\/sl\/wp-json\/wp\/v2\/product-category?post=2302"}],"curies":[{"name":"wp","href":"https:\/\/api.w.org\/{rel}","templated":true}]}}